{"id":51042,"date":"2025-03-05T11:21:28","date_gmt":"2025-03-05T11:21:28","guid":{"rendered":"https:\/\/hummy.ee\/esto-maksajumu-risinajumi\/"},"modified":"2025-04-02T12:14:19","modified_gmt":"2025-04-02T12:14:19","slug":"esto-maksajumu-risinajumi","status":"publish","type":"page","link":"https:\/\/hummy.ee\/lv\/esto-maksajumu-risinajumi\/","title":{"rendered":"ESTO maks\u0101jumu risin\u0101jumi"},"content":{"rendered":"\n<h2 class=\"wp-block-heading alignwide\" id=\"we-re-a-studio-in-berlin-with-an-international-practice-in-architecture-urban-planning-and-interior-design-we-believe-in-sharing-knowledge-and-promoting-dialogue-to-increase-the-creative-potential-of-collaboration\" style=\"font-size:48px;line-height:1.1\">ESTO maks\u0101jums pa da\u013c\u0101m - nev\u0113laties samaks\u0101t visu summu uzreiz? Maks\u0101jiet pa da\u013c\u0101m! <\/h2>\n\n<p>ESTO maks\u0101jumi pa da\u013c\u0101m ir elast\u012bgs maks\u0101jumu risin\u0101jums, kas \u013cauj \u0113rti sadal\u012bt maks\u0101jumu ikm\u0113ne\u0161a maks\u0101jumos. \u0112rti sadaliet pirkuma summu jums piem\u0113rot\u0101 laikposm\u0101. Veicot pirkumu, j\u016bs varat izv\u0113l\u0113ties periodu un iemaksas summu, izv\u0113loties ESTO maks\u0101jumus pa da\u013c\u0101m kas\u0113.  <\/p>\n\n<p>Izmantojiet ESTO pirkumu uz nomaksu e-veikalos un fiziskajos veikalos. Visus ESTO partnerveikalus var atrast ESTO Market: <a href=\"https:\/\/esto.eu\/ee\/esto-market?lang=et\">https:\/\/esto.eu\/ee\/esto-market<\/a>. <\/p>\n\n<p><\/p>\n\n<figure class=\"wp-block-image size-large\"><img fetchpriority=\"high\" decoding=\"async\" width=\"1024\" height=\"186\" src=\"https:\/\/hummy.ee\/wp-content\/uploads\/2025\/03\/HP_EE-1-1024x186.png\" alt=\"\" class=\"wp-image-21199\" srcset=\"https:\/\/hummy.ee\/wp-content\/uploads\/2025\/03\/HP_EE-1-1024x186.png 1024w, https:\/\/hummy.ee\/wp-content\/uploads\/2025\/03\/HP_EE-1-700x127.png 700w, https:\/\/hummy.ee\/wp-content\/uploads\/2025\/03\/HP_EE-1-300x54.png 300w, https:\/\/hummy.ee\/wp-content\/uploads\/2025\/03\/HP_EE-1-768x139.png 768w, https:\/\/hummy.ee\/wp-content\/uploads\/2025\/03\/HP_EE-1-1536x278.png 1536w, https:\/\/hummy.ee\/wp-content\/uploads\/2025\/03\/HP_EE-1.png 1920w\" sizes=\"(max-width: 1024px) 100vw, 1024px\" \/><\/figure>\n\n<p><strong>K\u0101 izmantot ESTO pirkumu uz nomaksu?<\/strong><\/p>\n\n<ol class=\"wp-block-list\">\n<li>Pievienot nepiecie\u0161amos produktus iepirkumu groz\u0101.<\/li>\n\n\n\n<li>Izv\u0113l\u0113ties ESTO iemaksu k\u0101 maks\u0101\u0161anas veidu pie kases.<\/li>\n\n\n\n<li>Izv\u0113lieties v\u0113lamo atmaksas periodu no 3 l\u012bdz 60 m\u0113ne\u0161iem.<\/li>\n\n\n\n<li>Sa\u0146emiet l\u0113mumu re\u0101laj\u0101 laik\u0101.<\/li>\n\n\n\n<li>Ja l\u0113mums ir pozit\u012bvs, digit\u0101li parakstiet l\u012bgumu, izmantojot savu ID karti, Smart-ID vai Mobile-ID.<\/li>\n<\/ol>\n\n<p><strong>ESTO pirk\u0161anu uz nomaksu pied\u0101v\u0101 un p\u0101rvalda ESTO AS.  <\/strong>ESTO AS kred\u012bta uz nomaksu procentu likme ir 23,63% gad\u0101, ja tiek iev\u0113roti \u0161\u0101di parauga nosac\u012bjumi: kred\u012bta summa 1490 EUR, pre\u010du\/pakalpojumu izmaksas 1490 EUR, depoz\u012bts 0%, fiks\u0113t\u0101 procentu likme 11,90%, l\u012bguma maksa 0 EUR, kop\u0113j\u0101 kred\u012bta summa un atmaksas summa 1844,64 EUR, pie\u0146emot, ka kred\u012bts tiek atmaks\u0101ts 24 m\u0113ne\u0161u laik\u0101 vien\u0101d\u0101s ikm\u0113ne\u0161a da\u013c\u0101s 76,86 EUR apm\u0113r\u0101. Pirms l\u012bguma parakst\u012b\u0161anas, l\u016bdzu, iepaz\u012bstieties ar noteikumiem un nosac\u012bjumiem un, ja nepiecie\u0161ams, konsult\u0113jieties ar speci\u0101listu. Kred\u012btu uz nomaksu pied\u0101v\u0101 un p\u0101rvalda ESTO AS.  <\/p>\n\n<hr class=\"wp-block-separator has-alpha-channel-opacity\"\/>\n\n<h2 class=\"wp-block-heading alignwide\" id=\"we-re-a-studio-in-berlin-with-an-international-practice-in-architecture-urban-planning-and-interior-design-we-believe-in-sharing-knowledge-and-promoting-dialogue-to-increase-the-creative-potential-of-collaboration\" style=\"font-size:48px;line-height:1.1\"><strong>ESTO 3 maks\u0101\u0161anas metode ir inovat\u012bvs risin\u0101jums, kas \u013cauj \u0113rti un \u0101tri apstiprin\u0101t un apmaks\u0101t pirkumu tr\u012bs vien\u0101d\u0101s da\u013c\u0101s bez papildu maksas!<br\/><\/strong><\/h2>\n\n<p>ESTO 3 ir popul\u0101r\u0101k\u0101 jaun\u0101s paaudzes maks\u0101jumu metode. \u0112rti sadaliet pirkuma summu 3 vien\u0101d\u0101s da\u013c\u0101s. Sa\u0146emiet tie\u0161i to, kas jums nepiecie\u0161ams, bez procentiem, papildu maks\u0101jumiem un depoz\u012btiem.  <\/p>\n\n<p>E-veikalos un fiziskajos veikalos izmantojiet ESTO tr\u012bsda\u013c\u012bgo maks\u0101jumu metodi.<\/p>\n\n<p>Visus ESTO partnerveikalus var atrast ESTO Market: <a href=\"https:\/\/esto.eu\/ee\/esto-market?lang=et\">https:\/\/esto.eu\/ee\/esto-market<\/a>.<\/p>\n\n<p><\/p>\n\n<figure class=\"wp-block-image size-large\"><img decoding=\"async\" width=\"1024\" height=\"186\" src=\"https:\/\/hummy.ee\/wp-content\/uploads\/2025\/03\/ESTO-3-1-1024x186.png\" alt=\"\" class=\"wp-image-21201\" srcset=\"https:\/\/hummy.ee\/wp-content\/uploads\/2025\/03\/ESTO-3-1-1024x186.png 1024w, https:\/\/hummy.ee\/wp-content\/uploads\/2025\/03\/ESTO-3-1-700x127.png 700w, https:\/\/hummy.ee\/wp-content\/uploads\/2025\/03\/ESTO-3-1-300x54.png 300w, https:\/\/hummy.ee\/wp-content\/uploads\/2025\/03\/ESTO-3-1-768x139.png 768w, https:\/\/hummy.ee\/wp-content\/uploads\/2025\/03\/ESTO-3-1-1536x278.png 1536w, https:\/\/hummy.ee\/wp-content\/uploads\/2025\/03\/ESTO-3-1.png 1920w\" sizes=\"(max-width: 1024px) 100vw, 1024px\" \/><\/figure>\n\n<p><strong>K\u0101 tas darbojas?<br\/><\/strong>Izv\u0113loties ESTO 3 k\u0101 maks\u0101juma veidu, j\u016bs varat sadal\u012bt kop\u0113jo maks\u0101jumu 3 vien\u0101d\u0101s da\u013c\u0101s 3 m\u0113ne\u0161u laik\u0101 bez jebk\u0101diem maks\u0101jumiem.<\/p>\n\n<ol class=\"wp-block-list\">\n<li>Pievienot nepiecie\u0161amos produktus iepirkumu groz\u0101.<\/li>\n\n\n\n<li>Kas\u0113 k\u0101 maks\u0101juma metodi izv\u0113lieties ESTO 3.<\/li>\n\n\n\n<li>Sa\u0146emiet l\u0113mumu re\u0101laj\u0101 laik\u0101.<\/li>\n\n\n\n<li>Ja l\u0113mums ir pozit\u012bvs, apstipriniet pirkumu.<\/li>\n\n\n\n<li>ESTO nos\u016bt\u012bs pirmo r\u0113\u0137inu n\u0101kam\u0101 m\u0113ne\u0161a 15. datum\u0101. <\/li>\n<\/ol>\n\n<p>Finan\u0161u pakalpojumu sniedz ESTO AS. Pirms l\u012bguma parakst\u012b\u0161anas jums vajadz\u0113tu izlas\u012bt noteikumus un nosac\u012bjumus un vajadz\u012bbas gad\u012bjum\u0101 konsult\u0113ties ar profesion\u0101li. Lai ieg\u016btu vair\u0101k inform\u0101cijas, apmekl\u0113jiet t\u012bmek\u013ca vietni www.esto.ee.  <\/p>\n\n<p><\/p>\n\n<hr class=\"wp-block-separator has-alpha-channel-opacity\"\/>\n\n<h2 class=\"wp-block-heading alignwide\" id=\"we-re-a-studio-in-berlin-with-an-international-practice-in-architecture-urban-planning-and-interior-design-we-believe-in-sharing-knowledge-and-promoting-dialogue-to-increase-the-creative-potential-of-collaboration\" style=\"font-size:48px;line-height:1.1\"><strong>Esiet gudri un izv\u0113lieties ESTO maks\u0101t v\u0113l\u0101k, lai samaks\u0101tu par pirkumiem!<\/strong><\/h2>\n\n<p>ESTO Maks\u0101t v\u0113l\u0101k ir jauns veids, k\u0101 nor\u0113\u0137in\u0101ties par pirkumiem. Pirkuma summa paliek j\u016bsu r\u012bc\u012bb\u0101, un jums tikai 30 dienu laik\u0101 ir j\u0101veic maks\u0101jums. Ieg\u016bstiet tie\u0161i to, kas jums nepiecie\u0161ams, bez procentiem, bez papildu maksas un bez depoz\u012bta.  <\/p>\n\n<p>Izmantojiet ESTO Pay v\u0113l\u0101k e-veikalos un fiziskajos veikalos. Visus ESTO partnerveikalus var atrast ESTO Market: <a href=\"https:\/\/esto.eu\/ee\/esto-market?lang=et\">https:\/\/esto.eu\/ee\/esto-market<\/a>. <\/p>\n\n<p><\/p>\n\n<figure class=\"wp-block-image size-large\"><img decoding=\"async\" width=\"1024\" height=\"186\" src=\"https:\/\/hummy.ee\/wp-content\/uploads\/2025\/03\/Pay-Later_ee-1024x186.png\" alt=\"\" class=\"wp-image-21203\" srcset=\"https:\/\/hummy.ee\/wp-content\/uploads\/2025\/03\/Pay-Later_ee-1024x186.png 1024w, https:\/\/hummy.ee\/wp-content\/uploads\/2025\/03\/Pay-Later_ee-700x127.png 700w, https:\/\/hummy.ee\/wp-content\/uploads\/2025\/03\/Pay-Later_ee-300x54.png 300w, https:\/\/hummy.ee\/wp-content\/uploads\/2025\/03\/Pay-Later_ee-768x139.png 768w, https:\/\/hummy.ee\/wp-content\/uploads\/2025\/03\/Pay-Later_ee-1536x278.png 1536w, https:\/\/hummy.ee\/wp-content\/uploads\/2025\/03\/Pay-Later_ee.png 1920w\" sizes=\"(max-width: 1024px) 100vw, 1024px\" \/><\/figure>\n\n<p><strong>K\u0101 tas darbojas?<\/strong><\/p>\n\n<p>Ja k\u0101 maks\u0101\u0161anas metodi izv\u0113laties ESTO Maks\u0101t v\u0113l\u0101k, pas\u016bt\u012bjums tiks apstiprin\u0101ts nekav\u0113joties, ta\u010du jums nav j\u0101maks\u0101 uzreiz, jo maks\u0101juma termi\u0146\u0161 ir 30 dienas v\u0113l\u0101k.<\/p>\n\n<ol class=\"wp-block-list\">\n<li>Pievienot nepiecie\u0161amos produktus iepirkumu groz\u0101.<\/li>\n\n\n\n<li>Kas\u0113 k\u0101 maks\u0101juma metodi izv\u0113lieties ESTO maks\u0101t v\u0113l\u0101k.<\/li>\n\n\n\n<li>Sa\u0146emiet l\u0113mumu re\u0101laj\u0101 laik\u0101.<\/li>\n\n\n\n<li>Ja l\u0113mums ir pozit\u012bvs, apstipriniet pirkumu.<\/li>\n\n\n\n<li>ESTO jums nos\u016bt\u012bs r\u0113\u0137inu, kas piln\u012bb\u0101 j\u0101apmaks\u0101 30 dienu laik\u0101.<\/li>\n<\/ol>\n\n<p>Finan\u0161u pakalpojumu sniedz ESTO AS. Pirms l\u012bguma parakst\u012b\u0161anas jums vajadz\u0113tu izlas\u012bt noteikumus un nosac\u012bjumus un vajadz\u012bbas gad\u012bjum\u0101 konsult\u0113ties ar profesion\u0101li. Lai ieg\u016btu vair\u0101k inform\u0101cijas, apmekl\u0113jiet t\u012bmek\u013ca vietni www.esto.ee.  <\/p>\n\n<p><strong>KAS IR ESTO?<br\/><\/strong>ESTO ir v\u0113lamais maks\u0101jumu risin\u0101jumu sniedz\u0113js Baltij\u0101, kas revolucioniz\u0113 veidu, k\u0101 tirgot\u0101ji p\u0101rdod un pat\u0113r\u0113t\u0101ji p\u0113rk. ESTO ir gandr\u012bz 500 000 akt\u012bvu klientu un vair\u0101k nek\u0101 3000 partnerveikalu vis\u0101 Baltij\u0101. ESTO misija ir pal\u012bdz\u0113t partneriem p\u0101rdot un klientiem pirkt.  <\/p>\n\n<p style=\"border-width:32px\">Ja nepiecie\u0161ama pal\u012bdz\u012bba, sazinieties ar ESTO AS darbinieku, rakstiet uz info@esto.ee vai apmekl\u0113jiet <a href=\"https:\/\/esto.eu\/ee\/kliendile-klienditugi\">https:\/\/esto.eu\/ee\/kliendile-klienditugi<\/a>.<\/p>\n\n<p><\/p>\n\n<p><\/p>\n","protected":false},"excerpt":{"rendered":"<p>ESTO maks\u0101jums pa da\u013c\u0101m - nev\u0113laties samaks\u0101t visu summu uzreiz? Maks\u0101jiet pa da\u013c\u0101m! ESTO maks\u0101jumi pa da\u013c\u0101m ir elast\u012bgs maks\u0101jumu [&hellip;]<\/p>\n","protected":false},"author":47,"featured_media":0,"parent":0,"menu_order":0,"comment_status":"closed","ping_status":"closed","template":"","meta":{"_acf_changed":false,"om_disable_all_campaigns":false,"_monsterinsights_skip_tracking":false,"_monsterinsights_sitenote_active":false,"_monsterinsights_sitenote_note":"","_monsterinsights_sitenote_category":0,"_uf_show_specific_survey":0,"_uf_disable_surveys":false,"site-sidebar-layout":"default","site-content-layout":"","ast-site-content-layout":"","site-content-style":"default","site-sidebar-style":"default","ast-global-header-display":"","ast-banner-title-visibility":"","ast-main-header-display":"","ast-hfb-above-header-display":"","ast-hfb-below-header-display":"","ast-hfb-mobile-header-display":"","site-post-title":"","ast-breadcrumbs-content":"","ast-featured-img":"","footer-sml-layout":"","theme-transparent-header-meta":"","adv-header-id-meta":"","stick-header-meta":"","header-above-stick-meta":"","header-main-stick-meta":"","header-below-stick-meta":"","astra-migrate-meta-layouts":"default","ast-page-background-enabled":"default","ast-page-background-meta":{"desktop":{"background-color":"var(--ast-global-color-4)","background-image":"","background-repeat":"repeat","background-position":"center center","background-size":"auto","background-attachment":"scroll","background-type":"","background-media":"","overlay-type":"","overlay-color":"","overlay-opacity":"","overlay-gradient":""},"tablet":{"background-color":"","background-image":"","background-repeat":"repeat","background-position":"center center","background-size":"auto","background-attachment":"scroll","background-type":"","background-media":"","overlay-type":"","overlay-color":"","overlay-opacity":"","overlay-gradient":""},"mobile":{"background-color":"","background-image":"","background-repeat":"repeat","background-position":"center center","background-size":"auto","background-attachment":"scroll","background-type":"","background-media":"","overlay-type":"","overlay-color":"","overlay-opacity":"","overlay-gradient":""}},"ast-content-background-meta":{"desktop":{"background-color":"var(--ast-global-color-5)","background-image":"","background-repeat":"repeat","background-position":"center center","background-size":"auto","background-attachment":"scroll","background-type":"","background-media":"","overlay-type":"","overlay-color":"","overlay-opacity":"","overlay-gradient":""},"tablet":{"background-color":"var(--ast-global-color-5)","background-image":"","background-repeat":"repeat","background-position":"center center","background-size":"auto","background-attachment":"scroll","background-type":"","background-media":"","overlay-type":"","overlay-color":"","overlay-opacity":"","overlay-gradient":""},"mobile":{"background-color":"var(--ast-global-color-5)","background-image":"","background-repeat":"repeat","background-position":"center center","background-size":"auto","background-attachment":"scroll","background-type":"","background-media":"","overlay-type":"","overlay-color":"","overlay-opacity":"","overlay-gradient":""}},"footnotes":""},"class_list":["post-51042","page","type-page","status-publish","hentry"],"acf":[],"aioseo_notices":[],"_links":{"self":[{"href":"https:\/\/hummy.ee\/lv\/wp-json\/wp\/v2\/pages\/51042","targetHints":{"allow":["GET"]}}],"collection":[{"href":"https:\/\/hummy.ee\/lv\/wp-json\/wp\/v2\/pages"}],"about":[{"href":"https:\/\/hummy.ee\/lv\/wp-json\/wp\/v2\/types\/page"}],"author":[{"embeddable":true,"href":"https:\/\/hummy.ee\/lv\/wp-json\/wp\/v2\/users\/47"}],"replies":[{"embeddable":true,"href":"https:\/\/hummy.ee\/lv\/wp-json\/wp\/v2\/comments?post=51042"}],"version-history":[{"count":1,"href":"https:\/\/hummy.ee\/lv\/wp-json\/wp\/v2\/pages\/51042\/revisions"}],"predecessor-version":[{"id":51044,"href":"https:\/\/hummy.ee\/lv\/wp-json\/wp\/v2\/pages\/51042\/revisions\/51044"}],"wp:attachment":[{"href":"https:\/\/hummy.ee\/lv\/wp-json\/wp\/v2\/media?parent=51042"}],"curies":[{"name":"wp","href":"https:\/\/api.w.org\/{rel}","templated":true}]}}