{"id":50847,"date":"2024-10-26T17:50:12","date_gmt":"2024-10-26T17:50:12","guid":{"rendered":"https:\/\/hummy.ee\/palidziba-iepirksanas-joma\/precu-piegade\/"},"modified":"2025-04-02T11:52:56","modified_gmt":"2025-04-02T11:52:56","slug":"precu-piegade","status":"publish","type":"page","link":"https:\/\/hummy.ee\/lv\/palidziba-iepirksanas-joma\/precu-piegade\/","title":{"rendered":"Pre\u010du pieg\u0101de"},"content":{"rendered":"<style>.elementor-50847 .elementor-element.elementor-element-5492335{--display:flex;--flex-direction:column;--container-widget-width:100%;--container-widget-height:initial;--container-widget-flex-grow:0;--container-widget-align-self:initial;--flex-wrap-mobile:wrap;}.elementor-widget-text-editor{font-family:var( --e-global-typography-text-font-family ), Sans-serif;font-size:var( --e-global-typography-text-font-size );font-weight:var( --e-global-typography-text-font-weight );color:var( --e-global-color-text );}.elementor-widget-text-editor.elementor-drop-cap-view-stacked .elementor-drop-cap{background-color:var( --e-global-color-primary );}.elementor-widget-text-editor.elementor-drop-cap-view-framed .elementor-drop-cap, .elementor-widget-text-editor.elementor-drop-cap-view-default .elementor-drop-cap{color:var( --e-global-color-primary );border-color:var( --e-global-color-primary );}.elementor-50847 .elementor-element.elementor-element-959da60{color:var( --e-global-color-primary );}.elementor-50847 .elementor-element.elementor-element-959da60 > .elementor-widget-container{padding:2rem 2rem 2rem 2rem;}@media(max-width:1024px){.elementor-widget-text-editor{font-size:var( --e-global-typography-text-font-size );}}@media(max-width:767px){.elementor-widget-text-editor{font-size:var( --e-global-typography-text-font-size );}}<\/style>\t\t<div data-elementor-type=\"wp-page\" data-elementor-id=\"50847\" class=\"elementor elementor-50847 elementor-14147\" data-elementor-post-type=\"page\">\n\t\t\t\t<div class=\"elementor-element elementor-element-5492335 e-flex e-con-boxed e-con e-parent\" data-id=\"5492335\" data-element_type=\"container\" data-e-type=\"container\">\n\t\t\t\t\t<div class=\"e-con-inner\">\n\t\t\t\t<div class=\"elementor-element elementor-element-959da60 elementor-widget elementor-widget-text-editor\" data-id=\"959da60\" data-element_type=\"widget\" data-e-type=\"widget\" data-widget_type=\"text-editor.default\">\n\t\t\t\t<div class=\"elementor-widget-container\">\n\t\t\t\t\t\t\t\t\t<ol><li>ChildSupply O\u00dc nos\u016bt\u012bs produktus p\u0113c r\u0113\u0137ina apmaksas.<\/li><li>Pirkuma l\u012bgums tiek uzskat\u012bts par nosl\u0113gtu p\u0113c tam, kad ChildSupply O\u00dc nor\u0113\u0137inu kont\u0101 ir sa\u0146emts avansa maks\u0101jums saska\u0146\u0101 ar pas\u016bt\u012bjuma apstiprin\u0101jumu.<\/li><li>P\u0113c tam, kad pirkuma l\u012bgums ir st\u0101jies sp\u0113k\u0101 (pirc\u0113js ir samaks\u0101jis avansa r\u0113\u0137inu), ChildSupply O\u00dc sasai\u0146o pas\u016bt\u012bjumu un nodod to uz\u0146\u0113muma lo\u0123istikas partnerim pieg\u0101dei.<\/li><li>Pas\u016bt\u012bjumi, par kuriem avansa maks\u0101jums ChildSupply bankas kont\u0101 ir sa\u0146emts l\u012bdz plkst. 13.00 darba dien\u0101s, tiks pieg\u0101d\u0101ti Pirc\u0113jam n\u0101kamaj\u0101 darba dien\u0101 vai saska\u0146\u0101 ar pieg\u0101des laiku, kas nor\u0101d\u012bts uz preces kartes.<\/li><\/ol><p>4.1 Sal\u0101s pieg\u0101de var aiz\u0146emt l\u012bdz 3 darba dien\u0101m. <\/p><p>4.2. Gad\u012bjum\u0101, ja k\u0101da iemesla d\u0113\u013c s\u016bt\u012bjums aizkav\u0113jas, ChildSupply Klientu atbalsts vienojas ar Pirc\u0113ju par piem\u0113rotu pieg\u0101des laiku. <\/p><ol start=\"5\"><li>Lai nodro\u0161in\u0101tu netrauc\u0113tu pieg\u0101di, Pirc\u0113jam r\u016bp\u012bgi j\u0101p\u0101rbauda pieg\u0101dei ievad\u012bt\u0101 inform\u0101cija.<\/li><li>Baltijas valst\u012bs (Igaunij\u0101, Latvij\u0101, Lietuv\u0101 un Igaunij\u0101) pieg\u0101de ir bez maksas, s\u0101kot no 100 \u20ac.<\/li><\/ol><p>6.1 No 100 \u20ac produktu pieg\u0101de uz Somiju ir bez maksas, iz\u0146emot starptautiskos s\u016bt\u012bjumus l\u012bdz 20 kg. <\/p><ol start=\"7\"><li>ChildSupply lo\u0123istikas partneris pas\u016bt\u012bjumu pieg\u0101dei ir:<\/li><\/ol><p>7.1. Itella Estonia O\u00dc <\/p><ol start=\"8\"><li>S\u012bk\u0101ku inform\u0101ciju par pieg\u0101des iesp\u0113j\u0101m un cenu sarakstu pirc\u0113js var atrast t\u012bmek\u013ca vietn\u0113 www.hummy.ee, noklik\u0161\u0137inot uz ikonas \"Iepirkumu grozs\".<\/li><li>Transports \"no durv\u012bm l\u012bdz durv\u012bm\" noz\u012bm\u0113, ka Pirc\u0113js organiz\u0113 pre\u010du sav\u0101k\u0161anu un pieg\u0101di l\u012bdz telp\u0101m.<\/li><\/ol><p>9.1 Kurjeriem nav pien\u0101kuma zvan\u012bt iepriek\u0161. <\/p><ol start=\"10\"><li>P\u0101rvad\u0101\u0161anas laik\u0101 boj\u0101ti produkti, bet ne produkta iepakojums, tiks nomain\u012bti pret pirc\u0113jam.<\/li><li>ChildSupply neuz\u0146emas atbild\u012bbu par jebk\u0101du Produktu pieg\u0101des aizkav\u0113\u0161anos, ja Produkti ir pieg\u0101d\u0101ti lo\u0123istikas partneriem savlaic\u012bgi, bet pieg\u0101des aizkav\u0113\u0161an\u0101s radusies no ChildSupply neatkar\u012bgu vai paredzamu apst\u0101k\u013cu d\u0113\u013c.<\/li><\/ol>\t\t\t\t\t\t\t\t<\/div>\n\t\t\t\t<\/div>\n\t\t\t\t\t<\/div>\n\t\t\t\t<\/div>\n\t\t\t\t<\/div>\n\t\t","protected":false},"excerpt":{"rendered":"<p>ChildSupply O\u00dc nos\u016bt\u012bs produktus p\u0113c r\u0113\u0137ina apmaksas. Pirkuma l\u012bgums tiek uzskat\u012bts par nosl\u0113gtu p\u0113c tam, kad ChildSupply O\u00dc nor\u0113\u0137inu kont\u0101 [&hellip;]<\/p>\n","protected":false},"author":3,"featured_media":0,"parent":47405,"menu_order":0,"comment_status":"closed","ping_status":"closed","template":"","meta":{"_acf_changed":false,"om_disable_all_campaigns":false,"_monsterinsights_skip_tracking":false,"_monsterinsights_sitenote_active":false,"_monsterinsights_sitenote_note":"","_monsterinsights_sitenote_category":0,"_uf_show_specific_survey":0,"_uf_disable_surveys":false,"site-sidebar-layout":"no-sidebar","site-content-layout":"","ast-site-content-layout":"full-width-container","site-content-style":"default","site-sidebar-style":"default","ast-global-header-display":"","ast-banner-title-visibility":"","ast-main-header-display":"","ast-hfb-above-header-display":"","ast-hfb-below-header-display":"","ast-hfb-mobile-header-display":"","site-post-title":"disabled","ast-breadcrumbs-content":"","ast-featured-img":"disabled","footer-sml-layout":"","theme-transparent-header-meta":"","adv-header-id-meta":"","stick-header-meta":"","header-above-stick-meta":"","header-main-stick-meta":"","header-below-stick-meta":"","astra-migrate-meta-layouts":"default","ast-page-background-enabled":"default","ast-page-background-meta":{"desktop":{"background-color":"var(--ast-global-color-4)","background-image":"","background-repeat":"repeat","background-position":"center center","background-size":"auto","background-attachment":"scroll","background-type":"","background-media":"","overlay-type":"","overlay-color":"","overlay-opacity":"","overlay-gradient":""},"tablet":{"background-color":"","background-image":"","background-repeat":"repeat","background-position":"center center","background-size":"auto","background-attachment":"scroll","background-type":"","background-media":"","overlay-type":"","overlay-color":"","overlay-opacity":"","overlay-gradient":""},"mobile":{"background-color":"","background-image":"","background-repeat":"repeat","background-position":"center center","background-size":"auto","background-attachment":"scroll","background-type":"","background-media":"","overlay-type":"","overlay-color":"","overlay-opacity":"","overlay-gradient":""}},"ast-content-background-meta":{"desktop":{"background-color":"var(--ast-global-color-5)","background-image":"","background-repeat":"repeat","background-position":"center center","background-size":"auto","background-attachment":"scroll","background-type":"","background-media":"","overlay-type":"","overlay-color":"","overlay-opacity":"","overlay-gradient":""},"tablet":{"background-color":"var(--ast-global-color-5)","background-image":"","background-repeat":"repeat","background-position":"center center","background-size":"auto","background-attachment":"scroll","background-type":"","background-media":"","overlay-type":"","overlay-color":"","overlay-opacity":"","overlay-gradient":""},"mobile":{"background-color":"var(--ast-global-color-5)","background-image":"","background-repeat":"repeat","background-position":"center center","background-size":"auto","background-attachment":"scroll","background-type":"","background-media":"","overlay-type":"","overlay-color":"","overlay-opacity":"","overlay-gradient":""}},"footnotes":""},"class_list":["post-50847","page","type-page","status-publish","hentry"],"acf":[],"aioseo_notices":[],"_links":{"self":[{"href":"https:\/\/hummy.ee\/lv\/wp-json\/wp\/v2\/pages\/50847","targetHints":{"allow":["GET"]}}],"collection":[{"href":"https:\/\/hummy.ee\/lv\/wp-json\/wp\/v2\/pages"}],"about":[{"href":"https:\/\/hummy.ee\/lv\/wp-json\/wp\/v2\/types\/page"}],"author":[{"embeddable":true,"href":"https:\/\/hummy.ee\/lv\/wp-json\/wp\/v2\/users\/3"}],"replies":[{"embeddable":true,"href":"https:\/\/hummy.ee\/lv\/wp-json\/wp\/v2\/comments?post=50847"}],"version-history":[{"count":1,"href":"https:\/\/hummy.ee\/lv\/wp-json\/wp\/v2\/pages\/50847\/revisions"}],"predecessor-version":[{"id":50849,"href":"https:\/\/hummy.ee\/lv\/wp-json\/wp\/v2\/pages\/50847\/revisions\/50849"}],"up":[{"embeddable":true,"href":"https:\/\/hummy.ee\/lv\/wp-json\/wp\/v2\/pages\/47405"}],"wp:attachment":[{"href":"https:\/\/hummy.ee\/lv\/wp-json\/wp\/v2\/media?parent=50847"}],"curies":[{"name":"wp","href":"https:\/\/api.w.org\/{rel}","templated":true}]}}