{"id":50840,"date":"2024-10-26T17:54:34","date_gmt":"2024-10-26T17:54:34","guid":{"rendered":"https:\/\/hummy.ee\/palidziba-iepirksanas-joma\/sudzibas-iesniegsana\/"},"modified":"2025-04-02T11:52:49","modified_gmt":"2025-04-02T11:52:49","slug":"sudzibas-iesniegsana","status":"publish","type":"page","link":"https:\/\/hummy.ee\/lv\/palidziba-iepirksanas-joma\/sudzibas-iesniegsana\/","title":{"rendered":"S\u016bdz\u012bbas iesnieg\u0161ana"},"content":{"rendered":"<style>.elementor-50840 .elementor-element.elementor-element-f3b8b81{--display:flex;--flex-direction:column;--container-widget-width:100%;--container-widget-height:initial;--container-widget-flex-grow:0;--container-widget-align-self:initial;--flex-wrap-mobile:wrap;}.elementor-widget-text-editor{font-family:var( --e-global-typography-text-font-family ), Sans-serif;font-size:var( --e-global-typography-text-font-size );font-weight:var( --e-global-typography-text-font-weight );color:var( --e-global-color-text );}.elementor-widget-text-editor.elementor-drop-cap-view-stacked .elementor-drop-cap{background-color:var( --e-global-color-primary );}.elementor-widget-text-editor.elementor-drop-cap-view-framed .elementor-drop-cap, .elementor-widget-text-editor.elementor-drop-cap-view-default .elementor-drop-cap{color:var( --e-global-color-primary );border-color:var( --e-global-color-primary );}.elementor-50840 .elementor-element.elementor-element-b4d416b{color:var( --e-global-color-primary );}.elementor-50840 .elementor-element.elementor-element-b4d416b > .elementor-widget-container{padding:2rem 2rem 2rem 2rem;}@media(max-width:1024px){.elementor-widget-text-editor{font-size:var( --e-global-typography-text-font-size );}}@media(max-width:767px){.elementor-widget-text-editor{font-size:var( --e-global-typography-text-font-size );}}<\/style>\t\t<div data-elementor-type=\"wp-page\" data-elementor-id=\"50840\" class=\"elementor elementor-50840 elementor-14155\" data-elementor-post-type=\"page\">\n\t\t\t\t<div class=\"elementor-element elementor-element-f3b8b81 e-flex e-con-boxed e-con e-parent\" data-id=\"f3b8b81\" data-element_type=\"container\" data-e-type=\"container\">\n\t\t\t\t\t<div class=\"e-con-inner\">\n\t\t\t\t<div class=\"elementor-element elementor-element-b4d416b elementor-widget elementor-widget-text-editor\" data-id=\"b4d416b\" data-element_type=\"widget\" data-e-type=\"widget\" data-widget_type=\"text-editor.default\">\n\t\t\t\t<div class=\"elementor-widget-container\">\n\t\t\t\t\t\t\t\t\t<ol>\n<li>ChildSupply un Pirc\u0113js ir atbild\u012bgi otrai pusei par jebkuriem zaud\u0113jumiem, kas nodar\u012bti otrai pusei \u0161o Noteikumu un nosac\u012bjumu p\u0101rk\u0101puma rezult\u0101t\u0101, Igaunijas Republikas ties\u012bbu aktos noteiktajos gad\u012bjumos un apm\u0113r\u0101.<\/li>\n<li>ChildSupply ir atbild\u012bgs par jebkuru Pirc\u0113jam p\u0101rdot\u0101 Produkta neatbilst\u012bbu vai defektu, kas past\u0101v\u0113ja pieg\u0101des br\u012bd\u012b un kas atkl\u0101jas laika posm\u0101 l\u012bdz diviem gadiem p\u0113c Produkta pieg\u0101des Pirc\u0113jam. Pirmajos se\u0161os m\u0113ne\u0161os p\u0113c Preces pieg\u0101des Pirc\u0113jam tiek uzskat\u012bts, ka defekts ir past\u0101v\u0113jis pieg\u0101des br\u012bd\u012b. ChildSupply ir atbild\u012bga par \u0161\u0101das prezumpcijas atsp\u0113ko\u0161anu.  <\/li>\n<li>Pirc\u0113jam ir ties\u012bbas iesniegt ChildSupply pretenziju par Preces neatbilst\u012bbu divu gadu laik\u0101 no pieg\u0101des datuma. Pretenzija j\u0101iesniedz nekav\u0113joties, bet ne v\u0113l\u0101k k\u0101 divus m\u0113ne\u0161us p\u0113c tam, kad konstat\u0113ts Preces defekts. Atkl\u0101jot defektu, Pirc\u0113jam ir j\u0101veic sapr\u0101t\u012bgi pas\u0101kumi, lai saglab\u0101tu un aizsarg\u0101tu Produktu, tostarp neizmantotu defekt\u012bvu Produktu, ja Produkta lieto\u0161ana v\u0113l vair\u0101k pasliktin\u0101s t\u0101 st\u0101vokli.  <\/li>\n<li>Ja Produkts neatbilst l\u012bguma noteikumiem, Pirc\u0113js var izmantot ties\u012bbu aktos noteiktos tiesisk\u0101s aizsardz\u012bbas l\u012bdzek\u013cus, tostarp ties\u012bbas piepras\u012bt Produkta remontu vai nomai\u0146u. Gad\u012bjum\u0101, ja Preces remonts vai nomai\u0146a nav iesp\u0113jama, neizdodas vai rada nepamatotas ne\u0113rt\u012bbas Pirc\u0113jam, Pirc\u0113jam ir ties\u012bbas atk\u0101pties no l\u012bguma un piepras\u012bt naudas atmaksu. <\/li>\n<li>ChildSupply nav atbild\u012bgs par Pirc\u0113ja izrais\u012btiem Preces defektiem, defektiem, kas radu\u0161ies nepareizas glab\u0101\u0161anas vai lieto\u0161anas rezult\u0101t\u0101. Pie defektiem pieskait\u0101mi ar\u012b Produkta defekti, bet ne Produkta iepakojuma defekti. <\/li>\n<li>Ja uz Produktu attiecas ChildSupply vai ra\u017eot\u0101ja p\u0101rdo\u0161anas garantija, garantijas noteikumi tiks sniegti Pirc\u0113jam rakstiski kop\u0101 ar Produktu un\/vai b\u016bs pieejami elektroniski e-veikal\u0101.<\/li>\n<li>Lai atrisin\u0101tu jebk\u0101das turpm\u0101kas probl\u0113mas, Pirc\u0113jam ir j\u0101saglab\u0101 pirkuma dokumenti (r\u0113\u0137ins, l\u012bgums utt.), kas apliecina, ka Produkts ir ieg\u0101d\u0101ts no ChildSupply e-veikala. Bez pirkumu apliecino\u0161a dokumenta ChildSupply nevar atrisin\u0101t probl\u0113mu. <\/li>\n<li>ChildSupply e-veikal\u0101 ieg\u0101d\u0101t\u0101 Produkta defekta gad\u012bjum\u0101 Pirc\u0113jam ir ties\u012bbas ne v\u0113l\u0101k k\u0101 divu m\u0113ne\u0161u laik\u0101 sazin\u0101ties ar ChildSupply p\u0101rst\u0101vjiem:<\/li>\n<\/ol>\n<p>8.1. P\u00e4rnu mnt 328, Tallina; <\/p>\n<ol start=\"9\">\n<li>Iesniedzot pretenziju, ir j\u0101iesniedz boj\u0101tais Produkts. ChildSupply un Pirc\u0113js nosl\u0113dz vieno\u0161anos par Preces apkopi un remontu, ja nepiecie\u0161ams nos\u016bt\u012bt Preci uz diagnostiku vai ekspert\u012bzi, lai noteiktu defekta raksturu un iemeslu. <\/li>\n<li>Iesniedzot aizbildin\u0101jumu, \u0146emiet v\u0113r\u0101:<\/li>\n<\/ol>\n<p>10.1 Pirc\u0113ja v\u0101rds, uzv\u0101rds un kontaktinform\u0101cija; <\/p>\n<p>10.2. S\u016bdz\u012bbas iesnieg\u0161anas datums; <\/p>\n<p>10.3. Produkta tr\u016bkums; <\/p>\n<p>10.4. Pras\u012bba par b\u0113rnu pieg\u0101di; <\/p>\n<p>10.5. S\u016bdz\u012bbai j\u0101pievieno atsauce uz dar\u012bjumu vai garantiju apliecino\u0161o dokumentu vai t\u0101 kopija. <\/p>\n<ol start=\"11\">\n<li>ChildSupply rakstiski atbild\u0113s uz s\u016bdz\u012bbu 15 dienu laik\u0101 p\u0113c s\u016bdz\u012bbas sa\u0146em\u0161anas no Pirc\u0113ja. Ja ChildSupply nesp\u0113j atbild\u0113t uz Pirc\u0113ja s\u016bdz\u012bbu 15 dienu laik\u0101, tas tiek rakstiski inform\u0113ts, nor\u0101dot iemeslus un laiku, l\u012bdz kuram tiks nos\u016bt\u012bta atbilde. <\/li>\n<li>Uz produkta defektu nov\u0113r\u0161anu attiecas ChildSupply pretenziju politika, kas ir neat\u0146emama \u0161o P\u0101rdo\u0161anas noteikumu sast\u0101vda\u013ca.<\/li>\n<li>Pirc\u0113jam ir ties\u012bbas v\u0113rsties kompetentaj\u0101 uzraudz\u012bbas iest\u0101d\u0113, kas ir.&nbsp;<a href=\"https:\/\/www.ttja.ee\/\">Pat\u0113r\u0113t\u0101ju aizsardz\u012bbas un tehnisk\u0101s uzraudz\u012bbas iest\u0101de,<\/a>S\u00f5le 23a, 10614 Tallinn, e-pasts: info@ttja.ee. Pat\u0113r\u0113t\u0101ju str\u012bdu \u0101rpustiesas iz\u0161\u0137ir\u0161ana internet\u0101 saska\u0146\u0101 ar Eiropas Parlamenta un Padomes Regulu (ES) Nr. 524\/2013. <\/li>\n<li>Ja Pirc\u0113js un ChildSupply nesp\u0113j atrisin\u0101t str\u012bdu, vienojoties, Pirc\u0113js var nodot str\u012bdu izskat\u012b\u0161anai Pat\u0113r\u0113t\u0101ju str\u012bdu komisijai, kuras reglamentu var atrast un pieteikumu var iesniegt \u0161eit. Pat\u0113r\u0113t\u0101ju str\u012bdu komiteja ir kompetenta risin\u0101t str\u012bdus, kas izriet no l\u012bguma starp Pirc\u0113ju un interneta veikalu. Komisijai nav j\u0101maks\u0101 par pirc\u0113ja s\u016bdz\u012bbas izskat\u012b\u0161anu.  <\/li>\n<li>Pirc\u0113jam ir ties\u012bbas v\u0113rsties <a href=\"https:\/\/ec.europa.eu\/consumers\/odr\/main\/?event=main.home2.show\">Eiropas Savien\u012bbas pat\u0113r\u0113t\u0101ju str\u012bdu iz\u0161\u0137ir\u0161anas platform\u0101<\/a>.<\/li>\n<\/ol>\t\t\t\t\t\t\t\t<\/div>\n\t\t\t\t<\/div>\n\t\t\t\t\t<\/div>\n\t\t\t\t<\/div>\n\t\t\t\t<\/div>\n\t\t","protected":false},"excerpt":{"rendered":"<p>ChildSupply un Pirc\u0113js ir atbild\u012bgi otrai pusei par jebkuriem zaud\u0113jumiem, kas nodar\u012bti otrai pusei \u0161o Noteikumu un nosac\u012bjumu p\u0101rk\u0101puma rezult\u0101t\u0101, [&hellip;]<\/p>\n","protected":false},"author":3,"featured_media":0,"parent":47405,"menu_order":0,"comment_status":"closed","ping_status":"closed","template":"","meta":{"_acf_changed":false,"om_disable_all_campaigns":false,"_monsterinsights_skip_tracking":false,"_monsterinsights_sitenote_active":false,"_monsterinsights_sitenote_note":"","_monsterinsights_sitenote_category":0,"_uf_show_specific_survey":0,"_uf_disable_surveys":false,"site-sidebar-layout":"no-sidebar","site-content-layout":"","ast-site-content-layout":"full-width-container","site-content-style":"default","site-sidebar-style":"default","ast-global-header-display":"","ast-banner-title-visibility":"","ast-main-header-display":"","ast-hfb-above-header-display":"","ast-hfb-below-header-display":"","ast-hfb-mobile-header-display":"","site-post-title":"disabled","ast-breadcrumbs-content":"","ast-featured-img":"disabled","footer-sml-layout":"","theme-transparent-header-meta":"","adv-header-id-meta":"","stick-header-meta":"","header-above-stick-meta":"","header-main-stick-meta":"","header-below-stick-meta":"","astra-migrate-meta-layouts":"default","ast-page-background-enabled":"default","ast-page-background-meta":{"desktop":{"background-color":"var(--ast-global-color-4)","background-image":"","background-repeat":"repeat","background-position":"center center","background-size":"auto","background-attachment":"scroll","background-type":"","background-media":"","overlay-type":"","overlay-color":"","overlay-opacity":"","overlay-gradient":""},"tablet":{"background-color":"","background-image":"","background-repeat":"repeat","background-position":"center center","background-size":"auto","background-attachment":"scroll","background-type":"","background-media":"","overlay-type":"","overlay-color":"","overlay-opacity":"","overlay-gradient":""},"mobile":{"background-color":"","background-image":"","background-repeat":"repeat","background-position":"center center","background-size":"auto","background-attachment":"scroll","background-type":"","background-media":"","overlay-type":"","overlay-color":"","overlay-opacity":"","overlay-gradient":""}},"ast-content-background-meta":{"desktop":{"background-color":"var(--ast-global-color-5)","background-image":"","background-repeat":"repeat","background-position":"center center","background-size":"auto","background-attachment":"scroll","background-type":"","background-media":"","overlay-type":"","overlay-color":"","overlay-opacity":"","overlay-gradient":""},"tablet":{"background-color":"var(--ast-global-color-5)","background-image":"","background-repeat":"repeat","background-position":"center center","background-size":"auto","background-attachment":"scroll","background-type":"","background-media":"","overlay-type":"","overlay-color":"","overlay-opacity":"","overlay-gradient":""},"mobile":{"background-color":"var(--ast-global-color-5)","background-image":"","background-repeat":"repeat","background-position":"center center","background-size":"auto","background-attachment":"scroll","background-type":"","background-media":"","overlay-type":"","overlay-color":"","overlay-opacity":"","overlay-gradient":""}},"footnotes":""},"class_list":["post-50840","page","type-page","status-publish","hentry"],"acf":[],"aioseo_notices":[],"_links":{"self":[{"href":"https:\/\/hummy.ee\/lv\/wp-json\/wp\/v2\/pages\/50840","targetHints":{"allow":["GET"]}}],"collection":[{"href":"https:\/\/hummy.ee\/lv\/wp-json\/wp\/v2\/pages"}],"about":[{"href":"https:\/\/hummy.ee\/lv\/wp-json\/wp\/v2\/types\/page"}],"author":[{"embeddable":true,"href":"https:\/\/hummy.ee\/lv\/wp-json\/wp\/v2\/users\/3"}],"replies":[{"embeddable":true,"href":"https:\/\/hummy.ee\/lv\/wp-json\/wp\/v2\/comments?post=50840"}],"version-history":[{"count":1,"href":"https:\/\/hummy.ee\/lv\/wp-json\/wp\/v2\/pages\/50840\/revisions"}],"predecessor-version":[{"id":50841,"href":"https:\/\/hummy.ee\/lv\/wp-json\/wp\/v2\/pages\/50840\/revisions\/50841"}],"up":[{"embeddable":true,"href":"https:\/\/hummy.ee\/lv\/wp-json\/wp\/v2\/pages\/47405"}],"wp:attachment":[{"href":"https:\/\/hummy.ee\/lv\/wp-json\/wp\/v2\/media?parent=50840"}],"curies":[{"name":"wp","href":"https:\/\/api.w.org\/{rel}","templated":true}]}}