{"id":50836,"date":"2024-10-26T17:56:18","date_gmt":"2024-10-26T17:56:18","guid":{"rendered":"https:\/\/hummy.ee\/palidziba-iepirksanas-joma\/precu-atgriesana\/"},"modified":"2026-03-03T11:11:53","modified_gmt":"2026-03-03T11:11:53","slug":"precu-atgriesana","status":"publish","type":"page","link":"https:\/\/hummy.ee\/lv\/palidziba-iepirksanas-joma\/precu-atgriesana\/","title":{"rendered":"Pre\u010du atgrie\u0161ana"},"content":{"rendered":"<style>.elementor-50836 .elementor-element.elementor-element-98fb359{--display:flex;--flex-direction:column;--container-widget-width:100%;--container-widget-height:initial;--container-widget-flex-grow:0;--container-widget-align-self:initial;--flex-wrap-mobile:wrap;}.elementor-widget-text-editor{font-family:var( --e-global-typography-text-font-family ), Sans-serif;font-size:var( --e-global-typography-text-font-size );font-weight:var( --e-global-typography-text-font-weight );color:var( --e-global-color-text );}.elementor-widget-text-editor.elementor-drop-cap-view-stacked .elementor-drop-cap{background-color:var( --e-global-color-primary );}.elementor-widget-text-editor.elementor-drop-cap-view-framed .elementor-drop-cap, .elementor-widget-text-editor.elementor-drop-cap-view-default .elementor-drop-cap{color:var( --e-global-color-primary );border-color:var( --e-global-color-primary );}.elementor-50836 .elementor-element.elementor-element-ce5ab09{font-family:\"Jura\", Sans-serif;font-size:14px;font-weight:400;color:var( --e-global-color-primary );}.elementor-50836 .elementor-element.elementor-element-ce5ab09 > .elementor-widget-container{padding:2rem 2rem 2rem 2rem;}@media(max-width:1024px){.elementor-widget-text-editor{font-size:var( --e-global-typography-text-font-size );}}@media(max-width:767px){.elementor-widget-text-editor{font-size:var( --e-global-typography-text-font-size );}}<\/style>\t\t<div data-elementor-type=\"wp-page\" data-elementor-id=\"50836\" class=\"elementor elementor-50836 elementor-14160\" data-elementor-post-type=\"page\">\n\t\t\t\t<div class=\"elementor-element elementor-element-98fb359 e-flex e-con-boxed e-con e-parent\" data-id=\"98fb359\" data-element_type=\"container\" data-e-type=\"container\">\n\t\t\t\t\t<div class=\"e-con-inner\">\n\t\t\t\t<div class=\"elementor-element elementor-element-ce5ab09 elementor-widget elementor-widget-text-editor\" data-id=\"ce5ab09\" data-element_type=\"widget\" data-e-type=\"widget\" data-widget_type=\"text-editor.default\">\n\t\t\t\t<div class=\"elementor-widget-container\">\n\t\t\t\t\t\t\t\t\t<div class=\"contentTemplate full\"><div class=\"contentTemplateText\"><p><strong class=\"title\">Sol\u012bjums<\/strong><\/p><p>Esam p\u0101rliecin\u0101ti, ka b\u016bsiet \u013coti apmierin\u0101ts ar pirkumu veikal\u0101. Tom\u0113r, ja k\u0101du iemeslu d\u0113\u013c tas t\u0101 nav, jums ir 30 dienas, lai preci atgrieztu. <\/p><\/div><\/div><div class=\"contentTemplate full\"><div class=\"contentTemplateText\"><p><strong class=\"title\">Ko tas noz\u012bm\u0113?<\/strong><\/p><p>Ja neesat 100 % apmierin\u0101ts ar pirkumu no m\u016bsu Veikala, 30 dienu laik\u0101 no ofici\u0101l\u0101s pirkuma dienas varat atgriezt preci, un jums b\u016bs ties\u012bbas sa\u0146emt pilnu naudas summu atpaka\u013c. Iesniedziet savu piepras\u012bjumu, izmantojot t\u012bmek\u013ca vietn\u0113 nor\u0101d\u012bto kontaktformu. V\u0113stul\u0113 noteikti nor\u0101diet savu t\u0101lru\u0146a numuru un atgrie\u0161anas iemeslu.  <\/p><p><strong class=\"title\" style=\"font-size: 16px;\">Atgrie\u0161anas proced\u016bra<\/strong><\/p><\/div><\/div><div class=\"contentTemplate full\"><div class=\"contentTemplateText\"><p>P\u0113c v\u0113stules nos\u016bt\u012b\u0161anas j\u016bs sa\u0146emsiet atgrie\u0161anas kv\u012bti, kur\u0101 b\u016bs aprakst\u012bta atgrie\u0161anas proced\u016bra. L\u016bdzu, \u0146emiet v\u0113r\u0101, ka atgrie\u0161anai produktam j\u0101b\u016bt ori\u0123in\u0101laj\u0101 iepakojum\u0101, neizmantotam un j\u0101atgrie\u017e t\u0101d\u0101 st\u0101vokl\u012b, k\u0101d\u0101 to sa\u0146\u0113m\u0101t. Protams, prece var b\u016bt iz\u0146emta no iepakojuma un atgriezta p\u0101rbaudei. Ja izstr\u0101d\u0101jums ir boj\u0101ts, j\u016bs, iesp\u0113jams, nesa\u0146emsiet 100% kompens\u0101ciju. Ja v\u0113laties atgriezt izstr\u0101d\u0101jumu saska\u0146\u0101 ar garantiju, iepaz\u012bstieties ar m\u016bsu garantijas nosac\u012bjumiem.    <\/p><p><strong class=\"title\" style=\"font-size: 16px;\">P\u0101rbaudiet savu s\u016bt\u012bjumu<\/strong><\/p><\/div><\/div><div class=\"contentTemplate full\"><div class=\"contentTemplateText\"><p>P\u0101rbaudiet s\u016bt\u012bjumu uzreiz p\u0113c pieg\u0101des. Ja produkts ir boj\u0101ts, nepareizi pieg\u0101d\u0101ts vai pazudis, 48 stundu laik\u0101 sazinieties ar klientu apkalpo\u0161anas dienestu pa e-pastu info@childsupply.ee. <\/p><p><strong class=\"title\" style=\"font-size: 16px;\">Atgrie\u0161an\u0101s izmaksas<\/strong><\/p><\/div><\/div><div class=\"contentTemplate full\"><div class=\"contentTemplateText\"><p>Atgrie\u0161anas izmaksas sedz klients. M\u0113s neesam atbild\u012bgi par k\u013c\u016bdaini nos\u016bt\u012bt\u0101m vai m\u016bs nesasniegu\u0161\u0101m prec\u0113m. Lai izvair\u012btos no iesp\u0113jam\u0101m probl\u0113m\u0101m, m\u0113s iesak\u0101m izmantot kurjerpasta pakalpojumus, kas \u013cauj izsekot s\u016bt\u012bjuma izseko\u0161anas numuru.  <\/p><p><strong class=\"title\">Apmai\u0146a<\/strong><\/p><\/div><\/div><div class=\"contentTemplate full\"><div class=\"contentTemplateText\"><p>Ja v\u0113laties produktu apmain\u012bt, iev\u0113rojiet iepriek\u0161 aprakst\u012bto atgrie\u0161anas proced\u016bru. P\u0113c tam varat veikt jaunu pas\u016bt\u012bjumu tie\u0161saist\u0113. <\/p><p><strong class=\"title\">K\u0101 un kad nauda tiks atmaks\u0101ta?<\/strong><\/p><\/div><\/div><div class=\"contentTemplate full\"><div class=\"contentTemplateText\"><p>Atmaksa b\u016bs atkar\u012bga no j\u016bsu izv\u0113l\u0113t\u0101s maks\u0101juma metodes, un t\u0101 tiks izmaks\u0101ta 14 dienu laik\u0101 no atmaksas re\u0123istr\u0113\u0161anas dienas. M\u0113s paturam ties\u012bbas pagarin\u0101t 14 dienu termi\u0146u, ja produkts nav m\u016bs sasniedzis saska\u0146\u0101 ar iepriek\u0161 aprakst\u012bto proced\u016bru. M\u016bsu komanda j\u016bs inform\u0113s par kav\u0113jumiem.  <\/p><p><strong class=\"title\" style=\"font-size: 16px;\">Pakalpojums<\/strong><\/p><\/div><\/div><div class=\"contentTemplate full\"><div class=\"contentTemplateText\"><p>M\u016bsu komanda ir gatava jums sniegt konsult\u0101cijas par produktu un papildu inform\u0101ciju. M\u0113s vienm\u0113r atbildam 24 stundu laik\u0101. <\/p><\/div><\/div>\t\t\t\t\t\t\t\t<\/div>\n\t\t\t\t<\/div>\n\t\t\t\t\t<\/div>\n\t\t\t\t<\/div>\n\t\t\t\t<\/div>\n\t\t","protected":false},"excerpt":{"rendered":"<p>Sol\u012bjums Esam p\u0101rliecin\u0101ti, ka b\u016bsiet \u013coti apmierin\u0101ts ar pirkumu veikal\u0101. Tom\u0113r, ja k\u0101du iemeslu d\u0113\u013c tas t\u0101 nav, jums ir [&hellip;]<\/p>\n","protected":false},"author":3,"featured_media":0,"parent":47405,"menu_order":0,"comment_status":"closed","ping_status":"closed","template":"","meta":{"_acf_changed":false,"om_disable_all_campaigns":false,"_monsterinsights_skip_tracking":false,"_monsterinsights_sitenote_active":false,"_monsterinsights_sitenote_note":"","_monsterinsights_sitenote_category":0,"_uf_show_specific_survey":0,"_uf_disable_surveys":false,"site-sidebar-layout":"no-sidebar","site-content-layout":"","ast-site-content-layout":"full-width-container","site-content-style":"default","site-sidebar-style":"default","ast-global-header-display":"","ast-banner-title-visibility":"","ast-main-header-display":"","ast-hfb-above-header-display":"","ast-hfb-below-header-display":"","ast-hfb-mobile-header-display":"","site-post-title":"disabled","ast-breadcrumbs-content":"","ast-featured-img":"disabled","footer-sml-layout":"","theme-transparent-header-meta":"","adv-header-id-meta":"","stick-header-meta":"","header-above-stick-meta":"","header-main-stick-meta":"","header-below-stick-meta":"","astra-migrate-meta-layouts":"default","ast-page-background-enabled":"default","ast-page-background-meta":{"desktop":{"background-color":"var(--ast-global-color-4)","background-image":"","background-repeat":"repeat","background-position":"center center","background-size":"auto","background-attachment":"scroll","background-type":"","background-media":"","overlay-type":"","overlay-color":"","overlay-opacity":"","overlay-gradient":""},"tablet":{"background-color":"","background-image":"","background-repeat":"repeat","background-position":"center center","background-size":"auto","background-attachment":"scroll","background-type":"","background-media":"","overlay-type":"","overlay-color":"","overlay-opacity":"","overlay-gradient":""},"mobile":{"background-color":"","background-image":"","background-repeat":"repeat","background-position":"center center","background-size":"auto","background-attachment":"scroll","background-type":"","background-media":"","overlay-type":"","overlay-color":"","overlay-opacity":"","overlay-gradient":""}},"ast-content-background-meta":{"desktop":{"background-color":"var(--ast-global-color-5)","background-image":"","background-repeat":"repeat","background-position":"center center","background-size":"auto","background-attachment":"scroll","background-type":"","background-media":"","overlay-type":"","overlay-color":"","overlay-opacity":"","overlay-gradient":""},"tablet":{"background-color":"var(--ast-global-color-5)","background-image":"","background-repeat":"repeat","background-position":"center center","background-size":"auto","background-attachment":"scroll","background-type":"","background-media":"","overlay-type":"","overlay-color":"","overlay-opacity":"","overlay-gradient":""},"mobile":{"background-color":"var(--ast-global-color-5)","background-image":"","background-repeat":"repeat","background-position":"center center","background-size":"auto","background-attachment":"scroll","background-type":"","background-media":"","overlay-type":"","overlay-color":"","overlay-opacity":"","overlay-gradient":""}},"footnotes":""},"class_list":["post-50836","page","type-page","status-publish","hentry"],"acf":[],"aioseo_notices":[],"_links":{"self":[{"href":"https:\/\/hummy.ee\/lv\/wp-json\/wp\/v2\/pages\/50836","targetHints":{"allow":["GET"]}}],"collection":[{"href":"https:\/\/hummy.ee\/lv\/wp-json\/wp\/v2\/pages"}],"about":[{"href":"https:\/\/hummy.ee\/lv\/wp-json\/wp\/v2\/types\/page"}],"author":[{"embeddable":true,"href":"https:\/\/hummy.ee\/lv\/wp-json\/wp\/v2\/users\/3"}],"replies":[{"embeddable":true,"href":"https:\/\/hummy.ee\/lv\/wp-json\/wp\/v2\/comments?post=50836"}],"version-history":[{"count":4,"href":"https:\/\/hummy.ee\/lv\/wp-json\/wp\/v2\/pages\/50836\/revisions"}],"predecessor-version":[{"id":85343,"href":"https:\/\/hummy.ee\/lv\/wp-json\/wp\/v2\/pages\/50836\/revisions\/85343"}],"up":[{"embeddable":true,"href":"https:\/\/hummy.ee\/lv\/wp-json\/wp\/v2\/pages\/47405"}],"wp:attachment":[{"href":"https:\/\/hummy.ee\/lv\/wp-json\/wp\/v2\/media?parent=50836"}],"curies":[{"name":"wp","href":"https:\/\/api.w.org\/{rel}","templated":true}]}}