{"id":50790,"date":"2024-10-26T17:58:27","date_gmt":"2024-10-26T17:58:27","guid":{"rendered":"https:\/\/hummy.ee\/palidziba-iepirksanas-joma\/personas-datu-apstrade\/"},"modified":"2025-04-02T11:52:29","modified_gmt":"2025-04-02T11:52:29","slug":"personas-datu-apstrade","status":"publish","type":"page","link":"https:\/\/hummy.ee\/lv\/palidziba-iepirksanas-joma\/personas-datu-apstrade\/","title":{"rendered":"Personas datu apstr\u0101de"},"content":{"rendered":"<style>.elementor-50790 .elementor-element.elementor-element-2acee35{--display:flex;}.elementor-widget-text-editor{font-family:var( --e-global-typography-text-font-family ), Sans-serif;font-size:var( --e-global-typography-text-font-size );font-weight:var( --e-global-typography-text-font-weight );color:var( --e-global-color-text );}.elementor-widget-text-editor.elementor-drop-cap-view-stacked .elementor-drop-cap{background-color:var( --e-global-color-primary );}.elementor-widget-text-editor.elementor-drop-cap-view-framed .elementor-drop-cap, .elementor-widget-text-editor.elementor-drop-cap-view-default .elementor-drop-cap{color:var( --e-global-color-primary );border-color:var( --e-global-color-primary );}.elementor-50790 .elementor-element.elementor-element-eb3eef3{color:var( --e-global-color-primary );}.elementor-50790 .elementor-element.elementor-element-eb3eef3 > .elementor-widget-container{padding:2rem 2rem 2rem 2rem;}@media(max-width:1024px){.elementor-widget-text-editor{font-size:var( --e-global-typography-text-font-size );}}@media(max-width:767px){.elementor-widget-text-editor{font-size:var( --e-global-typography-text-font-size );}}<\/style>\t\t<div data-elementor-type=\"wp-page\" data-elementor-id=\"50790\" class=\"elementor elementor-50790 elementor-14165\" data-elementor-post-type=\"page\">\n\t\t\t\t<div class=\"elementor-element elementor-element-2acee35 e-flex e-con-boxed e-con e-parent\" data-id=\"2acee35\" data-element_type=\"container\" data-e-type=\"container\">\n\t\t\t\t\t<div class=\"e-con-inner\">\n\t\t\t\t<div class=\"elementor-element elementor-element-eb3eef3 elementor-widget elementor-widget-text-editor\" data-id=\"eb3eef3\" data-element_type=\"widget\" data-e-type=\"widget\" data-widget_type=\"text-editor.default\">\n\t\t\t\t<div class=\"elementor-widget-container\">\n\t\t\t\t\t\t\t\t\t<p>Interneta veikala hummy.ee personas datu p\u0101rzinis ir ChildSupply O\u00dc (re\u0123istr\u0113ts 16379645), R\u00e4sta 18, t\u0101lr. 5301 8078 un e-pasts info@hummy.ee.<\/p><p><strong>K\u0101di personas dati tiek apstr\u0101d\u0101ti<\/strong><\/p><ul><li>v\u0101rdu, uzv\u0101rdu, t\u0101lru\u0146a numuru un e-pasta adresi;<\/li><li>pieg\u0101des adrese;<\/li><li>bankas konta numurs;<\/li><li>pre\u010du un pakalpojumu izmaksas un maks\u0101jumu inform\u0101ciju (pirkumu v\u0113sturi);<\/li><li>inform\u0101cija par klientu atbalstu.<\/li><\/ul><p><strong>Personas datu apstr\u0101des nol\u016bki<\/strong><\/p><p>Personas dati tiek izmantoti klientu pas\u016bt\u012bjumu p\u0101rvald\u012bbai un pre\u010du pieg\u0101dei.<\/p><p>Pirkumu v\u0113stures dati (pirkuma datums, preces, daudzums, klienta dati) tiek izmantoti, lai apkopotu p\u0101rskatu par ieg\u0101d\u0101taj\u0101m prec\u0113m un pakalpojumiem un analiz\u0113tu klientu v\u0113lmes.<\/p><p>Bankas konta numurs tiek izmantots, lai atgrieztu maks\u0101jumus klientam.<\/p><p>Personas dati, piem\u0113ram, e-pasts, t\u0101lru\u0146a numurs, klienta v\u0101rds un uzv\u0101rds, tiek apstr\u0101d\u0101ti, lai risin\u0101tu ar pre\u010du un pakalpojumu snieg\u0161anu saist\u012btus jaut\u0101jumus (klientu atbalsts).<\/p><p>Interneta veikala lietot\u0101ja IP adrese vai citi t\u012bkla identifikatori tiek apstr\u0101d\u0101ti, lai sniegtu interneta veikalu k\u0101 inform\u0101cijas sabiedr\u012bbas pakalpojumu un lai veiktu t\u012bmek\u013ca lieto\u0161anas statistiku.<\/p><p><strong>Juridiskais pamats<\/strong><\/p><p>Personas datu apstr\u0101de tiek veikta, lai izpild\u012btu l\u012bgumu ar klientu.<\/p><p>Personas datu apstr\u0101de tiek veikta, lai izpild\u012btu juridisku pien\u0101kumu (piem\u0113ram, gr\u0101matved\u012bbas un pat\u0113r\u0113t\u0101ju str\u012bdu risin\u0101\u0161anas nol\u016bkos).<\/p><p>Datu apstr\u0101de tiek veikta ar klienta piekri\u0161anu, lai veiktu \u0161\u0101das darb\u012bbas: bi\u013cetena s\u016bt\u012b\u0161ana.<\/p><p><strong>Sa\u0146\u0113m\u0113ji, kuriem tiek izpausti personas dati<\/strong><\/p><p>Personas dati tiks nodoti tie\u0161saistes veikala klientu atbalsta dienestam, lai p\u0101rvald\u012btu pirkumus un pirkumu v\u0113sturi un risin\u0101tu klientu probl\u0113mas.<\/p><p>Nosaukums, t\u0101lru\u0146a numurs un e-pasta adrese tiks p\u0101rs\u016bt\u012bti klienta izv\u0113l\u0113tajam transporta pakalpojumu sniedz\u0113jam. Ja preces pieg\u0101d\u0101 kurjers, papildus kontaktinform\u0101cijai tiks nos\u016bt\u012bta ar\u012b klienta adrese. <\/p><p>Ja tie\u0161saistes veikala gr\u0101matved\u012bbas uzskaiti veic pakalpojumu sniedz\u0113js, personas dati tiks nodoti pakalpojumu sniedz\u0113jam, lai veiktu gr\u0101matved\u012bbas uzskaites oper\u0101cijas.<\/p><p>Personas dati var tikt nos\u016bt\u012bti inform\u0101cijas tehnolo\u0123iju pakalpojumu sniedz\u0113jiem, ja tas ir nepiecie\u0161ams, lai nodro\u0161in\u0101tu interneta veikala funkcionalit\u0101ti vai datu pieejam\u012bbu.<\/p><p><strong>Dro\u0161\u012bba un piek\u013cuve datiem<\/strong><\/p><p>Personas dati tiek glab\u0101ti serveros, kas atrodas Eiropas Savien\u012bbas dal\u012bbvalsts teritorij\u0101 vai to valstu teritorij\u0101, kuras ir pievienoju\u0161\u0101s Eiropas Ekonomikas zonai. Dati var tikt nos\u016bt\u012bti uz valst\u012bm, kuru datu aizsardz\u012bbas l\u012bmeni Eiropas Komisija ir nov\u0113rt\u0113jusi k\u0101 atbilsto\u0161u, un uz uz\u0146\u0113mumiem Amerikas Savienotaj\u0101s Valst\u012bs, kas ir parakst\u012bju\u0161i Priv\u0101tuma vairoga sist\u0113mu. <\/p><p>Piek\u013cuve personas datiem tiek pie\u0161\u0137irta tie\u0161saistes veikala person\u0101lam, kas var piek\u013c\u016bt personas datiem, lai risin\u0101tu tehniskus jaut\u0101jumus, kas saist\u012bti ar tie\u0161saistes veikala lieto\u0161anu, un sniegtu klientu atbalsta pakalpojumus.<\/p><p>Tie\u0161saistes veikals \u012bsteno atbilsto\u0161us fiziskus, organizatoriskus un IT dro\u0161\u012bbas pas\u0101kumus, lai aizsarg\u0101tu personas datus pret nejau\u0161u vai nelikum\u012bgu izn\u012bcin\u0101\u0161anu, pazaud\u0113\u0161anu, p\u0101rveido\u0161anu vai neat\u013cautu piek\u013cuvi un izpau\u0161anu.<\/p><p>Personas datu nodo\u0161ana apstr\u0101d\u0101t\u0101jiem (piem\u0113ram, transporta pakalpojumu sniedz\u0113jiem un datu apkopot\u0101jiem) Personas datu apstr\u0101de notiek, pamatojoties uz l\u012bgumiem starp interneta veikalu un apstr\u0101d\u0101t\u0101jiem. Apstr\u0101d\u0101t\u0101jiem ir pien\u0101kums nodro\u0161in\u0101t atbilsto\u0161us dro\u0161\u012bbas pas\u0101kumus, apstr\u0101d\u0101jot personas datus. <\/p><p>Pilnvarotais kar\u0161u maks\u0101jumu apstr\u0101d\u0101t\u0101js ir Nets Estonia AS, kas apstr\u0101d\u0101 kar\u0161u datus dar\u012bjuma veik\u0161anai.<\/p><p><strong>Piek\u013cuve personas datiem un to labo\u0161ana<\/strong><\/p><p>Personas datiem var piek\u013c\u016bt un labot tos tie\u0161saistes veikala lietot\u0101ja profil\u0101. Ja pirkums ir veikts bez lietot\u0101ja konta, personas datiem var piek\u013c\u016bt, autoriz\u0113joties. <\/p><p><strong>Piekri\u0161anas atsauk\u0161ana<\/strong><\/p><p>Ja personas datu apstr\u0101des pamat\u0101 ir klienta piekri\u0161ana, klientam ir ties\u012bbas atsaukt piekri\u0161anu, par to inform\u0113jot Klientu atbalsta dienestu pa e-pastu.<\/p><p><strong>Uzglab\u0101\u0161ana pie<\/strong><\/p><p>Personas dati tiks dz\u0113sti, kad aizv\u0113rsiet savu tie\u0161saistes veikala kontu, ja vien \u0161\u0101di dati nav j\u0101saglab\u0101 gr\u0101matved\u012bbas vajadz\u012bb\u0101m vai pat\u0113r\u0113t\u0101ju str\u012bdu risin\u0101\u0161anai.<\/p><p>Ja pirkums veikts tie\u0161saistes veikal\u0101 bez klienta konta, pirkumu v\u0113sture tiek saglab\u0101ta tr\u012bs gadus.<\/p><p>Ar maks\u0101jumiem un pat\u0113r\u0113t\u0101ju str\u012bdiem saist\u012btu str\u012bdu gad\u012bjum\u0101 personas dati tiks glab\u0101ti, l\u012bdz pras\u012bba tiks apmierin\u0101ta vai beigsies noilguma termi\u0146\u0161.<\/p><p>Gr\u0101matved\u012bbas vajadz\u012bb\u0101m nepiecie\u0161amie personas dati tiek glab\u0101ti septi\u0146us gadus.<\/p><p><strong>Dz\u0113\u0161ana<\/strong><\/p><p>Lai dz\u0113stu personas datus, jums j\u0101sazin\u0101s ar klientu atbalsta dienestu pa e-pastu. Atbilde uz dz\u0113\u0161anas piepras\u012bjumu tiks nos\u016bt\u012bta ne v\u0113l\u0101k k\u0101 viena m\u0113ne\u0161a laik\u0101, nor\u0101dot dz\u0113\u0161anas termi\u0146u. <\/p><p><strong>P\u0101rskait\u012bjums uz<\/strong><\/p><p>Uz piepras\u012bjumiem par personas datu p\u0101rs\u016bt\u012b\u0161anu, kas nos\u016bt\u012bti pa e-pastu, tiks atbild\u0113ts ne v\u0113l\u0101k k\u0101 viena m\u0113ne\u0161a laik\u0101. Klientu atbalsta dienests p\u0101rbaud\u012bs identit\u0101ti un pazi\u0146os par nos\u016bt\u0101majiem personas datiem. <\/p><p><strong>Tie\u0161\u0101 m\u0101rketinga sazi\u0146a<\/strong><\/p><p>E-pasta adrese un t\u0101lru\u0146a numurs tiks izmantoti, lai nos\u016bt\u012btu tie\u0161\u0101 m\u0101rketinga zi\u0146ojumus, ja klients ir devis savu piekri\u0161anu. Ja klients nev\u0113las sa\u0146emt tie\u0161\u0101 m\u0101rketinga pazi\u0146ojumus, vi\u0146am\/vi\u0146ai j\u0101izv\u0113las atbilsto\u0161a nor\u0101de e-pasta apak\u0161\u0101 vai j\u0101sazin\u0101s ar klientu atbalsta dienestu. <\/p><p>Ja personas dati tiek apstr\u0101d\u0101ti tie\u0161\u0101 m\u0101rketinga (profil\u0113\u0161anas) nol\u016bkos, klientam ir ties\u012bbas jebkur\u0101 laik\u0101 iebilst gan pret savu personas datu s\u0101kotn\u0113jo, gan turpm\u0101ko apstr\u0101di, tostarp profil\u0113\u0161anu saist\u012bb\u0101 ar tie\u0161o m\u0101rketingu, par to inform\u0113jot klientu atbalsta dienestu pa e-pastu.<\/p><p><strong>Str\u012bdu iz\u0161\u0137ir\u0161ana<\/strong><\/p><p>Str\u012bdus saist\u012bb\u0101 ar personas datu apstr\u0101di var atrisin\u0101t, izmantojot klientu atbalsta dienestu (info@childsupply.ee). Uzraudz\u012bbas iest\u0101de ir Igaunijas Datu aizsardz\u012bbas inspekcija (info@aki.ee). <\/p>\t\t\t\t\t\t\t\t<\/div>\n\t\t\t\t<\/div>\n\t\t\t\t\t<\/div>\n\t\t\t\t<\/div>\n\t\t\t\t<\/div>\n\t\t","protected":false},"excerpt":{"rendered":"<p>Interneta veikala hummy.ee personas datu p\u0101rzinis ir ChildSupply O\u00dc (re\u0123istr\u0113ts 16379645), R\u00e4sta 18, t\u0101lr. 5301 8078 un e-pasts info@hummy.ee. K\u0101di [&hellip;]<\/p>\n","protected":false},"author":3,"featured_media":0,"parent":47405,"menu_order":0,"comment_status":"closed","ping_status":"closed","template":"","meta":{"_acf_changed":false,"om_disable_all_campaigns":false,"_monsterinsights_skip_tracking":false,"_monsterinsights_sitenote_active":false,"_monsterinsights_sitenote_note":"","_monsterinsights_sitenote_category":0,"_uf_show_specific_survey":0,"_uf_disable_surveys":false,"site-sidebar-layout":"no-sidebar","site-content-layout":"","ast-site-content-layout":"full-width-container","site-content-style":"default","site-sidebar-style":"default","ast-global-header-display":"","ast-banner-title-visibility":"","ast-main-header-display":"","ast-hfb-above-header-display":"","ast-hfb-below-header-display":"","ast-hfb-mobile-header-display":"","site-post-title":"disabled","ast-breadcrumbs-content":"","ast-featured-img":"disabled","footer-sml-layout":"","theme-transparent-header-meta":"","adv-header-id-meta":"","stick-header-meta":"","header-above-stick-meta":"","header-main-stick-meta":"","header-below-stick-meta":"","astra-migrate-meta-layouts":"default","ast-page-background-enabled":"default","ast-page-background-meta":{"desktop":{"background-color":"var(--ast-global-color-4)","background-image":"","background-repeat":"repeat","background-position":"center center","background-size":"auto","background-attachment":"scroll","background-type":"","background-media":"","overlay-type":"","overlay-color":"","overlay-opacity":"","overlay-gradient":""},"tablet":{"background-color":"","background-image":"","background-repeat":"repeat","background-position":"center center","background-size":"auto","background-attachment":"scroll","background-type":"","background-media":"","overlay-type":"","overlay-color":"","overlay-opacity":"","overlay-gradient":""},"mobile":{"background-color":"","background-image":"","background-repeat":"repeat","background-position":"center center","background-size":"auto","background-attachment":"scroll","background-type":"","background-media":"","overlay-type":"","overlay-color":"","overlay-opacity":"","overlay-gradient":""}},"ast-content-background-meta":{"desktop":{"background-color":"var(--ast-global-color-5)","background-image":"","background-repeat":"repeat","background-position":"center center","background-size":"auto","background-attachment":"scroll","background-type":"","background-media":"","overlay-type":"","overlay-color":"","overlay-opacity":"","overlay-gradient":""},"tablet":{"background-color":"var(--ast-global-color-5)","background-image":"","background-repeat":"repeat","background-position":"center center","background-size":"auto","background-attachment":"scroll","background-type":"","background-media":"","overlay-type":"","overlay-color":"","overlay-opacity":"","overlay-gradient":""},"mobile":{"background-color":"var(--ast-global-color-5)","background-image":"","background-repeat":"repeat","background-position":"center center","background-size":"auto","background-attachment":"scroll","background-type":"","background-media":"","overlay-type":"","overlay-color":"","overlay-opacity":"","overlay-gradient":""}},"footnotes":""},"class_list":["post-50790","page","type-page","status-publish","hentry"],"acf":[],"aioseo_notices":[],"_links":{"self":[{"href":"https:\/\/hummy.ee\/lv\/wp-json\/wp\/v2\/pages\/50790","targetHints":{"allow":["GET"]}}],"collection":[{"href":"https:\/\/hummy.ee\/lv\/wp-json\/wp\/v2\/pages"}],"about":[{"href":"https:\/\/hummy.ee\/lv\/wp-json\/wp\/v2\/types\/page"}],"author":[{"embeddable":true,"href":"https:\/\/hummy.ee\/lv\/wp-json\/wp\/v2\/users\/3"}],"replies":[{"embeddable":true,"href":"https:\/\/hummy.ee\/lv\/wp-json\/wp\/v2\/comments?post=50790"}],"version-history":[{"count":1,"href":"https:\/\/hummy.ee\/lv\/wp-json\/wp\/v2\/pages\/50790\/revisions"}],"predecessor-version":[{"id":50792,"href":"https:\/\/hummy.ee\/lv\/wp-json\/wp\/v2\/pages\/50790\/revisions\/50792"}],"up":[{"embeddable":true,"href":"https:\/\/hummy.ee\/lv\/wp-json\/wp\/v2\/pages\/47405"}],"wp:attachment":[{"href":"https:\/\/hummy.ee\/lv\/wp-json\/wp\/v2\/media?parent=50790"}],"curies":[{"name":"wp","href":"https:\/\/api.w.org\/{rel}","templated":true}]}}