{"id":90816,"date":"2026-05-14T09:05:03","date_gmt":"2026-05-14T09:05:03","guid":{"rendered":"https:\/\/hummy.ee\/?post_type=product&#038;p=90816"},"modified":"2026-05-14T09:05:03","modified_gmt":"2026-05-14T09:05:03","slug":"abc-design-sierra-3in1-vezimelio-komplektas","status":"publish","type":"product","link":"https:\/\/hummy.ee\/lt\/produktas\/abc-design-sierra-3in1-vezimelio-komplektas\/","title":{"rendered":"ABC Design Sierra 3in1 ve\u017eim\u0117lio komplektas"},"content":{"rendered":"<h6><strong><em>Komplekt\u0105 sudaro:<\/em><\/strong><\/h6>\n<ul data-start=\"618\" data-end=\"796\">\n<li>\n<h6>Lop\u0161ys<\/h6>\n<\/li>\n<li>\n<h6>S\u0117dimoji dalis<\/h6>\n<\/li>\n<li>\n<h6>Tulip autok\u0117dut\u0117<\/h6>\n<\/li>\n<li>\n<h6>Automobilin\u0117s k\u0117dut\u0117s adapteriai<\/h6>\n<\/li>\n<\/ul>\n<h6 data-pm-slice=\"1 1 []\"><strong><em>Kod\u0117l verta rinktis Sierra ve\u017eim\u0117lio komplekt\u0105?<\/em><\/strong><\/h6>\n<ul data-start=\"1045\" data-end=\"1715\">\n<li style=\"list-style-type: none;\" data-section-id=\"103r88t\" data-start=\"1045\" data-end=\"1100\">\n<ul>\n<li data-section-id=\"2cppeg\" data-start=\"686\" data-end=\"762\">\n<h6>3in1 komplektas: lop\u0161ys, s\u0117dimoji dalis, i-Size automobilin\u0117 k\u0117dut\u0117 ir adapteriai<\/h6>\n<\/li>\n<li data-section-id=\"1ebm3yd\" data-start=\"763\" data-end=\"811\">\n<h6>Ilgas naudojimo laikotarpis: nuo gimimo iki 4 met\u0173<\/h6>\n<\/li>\n<li data-section-id=\"14cy5e1\" data-start=\"812\" data-end=\"884\">\n<h6>Maksimalus saugumas: i-Size (ECE R129) automobilin\u0117 k\u0117dut\u0117 su \u0161onine apsauga<\/h6>\n<\/li>\n<li data-section-id=\"fjyjx0\" data-start=\"885\" data-end=\"960\">\n<h6>K\u016bdikio patogumas: gul\u0117jimo pad\u0117tis, ventiliacija ir UV50+ apsauga nuo saul\u0117s<\/h6>\n<\/li>\n<li data-section-id=\"10ge8tc\" data-start=\"961\" data-end=\"1036\">\n<h6>Lankstus naudojimas: pasukama s\u0117dimoji dalis (atsukta \u012f priek\u012f arba \u012f t\u0117vus)<\/h6>\n<\/li>\n<li data-section-id=\"mk4awk\" data-start=\"1037\" data-end=\"1095\">\n<h6>Kompakti\u0161kas sulankstymas: idealiai tinka ma\u017eesniam automobiliui<\/h6>\n<\/li>\n<li data-section-id=\"16tdtfx\" data-start=\"1096\" data-end=\"1169\">\n<h6>Sklandus va\u017eiavimas bet kokiu pavir\u0161iumi: dideli, nepraduriami ratai ir pakaba<\/h6>\n<\/li>\n<\/ul>\n<\/li>\n<\/ul>\n<h6 data-section-id=\"c0oefk\" data-start=\"1722\" data-end=\"1781\"><em><span role=\"text\"><strong data-start=\"1726\" data-end=\"1781\">Sulankstomas lop\u0161ys su patogumu ir ventiliacija<\/strong><\/span><\/em><\/h6>\n<h6 data-start=\"1783\" data-end=\"1955\">Pirmaisiais m\u0117nesiais naudojamas erdvus lop\u0161ys, kuris suteikia j\u016bs\u0173 naujagimiui saugi\u0105 ir patogi\u0105 miego viet\u0105 bei tinkam\u0105 gul\u0117jimo pad\u0117t\u012f iki ma\u017edaug 6\u20139 m\u0117nesi\u0173 am\u017eiaus. Pailginamas stogelis su UV50+ apsauga saugo vaik\u0105 nuo saul\u0117s, o du ventiliacijos ir ap\u017evalgos langeliai u\u017etikrina ger\u0105 oro cirkuliacij\u0105. \u010ciu\u017einys turi mink\u0161t\u0105 ir pakelt\u0105 apsaugin\u012f kra\u0161t\u0105, kuris saugo gle\u017en\u0105 k\u016bdikio galvyt\u0119 nuo ventiliacijos angos. D\u0117l integruot\u0173 atminties mygtuk\u0173 lop\u0161\u012f galima lengvai nuimti nuo r\u0117mo viena ranka \u2013 tai itin patogu kasdieniam naudojimui. Taip pat ve\u017eim\u0117lis greitai ir lengvai sulankstomas.     <\/h6>\n<p>&nbsp;<\/p>\n<h6 data-section-id=\"bl2ng7\" data-start=\"2364\" data-end=\"2428\"><em><span role=\"text\"><strong data-start=\"2368\" data-end=\"2428\">Idealiai tinka s\u0117d\u0117jimui: pasukama s\u0117dimoji dalis su gul\u0117jimo pad\u0117timi<\/strong><\/span><\/em><\/h6>\n<h6 data-start=\"2430\" data-end=\"2513\">Kai vaikas pradeda savaranki\u0161kai s\u0117d\u0117ti, galite pereiti prie komplekte esan\u010dios s\u0117dimosios dalies. S\u0117dyn\u0119 galima vienu paspaudimu pasukti \u2013 vaikas gali va\u017eiuoti atsisuk\u0119s \u012f jus arba \u012f priek\u012f, tyrin\u0117damas pasaul\u012f. Atlo\u0161as reguliuojamas trimis pad\u0117timis: s\u0117dima, poilsio ir visi\u0161kai gulima. Kartu su reguliuojama pakoja tai u\u017etikrina maksimal\u0173 komfort\u0105 tiek s\u0117dint, tiek miegant. Pailginamas stogelis su UV50+ apsauga nuo saul\u0117s ir ventiliacijos langeliai u\u017etikrina malon\u0173 mikroklimat\u0105 net ir \u0161iltomis dienomis.    <\/h6>\n<h6 data-start=\"2924\" data-end=\"2968\">Saugum\u0105 u\u017etikrina 5 ta\u0161k\u0173 saugos dir\u017e\u0173 sistema<\/h6>\n<p>&nbsp;<\/p>\n<h6 data-section-id=\"4x3spg\" data-start=\"2975\" data-end=\"3027\"><em><span role=\"text\"><strong data-start=\"2979\" data-end=\"3027\">i-Size automobilin\u0117 k\u0117dut\u0117 maksimaliam saugumui<\/strong><\/span><\/em><\/h6>\n<h6 data-start=\"3029\" data-end=\"3138\">\u012e komplekt\u0105 \u012feinanti ABC Design Tulip i-Size automobilin\u0117 k\u0117dut\u0117 tinka naujagimiams iki ma\u017edaug 15 m\u0117nesi\u0173 am\u017eiaus (45\u201385 cm)<\/h6>\n<h6 data-start=\"3140\" data-end=\"3342\">Ji atitinka ECE R129 (i-Size) standart\u0105 ir yra apr\u016bpinta \u0161oninio sm\u016bgio apsauga bei pamink\u0161tintu 3 ta\u0161k\u0173 saugos dir\u017eu. Nuimamas \u012fd\u0117klas, reguliuojama galvos atrama ir pritaikomos pagalv\u0117l\u0117s auga kartu su vaiku. Komplekte esantys adapteriai leid\u017eia lengvai pritvirtinti automobilin\u0119 k\u0117dut\u0119 prie ve\u017eim\u0117lio nepa\u017eadinant vaiko. Automobilin\u0119 k\u0117dut\u0119 automobilyje galima tvirtinti saugos dir\u017eu arba kaip papildom\u0105 pried\u0105 naudoti 360\u00b0 pasukam\u0105<a href=\"https:\/\/hummy.ee\/lt\/produktas\/abc-design-isofix-pagrindas-saknu-pagrindas\/\" target=\"_blank\" rel=\"noopener\"> Isofix Base Root<\/a> pagrind\u0105.   <\/h6>\n<p>&nbsp;<\/p>\n<h6 data-section-id=\"n0en0u\" data-start=\"3562\" data-end=\"3619\"><em><span role=\"text\"><strong data-start=\"3566\" data-end=\"3619\">Kompakti\u0161kas ir prakti\u0161kas kasdieniam naudojimui<\/strong><\/span><\/em><\/h6>\n<h6 data-start=\"3621\" data-end=\"3702\">Sierra ve\u017eim\u0117lis greitai ir lengvai susilanksto \u012f kompakti\u0161k\u0105 dyd\u012f \u2013 net ir su s\u0117dim\u0105ja dalimi. Dviej\u0173 mygtuk\u0173 paspaudimu ve\u017eim\u0117lis sulankstomas ir patogiai telpa \u012f automobil\u012f arba gali b\u016bti naudojamas vie\u0161ajame transporte. Dideli, nepraduriami ratai, guoliai ir pakaba u\u017etikrina skland\u0173 va\u017eiavim\u0105 tiek asfaltu, tiek grindiniu ar mi\u0161ko takais. Priekinius ratus prireikus galima u\u017efiksuoti va\u017eiuojant nelygiu pavir\u0161iumi arba palikti laisvai suktis 360\u00b0 manevravimui mieste. Stov\u0117jimo stabdys u\u017etikrina stabilum\u0105, o reguliuojama st\u016bmimo rankena prisitaiko prie j\u016bs\u0173 \u016bgio, kad ve\u017eim\u0117l\u012f b\u016bt\u0173 patogu ir ergonomi\u0161ka stumti.    <\/h6>\n<p>&nbsp;<\/p>\n<h6 data-section-id=\"r9i5xw\" data-start=\"4166\" data-end=\"4219\"><em><span role=\"text\"><strong data-start=\"4170\" data-end=\"4219\">Daug vietos daiktams ir prakti\u0161ki priedai<\/strong><\/span><\/em><\/h6>\n<h6 data-start=\"4221\" data-end=\"4308\">Erdvus ir patvarus pirkini\u0173 krep\u0161ys talpina visk\u0105, ko reikia keliaujant su k\u016bdikiu. Universal\u016bs tvirtinimo ta\u0161kai u\u017etikrina, kad visi priedai \u2013 sauskelni\u0173 krep\u0161ys, puodelio laikiklis ar \u017eibintas \u2013 gali b\u016bti saugiai pritvirtinti prie ve\u017eim\u0117lio. <\/h6>\n<p>&nbsp;<\/p>\n<h6 data-section-id=\"1s2u894\" data-start=\"334\" data-end=\"359\"><em><span role=\"text\"><strong data-start=\"338\" data-end=\"359\">Techniniai duomenys<\/strong><\/span><\/em><\/h6>\n<ul data-start=\"361\" data-end=\"872\">\n<li data-section-id=\"wjycj7\" data-start=\"361\" data-end=\"412\">\n<h6>St\u016bmimo rankena: reguliuojama<\/h6>\n<\/li>\n<li data-section-id=\"102lawz\" data-start=\"413\" data-end=\"444\">\n<h6>Rankenos auk\u0161tis: 75\u2013108 cm<\/h6>\n<\/li>\n<li data-section-id=\"bdanlg\" data-start=\"445\" data-end=\"489\">\n<h6>Sulankstymas: dviem rankomis<\/h6>\n<\/li>\n<li data-section-id=\"98ocy6\" data-start=\"491\" data-end=\"539\">\n<h6>Ratai: pilnaviduriai (nepripu\u010diamieji) ratai<\/h6>\n<\/li>\n<li data-section-id=\"1c473jk\" data-start=\"540\" data-end=\"614\">\n<h6>Rat\u0173 dydis:<\/h6>\n<ul data-start=\"566\" data-end=\"614\">\n<li data-section-id=\"1dsv632\" data-start=\"566\" data-end=\"588\">\n<h6>Priekiniai ratai: 20,5 cm<\/h6>\n<\/li>\n<li data-section-id=\"1s9l8i7\" data-start=\"591\" data-end=\"614\">\n<h6>Galiniai ratai: 28,0 cm<\/h6>\n<\/li>\n<\/ul>\n<\/li>\n<li data-section-id=\"15seiwh\" data-start=\"615\" data-end=\"689\">\n<h6>Pakaba: atskira kiekvienam ratui + papildoma galin\u0117s a\u0161ies pakaba<\/h6>\n<\/li>\n<li data-section-id=\"ndbmvq\" data-start=\"690\" data-end=\"730\">\n<h6>Stabdis: koja valdomas stov\u0117jimo stabdis<\/h6>\n<\/li>\n<li data-section-id=\"5exlph\" data-start=\"732\" data-end=\"792\">\n<h6>S\u0117d\u0117jimo kryptis: pasukama<\/h6>\n<\/li>\n<li data-section-id=\"1p77j9e\" data-start=\"793\" data-end=\"844\">\n<h6>Atlo\u0161as: 3 pad\u0117tys<\/h6>\n<\/li>\n<li data-section-id=\"1wxoqnc\" data-start=\"845\" data-end=\"872\">\n<h6>Koj\u0173 atrama: 3 pad\u0117tys<\/h6>\n<\/li>\n<li>\n<h6>Svoris:<\/h6>\n<ul data-start=\"566\" data-end=\"614\">\n<li data-section-id=\"1dsv632\" data-start=\"566\" data-end=\"588\">\n<h6>Su s\u0117dim\u0105ja dalimi: 12,8 kg<\/h6>\n<\/li>\n<li data-section-id=\"1s9l8i7\" data-start=\"591\" data-end=\"614\">\n<h6>Su lop\u0161iu: 11,7 kg<\/h6>\n<\/li>\n<\/ul>\n<\/li>\n<\/ul>\n<p>&nbsp;<\/p>\n<h6><em>Sierra ve\u017eim\u0117lio komplektas \u2013 \u017ei\u016br\u0117kite pristatom\u0105j\u012f <a href=\"https:\/\/www.youtube.com\/watch?v=4hgFAOlZIO0\" target=\"_blank\" rel=\"noopener\">vaizdo \u012fra\u0161\u0105<\/a>.<\/em><\/h6>\n<h6><em>Tulip automobilin\u0117 k\u0117dut\u0117 \u2013 \u017ei\u016br\u0117kite pristatom\u0105j\u012f <a href=\"https:\/\/www.youtube.com\/watch?v=tzVPv3UReXk\">vaizdo \u012fra\u0161\u0105<\/a>.<\/em><\/h6>\n<p>&nbsp;<\/p>\n<h6 class=\"wp-block-column\"><em>Tinkami ratai palengvina k\u016bdikio ve\u017eim\u0117lio naudojim\u0105! Su\u017einok daugiau Hummy <a href=\"https:\/\/hummy.ee\/lt\/ar-mano-kudikis-pasiruoses-pirmajai-ziemai\/\" target=\"_blank\" rel=\"nofollow noopener\">tinklara\u0161tyje<\/a>, kaip i\u0161sirinkti sau ideal\u0173 sprendim\u0105. <\/em><\/h6>\n","protected":false},"excerpt":{"rendered":"<h6 data-start=\"102\" data-end=\"176\">Sierra 3in1 ve\u017eim\u0117lio komplektas suteikia visk\u0105, ko reikia patogiam ir saugiam jud\u0117jimui su k\u016bdikiu nuo pat pirm\u0173j\u0173 dien\u0173. \u012e komplekt\u0105 \u012feina lop\u0161ys, s\u0117dimoji dalis, i-Size automobilin\u0117 k\u0117dut\u0117 Tulip ir adapteriai \u2013 tai idealus sprendimas tiek pasivaik\u0161\u010diojimams, tiek kelion\u0117ms automobiliu. Ve\u017eim\u0117lis auga kartu su vaiku ir tinka naudoti nuo gimimo iki 4   met\u0173 am\u017eiaus. D\u0117l i\u0161manaus dizaino j\u012f galite naudoti tiek kaip klasikin\u012f ve\u017eim\u0117lio komplekt\u0105, tiek kaip prakti\u0161k\u0105 kelioni\u0173 sistem\u0105.<\/h6>\n","protected":false},"featured_media":90741,"comment_status":"open","ping_status":"closed","template":"","meta":{"_acf_changed":false,"om_disable_all_campaigns":false,"_monsterinsights_skip_tracking":false,"_monsterinsights_sitenote_active":false,"_monsterinsights_sitenote_note":"","_monsterinsights_sitenote_category":0,"_uf_show_specific_survey":0,"_uf_disable_surveys":false,"site-sidebar-layout":"default","site-content-layout":"","ast-site-content-layout":"default","site-content-style":"default","site-sidebar-style":"default","ast-global-header-display":"","ast-banner-title-visibility":"","ast-main-header-display":"","ast-hfb-above-header-display":"","ast-hfb-below-header-display":"","ast-hfb-mobile-header-display":"","site-post-title":"","ast-breadcrumbs-content":"","ast-featured-img":"","footer-sml-layout":"","theme-transparent-header-meta":"default","adv-header-id-meta":"","stick-header-meta":"","header-above-stick-meta":"","header-main-stick-meta":"","header-below-stick-meta":"","astra-migrate-meta-layouts":"set","ast-page-background-enabled":"default","ast-page-background-meta":{"desktop":{"background-color":"var(--ast-global-color-4)","background-image":"","background-repeat":"repeat","background-position":"center center","background-size":"auto","background-attachment":"scroll","background-type":"","background-media":"","overlay-type":"","overlay-color":"","overlay-opacity":"","overlay-gradient":""},"tablet":{"background-color":"","background-image":"","background-repeat":"repeat","background-position":"center center","background-size":"auto","background-attachment":"scroll","background-type":"","background-media":"","overlay-type":"","overlay-color":"","overlay-opacity":"","overlay-gradient":""},"mobile":{"background-color":"","background-image":"","background-repeat":"repeat","background-position":"center center","background-size":"auto","background-attachment":"scroll","background-type":"","background-media":"","overlay-type":"","overlay-color":"","overlay-opacity":"","overlay-gradient":""}},"ast-content-background-meta":{"desktop":{"background-color":"var(--ast-global-color-5)","background-image":"","background-repeat":"repeat","background-position":"center center","background-size":"auto","background-attachment":"scroll","background-type":"","background-media":"","overlay-type":"","overlay-color":"","overlay-opacity":"","overlay-gradient":""},"tablet":{"background-color":"var(--ast-global-color-5)","background-image":"","background-repeat":"repeat","background-position":"center center","background-size":"auto","background-attachment":"scroll","background-type":"","background-media":"","overlay-type":"","overlay-color":"","overlay-opacity":"","overlay-gradient":""},"mobile":{"background-color":"var(--ast-global-color-5)","background-image":"","background-repeat":"repeat","background-position":"center center","background-size":"auto","background-attachment":"scroll","background-type":"","background-media":"","overlay-type":"","overlay-color":"","overlay-opacity":"","overlay-gradient":""}}},"product_brand":[],"product_cat":[525,514,390,321],"product_tag":[],"class_list":{"0":"post-90816","1":"product","2":"type-product","3":"status-publish","4":"has-post-thumbnail","6":"product_cat-abc-dizainas","7":"product_cat-nauji-produktai","8":"product_cat-cisternos","9":"product_cat-uncategorized-lt","10":"desktop-align-left","11":"tablet-align-left","12":"mobile-align-left","14":"first","15":"instock","16":"taxable","17":"shipping-taxable","18":"purchasable","19":"product-type-variable"},"acf":[],"aioseo_notices":[],"_links":{"self":[{"href":"https:\/\/hummy.ee\/lt\/wp-json\/wp\/v2\/product\/90816","targetHints":{"allow":["GET"]}}],"collection":[{"href":"https:\/\/hummy.ee\/lt\/wp-json\/wp\/v2\/product"}],"about":[{"href":"https:\/\/hummy.ee\/lt\/wp-json\/wp\/v2\/types\/product"}],"replies":[{"embeddable":true,"href":"https:\/\/hummy.ee\/lt\/wp-json\/wp\/v2\/comments?post=90816"}],"version-history":[{"count":1,"href":"https:\/\/hummy.ee\/lt\/wp-json\/wp\/v2\/product\/90816\/revisions"}],"predecessor-version":[{"id":90933,"href":"https:\/\/hummy.ee\/lt\/wp-json\/wp\/v2\/product\/90816\/revisions\/90933"}],"wp:featuredmedia":[{"embeddable":true,"href":"https:\/\/hummy.ee\/lt\/wp-json\/wp\/v2\/media\/90741"}],"wp:attachment":[{"href":"https:\/\/hummy.ee\/lt\/wp-json\/wp\/v2\/media?parent=90816"}],"wp:term":[{"taxonomy":"product_brand","embeddable":true,"href":"https:\/\/hummy.ee\/lt\/wp-json\/wp\/v2\/product_brand?post=90816"},{"taxonomy":"product_cat","embeddable":true,"href":"https:\/\/hummy.ee\/lt\/wp-json\/wp\/v2\/product_cat?post=90816"},{"taxonomy":"product_tag","embeddable":true,"href":"https:\/\/hummy.ee\/lt\/wp-json\/wp\/v2\/product_tag?post=90816"}],"curies":[{"name":"wp","href":"https:\/\/api.w.org\/{rel}","templated":true}]}}