{"id":83843,"date":"2026-02-19T20:49:32","date_gmt":"2026-02-19T20:49:32","guid":{"rendered":"https:\/\/hummy.ee\/product\/ergobaby-evolve-3in1-atlenkiama-kedute\/"},"modified":"2026-02-22T13:30:07","modified_gmt":"2026-02-22T13:30:07","slug":"ergobaby-evolve-3in1-atlenkiama-kedute","status":"publish","type":"product","link":"https:\/\/hummy.ee\/lt\/produktas\/ergobaby-evolve-3in1-atlenkiama-kedute\/","title":{"rendered":"&#8222;Ergobaby Evolve 3in1&#8243; atlenkiama k\u0117dut\u0117"},"content":{"rendered":"<h6><em><strong>3in1 atsilenkianti k\u0117d\u0117<\/strong><\/em><\/h6>\n<ul data-start=\"611\" data-end=\"726\">\n<li data-start=\"611\" data-end=\"655\">\n<h6 data-start=\"613\" data-end=\"655\">Naujagimio gulima k\u0117dut\u0117 (2,5-5,4 kg)<\/h6>\n<\/li>\n<li data-start=\"656\" data-end=\"683\">\n<h6 data-start=\"658\" data-end=\"683\">Beebikiik (6-9 kg)<\/h6>\n<\/li>\n<li data-start=\"684\" data-end=\"726\">\n<h6 data-start=\"686\" data-end=\"726\">Ma\u017eylio k\u0117dut\u0117 (iki 13 kg, ma\u017edaug 3 m.)<\/h6>\n<\/li>\n<\/ul>\n<h6 data-start=\"728\" data-end=\"870\">K\u016bdikiui augant, gulim\u0105j\u0105 k\u0117dut\u0119 galima reguliuoti - i\u0161imti naujagimio turin\u012f ir pasirinkti vien\u0105 i\u0161 trij\u0173 auk\u0161\u010dio pad\u0117\u010di\u0173, kad b\u016bt\u0173 galima palaikyti kiekvien\u0105 vystymosi etap\u0105.<\/h6>\n<ul data-start=\"872\" data-end=\"996\">\n<li data-start=\"872\" data-end=\"932\">\n<h6 data-start=\"874\" data-end=\"932\">Vidurin\u0117je pad\u0117tyje k\u016bdikis gali \u0161velniai suptis.<\/h6>\n<\/li>\n<li data-start=\"933\" data-end=\"996\">\n<h6 data-start=\"935\" data-end=\"996\">Auk\u0161\u010diausia pad\u0117tis tinka ma\u017eyliui, kuris nori steb\u0117ti aplink\u0105.<\/h6>\n<\/li>\n<\/ul>\n<h6 data-start=\"1003\" data-end=\"1028\"><\/h6>\n<h6 data-start=\"1003\" data-end=\"1028\"><em><strong>Nat\u016bralus svyravimas<\/strong><\/em><\/h6>\n<h6 data-start=\"1030\" data-end=\"1193\">&#8222;Evolve\" gulimasis kr\u0117slas naudoja nat\u016bralaus supimosi technologij\u0105 - nereikia joki\u0173 laid\u0173, baterij\u0173 ar jungikli\u0173. Vaikas pats savo judesiais priver\u010dia k\u0117dut\u0119 suptis.<\/h6>\n<p>&nbsp;<\/p>\n<h6 data-start=\"1195\" data-end=\"1350\">D\u0117l lengvos konstrukcijos k\u0117d\u0119 galima lengvai perkelti i\u0161 vieno kambario \u012f kit\u0105, o norint lengvai transportuoti ar laikyti, ji susilanksto kompakti\u0161kai plok\u0161\u010dia.<\/h6>\n<p>&nbsp;<\/p>\n<p>&nbsp;<\/p>\n<h6 data-start=\"1357\" data-end=\"1380\"><em><strong>Pagrindin\u0117s funkcijos<\/strong><\/em><\/h6>\n<ul data-start=\"1382\" data-end=\"1736\">\n<li data-start=\"1382\" data-end=\"1416\">\n<h6 data-start=\"1384\" data-end=\"1416\">Tinka nuo 2,5 kg iki 13 kg<\/h6>\n<\/li>\n<li data-start=\"1417\" data-end=\"1483\">\n<h6 data-start=\"1419\" data-end=\"1483\">3in1: naujagimio guolis, k\u016bdikio supyn\u0117s ir k\u0117dut\u0117 ma\u017eyliui<\/h6>\n<\/li>\n<li data-start=\"1484\" data-end=\"1528\">\n<h6 data-start=\"1486\" data-end=\"1528\">Ergonomi\u0161kas naujagimio turinys, suteikiantis papildom\u0105 atram\u0105<\/h6>\n<\/li>\n<li data-start=\"1529\" data-end=\"1579\">\n<h6 data-start=\"1531\" data-end=\"1579\">3 reguliuojamo auk\u0161\u010dio pad\u0117tys (su kojiniu pedalu)<\/h6>\n<\/li>\n<li data-start=\"1580\" data-end=\"1620\">\n<h6 data-start=\"1582\" data-end=\"1620\">Sukurta bendradarbiaujant su vaik\u0173 ortopedu<\/h6>\n<\/li>\n<li data-start=\"1621\" data-end=\"1669\">\n<h6 data-start=\"1623\" data-end=\"1669\">Visi\u0161kai sulankstomas \u012f transportavimo pad\u0117t\u012f<\/h6>\n<\/li>\n<li data-start=\"1670\" data-end=\"1736\">\n<h6 data-start=\"1672\" data-end=\"1736\"><a href=\"https:\/\/hummy.ee\/?post_type=product&amp;p=82815&amp;preview=true\" target=\"_blank\" rel=\"noopener\">\u017daidimo r\u0117melis gali b\u016bti <\/a> pasirenkamas kaip papildoma \u012franga<\/h6>\n<\/li>\n<li data-start=\"1670\" data-end=\"1736\">\n<h6>Lengva valyti - galima skalbti skalbimo ma\u0161inoje<\/h6>\n<\/li>\n<\/ul>\n<h6 data-start=\"1743\" data-end=\"1771\"><\/h6>\n<h6 data-start=\"1743\" data-end=\"1771\"><em><strong>Med\u017eiagos ir prie\u017ei\u016bra<\/strong><\/em><\/h6>\n<ul data-start=\"1773\" data-end=\"1868\">\n<li data-start=\"1773\" data-end=\"1806\">\n<h6 data-start=\"1775\" data-end=\"1806\">Audinys: Mink\u0161tas <strong data-start=\"21\" data-end=\"52\">trikota\u017eas + kv\u0117puojantis tinklelis<\/strong><\/h6>\n<\/li>\n<li data-start=\"1807\" data-end=\"1828\">\n<h6 data-start=\"1809\" data-end=\"1828\">R\u0117mas: ABS plastikas<\/h6>\n<\/li>\n<li data-start=\"1829\" data-end=\"1868\">\n<h6 data-start=\"1831\" data-end=\"1868\">S\u0117dyn\u0117s u\u017evalkalas: nuimamas ir skalbiamas skalbykl\u0117je<\/h6>\n<\/li>\n<\/ul>\n","protected":false},"excerpt":{"rendered":"<h6 data-start=\"148\" data-end=\"331\">&#8222;Ergobaby Evolve 3in1&#8243; gulima k\u0117dut\u0117 auga kartu su j\u016bs\u0173 k\u016bdikiu nuo pirm\u0173j\u0173 gyvenimo dien\u0173 iki ma\u017eylio am\u017eiaus. Viename gaminyje sujungiama naujagimio k\u0117dut\u0117, k\u016bdikio lovel\u0117 ir k\u0117dut\u0117 ma\u017eyliui. D\u0117l ergonomi\u0161ko naujagimio turinio, sukurto bendradarbiaujant su vaik\u0173 ortopedu, ji u\u017etikrina patogum\u0105 nuo pat gimimo.<\/h6>\n","protected":false},"featured_media":83873,"comment_status":"open","ping_status":"closed","template":"","meta":{"_acf_changed":false,"om_disable_all_campaigns":false,"_monsterinsights_skip_tracking":false,"_monsterinsights_sitenote_active":false,"_monsterinsights_sitenote_note":"","_monsterinsights_sitenote_category":0,"_uf_show_specific_survey":0,"_uf_disable_surveys":false,"site-sidebar-layout":"default","site-content-layout":"","ast-site-content-layout":"default","site-content-style":"default","site-sidebar-style":"default","ast-global-header-display":"","ast-banner-title-visibility":"","ast-main-header-display":"","ast-hfb-above-header-display":"","ast-hfb-below-header-display":"","ast-hfb-mobile-header-display":"","site-post-title":"","ast-breadcrumbs-content":"","ast-featured-img":"","footer-sml-layout":"","theme-transparent-header-meta":"default","adv-header-id-meta":"","stick-header-meta":"","header-above-stick-meta":"","header-main-stick-meta":"","header-below-stick-meta":"","astra-migrate-meta-layouts":"set","ast-page-background-enabled":"default","ast-page-background-meta":{"desktop":{"background-color":"var(--ast-global-color-4)","background-image":"","background-repeat":"repeat","background-position":"center center","background-size":"auto","background-attachment":"scroll","background-type":"","background-media":"","overlay-type":"","overlay-color":"","overlay-opacity":"","overlay-gradient":""},"tablet":{"background-color":"","background-image":"","background-repeat":"repeat","background-position":"center center","background-size":"auto","background-attachment":"scroll","background-type":"","background-media":"","overlay-type":"","overlay-color":"","overlay-opacity":"","overlay-gradient":""},"mobile":{"background-color":"","background-image":"","background-repeat":"repeat","background-position":"center center","background-size":"auto","background-attachment":"scroll","background-type":"","background-media":"","overlay-type":"","overlay-color":"","overlay-opacity":"","overlay-gradient":""}},"ast-content-background-meta":{"desktop":{"background-color":"var(--ast-global-color-5)","background-image":"","background-repeat":"repeat","background-position":"center center","background-size":"auto","background-attachment":"scroll","background-type":"","background-media":"","overlay-type":"","overlay-color":"","overlay-opacity":"","overlay-gradient":""},"tablet":{"background-color":"var(--ast-global-color-5)","background-image":"","background-repeat":"repeat","background-position":"center center","background-size":"auto","background-attachment":"scroll","background-type":"","background-media":"","overlay-type":"","overlay-color":"","overlay-opacity":"","overlay-gradient":""},"mobile":{"background-color":"var(--ast-global-color-5)","background-image":"","background-repeat":"repeat","background-position":"center center","background-size":"auto","background-attachment":"scroll","background-type":"","background-media":"","overlay-type":"","overlay-color":"","overlay-opacity":"","overlay-gradient":""}}},"product_brand":[],"product_cat":[1334,1351,514],"product_tag":[],"class_list":{"0":"post-83843","1":"product","2":"type-product","3":"status-publish","4":"has-post-thumbnail","6":"product_cat-ergobaby","7":"product_cat-lamamistools","8":"product_cat-nauji-produktai","9":"desktop-align-left","10":"tablet-align-left","11":"mobile-align-left","13":"first","14":"instock","15":"taxable","16":"shipping-taxable","17":"purchasable","18":"product-type-variable"},"acf":[],"aioseo_notices":[],"_links":{"self":[{"href":"https:\/\/hummy.ee\/lt\/wp-json\/wp\/v2\/product\/83843","targetHints":{"allow":["GET"]}}],"collection":[{"href":"https:\/\/hummy.ee\/lt\/wp-json\/wp\/v2\/product"}],"about":[{"href":"https:\/\/hummy.ee\/lt\/wp-json\/wp\/v2\/types\/product"}],"replies":[{"embeddable":true,"href":"https:\/\/hummy.ee\/lt\/wp-json\/wp\/v2\/comments?post=83843"}],"version-history":[{"count":4,"href":"https:\/\/hummy.ee\/lt\/wp-json\/wp\/v2\/product\/83843\/revisions"}],"predecessor-version":[{"id":84231,"href":"https:\/\/hummy.ee\/lt\/wp-json\/wp\/v2\/product\/83843\/revisions\/84231"}],"wp:featuredmedia":[{"embeddable":true,"href":"https:\/\/hummy.ee\/lt\/wp-json\/wp\/v2\/media\/83873"}],"wp:attachment":[{"href":"https:\/\/hummy.ee\/lt\/wp-json\/wp\/v2\/media?parent=83843"}],"wp:term":[{"taxonomy":"product_brand","embeddable":true,"href":"https:\/\/hummy.ee\/lt\/wp-json\/wp\/v2\/product_brand?post=83843"},{"taxonomy":"product_cat","embeddable":true,"href":"https:\/\/hummy.ee\/lt\/wp-json\/wp\/v2\/product_cat?post=83843"},{"taxonomy":"product_tag","embeddable":true,"href":"https:\/\/hummy.ee\/lt\/wp-json\/wp\/v2\/product_tag?post=83843"}],"curies":[{"name":"wp","href":"https:\/\/api.w.org\/{rel}","templated":true}]}}