{"id":83819,"date":"2026-02-20T08:01:19","date_gmt":"2026-02-20T08:01:19","guid":{"rendered":"https:\/\/hummy.ee\/product\/ergobaby-omni-deluxe-medvilninis-vezimelis\/"},"modified":"2026-02-22T13:29:59","modified_gmt":"2026-02-22T13:29:59","slug":"ergobaby-omni-deluxe-medvilninis-vezimelis","status":"publish","type":"product","link":"https:\/\/hummy.ee\/lt\/produktas\/ergobaby-omni-deluxe-medvilninis-vezimelis\/","title":{"rendered":"Ergobaby Omni Deluxe medvilninis ve\u017eim\u0117lis"},"content":{"rendered":"<h6><strong><em>D\u0117v\u0117jimo pad\u0117tis ir tinkamumas am\u017eiui<\/em><\/strong><\/h6>\n<ul data-start=\"376\" data-end=\"493\">\n<li data-start=\"376\" data-end=\"405\">\n<h6>Veidas \u012f vid\u0173 - 0+ m\u0117n.<\/h6>\n<\/li>\n<li data-start=\"406\" data-end=\"435\">\n<h6>Veidas \u012f i\u0161or\u0119 - 5 ir daugiau m\u0117nesi\u0173<\/h6>\n<\/li>\n<li data-start=\"436\" data-end=\"464\">\n<h6>D\u0117v\u0117jimas ant nugaros - 6 ir daugiau m\u0117nesi\u0173<\/h6>\n<\/li>\n<li data-start=\"465\" data-end=\"493\">\n<h6>Ne\u0161iojimas ant klubo - 6+ m\u0117nesiai<\/h6>\n<\/li>\n<\/ul>\n<h6>&#8222;Ergobaby\" ne\u0161iokl\u0119 lengva reguliuoti - ant dir\u017eeli\u0173 esan\u010dios \u017eym\u0117s padeda greitai rasti tinkam\u0105 dyd\u012f. Viena ranka stumdomas reguliatorius leid\u017eia greitai pakeisti k\u016bdikio pad\u0117t\u012f (veidu \u012f vid\u0173 \u2194 veidu \u012f i\u0161or\u0119).<\/h6>\n<h6>Papildomos funkcijos: 6 ki\u0161en\u0117s kasdien\u0117ms reikm\u0117ms, gobtuvas, u\u017etikrinantis privatum\u0105 ir apsaug\u0105 nuo saul\u0117s, ir reguliuojamas galvos atramos atlo\u0161as.<\/h6>\n<h6><\/h6>\n<h6><\/h6>\n<p>&nbsp;<\/p>\n<h6><strong><em>Funkcijos<\/em><\/strong><\/h6>\n<ul data-start=\"940\" data-end=\"1580\">\n<li data-start=\"940\" data-end=\"1030\">\n<h6>Tinka 3,2-20,4 kg svorio ir 0-4 met\u0173 am\u017eiaus k\u016bdikiams (k\u016bdikio turinys nereikalingas).<\/h6>\n<\/li>\n<li data-start=\"1031\" data-end=\"1063\">\n<h6>Med\u017eiaga: SoftTouch medviln\u0117<\/h6>\n<\/li>\n<li data-start=\"1064\" data-end=\"1140\">\n<h6>Komplekte yra mai\u0161elis ir u\u017etrauktuku u\u017esegama galin\u0117 ki\u0161en\u0117 didesniems daiktams<\/h6>\n<\/li>\n<li data-start=\"1141\" data-end=\"1199\">\n<h6>Dvi elastin\u0117s klub\u0173 ki\u0161en\u0117s vidutinio dyd\u017eio daiktams<\/h6>\n<\/li>\n<li data-start=\"1200\" data-end=\"1245\">\n<h6>Dvi u\u017etrauktuku u\u017esegamos ki\u0161en\u0117s smulkesniems daiktams<\/h6>\n<\/li>\n<li data-start=\"1246\" data-end=\"1323\">\n<h6>Dir\u017eeli\u0173 \u017eym\u0117s leid\u017eia t\u0117vams lengvai keisti ne\u0161iokl\u0119 tarp t\u0117v\u0173<\/h6>\n<\/li>\n<li data-start=\"1324\" data-end=\"1345\">\n<h6>Leid\u017eia patogiai maitinti kr\u016btimi<\/h6>\n<\/li>\n<li data-start=\"1346\" data-end=\"1401\">\n<h6>Priekyje su \u0161vies\u0105 atspindin\u010diu logotipu, kad b\u016bt\u0173 u\u017etikrintas didesnis saugumas<\/h6>\n<\/li>\n<li data-start=\"1402\" data-end=\"1459\">\n<h6>Padengtas krautuvas - \u0161varesn\u0117 ir i\u0161baigtesn\u0117 i\u0161vaizda<\/h6>\n<\/li>\n<li data-start=\"1496\" data-end=\"1564\">\n<h6>Sertifikuotas Tarptautinio klubo s\u0105nario displazijos instituto<\/h6>\n<\/li>\n<li data-start=\"1565\" data-end=\"1580\">\n<h6>Galima skalbti skalbimo ma\u0161inoje<\/h6>\n<\/li>\n<\/ul>\n","protected":false},"excerpt":{"rendered":"<h6 data-start=\"127\" data-end=\"360\">&#8222;Ergobaby Omni Deluxe Linen\" nat\u016bralios medviln\u0117s ne\u0161iokl\u0117je suderintas maksimalus pralaidumas orui, i\u0161skirtinis komfortas ir prakti\u0161ka laikymo vieta. Jis sukurtas taip, kad u\u017etikrint\u0173 tvirt\u0105 ne\u0161yn\u0117s atram\u0105 ir i\u0161laikyt\u0173 k\u016bdik\u012f \u0161alia j\u016bs\u0173, b\u016bt\u0173 patogus ir saugus - visada ir bet kokioje situacijoje. &#8222;Omni Deluxe\" si\u016blo visas reikalingas ne\u0161iojimo pad\u0117tis nuo naujagimio iki ma\u017eylio (0-48 m\u0117n.), prisitaikant prie k\u016bdikio augimo. D\u0117l sud\u0117tingos konstrukcijos tai i\u0161ties universalus universalus &#8222;viskas viename\" d\u0117klas - vienintelis d\u0117klas, kurio prireiks vis\u0105 ne\u0161iojimo laikotarp\u012f.<\/h6>\n","protected":false},"featured_media":83820,"comment_status":"open","ping_status":"closed","template":"","meta":{"_acf_changed":false,"om_disable_all_campaigns":false,"_monsterinsights_skip_tracking":false,"_monsterinsights_sitenote_active":false,"_monsterinsights_sitenote_note":"","_monsterinsights_sitenote_category":0,"_uf_show_specific_survey":0,"_uf_disable_surveys":false,"site-sidebar-layout":"default","site-content-layout":"","ast-site-content-layout":"default","site-content-style":"default","site-sidebar-style":"default","ast-global-header-display":"","ast-banner-title-visibility":"","ast-main-header-display":"","ast-hfb-above-header-display":"","ast-hfb-below-header-display":"","ast-hfb-mobile-header-display":"","site-post-title":"","ast-breadcrumbs-content":"","ast-featured-img":"","footer-sml-layout":"","theme-transparent-header-meta":"default","adv-header-id-meta":"","stick-header-meta":"","header-above-stick-meta":"","header-main-stick-meta":"","header-below-stick-meta":"","astra-migrate-meta-layouts":"set","ast-page-background-enabled":"default","ast-page-background-meta":{"desktop":{"background-color":"var(--ast-global-color-4)","background-image":"","background-repeat":"repeat","background-position":"center center","background-size":"auto","background-attachment":"scroll","background-type":"","background-media":"","overlay-type":"","overlay-color":"","overlay-opacity":"","overlay-gradient":""},"tablet":{"background-color":"","background-image":"","background-repeat":"repeat","background-position":"center center","background-size":"auto","background-attachment":"scroll","background-type":"","background-media":"","overlay-type":"","overlay-color":"","overlay-opacity":"","overlay-gradient":""},"mobile":{"background-color":"","background-image":"","background-repeat":"repeat","background-position":"center center","background-size":"auto","background-attachment":"scroll","background-type":"","background-media":"","overlay-type":"","overlay-color":"","overlay-opacity":"","overlay-gradient":""}},"ast-content-background-meta":{"desktop":{"background-color":"var(--ast-global-color-5)","background-image":"","background-repeat":"repeat","background-position":"center center","background-size":"auto","background-attachment":"scroll","background-type":"","background-media":"","overlay-type":"","overlay-color":"","overlay-opacity":"","overlay-gradient":""},"tablet":{"background-color":"var(--ast-global-color-5)","background-image":"","background-repeat":"repeat","background-position":"center center","background-size":"auto","background-attachment":"scroll","background-type":"","background-media":"","overlay-type":"","overlay-color":"","overlay-opacity":"","overlay-gradient":""},"mobile":{"background-color":"var(--ast-global-color-5)","background-image":"","background-repeat":"repeat","background-position":"center center","background-size":"auto","background-attachment":"scroll","background-type":"","background-media":"","overlay-type":"","overlay-color":"","overlay-opacity":"","overlay-gradient":""}}},"product_brand":[],"product_cat":[1334,896,514],"product_tag":[],"class_list":{"0":"post-83819","1":"product","2":"type-product","3":"status-publish","4":"has-post-thumbnail","6":"product_cat-ergobaby","7":"product_cat-bagazo-krepsiai","8":"product_cat-nauji-produktai","9":"desktop-align-left","10":"tablet-align-left","11":"mobile-align-left","13":"first","14":"instock","15":"taxable","16":"shipping-taxable","17":"purchasable","18":"product-type-variable"},"acf":[],"aioseo_notices":[],"_links":{"self":[{"href":"https:\/\/hummy.ee\/lt\/wp-json\/wp\/v2\/product\/83819","targetHints":{"allow":["GET"]}}],"collection":[{"href":"https:\/\/hummy.ee\/lt\/wp-json\/wp\/v2\/product"}],"about":[{"href":"https:\/\/hummy.ee\/lt\/wp-json\/wp\/v2\/types\/product"}],"replies":[{"embeddable":true,"href":"https:\/\/hummy.ee\/lt\/wp-json\/wp\/v2\/comments?post=83819"}],"version-history":[{"count":2,"href":"https:\/\/hummy.ee\/lt\/wp-json\/wp\/v2\/product\/83819\/revisions"}],"predecessor-version":[{"id":84230,"href":"https:\/\/hummy.ee\/lt\/wp-json\/wp\/v2\/product\/83819\/revisions\/84230"}],"wp:featuredmedia":[{"embeddable":true,"href":"https:\/\/hummy.ee\/lt\/wp-json\/wp\/v2\/media\/83820"}],"wp:attachment":[{"href":"https:\/\/hummy.ee\/lt\/wp-json\/wp\/v2\/media?parent=83819"}],"wp:term":[{"taxonomy":"product_brand","embeddable":true,"href":"https:\/\/hummy.ee\/lt\/wp-json\/wp\/v2\/product_brand?post=83819"},{"taxonomy":"product_cat","embeddable":true,"href":"https:\/\/hummy.ee\/lt\/wp-json\/wp\/v2\/product_cat?post=83819"},{"taxonomy":"product_tag","embeddable":true,"href":"https:\/\/hummy.ee\/lt\/wp-json\/wp\/v2\/product_tag?post=83819"}],"curies":[{"name":"wp","href":"https:\/\/api.w.org\/{rel}","templated":true}]}}