{"id":83643,"date":"2026-02-20T19:58:28","date_gmt":"2026-02-20T19:58:28","guid":{"rendered":"https:\/\/hummy.ee\/product\/ergobaby-vaikiska-kedute-zaisloteka\/"},"modified":"2026-02-22T13:28:39","modified_gmt":"2026-02-22T13:28:39","slug":"ergobaby-vaikiska-kedute-zaisloteka","status":"publish","type":"product","link":"https:\/\/hummy.ee\/lt\/produktas\/ergobaby-vaikiska-kedute-zaisloteka\/","title":{"rendered":"&#8222;Ergobaby\" vaiki\u0161ka k\u0117dut\u0117-\u017eaisloteka"},"content":{"rendered":"<h6>K\u016bdikis gali saugiai paimti ir tyrin\u0117ti \u017eaislus, sukurtus pagal jo am\u017ei\u0173 ir skatinan\u010dius sensorin\u012f vystym\u0105si. Puikus priedas, kad &#8222;Ergobaby Evolve\" gulima k\u0117dut\u0117 b\u016bt\u0173 dar \u012fdomesn\u0117.<\/h6>\n<p>&nbsp;<\/p>\n<h6 data-start=\"485\" data-end=\"508\"><em><strong>Funkcijos<\/strong><\/em><\/h6>\n<ul data-start=\"510\" data-end=\"742\">\n<li data-start=\"510\" data-end=\"536\">\n<h6 data-start=\"512\" data-end=\"536\">Tinka nuo 4-5 m\u0117nesi\u0173<\/h6>\n<\/li>\n<li data-start=\"537\" data-end=\"572\">\n<h6 data-start=\"539\" data-end=\"572\">\u012edomus ir besivystantis \u017eaidimas k\u016bdikiams<\/h6>\n<\/li>\n<li data-start=\"573\" data-end=\"632\">\n<h6 data-start=\"575\" data-end=\"632\">Lengva pritvirtinti ir nuimti<\/h6>\n<\/li>\n<li data-start=\"633\" data-end=\"681\">\n<h6 data-start=\"635\" data-end=\"681\">lavina vaiko motorinius ir d\u0117mesio \u012fg\u016bd\u017eius<\/h6>\n<\/li>\n<li data-start=\"682\" data-end=\"742\">\n<h6 data-start=\"684\" data-end=\"742\">Stilingas dizainas, tinkantis bet kokiame vaik\u0173 kambaryje<\/h6>\n<\/li>\n<\/ul>\n<p data-start=\"966\" data-end=\"1103\">\n","protected":false},"excerpt":{"rendered":"<h6>\u017daisloteka sukurta atsi\u017evelgiant \u012f vaiko vystym\u0105si ir pramogas, kad b\u016bt\u0173 galima \u017eaisti pagal am\u017ei\u0173, \u012fdomiai ir saugiai. Ergobaby maitinimo k\u0117dut\u0117s \u017eaidim\u0173 r\u0117mas palaiko k\u016bdikio aktyvum\u0105 ir \u017eaismingai lavina \u012fg\u016bd\u017eius. Tinka &#8222;Ergobaby Evolve\" maitinimo k\u0117dut\u0117ms.<\/h6>\n","protected":false},"featured_media":83651,"comment_status":"open","ping_status":"closed","template":"","meta":{"_acf_changed":false,"om_disable_all_campaigns":false,"_monsterinsights_skip_tracking":false,"_monsterinsights_sitenote_active":false,"_monsterinsights_sitenote_note":"","_monsterinsights_sitenote_category":0,"_uf_show_specific_survey":0,"_uf_disable_surveys":false,"site-sidebar-layout":"default","site-content-layout":"","ast-site-content-layout":"default","site-content-style":"default","site-sidebar-style":"default","ast-global-header-display":"","ast-banner-title-visibility":"","ast-main-header-display":"","ast-hfb-above-header-display":"","ast-hfb-below-header-display":"","ast-hfb-mobile-header-display":"","site-post-title":"","ast-breadcrumbs-content":"","ast-featured-img":"","footer-sml-layout":"","theme-transparent-header-meta":"default","adv-header-id-meta":"","stick-header-meta":"","header-above-stick-meta":"","header-main-stick-meta":"","header-below-stick-meta":"","astra-migrate-meta-layouts":"set","ast-page-background-enabled":"default","ast-page-background-meta":{"desktop":{"background-color":"var(--ast-global-color-4)","background-image":"","background-repeat":"repeat","background-position":"center center","background-size":"auto","background-attachment":"scroll","background-type":"","background-media":"","overlay-type":"","overlay-color":"","overlay-opacity":"","overlay-gradient":""},"tablet":{"background-color":"","background-image":"","background-repeat":"repeat","background-position":"center center","background-size":"auto","background-attachment":"scroll","background-type":"","background-media":"","overlay-type":"","overlay-color":"","overlay-opacity":"","overlay-gradient":""},"mobile":{"background-color":"","background-image":"","background-repeat":"repeat","background-position":"center center","background-size":"auto","background-attachment":"scroll","background-type":"","background-media":"","overlay-type":"","overlay-color":"","overlay-opacity":"","overlay-gradient":""}},"ast-content-background-meta":{"desktop":{"background-color":"var(--ast-global-color-5)","background-image":"","background-repeat":"repeat","background-position":"center center","background-size":"auto","background-attachment":"scroll","background-type":"","background-media":"","overlay-type":"","overlay-color":"","overlay-opacity":"","overlay-gradient":""},"tablet":{"background-color":"var(--ast-global-color-5)","background-image":"","background-repeat":"repeat","background-position":"center center","background-size":"auto","background-attachment":"scroll","background-type":"","background-media":"","overlay-type":"","overlay-color":"","overlay-opacity":"","overlay-gradient":""},"mobile":{"background-color":"var(--ast-global-color-5)","background-image":"","background-repeat":"repeat","background-position":"center center","background-size":"auto","background-attachment":"scroll","background-type":"","background-media":"","overlay-type":"","overlay-color":"","overlay-opacity":"","overlay-gradient":""}}},"product_brand":[],"product_cat":[1334,1351,514],"product_tag":[],"class_list":{"0":"post-83643","1":"product","2":"type-product","3":"status-publish","4":"has-post-thumbnail","6":"product_cat-ergobaby","7":"product_cat-lamamistools","8":"product_cat-nauji-produktai","9":"desktop-align-left","10":"tablet-align-left","11":"mobile-align-left","13":"first","14":"instock","15":"taxable","16":"shipping-taxable","17":"purchasable","18":"product-type-variable"},"acf":[],"aioseo_notices":[],"_links":{"self":[{"href":"https:\/\/hummy.ee\/lt\/wp-json\/wp\/v2\/product\/83643","targetHints":{"allow":["GET"]}}],"collection":[{"href":"https:\/\/hummy.ee\/lt\/wp-json\/wp\/v2\/product"}],"about":[{"href":"https:\/\/hummy.ee\/lt\/wp-json\/wp\/v2\/types\/product"}],"replies":[{"embeddable":true,"href":"https:\/\/hummy.ee\/lt\/wp-json\/wp\/v2\/comments?post=83643"}],"version-history":[{"count":2,"href":"https:\/\/hummy.ee\/lt\/wp-json\/wp\/v2\/product\/83643\/revisions"}],"predecessor-version":[{"id":84223,"href":"https:\/\/hummy.ee\/lt\/wp-json\/wp\/v2\/product\/83643\/revisions\/84223"}],"wp:featuredmedia":[{"embeddable":true,"href":"https:\/\/hummy.ee\/lt\/wp-json\/wp\/v2\/media\/83651"}],"wp:attachment":[{"href":"https:\/\/hummy.ee\/lt\/wp-json\/wp\/v2\/media?parent=83643"}],"wp:term":[{"taxonomy":"product_brand","embeddable":true,"href":"https:\/\/hummy.ee\/lt\/wp-json\/wp\/v2\/product_brand?post=83643"},{"taxonomy":"product_cat","embeddable":true,"href":"https:\/\/hummy.ee\/lt\/wp-json\/wp\/v2\/product_cat?post=83643"},{"taxonomy":"product_tag","embeddable":true,"href":"https:\/\/hummy.ee\/lt\/wp-json\/wp\/v2\/product_tag?post=83643"}],"curies":[{"name":"wp","href":"https:\/\/api.w.org\/{rel}","templated":true}]}}