{"id":83517,"date":"2026-02-20T19:58:23","date_gmt":"2026-02-20T19:58:23","guid":{"rendered":"https:\/\/hummy.ee\/product\/ergobaby-embrace-naujagimio-nesiokle\/"},"modified":"2026-02-22T13:28:51","modified_gmt":"2026-02-22T13:28:51","slug":"ergobaby-embrace-naujagimio-nesiokle","status":"publish","type":"product","link":"https:\/\/hummy.ee\/lt\/produktas\/ergobaby-embrace-naujagimio-nesiokle\/","title":{"rendered":"&#8222;Ergobaby Embrace\" naujagimio ne\u0161iokl\u0117"},"content":{"rendered":"<h6 data-start=\"923\" data-end=\"938\"><strong><em>D\u0117v\u0117jimo pad\u0117tis ir tinkamumas am\u017eiui<\/em><\/strong><\/h6>\n<ul>\n<li data-start=\"1226\" data-end=\"1263\">\n<h6>Naujagimio re\u017eimas (iki 58 cm)<\/h6>\n<\/li>\n<li data-start=\"378\" data-end=\"405\">\n<h6>Veidu \u012f vid\u0173 (daugiau kaip 58 cm)<\/h6>\n<\/li>\n<li data-start=\"408\" data-end=\"435\">\n<h6>Atvirk\u0161\u010diai \u012f i\u0161or\u0119 (daugiau kaip 66 cm)<\/h6>\n<\/li>\n<\/ul>\n<h6 data-start=\"1341\" data-end=\"1470\">K\u016bdikiui augant pla\u010dios kry\u017emin\u0117s petne\u0161os ir reguliuojamas juosmens dir\u017eas leid\u017eia patogiai prisitaikyti prie \u012fvairi\u0173 k\u016bno form\u0173. Lop\u0161ys yra kompakti\u0161kas ir lengvas, j\u012f galima suvynioti ir patogiai \u012fsid\u0117ti \u012f sauskelni\u0173 krep\u0161\u012f ar rankin\u0119.<\/h6>\n<p>&nbsp;<\/p>\n<h6><em><strong>Funkcijos<\/strong><\/em><\/h6>\n<ul>\n<li data-start=\"560\" data-end=\"632\">\n<h6>Trys d\u0117v\u0117jimo pad\u0117tys<\/h6>\n<\/li>\n<li data-start=\"633\" data-end=\"661\">\n<h6>Tinka 0-18 m\u0117nesi\u0173 am\u017eiaus (3,2-11,3 kg)<\/h6>\n<\/li>\n<li data-start=\"662\" data-end=\"693\">\n<h6>Ergonomi\u0161kas ir sveikas klubams<\/h6>\n<\/li>\n<li data-start=\"694\" data-end=\"723\">\n<h6>Pamink\u0161tinta kaklo atrama<\/h6>\n<\/li>\n<li data-start=\"724\" data-end=\"768\">\n<h6>Lengvas ir kompakti\u0161kas, telpa \u012f sauskelni\u0173 ki\u0161en\u0119<\/h6>\n<\/li>\n<li data-start=\"1926\" data-end=\"1982\">\n<h6 data-start=\"1928\" data-end=\"1982\">Prie\u017ei\u016bra: skalbkite skalbimo ma\u0161inoje \u0161altame vandenyje, d\u017eiovinkite ore.<\/h6>\n<\/li>\n<li data-start=\"1983\" data-end=\"2043\">\n<h6>Sertifikatai:Audiniai i\u0161bandyti ir patvirtinti pagal &#8222;Oeko-Tex 100&#8243; standart\u0105.<\/h6>\n<\/li>\n<\/ul>\n","protected":false},"excerpt":{"rendered":"<h6 data-start=\"792\" data-end=\"1074\">&#8222;Ergobaby Embrace\" naujagimio ne\u0161iokl\u0117je suderintas did\u017eiausias mink\u0161tumas ir ne\u0161iokl\u0117s konstrukcija, tod\u0117l t\u0117vams si\u016blomas ma\u017eesnis ir lengvesnis modelis. Idealiai tinka naujagimiams. Lop\u0161ys yra mink\u0161tas, j\u012f lengva naudoti (nereikia sud\u0117tingai apvynioti ar suri\u0161ti mazg\u0173), tod\u0117l rankos lieka laisvos, o k\u016bdikis - \u0161alia. Ne\u0161iokite nuo gimimo (3,2 kg) iki 18 m\u0117nesi\u0173 (11,3 kg). Lop\u0161ys ergonomi\u0161kas, patogus klubams ir suteikia mink\u0161t\u0105 kaklo atram\u0105.<\/h6>\n","protected":false},"featured_media":83586,"comment_status":"open","ping_status":"closed","template":"","meta":{"_acf_changed":false,"om_disable_all_campaigns":false,"_monsterinsights_skip_tracking":false,"_monsterinsights_sitenote_active":false,"_monsterinsights_sitenote_note":"","_monsterinsights_sitenote_category":0,"_uf_show_specific_survey":0,"_uf_disable_surveys":false,"site-sidebar-layout":"default","site-content-layout":"","ast-site-content-layout":"default","site-content-style":"default","site-sidebar-style":"default","ast-global-header-display":"","ast-banner-title-visibility":"","ast-main-header-display":"","ast-hfb-above-header-display":"","ast-hfb-below-header-display":"","ast-hfb-mobile-header-display":"","site-post-title":"","ast-breadcrumbs-content":"","ast-featured-img":"","footer-sml-layout":"","theme-transparent-header-meta":"default","adv-header-id-meta":"","stick-header-meta":"","header-above-stick-meta":"","header-main-stick-meta":"","header-below-stick-meta":"","astra-migrate-meta-layouts":"set","ast-page-background-enabled":"default","ast-page-background-meta":{"desktop":{"background-color":"var(--ast-global-color-4)","background-image":"","background-repeat":"repeat","background-position":"center center","background-size":"auto","background-attachment":"scroll","background-type":"","background-media":"","overlay-type":"","overlay-color":"","overlay-opacity":"","overlay-gradient":""},"tablet":{"background-color":"","background-image":"","background-repeat":"repeat","background-position":"center center","background-size":"auto","background-attachment":"scroll","background-type":"","background-media":"","overlay-type":"","overlay-color":"","overlay-opacity":"","overlay-gradient":""},"mobile":{"background-color":"","background-image":"","background-repeat":"repeat","background-position":"center center","background-size":"auto","background-attachment":"scroll","background-type":"","background-media":"","overlay-type":"","overlay-color":"","overlay-opacity":"","overlay-gradient":""}},"ast-content-background-meta":{"desktop":{"background-color":"var(--ast-global-color-5)","background-image":"","background-repeat":"repeat","background-position":"center center","background-size":"auto","background-attachment":"scroll","background-type":"","background-media":"","overlay-type":"","overlay-color":"","overlay-opacity":"","overlay-gradient":""},"tablet":{"background-color":"var(--ast-global-color-5)","background-image":"","background-repeat":"repeat","background-position":"center center","background-size":"auto","background-attachment":"scroll","background-type":"","background-media":"","overlay-type":"","overlay-color":"","overlay-opacity":"","overlay-gradient":""},"mobile":{"background-color":"var(--ast-global-color-5)","background-image":"","background-repeat":"repeat","background-position":"center center","background-size":"auto","background-attachment":"scroll","background-type":"","background-media":"","overlay-type":"","overlay-color":"","overlay-opacity":"","overlay-gradient":""}}},"product_brand":[],"product_cat":[1334,896,514],"product_tag":[],"class_list":{"0":"post-83517","1":"product","2":"type-product","3":"status-publish","4":"has-post-thumbnail","6":"product_cat-ergobaby","7":"product_cat-bagazo-krepsiai","8":"product_cat-nauji-produktai","9":"desktop-align-left","10":"tablet-align-left","11":"mobile-align-left","13":"first","14":"instock","15":"taxable","16":"shipping-taxable","17":"purchasable","18":"product-type-variable"},"acf":[],"aioseo_notices":[],"_links":{"self":[{"href":"https:\/\/hummy.ee\/lt\/wp-json\/wp\/v2\/product\/83517","targetHints":{"allow":["GET"]}}],"collection":[{"href":"https:\/\/hummy.ee\/lt\/wp-json\/wp\/v2\/product"}],"about":[{"href":"https:\/\/hummy.ee\/lt\/wp-json\/wp\/v2\/types\/product"}],"replies":[{"embeddable":true,"href":"https:\/\/hummy.ee\/lt\/wp-json\/wp\/v2\/comments?post=83517"}],"version-history":[{"count":2,"href":"https:\/\/hummy.ee\/lt\/wp-json\/wp\/v2\/product\/83517\/revisions"}],"predecessor-version":[{"id":84224,"href":"https:\/\/hummy.ee\/lt\/wp-json\/wp\/v2\/product\/83517\/revisions\/84224"}],"wp:featuredmedia":[{"embeddable":true,"href":"https:\/\/hummy.ee\/lt\/wp-json\/wp\/v2\/media\/83586"}],"wp:attachment":[{"href":"https:\/\/hummy.ee\/lt\/wp-json\/wp\/v2\/media?parent=83517"}],"wp:term":[{"taxonomy":"product_brand","embeddable":true,"href":"https:\/\/hummy.ee\/lt\/wp-json\/wp\/v2\/product_brand?post=83517"},{"taxonomy":"product_cat","embeddable":true,"href":"https:\/\/hummy.ee\/lt\/wp-json\/wp\/v2\/product_cat?post=83517"},{"taxonomy":"product_tag","embeddable":true,"href":"https:\/\/hummy.ee\/lt\/wp-json\/wp\/v2\/product_tag?post=83517"}],"curies":[{"name":"wp","href":"https:\/\/api.w.org\/{rel}","templated":true}]}}