{"id":83505,"date":"2026-02-20T19:58:11","date_gmt":"2026-02-20T19:58:11","guid":{"rendered":"https:\/\/hummy.ee\/product\/ergobaby-omni-classic-tinklinis-vezimelis\/"},"modified":"2026-02-22T13:29:13","modified_gmt":"2026-02-22T13:29:13","slug":"ergobaby-omni-classic-tinklinis-vezimelis","status":"publish","type":"product","link":"https:\/\/hummy.ee\/lt\/produktas\/ergobaby-omni-classic-tinklinis-vezimelis\/","title":{"rendered":"&#8222;Ergobaby Omni Classic\" tinklinis ve\u017eim\u0117lis"},"content":{"rendered":"<h6 data-start=\"923\" data-end=\"938\"><strong><em>D\u0117v\u0117jimo pad\u0117tis ir tinkamumas am\u017eiui<\/em><\/strong><\/h6>\n<ul data-start=\"376\" data-end=\"493\">\n<li data-start=\"376\" data-end=\"405\">\n<h6 data-start=\"378\" data-end=\"405\">Veidas \u012f vid\u0173 - 0+ m\u0117n.<\/h6>\n<\/li>\n<li data-start=\"406\" data-end=\"435\">\n<h6 data-start=\"408\" data-end=\"435\">Veidas \u012f i\u0161or\u0119 - 5 ir daugiau m\u0117nesi\u0173<\/h6>\n<\/li>\n<li data-start=\"436\" data-end=\"464\">\n<h6 data-start=\"438\" data-end=\"464\">D\u0117v\u0117jimas ant nugaros - 6 ir daugiau m\u0117nesi\u0173<\/h6>\n<\/li>\n<li data-start=\"465\" data-end=\"493\">\n<h6 data-start=\"467\" data-end=\"493\">Ne\u0161iojimas ant klubo - 6+ m\u0117nesiai<\/h6>\n<\/li>\n<\/ul>\n<h6 data-start=\"1387\" data-end=\"1560\"><\/h6>\n<h6 data-start=\"1818\" data-end=\"1981\"><em><strong>Pripa\u017eintas ve\u017eim\u0117lio mai\u0161elis<\/strong><\/em><\/h6>\n<h6 data-start=\"74\" data-end=\"284\">Tarptautinis klubo s\u0105nario displazijos institutas pripa\u017eino &#8222;Omni Classic Mesh Carrying Case\" kaip &#8222;klubo s\u0105nario sveikat\u0105\" u\u017etikrinant\u012f d\u0117kl\u0105 - reguliuojama klubo s\u0105nario atramin\u0117 s\u0117dyn\u0117 palaiko ergonomi\u0161k\u0105 M pad\u0117t\u012f visose ne\u0161iojimo pad\u0117tyse.<\/h6>\n<h6 data-start=\"74\" data-end=\"284\"><\/h6>\n<p>&nbsp;<\/p>\n<h6 data-start=\"74\" data-end=\"284\"><em><strong>&#8222;Ergobaby\" k\u016bdiki\u0173 ne\u0161yn\u0117s gars\u0117ja savo patogumu<\/strong><\/em><\/h6>\n<h6 data-start=\"74\" data-end=\"284\">Apatin\u0117s nugaros dalies atrama ir mink\u0161ti bei pamink\u0161tinti pe\u010di\u0173 ir juosmens dir\u017eai u\u017etikrina maksimal\u0173 d\u0117v\u0117jimo komfort\u0105. Pe\u010di\u0173 dir\u017eai fiksuojami ne\u0161iokl\u0117s priekyje, tod\u0117l ne\u0161iojimas tampa lengvesnis. Dir\u017eeliai gali b\u016bti ne\u0161iojami kry\u017eminiu arba kuprin\u0117s stiliumi - priklausomai nuo to, kas jums patogiau. &#8222;Omni Classic Mesh Carrycot\" turi UPF 50+ gobtuv\u0105, apsaugant\u012f nuo saul\u0117s ir privatumo, o k\u016bdikis gali b\u016bti patogiai \u017eindomas ne\u0161yn\u0117je. T\u0117vams patinka nuimamas u\u017etrauktuku u\u017esegamas mai\u0161elis. Jame telpa kasdieniai daiktai, o prireikus j\u012f galima pritvirtinti prie ne\u0161iokl\u0117s keliose vietose.<\/h6>\n<p>&nbsp;<\/p>\n<h6 data-start=\"749\" data-end=\"944\"><em><strong>Tinka \u012fvairioms k\u016bno formoms<\/strong> <\/em><\/h6>\n<h6 data-start=\"749\" data-end=\"944\">Skirta \u017eemiems, auk\u0161tiems ir plius dyd\u017eiams. Lankus galima d\u0117v\u0117ti auk\u0161tai arba \u017eemai, kad b\u016bt\u0173 kuo patogiau, ypa\u010d po pelerinos kirpimo.<\/h6>\n<p>&nbsp;<\/p>\n<h6 data-start=\"1122\" data-end=\"1303\"><\/h6>\n<h6 data-start=\"1122\" data-end=\"1303\"><em><strong>Funkcijos<\/strong><\/em><\/h6>\n<ul>\n<li data-start=\"75\" data-end=\"148\">\n<h6 data-start=\"77\" data-end=\"148\">4 ne\u0161iojimo pad\u0117tys - pritaikomos nuo naujagimio iki ma\u017eylio<\/h6>\n<\/li>\n<li data-start=\"149\" data-end=\"207\">\n<h6 data-start=\"151\" data-end=\"207\">Tinka naujagimiams - nereikia k\u016bdiki\u0173 maisto<\/h6>\n<\/li>\n<li data-start=\"208\" data-end=\"259\">\n<h6 data-start=\"210\" data-end=\"259\">Ergonomi\u0161kos ne\u0161iojimo pad\u0117tys (taip pat atsuktos \u012f i\u0161or\u0119)<\/h6>\n<\/li>\n<li data-start=\"260\" data-end=\"287\">\n<h6 data-start=\"262\" data-end=\"287\">I\u0161imamas u\u017etrauktuku u\u017esegamas mai\u0161elis<\/h6>\n<\/li>\n<li data-start=\"288\" data-end=\"379\">\n<h6 data-start=\"290\" data-end=\"379\">Apatin\u0117s nugaros dalies atrama ir kry\u017emai sulankstomos pamink\u0161tintos petne\u0161os u\u017etikrina didesn\u012f komfort\u0105 ir patogum\u0105<\/h6>\n<\/li>\n<li data-start=\"380\" data-end=\"448\">\n<h6 data-start=\"382\" data-end=\"448\">Kv\u0117puojantis ir lengvas krep\u0161ys, pagamintas i\u0161 tinklin\u0117s med\u017eiagos<\/h6>\n<\/li>\n<li data-start=\"449\" data-end=\"495\">\n<h6 data-start=\"451\" data-end=\"495\">0-48 m\u0117nesi\u0173 am\u017eiaus arba 3,2-20,4 kg svorio<\/h6>\n<\/li>\n<li data-start=\"534\" data-end=\"549\">\n<h6 data-start=\"536\" data-end=\"549\">Galima skalbti skalbimo ma\u0161inoje<\/h6>\n<\/li>\n<li data-start=\"550\" data-end=\"569\">\n<h6 data-start=\"552\" data-end=\"569\">UPF 50+ gobtuvas<\/h6>\n<\/li>\n<li data-start=\"570\" data-end=\"586\">\n<h6 data-start=\"572\" data-end=\"586\">100 % medviln\u0117<\/h6>\n<\/li>\n<li data-start=\"587\" data-end=\"642\">\n<h6 data-start=\"589\" data-end=\"642\">Reguliuojamas juosmens dir\u017eas 66-132 cm, pe\u010di\u0173 dir\u017eai 71-117 cm<\/h6>\n<\/li>\n<\/ul>\n<h6><\/h6>\n<h6 data-start=\"923\" data-end=\"938\"><\/h6>\n","protected":false},"excerpt":{"rendered":"<h6>&#8222;Ergobaby Omni Classic Mesh Carrycot\" turi visas apdovanojimus pelniusias &#8222;Ergobaby\" funkcijas. Jis pagamintas i\u0161 tinklelio, tod\u0117l yra lengvas ir pralaidus orui, kad jums ir k\u016bdikiui b\u016bt\u0173 v\u0117su. Universalus universalus universalus ne\u0161iojamas lop\u0161ys auga kartu su j\u016bs\u0173 k\u016bdikiu nuo gimimo iki ketveri\u0173 met\u0173.<\/h6>\n","protected":false},"featured_media":83510,"comment_status":"open","ping_status":"closed","template":"","meta":{"_acf_changed":false,"om_disable_all_campaigns":false,"_monsterinsights_skip_tracking":false,"_monsterinsights_sitenote_active":false,"_monsterinsights_sitenote_note":"","_monsterinsights_sitenote_category":0,"_uf_show_specific_survey":0,"_uf_disable_surveys":false,"site-sidebar-layout":"default","site-content-layout":"","ast-site-content-layout":"default","site-content-style":"default","site-sidebar-style":"default","ast-global-header-display":"","ast-banner-title-visibility":"","ast-main-header-display":"","ast-hfb-above-header-display":"","ast-hfb-below-header-display":"","ast-hfb-mobile-header-display":"","site-post-title":"","ast-breadcrumbs-content":"","ast-featured-img":"","footer-sml-layout":"","theme-transparent-header-meta":"default","adv-header-id-meta":"","stick-header-meta":"","header-above-stick-meta":"","header-main-stick-meta":"","header-below-stick-meta":"","astra-migrate-meta-layouts":"set","ast-page-background-enabled":"default","ast-page-background-meta":{"desktop":{"background-color":"var(--ast-global-color-4)","background-image":"","background-repeat":"repeat","background-position":"center center","background-size":"auto","background-attachment":"scroll","background-type":"","background-media":"","overlay-type":"","overlay-color":"","overlay-opacity":"","overlay-gradient":""},"tablet":{"background-color":"","background-image":"","background-repeat":"repeat","background-position":"center center","background-size":"auto","background-attachment":"scroll","background-type":"","background-media":"","overlay-type":"","overlay-color":"","overlay-opacity":"","overlay-gradient":""},"mobile":{"background-color":"","background-image":"","background-repeat":"repeat","background-position":"center center","background-size":"auto","background-attachment":"scroll","background-type":"","background-media":"","overlay-type":"","overlay-color":"","overlay-opacity":"","overlay-gradient":""}},"ast-content-background-meta":{"desktop":{"background-color":"var(--ast-global-color-5)","background-image":"","background-repeat":"repeat","background-position":"center center","background-size":"auto","background-attachment":"scroll","background-type":"","background-media":"","overlay-type":"","overlay-color":"","overlay-opacity":"","overlay-gradient":""},"tablet":{"background-color":"var(--ast-global-color-5)","background-image":"","background-repeat":"repeat","background-position":"center center","background-size":"auto","background-attachment":"scroll","background-type":"","background-media":"","overlay-type":"","overlay-color":"","overlay-opacity":"","overlay-gradient":""},"mobile":{"background-color":"var(--ast-global-color-5)","background-image":"","background-repeat":"repeat","background-position":"center center","background-size":"auto","background-attachment":"scroll","background-type":"","background-media":"","overlay-type":"","overlay-color":"","overlay-opacity":"","overlay-gradient":""}}},"product_brand":[],"product_cat":[1334,896,514],"product_tag":[],"class_list":{"0":"post-83505","1":"product","2":"type-product","3":"status-publish","4":"has-post-thumbnail","6":"product_cat-ergobaby","7":"product_cat-bagazo-krepsiai","8":"product_cat-nauji-produktai","9":"desktop-align-left","10":"tablet-align-left","11":"mobile-align-left","13":"first","14":"instock","15":"taxable","16":"shipping-taxable","17":"purchasable","18":"product-type-variable"},"acf":[],"aioseo_notices":[],"_links":{"self":[{"href":"https:\/\/hummy.ee\/lt\/wp-json\/wp\/v2\/product\/83505","targetHints":{"allow":["GET"]}}],"collection":[{"href":"https:\/\/hummy.ee\/lt\/wp-json\/wp\/v2\/product"}],"about":[{"href":"https:\/\/hummy.ee\/lt\/wp-json\/wp\/v2\/types\/product"}],"replies":[{"embeddable":true,"href":"https:\/\/hummy.ee\/lt\/wp-json\/wp\/v2\/comments?post=83505"}],"version-history":[{"count":2,"href":"https:\/\/hummy.ee\/lt\/wp-json\/wp\/v2\/product\/83505\/revisions"}],"predecessor-version":[{"id":84226,"href":"https:\/\/hummy.ee\/lt\/wp-json\/wp\/v2\/product\/83505\/revisions\/84226"}],"wp:featuredmedia":[{"embeddable":true,"href":"https:\/\/hummy.ee\/lt\/wp-json\/wp\/v2\/media\/83510"}],"wp:attachment":[{"href":"https:\/\/hummy.ee\/lt\/wp-json\/wp\/v2\/media?parent=83505"}],"wp:term":[{"taxonomy":"product_brand","embeddable":true,"href":"https:\/\/hummy.ee\/lt\/wp-json\/wp\/v2\/product_brand?post=83505"},{"taxonomy":"product_cat","embeddable":true,"href":"https:\/\/hummy.ee\/lt\/wp-json\/wp\/v2\/product_cat?post=83505"},{"taxonomy":"product_tag","embeddable":true,"href":"https:\/\/hummy.ee\/lt\/wp-json\/wp\/v2\/product_tag?post=83505"}],"curies":[{"name":"wp","href":"https:\/\/api.w.org\/{rel}","templated":true}]}}