{"id":83430,"date":"2026-02-20T19:58:05","date_gmt":"2026-02-20T19:58:05","guid":{"rendered":"https:\/\/hummy.ee\/product\/ergobaby-hip-lift-seat-klubu-atrama\/"},"modified":"2026-02-25T08:17:22","modified_gmt":"2026-02-25T08:17:22","slug":"ergobaby-hip-lift-seat-klubu-atrama","status":"publish","type":"product","link":"https:\/\/hummy.ee\/lt\/produktas\/ergobaby-hip-lift-seat-klubu-atrama\/","title":{"rendered":"&#8222;Ergobaby Lift Hip Seat\" klub\u0173 atrama"},"content":{"rendered":"<h6><strong><em>Pagalbin\u0117s pozicijos  <\/em><\/strong><\/h6>\n<ul>\n<li data-start=\"1260\" data-end=\"1279\">\n<h6 data-start=\"1262\" data-end=\"1279\">Ne\u0161iojimas ant klubo<\/h6>\n<\/li>\n<li data-start=\"1280\" data-end=\"1307\">\n<h6 data-start=\"1282\" data-end=\"1307\">Priekyje, veidu \u012f t\u0117vus<\/h6>\n<\/li>\n<li data-start=\"1308\" data-end=\"1327\">\n<h6 data-start=\"1310\" data-end=\"1327\">Priekyje, veidu \u017eemyn<\/h6>\n<\/li>\n<\/ul>\n<h6 data-start=\"400\" data-end=\"703\">Klubo dir\u017eas tinka d\u0117v\u0117ti trumpiau (6-48 m\u0117n.), pavyzd\u017eiui, atliekant nam\u0173 ruo\u0161os darbus ar skubiai tvarkant reikalus. Platus, pamink\u0161tintas juosmens dir\u017eas su s\u0117dyne palaiko j\u016bs\u0173 k\u016bdik\u012f, kai j\u012f laikote viena ranka. Pamink\u0161tinta s\u0117dyn\u0117 \u0161iek tiek pasvirusi ir turi neslystant\u012f pavir\u0161i\u0173, kad k\u016bdikis tvirtai laikyt\u0173si savo vietoje. U\u017euot nuolat laik\u0119 augant\u012f k\u016bdik\u012f ant keli\u0173 ar klub\u0173, galite j\u012f palaikyti ant s\u0117dyn\u0117s - taip suma\u017einsite rank\u0173 ir apatin\u0117s nugaros dalies apkrov\u0105.   <\/h6>\n<p>&nbsp;<\/p>\n<h6 data-start=\"1441\" data-end=\"1455\"><strong><em>Funkcijos<\/em><\/strong><\/h6>\n<ul data-start=\"1456\" data-end=\"1924\">\n<li data-start=\"1456\" data-end=\"1541\">\n<h6 data-start=\"1458\" data-end=\"1541\">Pamink\u0161tintas platus lanko dir\u017eas padeda tolygiai paskirstyti svor\u012f ir suma\u017einti nugaros \u012ftamp\u0105<\/h6>\n<\/li>\n<li data-start=\"1542\" data-end=\"1608\">\n<h6 data-start=\"1544\" data-end=\"1608\">Didel\u0117 \u0161onin\u0117 ki\u0161en\u0117 ir priekin\u0117 tinklin\u0117 ki\u0161en\u0117 kasdieniniams reikmenims<\/h6>\n<\/li>\n<li data-start=\"1609\" data-end=\"1709\">\n<h6 data-start=\"1611\" data-end=\"1709\">Klubo s\u0105nario s\u0105nariui palanki laikysena - HDI (Tarptautinis klubo s\u0105nario displazijos institutas) sertifikatas.<\/h6>\n<\/li>\n<li data-start=\"1710\" data-end=\"1738\">\n<h6 data-start=\"1712\" data-end=\"1738\">Med\u017eiaga: 100% poliesteris<\/h6>\n<\/li>\n<li data-start=\"1739\" data-end=\"1769\">\n<h6 data-start=\"1741\" data-end=\"1769\">Nuimama EPP sutvirtinta s\u0117dyn\u0117<\/h6>\n<\/li>\n<li data-start=\"1801\" data-end=\"1816\">\n<h6 data-start=\"1803\" data-end=\"1816\">Galima skalbti skalbimo ma\u0161inoje<\/h6>\n<\/li>\n<li data-start=\"1072\" data-end=\"1110\">\n<h6 data-start=\"1074\" data-end=\"1110\">Tinkamumas: 6-48 m\u0117nesi\u0173 (7,7-20,4 kg)<\/h6>\n<\/li>\n<li data-start=\"1171\" data-end=\"1207\">\n<h6 data-start=\"1173\" data-end=\"1207\">Iki 132 cm ilgio reguliuojamas lanko dir\u017eas<\/h6>\n<\/li>\n<\/ul>\n","protected":false},"excerpt":{"rendered":"<h6 data-start=\"135\" data-end=\"398\">&#8222;Ergobaby\" pakeliama klub\u0173 s\u0117dyn\u0117 skirta tiems momentams, kai k\u016bdikis vien\u0105 akimirk\u0105 nori b\u016bti jums ant keli\u0173, o kit\u0105 - b\u0117gioti savaranki\u0161kai. Ji suteikia maksimal\u0173 komfort\u0105 ne\u0161iojant ant klub\u0173 ir leid\u017eia greitai ir lengvai pakelti ir nuleisti k\u016bdik\u012f, ypa\u010d didesniems k\u016bdikiams ir ma\u017eiems vaikams. <\/h6>\n<h6 data-start=\"705\" data-end=\"836\"><\/h6>\n","protected":false},"featured_media":83466,"comment_status":"open","ping_status":"closed","template":"","meta":{"_acf_changed":false,"om_disable_all_campaigns":false,"_monsterinsights_skip_tracking":false,"_monsterinsights_sitenote_active":false,"_monsterinsights_sitenote_note":"","_monsterinsights_sitenote_category":0,"_uf_show_specific_survey":0,"_uf_disable_surveys":false,"site-sidebar-layout":"default","site-content-layout":"","ast-site-content-layout":"default","site-content-style":"default","site-sidebar-style":"default","ast-global-header-display":"","ast-banner-title-visibility":"","ast-main-header-display":"","ast-hfb-above-header-display":"","ast-hfb-below-header-display":"","ast-hfb-mobile-header-display":"","site-post-title":"","ast-breadcrumbs-content":"","ast-featured-img":"","footer-sml-layout":"","theme-transparent-header-meta":"default","adv-header-id-meta":"","stick-header-meta":"","header-above-stick-meta":"","header-main-stick-meta":"","header-below-stick-meta":"","astra-migrate-meta-layouts":"set","ast-page-background-enabled":"default","ast-page-background-meta":{"desktop":{"background-color":"var(--ast-global-color-4)","background-image":"","background-repeat":"repeat","background-position":"center center","background-size":"auto","background-attachment":"scroll","background-type":"","background-media":"","overlay-type":"","overlay-color":"","overlay-opacity":"","overlay-gradient":""},"tablet":{"background-color":"","background-image":"","background-repeat":"repeat","background-position":"center center","background-size":"auto","background-attachment":"scroll","background-type":"","background-media":"","overlay-type":"","overlay-color":"","overlay-opacity":"","overlay-gradient":""},"mobile":{"background-color":"","background-image":"","background-repeat":"repeat","background-position":"center center","background-size":"auto","background-attachment":"scroll","background-type":"","background-media":"","overlay-type":"","overlay-color":"","overlay-opacity":"","overlay-gradient":""}},"ast-content-background-meta":{"desktop":{"background-color":"var(--ast-global-color-5)","background-image":"","background-repeat":"repeat","background-position":"center center","background-size":"auto","background-attachment":"scroll","background-type":"","background-media":"","overlay-type":"","overlay-color":"","overlay-opacity":"","overlay-gradient":""},"tablet":{"background-color":"var(--ast-global-color-5)","background-image":"","background-repeat":"repeat","background-position":"center center","background-size":"auto","background-attachment":"scroll","background-type":"","background-media":"","overlay-type":"","overlay-color":"","overlay-opacity":"","overlay-gradient":""},"mobile":{"background-color":"var(--ast-global-color-5)","background-image":"","background-repeat":"repeat","background-position":"center center","background-size":"auto","background-attachment":"scroll","background-type":"","background-media":"","overlay-type":"","overlay-color":"","overlay-opacity":"","overlay-gradient":""}}},"product_brand":[],"product_cat":[1334,896,514],"product_tag":[],"class_list":{"0":"post-83430","1":"product","2":"type-product","3":"status-publish","4":"has-post-thumbnail","6":"product_cat-ergobaby","7":"product_cat-bagazo-krepsiai","8":"product_cat-nauji-produktai","9":"desktop-align-left","10":"tablet-align-left","11":"mobile-align-left","13":"first","14":"instock","15":"taxable","16":"shipping-taxable","17":"purchasable","18":"product-type-variable"},"acf":[],"aioseo_notices":[],"_links":{"self":[{"href":"https:\/\/hummy.ee\/lt\/wp-json\/wp\/v2\/product\/83430","targetHints":{"allow":["GET"]}}],"collection":[{"href":"https:\/\/hummy.ee\/lt\/wp-json\/wp\/v2\/product"}],"about":[{"href":"https:\/\/hummy.ee\/lt\/wp-json\/wp\/v2\/types\/product"}],"replies":[{"embeddable":true,"href":"https:\/\/hummy.ee\/lt\/wp-json\/wp\/v2\/comments?post=83430"}],"version-history":[{"count":3,"href":"https:\/\/hummy.ee\/lt\/wp-json\/wp\/v2\/product\/83430\/revisions"}],"predecessor-version":[{"id":84717,"href":"https:\/\/hummy.ee\/lt\/wp-json\/wp\/v2\/product\/83430\/revisions\/84717"}],"wp:featuredmedia":[{"embeddable":true,"href":"https:\/\/hummy.ee\/lt\/wp-json\/wp\/v2\/media\/83466"}],"wp:attachment":[{"href":"https:\/\/hummy.ee\/lt\/wp-json\/wp\/v2\/media?parent=83430"}],"wp:term":[{"taxonomy":"product_brand","embeddable":true,"href":"https:\/\/hummy.ee\/lt\/wp-json\/wp\/v2\/product_brand?post=83430"},{"taxonomy":"product_cat","embeddable":true,"href":"https:\/\/hummy.ee\/lt\/wp-json\/wp\/v2\/product_cat?post=83430"},{"taxonomy":"product_tag","embeddable":true,"href":"https:\/\/hummy.ee\/lt\/wp-json\/wp\/v2\/product_tag?post=83430"}],"curies":[{"name":"wp","href":"https:\/\/api.w.org\/{rel}","templated":true}]}}