{"id":83323,"date":"2026-02-20T19:58:16","date_gmt":"2026-02-20T19:58:16","guid":{"rendered":"https:\/\/hummy.ee\/product\/ergobaby-upsie-sling-kudikio-nesiokle\/"},"modified":"2026-02-22T13:29:04","modified_gmt":"2026-02-22T13:29:04","slug":"ergobaby-upsie-sling-kudikio-nesiokle","status":"publish","type":"product","link":"https:\/\/hummy.ee\/lt\/produktas\/ergobaby-upsie-sling-kudikio-nesiokle\/","title":{"rendered":"&#8222;Ergobaby Upsie Sling\" k\u016bdikio ne\u0161iokl\u0117"},"content":{"rendered":"<h6><strong><em>Pagalbin\u0117s pozicijos <\/em><\/strong><\/h6>\n<ul>\n<li data-start=\"1088\" data-end=\"1135\">\n<h6 data-start=\"1090\" data-end=\"1135\">Ne\u0161iojimas ant klubo - veidu \u012f t\u0117v\u0105 (6 ir daugiau m\u0117nesi\u0173)<\/h6>\n<\/li>\n<li data-start=\"1136\" data-end=\"1178\">\n<h6 data-start=\"1138\" data-end=\"1178\">Ne\u0161iojimas priekyje - veidu \u012f t\u0117v\u0105 (6 ir daugiau m\u0117nesi\u0173)<\/h6>\n<\/li>\n<\/ul>\n<h6>Kompakti\u0161ko ir lengvo dizaino ne\u0161iojamas lop\u0161ys lengvai telpa \u012f pervystymo krep\u0161\u012f ar ve\u017eim\u0117lio krep\u0161\u012f. Taigi jis visada su jumis, kai jo reikia.<\/h6>\n<p>&nbsp;<\/p>\n<h6 data-start=\"547\" data-end=\"570\"><em><strong>Funkcijos<\/strong><\/em><\/h6>\n<ul data-start=\"572\" data-end=\"1058\">\n<li data-start=\"572\" data-end=\"605\">\n<h6 data-start=\"574\" data-end=\"605\">Tinka nuo 6 iki 48 m\u0117nesi\u0173 (7,7-20,4 kg)<\/h6>\n<\/li>\n<li data-start=\"606\" data-end=\"666\">\n<h6 data-start=\"608\" data-end=\"666\">Erdvi ir ergonomi\u0161ka s\u0117dyn\u0117 (palaiko sveik\u0105 M pad\u0117t\u012f k\u016bdikiui)<\/h6>\n<\/li>\n<li data-start=\"667\" data-end=\"724\">\n<h6 data-start=\"669\" data-end=\"724\">Pamink\u0161tintas ir reguliuojamas dir\u017eas per pet\u012f, kad b\u016bt\u0173 patogu d\u0117v\u0117ti<\/h6>\n<\/li>\n<li data-start=\"725\" data-end=\"766\">\n<h6 data-start=\"727\" data-end=\"766\">Greitas ir lengvas vaiko k\u0117limas auk\u0161tyn ir \u017eemyn<\/h6>\n<\/li>\n<li data-start=\"725\" data-end=\"766\">\n<h6>Gera alternatyva ve\u017eim\u0117liui trumpoms kelion\u0117ms<\/h6>\n<\/li>\n<li data-start=\"767\" data-end=\"839\">\n<h6 data-start=\"769\" data-end=\"839\">Kompakti\u0161kas ir lengvas - sulankstomas, kad tilpt\u0173 po sauskelni\u0173 krep\u0161iu ar ve\u017eim\u0117liu<\/h6>\n<\/li>\n<li data-start=\"840\" data-end=\"906\">\n<h6 data-start=\"842\" data-end=\"906\">Ki\u0161en\u0117 telefonui, raktams ir kitiems b\u016btiniausiems daiktams<\/h6>\n<\/li>\n<li data-start=\"907\" data-end=\"923\">\n<h6 data-start=\"909\" data-end=\"923\">Med\u017eiaga: 100% medviln\u0117<\/h6>\n<\/li>\n<li data-start=\"924\" data-end=\"959\">\n<h6 data-start=\"926\" data-end=\"959\">Atitinka CPSC saugos standartus<\/h6>\n<\/li>\n<li data-start=\"960\" data-end=\"1018\">\n<h6 data-start=\"962\" data-end=\"1018\">Pad\u0117ties vadovas, padedantis i\u0161laikyti vaiko centravim\u0105 ir tinkam\u0105 pad\u0117t\u012f<\/h6>\n<\/li>\n<li data-start=\"1019\" data-end=\"1058\">\n<h6 data-start=\"1021\" data-end=\"1058\">Patogus d\u0117v\u0117jimas su pamink\u0161tinimais<\/h6>\n<\/li>\n<\/ul>\n","protected":false},"excerpt":{"rendered":"<h6>Ma\u017eyliai nori tyrin\u0117ti pasaul\u012f savo tempu - b\u0117gti, sustoti ir v\u0117l jud\u0117ti. Ir staiga j\u0173 kojos pavargsta ir jiems reikia priglausti. B\u016btent tokioms akimirkoms ir sukurta &#8222;Ergobaby Upsie Sling\" k\u016bdiki\u0173 ne\u0161iokl\u0117. Tai puikus sprendimas, kai einate \u012f lauk\u0105 su k\u016bdikiu, bet nenorite ar negalite pasiimti Ve\u017eim\u0117lio. Nesvarbu, ar tai b\u016bt\u0173 greita kelion\u0117 \u012f parduotuv\u0119, \u017eaidim\u0173 aik\u0161tel\u0117, ar pasivaik\u0161\u010diojimas po miest\u0105, &#8222;Upsie Sling\" gali pad\u0117ti t\u0119sti dien\u0105.<\/h6>\n<h6><\/h6>\n","protected":false},"featured_media":83341,"comment_status":"open","ping_status":"closed","template":"","meta":{"_acf_changed":false,"om_disable_all_campaigns":false,"_monsterinsights_skip_tracking":false,"_monsterinsights_sitenote_active":false,"_monsterinsights_sitenote_note":"","_monsterinsights_sitenote_category":0,"_uf_show_specific_survey":0,"_uf_disable_surveys":false,"site-sidebar-layout":"default","site-content-layout":"","ast-site-content-layout":"default","site-content-style":"default","site-sidebar-style":"default","ast-global-header-display":"","ast-banner-title-visibility":"","ast-main-header-display":"","ast-hfb-above-header-display":"","ast-hfb-below-header-display":"","ast-hfb-mobile-header-display":"","site-post-title":"","ast-breadcrumbs-content":"","ast-featured-img":"","footer-sml-layout":"","theme-transparent-header-meta":"default","adv-header-id-meta":"","stick-header-meta":"","header-above-stick-meta":"","header-main-stick-meta":"","header-below-stick-meta":"","astra-migrate-meta-layouts":"set","ast-page-background-enabled":"default","ast-page-background-meta":{"desktop":{"background-color":"var(--ast-global-color-4)","background-image":"","background-repeat":"repeat","background-position":"center center","background-size":"auto","background-attachment":"scroll","background-type":"","background-media":"","overlay-type":"","overlay-color":"","overlay-opacity":"","overlay-gradient":""},"tablet":{"background-color":"","background-image":"","background-repeat":"repeat","background-position":"center center","background-size":"auto","background-attachment":"scroll","background-type":"","background-media":"","overlay-type":"","overlay-color":"","overlay-opacity":"","overlay-gradient":""},"mobile":{"background-color":"","background-image":"","background-repeat":"repeat","background-position":"center center","background-size":"auto","background-attachment":"scroll","background-type":"","background-media":"","overlay-type":"","overlay-color":"","overlay-opacity":"","overlay-gradient":""}},"ast-content-background-meta":{"desktop":{"background-color":"var(--ast-global-color-5)","background-image":"","background-repeat":"repeat","background-position":"center center","background-size":"auto","background-attachment":"scroll","background-type":"","background-media":"","overlay-type":"","overlay-color":"","overlay-opacity":"","overlay-gradient":""},"tablet":{"background-color":"var(--ast-global-color-5)","background-image":"","background-repeat":"repeat","background-position":"center center","background-size":"auto","background-attachment":"scroll","background-type":"","background-media":"","overlay-type":"","overlay-color":"","overlay-opacity":"","overlay-gradient":""},"mobile":{"background-color":"var(--ast-global-color-5)","background-image":"","background-repeat":"repeat","background-position":"center center","background-size":"auto","background-attachment":"scroll","background-type":"","background-media":"","overlay-type":"","overlay-color":"","overlay-opacity":"","overlay-gradient":""}}},"product_brand":[],"product_cat":[1334,896,514],"product_tag":[],"class_list":{"0":"post-83323","1":"product","2":"type-product","3":"status-publish","4":"has-post-thumbnail","6":"product_cat-ergobaby","7":"product_cat-bagazo-krepsiai","8":"product_cat-nauji-produktai","9":"desktop-align-left","10":"tablet-align-left","11":"mobile-align-left","13":"first","14":"instock","15":"taxable","16":"shipping-taxable","17":"purchasable","18":"product-type-variable"},"acf":[],"aioseo_notices":[],"_links":{"self":[{"href":"https:\/\/hummy.ee\/lt\/wp-json\/wp\/v2\/product\/83323","targetHints":{"allow":["GET"]}}],"collection":[{"href":"https:\/\/hummy.ee\/lt\/wp-json\/wp\/v2\/product"}],"about":[{"href":"https:\/\/hummy.ee\/lt\/wp-json\/wp\/v2\/types\/product"}],"replies":[{"embeddable":true,"href":"https:\/\/hummy.ee\/lt\/wp-json\/wp\/v2\/comments?post=83323"}],"version-history":[{"count":2,"href":"https:\/\/hummy.ee\/lt\/wp-json\/wp\/v2\/product\/83323\/revisions"}],"predecessor-version":[{"id":84225,"href":"https:\/\/hummy.ee\/lt\/wp-json\/wp\/v2\/product\/83323\/revisions\/84225"}],"wp:featuredmedia":[{"embeddable":true,"href":"https:\/\/hummy.ee\/lt\/wp-json\/wp\/v2\/media\/83341"}],"wp:attachment":[{"href":"https:\/\/hummy.ee\/lt\/wp-json\/wp\/v2\/media?parent=83323"}],"wp:term":[{"taxonomy":"product_brand","embeddable":true,"href":"https:\/\/hummy.ee\/lt\/wp-json\/wp\/v2\/product_brand?post=83323"},{"taxonomy":"product_cat","embeddable":true,"href":"https:\/\/hummy.ee\/lt\/wp-json\/wp\/v2\/product_cat?post=83323"},{"taxonomy":"product_tag","embeddable":true,"href":"https:\/\/hummy.ee\/lt\/wp-json\/wp\/v2\/product_tag?post=83323"}],"curies":[{"name":"wp","href":"https:\/\/api.w.org\/{rel}","templated":true}]}}