{"id":82218,"date":"2026-02-16T13:34:09","date_gmt":"2026-02-16T13:34:09","guid":{"rendered":"https:\/\/hummy.ee\/?post_type=product&#038;p=82218"},"modified":"2026-04-11T14:19:03","modified_gmt":"2026-04-11T14:19:03","slug":"iglu-minkstas-laipiojimo-modulis-wave-kopeeri-2","status":"publish","type":"product","link":"https:\/\/hummy.ee\/lt\/produktas\/iglu-minkstas-laipiojimo-modulis-wave-kopeeri-2\/","title":{"rendered":"IGLU mink\u0161tas laipiojimo modulis - XL Wave"},"content":{"rendered":"<ul>\n<li>\n<h6>IGLU \u0160veln\u016bs, malon\u016bs blokeliai yra tarsi draugai, kurie lavina vaik\u0173 jud\u0117jimo ir motorikos \u012fg\u016bd\u017eius. Skirting\u0173 form\u0173 kalad\u0117l\u0117s padeda vaikams lavinti koordinacij\u0105 ir motorinius \u012fg\u016bd\u017eius - nuo pir\u0161tuk\u0173 judinimo iki \u0161liau\u017eimo, laipiojimo ir auk\u0161\u010dio tyrin\u0117jimo.<\/h6>\n<\/li>\n<li>\n<h6>Juokas su broliais ir seserimis, draugais ir bi\u010diuliais skatina socialinius \u012fg\u016bd\u017eius, skatina pokalbius ir ry\u0161ius. Dirbdami kartu su t\u0117vais ar draugais galite greitai i\u0161mokti ir \u012fsisavinti \u0161aunias geometrines fig\u016bras bei ry\u0161kias spalvas. Begalinis form\u0173 derinys yra tarsi lobynas, i\u0161 kurio galima kurti vaizduot\u0117s pasaulius - pilis, tvirtoves ir kt.<\/h6>\n<\/li>\n<li>\n<h6>Vaikams augant \u0161ios formos tampa puikiomis priemon\u0117mis. Statykite kli\u016b\u010di\u0173 ruo\u017eus, \u012fveikite laiptelius \u012f lovas ir k\u0117des - galimybi\u0173 yra begal\u0117s. Net ir naminiai gyv\u016bnai mielai prisijungia prie linksmybi\u0173. Suaugusieji fig\u016bras taip pat gali naudoti, pavyzd\u017eiui, kaip kompiuterio pagrind\u0105.<\/h6>\n<\/li>\n<\/ul>\n<h6><\/h6>\n<h6><\/h6>\n<h6><em><strong data-start=\"504\" data-end=\"532\">Kod\u0117l verta rinktis IGLU \u017eaidim\u0173 rinkin\u012f?<\/strong><\/em><\/h6>\n<ul>\n<li>\n<h6>Didina fizin\u012f aktyvum\u0105<\/h6>\n<\/li>\n<li>\n<h6>Didina k\u016brybi\u0161kum\u0105 ir vaizduot\u0119<\/h6>\n<\/li>\n<li>\n<h6>Padeda valdyti energijos pertekli\u0173 ir stres\u0105<\/h6>\n<\/li>\n<li>\n<h6>Suteikia sensorin\u0119 stimuliacij\u0105<\/h6>\n<\/li>\n<li>\n<h6>Saugo vaikus nuo ekran\u0173<\/h6>\n<\/li>\n<li>\n<h6>ugdo socialinius \u012fg\u016bd\u017eius, pavyzd\u017eiui, dalijimosi ir bendradarbiavimo.<\/h6>\n<\/li>\n<\/ul>\n<h6><\/h6>\n<h6><\/h6>\n<h6>IGLU blokai pagaminti i\u0161 tvirto, 100 % perdirbamo, auk\u0161tos kokyb\u0117s putplas\u010dio su u\u017edar\u0173 l\u0105steli\u0173 strukt\u016bra - mink\u0161to ir itin lengvo. Padengti patvaria vegani\u0161ka oda. Blokeliai yra tvirti ir mink\u0161ti, turi maloni\u0105 pavir\u0161iaus dang\u0105, lengvai pri\u017ei\u016brimi, gerai i\u0161laiko form\u0105 ir yra patikrinti d\u0117l kenksming\u0173 med\u017eiag\u0173. IGLU \u017eaidim\u0173 rinkiniai pa\u017eym\u0117ti CE \u017eenklu pagal ES direktyv\u0105 88\/378 \/ ir yra visi\u0161kai saug\u016bs ma\u017eiems vaikams.<\/h6>\n<h6><\/h6>\n<h6><img decoding=\"async\" class=\"\" src=\"https:\/\/iglusoftplay.eu\/cdn\/shop\/files\/ikonas_enviroment-01_061d9a06-5ad9-4fb7-a868-c7b23eff39bb_1.png?v=1700659334\" width=\"50\" height=\"50\" \/>Be BPA ir ftalat\u0173<\/h6>\n<h6><img decoding=\"async\" class=\"\" src=\"https:\/\/iglusoftplay.eu\/cdn\/shop\/files\/ikonas_enviroment-04_5c6aa86a-aa33-4666-949c-b2f12b5af4ef_1.png?v=1700659334\" width=\"50\" height=\"50\" \/>Lengva valyti<\/h6>\n<h6><img decoding=\"async\" class=\"\" src=\"https:\/\/iglusoftplay.eu\/cdn\/shop\/files\/ikonas_enviroment-03_543f8be0-895f-4ba5-9b54-80ea85594c82_1.png?v=1700659334\" width=\"50\" height=\"50\" \/>Sukurta tvariai<\/h6>\n<p>&nbsp;<\/p>\n<h6><em>Per\u017ei\u016br\u0117kite \u017eaidim\u0173 rinkini\u0173 <a href=\"https:\/\/hummy.ee\/lt\/iglu-ivadas\/\" target=\"_blank\" rel=\"noopener\">asortiment\u0105<\/a> svetain\u0117je IGLU.<\/em><\/h6>\n","protected":false},"excerpt":{"rendered":"<h6 data-start=\"125\" data-end=\"270\">Mink\u0161tas laipiojimo modulis &#8222;IGLU XL Wave\" skirtas ma\u017eiesiems laipiotojams, \u0161liau\u017eiotojams ir riedutininkams, kuriems reikia mink\u0161to pavir\u0161iaus, kad gal\u0117t\u0173 jud\u0117ti \u017eaidim\u0173 aik\u0161tel\u0117se. D\u0117l savo lygios ir tekan\u010dios formos &#8222;XL Wave\" padeda laipioti, slysti, \u017eaisti ant pilvuko ir \u017eaisti \u012fvairius judriuosius \u017eaidimus. Ji pakankamai \u0161velni k\u016bdikiams, kurie dar tik mokosi jud\u0117ti, bet pakankamai \u012fdomi, kad aktyv\u016bs ma\u017eyliai gal\u0117t\u0173 \u017eaisti ir lavinti \u012fg\u016bd\u017eius. Naudokite atskirai arba derinkite su kitomis IGLU \u017eaidim\u0173 kalad\u0117l\u0117mis, kad sukurtum\u0117te kli\u016b\u010di\u0173 ruo\u017eus ir \u017eaidim\u0173 zonas.<\/h6>\n","protected":false},"featured_media":82242,"comment_status":"open","ping_status":"closed","template":"","meta":{"_acf_changed":false,"om_disable_all_campaigns":false,"_monsterinsights_skip_tracking":false,"_monsterinsights_sitenote_active":false,"_monsterinsights_sitenote_note":"","_monsterinsights_sitenote_category":0,"_uf_show_specific_survey":0,"_uf_disable_surveys":false,"site-sidebar-layout":"default","site-content-layout":"","ast-site-content-layout":"default","site-content-style":"default","site-sidebar-style":"default","ast-global-header-display":"","ast-banner-title-visibility":"","ast-main-header-display":"","ast-hfb-above-header-display":"","ast-hfb-below-header-display":"","ast-hfb-mobile-header-display":"","site-post-title":"","ast-breadcrumbs-content":"","ast-featured-img":"","footer-sml-layout":"","theme-transparent-header-meta":"default","adv-header-id-meta":"","stick-header-meta":"","header-above-stick-meta":"","header-main-stick-meta":"","header-below-stick-meta":"","astra-migrate-meta-layouts":"set","ast-page-background-enabled":"default","ast-page-background-meta":{"desktop":{"background-color":"var(--ast-global-color-4)","background-image":"","background-repeat":"repeat","background-position":"center center","background-size":"auto","background-attachment":"scroll","background-type":"","background-media":"","overlay-type":"","overlay-color":"","overlay-opacity":"","overlay-gradient":""},"tablet":{"background-color":"","background-image":"","background-repeat":"repeat","background-position":"center center","background-size":"auto","background-attachment":"scroll","background-type":"","background-media":"","overlay-type":"","overlay-color":"","overlay-opacity":"","overlay-gradient":""},"mobile":{"background-color":"","background-image":"","background-repeat":"repeat","background-position":"center center","background-size":"auto","background-attachment":"scroll","background-type":"","background-media":"","overlay-type":"","overlay-color":"","overlay-opacity":"","overlay-gradient":""}},"ast-content-background-meta":{"desktop":{"background-color":"var(--ast-global-color-5)","background-image":"","background-repeat":"repeat","background-position":"center center","background-size":"auto","background-attachment":"scroll","background-type":"","background-media":"","overlay-type":"","overlay-color":"","overlay-opacity":"","overlay-gradient":""},"tablet":{"background-color":"var(--ast-global-color-5)","background-image":"","background-repeat":"repeat","background-position":"center center","background-size":"auto","background-attachment":"scroll","background-type":"","background-media":"","overlay-type":"","overlay-color":"","overlay-opacity":"","overlay-gradient":""},"mobile":{"background-color":"var(--ast-global-color-5)","background-image":"","background-repeat":"repeat","background-position":"center center","background-size":"auto","background-attachment":"scroll","background-type":"","background-media":"","overlay-type":"","overlay-color":"","overlay-opacity":"","overlay-gradient":""}}},"product_brand":[],"product_cat":[499,487,514,488],"product_tag":[],"class_list":{"0":"post-82218","1":"product","2":"type-product","3":"status-publish","4":"has-post-thumbnail","6":"product_cat-iglu-lt-2","7":"product_cat-iglu-lt","8":"product_cat-nauji-produktai","9":"product_cat-zaidimu-aiksteles","10":"desktop-align-left","11":"tablet-align-left","12":"mobile-align-left","14":"first","15":"instock","16":"sale","17":"taxable","18":"shipping-taxable","19":"purchasable","20":"product-type-variable"},"acf":[],"aioseo_notices":[],"_links":{"self":[{"href":"https:\/\/hummy.ee\/lt\/wp-json\/wp\/v2\/product\/82218","targetHints":{"allow":["GET"]}}],"collection":[{"href":"https:\/\/hummy.ee\/lt\/wp-json\/wp\/v2\/product"}],"about":[{"href":"https:\/\/hummy.ee\/lt\/wp-json\/wp\/v2\/types\/product"}],"replies":[{"embeddable":true,"href":"https:\/\/hummy.ee\/lt\/wp-json\/wp\/v2\/comments?post=82218"}],"version-history":[{"count":4,"href":"https:\/\/hummy.ee\/lt\/wp-json\/wp\/v2\/product\/82218\/revisions"}],"predecessor-version":[{"id":86465,"href":"https:\/\/hummy.ee\/lt\/wp-json\/wp\/v2\/product\/82218\/revisions\/86465"}],"wp:featuredmedia":[{"embeddable":true,"href":"https:\/\/hummy.ee\/lt\/wp-json\/wp\/v2\/media\/82242"}],"wp:attachment":[{"href":"https:\/\/hummy.ee\/lt\/wp-json\/wp\/v2\/media?parent=82218"}],"wp:term":[{"taxonomy":"product_brand","embeddable":true,"href":"https:\/\/hummy.ee\/lt\/wp-json\/wp\/v2\/product_brand?post=82218"},{"taxonomy":"product_cat","embeddable":true,"href":"https:\/\/hummy.ee\/lt\/wp-json\/wp\/v2\/product_cat?post=82218"},{"taxonomy":"product_tag","embeddable":true,"href":"https:\/\/hummy.ee\/lt\/wp-json\/wp\/v2\/product_tag?post=82218"}],"curies":[{"name":"wp","href":"https:\/\/api.w.org\/{rel}","templated":true}]}}