{"id":81993,"date":"2026-02-16T13:00:11","date_gmt":"2026-02-16T13:00:11","guid":{"rendered":"https:\/\/hummy.ee\/?post_type=product&#038;p=81993"},"modified":"2026-04-11T14:18:51","modified_gmt":"2026-04-11T14:18:51","slug":"iglu-minkstas-laipiojimo-modulis-wave-kopeeri","status":"publish","type":"product","link":"https:\/\/hummy.ee\/lt\/produktas\/iglu-minkstas-laipiojimo-modulis-wave-kopeeri\/","title":{"rendered":"IGLU XL pliu\u0161inis kilim\u0117lis"},"content":{"rendered":"<h6><em><strong data-start=\"504\" data-end=\"532\">Kod\u0117l verta rinktis IGLU \u017eaidim\u0173 rinkin\u012f?<\/strong><\/em><\/h6>\n<ul>\n<li>\n<h6>Didina fizin\u012f aktyvum\u0105<\/h6>\n<\/li>\n<li>\n<h6>Didina k\u016brybi\u0161kum\u0105 ir vaizduot\u0119<\/h6>\n<\/li>\n<li>\n<h6>Padeda valdyti energijos pertekli\u0173 ir stres\u0105<\/h6>\n<\/li>\n<li>\n<h6>Suteikia sensorin\u0119 stimuliacij\u0105<\/h6>\n<\/li>\n<li>\n<h6>Saugo vaikus nuo ekran\u0173<\/h6>\n<\/li>\n<li>\n<h6>ugdo socialinius \u012fg\u016bd\u017eius, pavyzd\u017eiui, dalijimosi ir bendradarbiavimo.<\/h6>\n<\/li>\n<\/ul>\n<h6><\/h6>\n<h6><img decoding=\"async\" class=\"\" src=\"https:\/\/iglusoftplay.eu\/cdn\/shop\/files\/ikonas_enviroment-01_061d9a06-5ad9-4fb7-a868-c7b23eff39bb_1.png?v=1700659334\" width=\"50\" height=\"50\" \/>Be BPA ir ftalat\u0173<\/h6>\n<h6><img decoding=\"async\" class=\"\" src=\"https:\/\/iglusoftplay.eu\/cdn\/shop\/files\/ikonas_enviroment-04_5c6aa86a-aa33-4666-949c-b2f12b5af4ef_1.png?v=1700659334\" width=\"50\" height=\"50\" \/>Lengva valyti<\/h6>\n<h6><img decoding=\"async\" class=\"\" src=\"https:\/\/iglusoftplay.eu\/cdn\/shop\/files\/ikonas_enviroment-03_543f8be0-895f-4ba5-9b54-80ea85594c82_1.png?v=1700659334\" width=\"50\" height=\"50\" \/>Sukurta tvariai<\/h6>\n<p>&nbsp;<\/p>\n<h6><em>Per\u017ei\u016br\u0117kite \u017eaidim\u0173 rinkini\u0173 <a href=\"https:\/\/hummy.ee\/lt\/iglu-ivadas\/\" target=\"_blank\" rel=\"noopener\">asortiment\u0105<\/a> svetain\u0117je IGLU.<\/em><\/h6>\n","protected":false},"excerpt":{"rendered":"<h6 data-start=\"44\" data-end=\"266\">Paverskite bet kur\u012f kambar\u012f smagia \u017eaidim\u0173 erdve su IGLU dideliu d\u0117lion\u0117s kilim\u0117liu! Lengvai surenkami ir dvispalviai kilim\u0117liai sukuria patogi\u0105 ir saugi\u0105 \u017eaidim\u0173 aplink\u0105 namuose, \u017eaidim\u0173 kambaryje, vaik\u0173 dar\u017eelyje ar sporto sal\u0117je. Kiekvienas kilim\u0117lis pagamintas i\u0161 itin storo EVA put\u0173 pluo\u0161to ( 91&#215;91 cm), kuris u\u017etikrina mink\u0161t\u0105 ir saug\u0173 pavir\u0161i\u0173. Lengvi ir patvar\u016bs - juos lengva perne\u0161ti, bet jie taip pat gali atlaikyti kasdienius \u017eaidimus. 4 kilim\u0117li\u0173 rinkinys.<\/h6>\n","protected":false},"featured_media":82082,"comment_status":"open","ping_status":"closed","template":"","meta":{"_acf_changed":false,"om_disable_all_campaigns":false,"_monsterinsights_skip_tracking":false,"_monsterinsights_sitenote_active":false,"_monsterinsights_sitenote_note":"","_monsterinsights_sitenote_category":0,"_uf_show_specific_survey":0,"_uf_disable_surveys":false,"site-sidebar-layout":"default","site-content-layout":"","ast-site-content-layout":"default","site-content-style":"default","site-sidebar-style":"default","ast-global-header-display":"","ast-banner-title-visibility":"","ast-main-header-display":"","ast-hfb-above-header-display":"","ast-hfb-below-header-display":"","ast-hfb-mobile-header-display":"","site-post-title":"","ast-breadcrumbs-content":"","ast-featured-img":"","footer-sml-layout":"","theme-transparent-header-meta":"default","adv-header-id-meta":"","stick-header-meta":"","header-above-stick-meta":"","header-main-stick-meta":"","header-below-stick-meta":"","astra-migrate-meta-layouts":"set","ast-page-background-enabled":"default","ast-page-background-meta":{"desktop":{"background-color":"var(--ast-global-color-4)","background-image":"","background-repeat":"repeat","background-position":"center center","background-size":"auto","background-attachment":"scroll","background-type":"","background-media":"","overlay-type":"","overlay-color":"","overlay-opacity":"","overlay-gradient":""},"tablet":{"background-color":"","background-image":"","background-repeat":"repeat","background-position":"center center","background-size":"auto","background-attachment":"scroll","background-type":"","background-media":"","overlay-type":"","overlay-color":"","overlay-opacity":"","overlay-gradient":""},"mobile":{"background-color":"","background-image":"","background-repeat":"repeat","background-position":"center center","background-size":"auto","background-attachment":"scroll","background-type":"","background-media":"","overlay-type":"","overlay-color":"","overlay-opacity":"","overlay-gradient":""}},"ast-content-background-meta":{"desktop":{"background-color":"var(--ast-global-color-5)","background-image":"","background-repeat":"repeat","background-position":"center center","background-size":"auto","background-attachment":"scroll","background-type":"","background-media":"","overlay-type":"","overlay-color":"","overlay-opacity":"","overlay-gradient":""},"tablet":{"background-color":"var(--ast-global-color-5)","background-image":"","background-repeat":"repeat","background-position":"center center","background-size":"auto","background-attachment":"scroll","background-type":"","background-media":"","overlay-type":"","overlay-color":"","overlay-opacity":"","overlay-gradient":""},"mobile":{"background-color":"var(--ast-global-color-5)","background-image":"","background-repeat":"repeat","background-position":"center center","background-size":"auto","background-attachment":"scroll","background-type":"","background-media":"","overlay-type":"","overlay-color":"","overlay-opacity":"","overlay-gradient":""}}},"product_brand":[],"product_cat":[487,499,514,488],"product_tag":[],"class_list":{"0":"post-81993","1":"product","2":"type-product","3":"status-publish","4":"has-post-thumbnail","6":"product_cat-iglu-lt","7":"product_cat-iglu-lt-2","8":"product_cat-nauji-produktai","9":"product_cat-zaidimu-aiksteles","10":"desktop-align-left","11":"tablet-align-left","12":"mobile-align-left","14":"first","15":"instock","16":"sale","17":"taxable","18":"shipping-taxable","19":"purchasable","20":"product-type-variable"},"acf":[],"aioseo_notices":[],"_links":{"self":[{"href":"https:\/\/hummy.ee\/lt\/wp-json\/wp\/v2\/product\/81993","targetHints":{"allow":["GET"]}}],"collection":[{"href":"https:\/\/hummy.ee\/lt\/wp-json\/wp\/v2\/product"}],"about":[{"href":"https:\/\/hummy.ee\/lt\/wp-json\/wp\/v2\/types\/product"}],"replies":[{"embeddable":true,"href":"https:\/\/hummy.ee\/lt\/wp-json\/wp\/v2\/comments?post=81993"}],"version-history":[{"count":5,"href":"https:\/\/hummy.ee\/lt\/wp-json\/wp\/v2\/product\/81993\/revisions"}],"predecessor-version":[{"id":86464,"href":"https:\/\/hummy.ee\/lt\/wp-json\/wp\/v2\/product\/81993\/revisions\/86464"}],"wp:featuredmedia":[{"embeddable":true,"href":"https:\/\/hummy.ee\/lt\/wp-json\/wp\/v2\/media\/82082"}],"wp:attachment":[{"href":"https:\/\/hummy.ee\/lt\/wp-json\/wp\/v2\/media?parent=81993"}],"wp:term":[{"taxonomy":"product_brand","embeddable":true,"href":"https:\/\/hummy.ee\/lt\/wp-json\/wp\/v2\/product_brand?post=81993"},{"taxonomy":"product_cat","embeddable":true,"href":"https:\/\/hummy.ee\/lt\/wp-json\/wp\/v2\/product_cat?post=81993"},{"taxonomy":"product_tag","embeddable":true,"href":"https:\/\/hummy.ee\/lt\/wp-json\/wp\/v2\/product_tag?post=81993"}],"curies":[{"name":"wp","href":"https:\/\/api.w.org\/{rel}","templated":true}]}}