{"id":81253,"date":"2026-02-13T11:51:56","date_gmt":"2026-02-13T11:51:56","guid":{"rendered":"https:\/\/hummy.ee\/product\/abc-design-city-life-2in1-kaliniu-rinkinys\/"},"modified":"2026-02-16T09:50:30","modified_gmt":"2026-02-16T09:50:30","slug":"abc-design-city-life-2in1-kaliniu-rinkinys","status":"publish","type":"product","link":"https:\/\/hummy.ee\/lt\/produktas\/abc-design-city-life-2in1-kaliniu-rinkinys\/","title":{"rendered":"&#8222;ABC Design City Life 2in1&#8243; kalini\u0173 rinkinys"},"content":{"rendered":"<div class=\"text-base my-auto mx-auto [--thread-content-margin:--spacing(4)] @w-sm\/main:[--thread-content-margin:--spacing(6)] @w-lg\/main:[--thread-content-margin:--spacing(16)] px-(--thread-content-margin)\">\n<div class=\"[--thread-content-max-width:40rem] @w-lg\/main:[--thread-content-max-width:48rem] mx-auto max-w-(--thread-content-max-width) flex-1 group\/turn-messages focus-visible:outline-hidden relative flex w-full min-w-0 flex-col agent-turn\" tabindex=\"-1\">\n<div class=\"flex max-w-full flex-col grow\">\n<div class=\"min-h-8 text-message relative flex w-full flex-col items-end gap-2 text-start break-words whitespace-normal [.text-message+&amp;]:mt-1\" dir=\"auto\" data-message-author-role=\"assistant\" data-message-id=\"403a086e-fc1f-4927-bc4d-b4d060677cc9\" data-message-model-slug=\"gpt-5-2\">\n<div class=\"flex w-full flex-col gap-1 empty:hidden first:pt-[1px]\">\n<div class=\"markdown prose dark:prose-invert w-full wrap-break-word light markdown-new-styling\">\n<h6 data-start=\"1240\" data-end=\"1259\"><em><strong>Rinkin\u012f sudaro<\/strong><\/em><\/h6>\n<ul data-start=\"1261\" data-end=\"1485\">\n<li data-start=\"1261\" data-end=\"1294\">\n<h6>&#8222;City Life\" r\u0117mas su ratukais<\/h6>\n<\/li>\n<li data-start=\"1261\" data-end=\"1294\">\n<h6>Pintin\u0117s i\u0161 vyteli\u0173<\/h6>\n<\/li>\n<li>\n<h6>&#8222;CozyCloud\u00ae\" \u010diu\u017einiai<\/h6>\n<\/li>\n<li data-start=\"1261\" data-end=\"1294\">\n<h6>Organizatoriaus krep\u0161ys<\/h6>\n<\/li>\n<li data-start=\"1295\" data-end=\"1335\">\n<h6>Pasukama s\u0117dyn\u0117 (su pagalv\u0117le)<\/h6>\n<\/li>\n<li data-start=\"1295\" data-end=\"1335\">\n<h6>Saugaus lop\u0161io adapteriai<\/h6>\n<\/li>\n<li data-start=\"1416\" data-end=\"1441\">\n<h6>Turf<\/h6>\n<\/li>\n<\/ul>\n<h6 data-start=\"91\" data-end=\"118\"><em><strong>Kam skirtas &#8222;City Life\"?<\/strong><\/em><\/h6>\n<ul>\n<li data-start=\"120\" data-end=\"330\">\n<h6>Am\u017eius: nuo gimimo iki 22 kg<\/h6>\n<\/li>\n<\/ul>\n<h6 data-start=\"596\" data-end=\"621\"><em><strong>Komfortas nuo pat gimimo<\/strong><\/em><\/h6>\n<h6>D\u0117l pridedamo &#8222;ABC Design City Life\" ve\u017eim\u0117lio lop\u0161io jis yra universalus sprendimas nuo pat gimimo. Du v\u0117dinimo langeliai u\u017etikrina maloni\u0105 oro cirkuliacij\u0105, o k\u016bdikis saugiai ir patogiai guli ant auk\u0161tos kokyb\u0117s CozyCloud\u00ae \u010diu\u017einio. \u010ciu\u017einys pagamintas i\u0161 kv\u0117puojan\u010dio \u0161alto putplas\u010dio, o d\u0117l ta\u0161kini\u0173 elastini\u0173 savybi\u0173 ir integruot\u0173 oro kanal\u0173 u\u017etikrina ideali\u0105 atramos ir ventiliacijos pusiausvyr\u0105.<\/h6>\n<h6>Ergonomi\u0161kas dizainas su \u0161velnaus plei\u0161to formos galvyt\u0117s atlo\u0161u palaiko sveik\u0105 k\u016bdikio miego pad\u0117t\u012f ir idealiai tinka naujagimiui. I\u0161manus sprendimas - galvos dal\u012f galima lengvai pakelti i\u0161 i\u0161or\u0117s. \u0160i pakelta pad\u0117tis gali suteikti pastebim\u0105 palengv\u0117jim\u0105, pavyzd\u017eiui, esant refliuksui ar lengvam per\u0161alimui.<\/h6>\n<h6>Lop\u0161ys taip pat prakti\u0161kas kasdieniam naudojimui. Jis greitai susilanksto ir u\u017eima ma\u017eai vietos tiek automobilio baga\u017ein\u0117je, tiek nam\u0173 prie\u0161kambaryje. Komplekte esan\u010diame prakti\u0161kame organizatoriuje ir atskirame pried\u0173 krep\u0161yje galima laikyti skudurus ir kitus reikalingus daiktus.<\/h6>\n<p>&nbsp;<\/p>\n<\/div>\n<div class=\"markdown prose dark:prose-invert w-full wrap-break-word light markdown-new-styling\">\n<h6 data-start=\"1693\" data-end=\"1730\"><em><strong>Taip pat tinka naudoti su lop\u0161iu<\/strong><\/em><\/h6>\n<h6 data-start=\"1732\" data-end=\"1952\">Rinkinyje yra &#8222;Maxi-Cosi\" lop\u0161io adapteriai, kurie leid\u017eia ve\u017eim\u0117l\u012f paversti patogia kelioni\u0173 sistema. Taip lop\u0161\u012f galite greitai pritvirtinti tiesiai prie ve\u017eim\u0117lio i\u0161 automobilio.<\/h6>\n<p>&nbsp;<\/p>\n<h6 data-start=\"86\" data-end=\"129\"><em><strong>Kompakti\u0161kas ir idealiai tinka naudoti mieste<\/strong><\/em><\/h6>\n<h6 data-start=\"130\" data-end=\"313\">&#8222;City Life\" yra ypa\u010d lengvas ir kompakti\u0161kas ve\u017eim\u0117lis, kuris u\u017eima ma\u017eai vietos. Jis lengvai telpa \u012f autobuso, traukinio, lifto ar automobilio baga\u017ein\u0119. J\u012f taip pat galima naudoti asfaltuotuose keliuose, parkuose ir \u017evyrkeliuose bei u\u017emiestyje. Oro kamer\u0173 ratai ir gerai suprojektuota pakaba - vieno rato pakaba priekyje ir a\u0161in\u0117 pakaba gale - u\u017etikrina skland\u0173 va\u017eiavim\u0105.<\/h6>\n<p>&nbsp;<\/p>\n<h6 data-start=\"567\" data-end=\"588\"><em><strong>Patogi s\u0117dyn\u0117<\/strong><\/em><\/h6>\n<h6 data-start=\"589\" data-end=\"773\">S\u0117dyn\u0117 yra NSS\/SSS apver\u010diama, tod\u0117l vaikas gali va\u017eiuoti atsisuk\u0119s \u012f jus arba \u012f keli\u0105, kai tyrin\u0117ja pasaul\u012f. Ilgas atlo\u0161as ir kv\u0117puojanti s\u0117dyn\u0117s pagalv\u0117l\u0117 u\u017etikrina patogi\u0105 vaiko s\u0117d\u0117jimo pad\u0117t\u012f. Trys reguliuojamos atlo\u0161o pad\u0117tys leid\u017eia patogiai s\u0117d\u0117ti, ils\u0117tis ar miegoti. \u012e atlo\u0161\u0105 integruotas tinklelio skydelis u\u017etikrina ger\u0105 oro cirkuliacij\u0105 ir malon\u0173 s\u0117d\u0117jimo klimat\u0105.<\/h6>\n<p>&nbsp;<\/p>\n<h6 data-start=\"780\" data-end=\"816\"><em><strong>Saugus ir greitas tvirtinimas<\/strong><\/em><\/h6>\n<h6 data-start=\"817\" data-end=\"1036\">Naujovi\u0161ka &#8222;HappyBelt\u00ae\" 5 ta\u0161k\u0173 saugos dir\u017e\u0173 sistema su magnetiniu tvirtinimu yra saugi ir paprasta naudoti. Pamink\u0161tintos petne\u0161os i\u0161laiko form\u0105 ir leid\u017eia greitai bei patogiai pritvirtinti vaik\u0105.<\/h6>\n<\/div>\n<\/div>\n<\/div>\n<\/div>\n<\/div>\n<\/div>\n<h6 data-start=\"1043\" data-end=\"1086\"><\/h6>\n<p>&nbsp;<\/p>\n<div class=\"text-base my-auto mx-auto [--thread-content-margin:--spacing(4)] @w-sm\/main:[--thread-content-margin:--spacing(6)] @w-lg\/main:[--thread-content-margin:--spacing(16)] px-(--thread-content-margin)\">\n<div class=\"[--thread-content-max-width:40rem] @w-lg\/main:[--thread-content-max-width:48rem] mx-auto max-w-(--thread-content-max-width) flex-1 group\/turn-messages focus-visible:outline-hidden relative flex w-full min-w-0 flex-col agent-turn\" tabindex=\"-1\">\n<div class=\"flex max-w-full flex-col grow\">\n<div class=\"min-h-8 text-message relative flex w-full flex-col items-end gap-2 text-start break-words whitespace-normal [.text-message+&amp;]:mt-1\" dir=\"auto\" data-message-author-role=\"assistant\" data-message-id=\"403a086e-fc1f-4927-bc4d-b4d060677cc9\" data-message-model-slug=\"gpt-5-2\">\n<h6 data-start=\"1253\" data-end=\"1289\"><\/h6>\n<div class=\"flex w-full flex-col gap-1 empty:hidden first:pt-[1px]\">\n<div class=\"markdown prose dark:prose-invert w-full wrap-break-word light markdown-new-styling\">\n<h6 data-start=\"1253\" data-end=\"1289\"><em><strong>Apsauga nuo saul\u0117s ir kar\u0161\u010dio<\/strong><\/em><\/h6>\n<h6>Prakti\u0161ka porankio sistema leid\u017eia reguliuoti porankio auk\u0161t\u012f dviem pakopomis - iki 10 cm. Taip &#8222;City Life\" ve\u017eim\u0117lis auga kartu su j\u016bs\u0173 vaiku ir suteikia pakankamai vietos auk\u0161tesniems vaikams. Ypa\u010d kar\u0161tomis vasaros dienomis integruot\u0105 stogel\u012f nuo saul\u0117s galima i\u0161skleisti, o papildomas tinklelis padeda i\u0161vengti per didelio kar\u0161\u010dio. Tinklelis porankio viduje u\u017etikrina optimali\u0105 oro cirkuliacij\u0105.<\/h6>\n<p>&nbsp;<\/p>\n<h6 data-start=\"1736\" data-end=\"1766\"><em><strong>Patogu ir t\u0117vams<\/strong><\/em><\/h6>\n<h6 data-start=\"1767\" data-end=\"1935\">Reguliuojamo auk\u0161\u010dio teleskopin\u0117 rankena prisitaiko prie j\u016bs\u0173 \u016bgio ir tinka tiek \u017eemesniems, tiek auk\u0161tesniems naudotojams. Padeda i\u0161laikyti tiesi\u0105 laikysen\u0105 ir u\u017etikrina patog\u0173 ilgesn\u012f pasivaik\u0161\u010diojim\u0105 mieste. Dideliame krep\u0161yje galima ve\u017eti iki 10 kg svorio daiktus ir jame yra daug vietos kasdieniams pirkiniams ar k\u016bdikio daiktams.<\/h6>\n<\/div>\n<\/div>\n<\/div>\n<\/div>\n<\/div>\n<\/div>\n<h6 data-start=\"700\" data-end=\"720\"><\/h6>\n<p>&nbsp;<\/p>\n<div class=\"text-base my-auto mx-auto [--thread-content-margin:--spacing(4)] @w-sm\/main:[--thread-content-margin:--spacing(6)] @w-lg\/main:[--thread-content-margin:--spacing(16)] px-(--thread-content-margin)\">\n<div class=\"[--thread-content-max-width:40rem] @w-lg\/main:[--thread-content-max-width:48rem] mx-auto max-w-(--thread-content-max-width) flex-1 group\/turn-messages focus-visible:outline-hidden relative flex w-full min-w-0 flex-col agent-turn\" tabindex=\"-1\">\n<div class=\"flex max-w-full flex-col grow\">\n<div class=\"min-h-8 text-message relative flex w-full flex-col items-end gap-2 text-start break-words whitespace-normal [.text-message+&amp;]:mt-1\" dir=\"auto\" data-message-author-role=\"assistant\" data-message-id=\"403a086e-fc1f-4927-bc4d-b4d060677cc9\" data-message-model-slug=\"gpt-5-2\">\n<div class=\"flex w-full flex-col gap-1 empty:hidden first:pt-[1px]\">\n<h6 data-start=\"700\" data-end=\"720\"><em><strong>&#8222;City Life\" ve\u017eim\u0117lio specifikacijos<\/strong><\/em><\/h6>\n<ul>\n<li data-start=\"722\" data-end=\"843\">\n<h6>St\u016bmiklis: teleskopin\u0117 rankena<\/h6>\n<\/li>\n<li data-start=\"722\" data-end=\"843\">\n<h6>St\u016bmiklio auk\u0161tis: 95-105 cm<\/h6>\n<\/li>\n<li data-start=\"722\" data-end=\"843\">\n<h6>Sulankstymo sistema: sulankstymas dviem rankomis<\/h6>\n<\/li>\n<li data-start=\"722\" data-end=\"843\">\n<h6>Rat\u0173 med\u017eiaga: oro kameros ratai<\/h6>\n<\/li>\n<li data-start=\"722\" data-end=\"843\">\n<h6>Rat\u0173 dydis: priekiniai ratai: 17,5 cm, galiniai ratai: 22,5 cm.<\/h6>\n<\/li>\n<li data-start=\"949\" data-end=\"1079\">\n<h6>Pakaba: nepriklausoma kiekvieno rato pakaba ir papildoma galin\u0117s a\u0161ies pakaba.<\/h6>\n<\/li>\n<li data-start=\"1081\" data-end=\"1233\">\n<h6>Va\u017eiavimo krypties pasirinkimas: taip - pasukama s\u0117dyn\u0117s dalis<\/h6>\n<\/li>\n<li data-start=\"1081\" data-end=\"1233\">\n<h6>Atlo\u0161as: reguliuojamas 3 pad\u0117timis (\u012fskaitant atlo\u0161im\u0105).<\/h6>\n<\/li>\n<li data-start=\"1081\" data-end=\"1233\">\n<h6>Koj\u0173 atrama: reguliuojama 2 pad\u0117timis (\u012fskaitant miego pad\u0117t\u012f).<\/h6>\n<\/li>\n<\/ul>\n<\/div>\n<\/div>\n<\/div>\n<h6 data-start=\"67\" data-end=\"84\"><em><strong>Matmenys ir svoris<\/strong><\/em><\/h6>\n<ul>\n<li data-start=\"86\" data-end=\"142\">\n<h6>I\u0161matavimai atidarius: 82 \u00d7 52 \u00d7 107,5 cm (p \u00d7 l \u00d7 h)<\/h6>\n<\/li>\n<li data-start=\"144\" data-end=\"204\">\n<h6>I\u0161matavimai sulankstyti: 36 \u00d7 52 \u00d7 62 cm (d \u00d7 \u0161 \u00d7 v)<\/h6>\n<\/li>\n<li data-start=\"206\" data-end=\"281\">\n<h6>I\u0161matavimai sulankstytame variante be ratuk\u0173: 36 \u00d7 52 \u00d7 59 cm (p \u00d7 l \u00d7 h)<\/h6>\n<\/li>\n<li data-start=\"283\" data-end=\"332\">\n<h6>R\u0117mo svoris: 6,4 kg, s\u0117dyn\u0117s svoris: 3,7 kg, lop\u0161io svoris: 4,9 kg.<\/h6>\n<\/li>\n<\/ul>\n<h6 data-start=\"694\" data-end=\"719\"><em><strong>S\u0117dyn\u0117s matmenys<\/strong><\/em><\/h6>\n<ul>\n<li data-start=\"721\" data-end=\"880\">\n<h6>S\u0117dyn\u0117: 22 \u00d7 30,5 cm (p \u00d7 l)<\/h6>\n<\/li>\n<li data-start=\"721\" data-end=\"880\">\n<h6>Atlo\u0161as: 47,5 \u00d7 28,0 cm (plotis \u00d7 ilgis)<\/h6>\n<\/li>\n<li data-start=\"721\" data-end=\"880\">\n<h6>Koj\u0173 atrama: 20,5 \u00d7 32 cm (p \u00d7 l)<\/h6>\n<\/li>\n<li data-start=\"721\" data-end=\"880\">\n<h6>Lamami pavir\u0161ius: 90 \u00d7 30,5 cm (p \u00d7 l)<\/h6>\n<\/li>\n<li>\n<h6 data-start=\"2857\" data-end=\"3039\">Lop\u0161io gulimas pavir\u0161ius: 77 \u00d7 35 cm (p x l)<\/h6>\n<\/li>\n<\/ul>\n<h6><strong><em>Suderinamumas su apsauginiais lop\u0161iais<\/em><\/strong><\/h6>\n<ul>\n<li>\n<h6><b>ABC Design:<\/b> Tulp\u0117<\/h6>\n<\/li>\n<li>\n<h6><b>&#8222;Maxi-Cosi\": &#8222;Convertible-Fix<\/b> &#8222;, &#8222;Coral\", &#8222;Pebble 360 Pro\", &#8222;Pebble 360 Pro 2<\/h6>\n<\/li>\n<li>\n<h6>&#8222;<b>Cybex\": &#8222;Cloud<\/b> T<\/h6>\n<\/li>\n<li>\n<h6><b>Joie:<\/b> i-Gemm<\/h6>\n<\/li>\n<li>\n<h6><b>Aviacijos pilotas: Cosmo<\/b><\/h6>\n<\/li>\n<\/ul>\n<h6>&#8222;City Life\" - puikus pasirinkimas miesto gyventojams, vertinantiems mobilum\u0105, paprast\u0105 naudojim\u0105, patogum\u0105 ir stili\u0173. <em>Su\u017einokite daugiau \u012fvadiniame <a href=\"https:\/\/www.youtube.com\/watch?v=ViSgAaDTKfI&amp;embeds_referring_euri=https%3A%2F%2Fwww.abc-design.de%2F&amp;embeds_referring_origin=https%3A%2F%2Fwww.abc-design.de\">vaizdo \u012fra\u0161e .<\/a><\/em><\/h6>\n<\/div>\n<\/div>\n","protected":false},"excerpt":{"rendered":"<h6 data-start=\"130\" data-end=\"191\">&#8222;City Life 2in1&#8243; ve\u017eim\u0117lio komplekt\u0105 galima naudoti nuo pat gimimo. &#8222;City Life\" yra lengvas ir kompakti\u0161kas ve\u017eim\u0117lis, kuris auga kartu su j\u016bs\u0173 k\u016bdikiu. Su komplekte esan\u010diu ve\u017eim\u0117lio krep\u0161eliu ir lop\u0161io adapteriais jis paruo\u0161tas naudoti nuo pat gimimo ir tinkamas naudoti ma\u017edaug iki 4 m\u0117nesi\u0173. nuo. D\u0117l kompakti\u0161ko sulankstomo r\u0117mo, geros pakabos ir pasukamos s\u0117dyn\u0117s jis puikiai tinka va\u017ein\u0117ti miesto gatv\u0117mis, parkais ir \u017evyrkeliais.<\/h6>\n","protected":false},"featured_media":80993,"comment_status":"open","ping_status":"closed","template":"","meta":{"_acf_changed":false,"om_disable_all_campaigns":false,"_monsterinsights_skip_tracking":false,"_monsterinsights_sitenote_active":false,"_monsterinsights_sitenote_note":"","_monsterinsights_sitenote_category":0,"_uf_show_specific_survey":0,"_uf_disable_surveys":false,"site-sidebar-layout":"default","site-content-layout":"","ast-site-content-layout":"default","site-content-style":"default","site-sidebar-style":"default","ast-global-header-display":"","ast-banner-title-visibility":"","ast-main-header-display":"","ast-hfb-above-header-display":"","ast-hfb-below-header-display":"","ast-hfb-mobile-header-display":"","site-post-title":"","ast-breadcrumbs-content":"","ast-featured-img":"","footer-sml-layout":"","theme-transparent-header-meta":"default","adv-header-id-meta":"","stick-header-meta":"","header-above-stick-meta":"","header-main-stick-meta":"","header-below-stick-meta":"","astra-migrate-meta-layouts":"set","ast-page-background-enabled":"default","ast-page-background-meta":{"desktop":{"background-color":"var(--ast-global-color-4)","background-image":"","background-repeat":"repeat","background-position":"center center","background-size":"auto","background-attachment":"scroll","background-type":"","background-media":"","overlay-type":"","overlay-color":"","overlay-opacity":"","overlay-gradient":""},"tablet":{"background-color":"","background-image":"","background-repeat":"repeat","background-position":"center center","background-size":"auto","background-attachment":"scroll","background-type":"","background-media":"","overlay-type":"","overlay-color":"","overlay-opacity":"","overlay-gradient":""},"mobile":{"background-color":"","background-image":"","background-repeat":"repeat","background-position":"center center","background-size":"auto","background-attachment":"scroll","background-type":"","background-media":"","overlay-type":"","overlay-color":"","overlay-opacity":"","overlay-gradient":""}},"ast-content-background-meta":{"desktop":{"background-color":"var(--ast-global-color-5)","background-image":"","background-repeat":"repeat","background-position":"center center","background-size":"auto","background-attachment":"scroll","background-type":"","background-media":"","overlay-type":"","overlay-color":"","overlay-opacity":"","overlay-gradient":""},"tablet":{"background-color":"var(--ast-global-color-5)","background-image":"","background-repeat":"repeat","background-position":"center center","background-size":"auto","background-attachment":"scroll","background-type":"","background-media":"","overlay-type":"","overlay-color":"","overlay-opacity":"","overlay-gradient":""},"mobile":{"background-color":"var(--ast-global-color-5)","background-image":"","background-repeat":"repeat","background-position":"center center","background-size":"auto","background-attachment":"scroll","background-type":"","background-media":"","overlay-type":"","overlay-color":"","overlay-opacity":"","overlay-gradient":""}}},"product_brand":[273],"product_cat":[525,514,390,321],"product_tag":[],"class_list":{"0":"post-81253","1":"product","2":"type-product","3":"status-publish","4":"has-post-thumbnail","6":"product_brand-abc-design","7":"product_cat-abc-dizainas","8":"product_cat-nauji-produktai","9":"product_cat-cisternos","10":"product_cat-uncategorized-lt","11":"desktop-align-left","12":"tablet-align-left","13":"mobile-align-left","15":"first","16":"instock","17":"taxable","18":"shipping-taxable","19":"purchasable","20":"product-type-variable"},"acf":[],"aioseo_notices":[],"_links":{"self":[{"href":"https:\/\/hummy.ee\/lt\/wp-json\/wp\/v2\/product\/81253","targetHints":{"allow":["GET"]}}],"collection":[{"href":"https:\/\/hummy.ee\/lt\/wp-json\/wp\/v2\/product"}],"about":[{"href":"https:\/\/hummy.ee\/lt\/wp-json\/wp\/v2\/types\/product"}],"replies":[{"embeddable":true,"href":"https:\/\/hummy.ee\/lt\/wp-json\/wp\/v2\/comments?post=81253"}],"version-history":[{"count":2,"href":"https:\/\/hummy.ee\/lt\/wp-json\/wp\/v2\/product\/81253\/revisions"}],"predecessor-version":[{"id":81586,"href":"https:\/\/hummy.ee\/lt\/wp-json\/wp\/v2\/product\/81253\/revisions\/81586"}],"wp:featuredmedia":[{"embeddable":true,"href":"https:\/\/hummy.ee\/lt\/wp-json\/wp\/v2\/media\/80993"}],"wp:attachment":[{"href":"https:\/\/hummy.ee\/lt\/wp-json\/wp\/v2\/media?parent=81253"}],"wp:term":[{"taxonomy":"product_brand","embeddable":true,"href":"https:\/\/hummy.ee\/lt\/wp-json\/wp\/v2\/product_brand?post=81253"},{"taxonomy":"product_cat","embeddable":true,"href":"https:\/\/hummy.ee\/lt\/wp-json\/wp\/v2\/product_cat?post=81253"},{"taxonomy":"product_tag","embeddable":true,"href":"https:\/\/hummy.ee\/lt\/wp-json\/wp\/v2\/product_tag?post=81253"}],"curies":[{"name":"wp","href":"https:\/\/api.w.org\/{rel}","templated":true}]}}