{"id":81112,"date":"2026-02-13T11:52:04","date_gmt":"2026-02-13T11:52:04","guid":{"rendered":"https:\/\/hummy.ee\/product\/abc-design-city-life-lopsys\/"},"modified":"2026-02-16T09:57:01","modified_gmt":"2026-02-16T09:57:01","slug":"abc-design-city-life-lopsys","status":"publish","type":"product","link":"https:\/\/hummy.ee\/lt\/produktas\/abc-design-city-life-lopsys\/","title":{"rendered":"&#8222;ABC Design City Life\" lop\u0161ys"},"content":{"rendered":"<h6 data-start=\"1240\" data-end=\"1259\"><em><strong>Rinkin\u012f sudaro<\/strong><\/em><\/h6>\n<ul data-start=\"1261\" data-end=\"1485\">\n<li data-start=\"1261\" data-end=\"1294\">\n<h6>&#8222;City Life\" lop\u0161ys<\/h6>\n<\/li>\n<li data-start=\"344\" data-end=\"872\">\n<h6>&#8222;CozyCloud\u00ae\" \u010diu\u017einiai<\/h6>\n<\/li>\n<li data-start=\"1261\" data-end=\"1294\">\n<h6>Organizatoriaus krep\u0161ys<\/h6>\n<\/li>\n<\/ul>\n<h6 data-start=\"685\" data-end=\"720\"><strong><em>I\u0161manieji sprendimai t\u0117vams<\/em><\/strong><\/h6>\n<h6 data-start=\"722\" data-end=\"1145\">Patogus organizatorius padeda laikyti visus k\u016bdikiui reikalingus daiktus po ranka. Lop\u0161ini\u0173 buteliukai, servet\u0117l\u0117s, servet\u0117l\u0117s ir kiti daiktai ras saugi\u0105 viet\u0105 ir bus visada patogiai pasiekiami. Krep\u0161\u012f galima pritvirtinti prie lop\u0161io krep\u0161elio kojel\u0117s, kad saugiai laikytum\u0117te tokius daiktus kaip mobilieji telefonai ir raktai, arba pakabinti ant lop\u0161io rankenos su ABC Design tvirtinimo elementais, kad greitai pasiektum\u0117te b\u016btiniausius daiktus.<\/h6>\n<h6 data-start=\"1147\" data-end=\"1480\">Be to, lop\u0161ys turi du atskirus ventiliacijos langus, kuriuos galima atidaryti ir u\u017edaryti, kad b\u016bt\u0173 u\u017etikrintas optimalus oro srautas ir gal\u0117tum\u0117te nuolat steb\u0117ti savo k\u016bdik\u012f. Tuo pa\u010diu metu j\u016bs\u0173 smalsus ma\u017eylis gali saugiai tyrin\u0117ti j\u012f supant\u012f pasaul\u012f. Smulkus tinklelis apsaugo k\u016bdik\u012f nuo uod\u0173 ir kit\u0173 vabzd\u017ei\u0173, u\u017etikrindamas saugi\u0105 ir patogi\u0105 aplink\u0105.<\/h6>\n<p>&nbsp;<\/p>\n<h6 data-start=\"1482\" data-end=\"1522\"><strong><em>Did\u017eiausias komfortas ir prakti\u0161kumas<\/em><\/strong><\/h6>\n<h6 data-start=\"1524\" data-end=\"1803\">Lop\u0161\u012f ypa\u010d lengva naudoti d\u0117l atminties funkcijos, kuri\u0105 atlieka tvirtinimo spaustukai ant lop\u0161io. Viena ranka galima atidaryti spaustukus po vien\u0105, o kita ranka galima laisvai laikyti ve\u017eim\u0117lio ranken\u0105. D\u0117l to lop\u0161\u012f nuo ve\u017eim\u0117lio r\u0117mo nuimti dar patogiau ir saugiau. Keliaujant lop\u0161ys prakti\u0161kai sulankstomas, tod\u0117l automobilyje u\u017eima ma\u017eai vietos. Tod\u0117l k\u016bdik\u012f lengva ve\u017etis \u012f ilgesnes keliones.<\/h6>\n<p>&nbsp;<\/p>\n<h6 data-start=\"1953\" data-end=\"1976\"><strong><em>Pagrindin\u0117s funkcijos<\/em><\/strong><\/h6>\n<ul data-start=\"1978\" data-end=\"2377\">\n<li data-start=\"1978\" data-end=\"2066\">\n<h6>Did\u017eiausias komfortas - &#8222;CozyCloud\u00ae\" \u010diu\u017einys su ergonomi\u0161ku galvos atlo\u0161u ir kv\u0117puojan\u010dia med\u017eiaga<\/h6>\n<\/li>\n<li data-start=\"2067\" data-end=\"2134\">\n<h6>Pridedamas patogus organizavimo mai\u0161elis - visada tur\u0117kite b\u016btiniausi\u0173 reikmen\u0173 po ranka<\/h6>\n<\/li>\n<li data-start=\"2135\" data-end=\"2197\">\n<h6>Optimali oro cirkuliacija - atidaromi v\u0117dinimo langai ir tinklelis nuo vabzd\u017ei\u0173<\/h6>\n<\/li>\n<li data-start=\"2198\" data-end=\"2270\">\n<h6>Laikikliai su atminties funkcija - lengvas ir saugus nu\u0117mimas<\/h6>\n<\/li>\n<li data-start=\"2271\" data-end=\"2327\">\n<h6>Kompakti\u0161kas ir sulankstomas - idealiai tinka transportuoti<\/h6>\n<\/li>\n<li data-start=\"2328\" data-end=\"2377\">\n<h6>I\u0161traukiamas petys - papildoma apsauga nuo saul\u0117s<\/h6>\n<\/li>\n<\/ul>\n<h6 data-start=\"2379\" data-end=\"2402\"><strong><em>Techniniai duomenys<\/em><\/strong><\/h6>\n<ul>\n<li style=\"list-style-type: none;\">\n<ul>\n<li data-start=\"2212\" data-end=\"2247\">\n<h6 data-start=\"2214\" data-end=\"2247\"><strong data-start=\"2214\" data-end=\"2230\">Lamami pavir\u0161ius: 77 \u00d7<\/strong> 35 cm<\/h6>\n<\/li>\n<li data-start=\"2248\" data-end=\"2268\">\n<h6 data-start=\"2250\" data-end=\"2268\"><strong data-start=\"2250\" data-end=\"2259\">Svoris: 4,9 kg<\/strong><\/h6>\n<\/li>\n<li data-start=\"2248\" data-end=\"2268\">\n<h6 data-start=\"2250\" data-end=\"2268\"><strong>Suderinamumas:<\/strong> ABC Design &#8222;City Life<\/h6>\n<\/li>\n<\/ul>\n<\/li>\n<\/ul>\n<h6><\/h6>\n<h6><\/h6>\n","protected":false},"excerpt":{"rendered":"<div class=\"elementor-element elementor-element-d62c78b elementor-widget elementor-widget-woocommerce-product-short-description\" data-id=\"d62c78b\" data-element_type=\"widget\" data-widget_type=\"woocommerce-product-short-description.default\">\n<div class=\"elementor-widget-container\">\n<div class=\"woocommerce-product-details__short-description\">\n<h6 data-start=\"88\" data-end=\"141\">&#8222;CozyCloud\u00ae\" \u010diu\u017einys - debes\u0173 mink\u0161tumo komfortas k\u016bdikiui. J\u016bs\u0173 k\u016bdikiui miegas ant CozyCloud\u00ae \u010diu\u017einio bus tarsi ant debes\u0173. Ypa\u010d mink\u0161tas ir patogus \u010diu\u017einys pagamintas i\u0161 kv\u0117puojan\u010di\u0173, v\u0117s\u0105 sulaikan\u010di\u0173 put\u0173 su integruotais oro kanalais, u\u017etikrinan\u010diais ideal\u0173 miego klimat\u0105. D\u0117l plei\u0161to formos galvos atramos ir reguliuojamo vir\u0161aus \u010diu\u017einys ergonomi\u0161kai palaiko k\u016bdikio k\u016bn\u0105, pad\u0117damas jam rasti tinkam\u0105 ir saugi\u0105 miego pad\u0117t\u012f. Be to, \u010diu\u017einys turi paauk\u0161tintus mink\u0161tus apsauginius kra\u0161tus, kurie saugo k\u016bdikio galv\u0105 nuo ventiliacijos langelio. Taigi j\u016bs\u0173 ma\u017eylis gali miegoti ramiai ir netrukdomas.<\/h6>\n<\/div>\n<\/div>\n<\/div>\n<div class=\"elementor-element elementor-element-26a2bbb e-add-to-cart--show-quantity-yes elementor-widget elementor-widget-woocommerce-product-add-to-cart\" data-id=\"26a2bbb\" data-element_type=\"widget\" data-widget_type=\"woocommerce-product-add-to-cart.default\">\n<div class=\"elementor-widget-container\">\n<div class=\"elementor-add-to-cart elementor-product-variable\"><\/div>\n<\/div>\n<\/div>\n","protected":false},"featured_media":81153,"comment_status":"open","ping_status":"closed","template":"","meta":{"_acf_changed":false,"om_disable_all_campaigns":false,"_monsterinsights_skip_tracking":false,"_monsterinsights_sitenote_active":false,"_monsterinsights_sitenote_note":"","_monsterinsights_sitenote_category":0,"_uf_show_specific_survey":0,"_uf_disable_surveys":false,"site-sidebar-layout":"default","site-content-layout":"","ast-site-content-layout":"default","site-content-style":"default","site-sidebar-style":"default","ast-global-header-display":"","ast-banner-title-visibility":"","ast-main-header-display":"","ast-hfb-above-header-display":"","ast-hfb-below-header-display":"","ast-hfb-mobile-header-display":"","site-post-title":"","ast-breadcrumbs-content":"","ast-featured-img":"","footer-sml-layout":"","theme-transparent-header-meta":"default","adv-header-id-meta":"","stick-header-meta":"","header-above-stick-meta":"","header-main-stick-meta":"","header-below-stick-meta":"","astra-migrate-meta-layouts":"set","ast-page-background-enabled":"default","ast-page-background-meta":{"desktop":{"background-color":"var(--ast-global-color-4)","background-image":"","background-repeat":"repeat","background-position":"center center","background-size":"auto","background-attachment":"scroll","background-type":"","background-media":"","overlay-type":"","overlay-color":"","overlay-opacity":"","overlay-gradient":""},"tablet":{"background-color":"","background-image":"","background-repeat":"repeat","background-position":"center center","background-size":"auto","background-attachment":"scroll","background-type":"","background-media":"","overlay-type":"","overlay-color":"","overlay-opacity":"","overlay-gradient":""},"mobile":{"background-color":"","background-image":"","background-repeat":"repeat","background-position":"center center","background-size":"auto","background-attachment":"scroll","background-type":"","background-media":"","overlay-type":"","overlay-color":"","overlay-opacity":"","overlay-gradient":""}},"ast-content-background-meta":{"desktop":{"background-color":"var(--ast-global-color-5)","background-image":"","background-repeat":"repeat","background-position":"center center","background-size":"auto","background-attachment":"scroll","background-type":"","background-media":"","overlay-type":"","overlay-color":"","overlay-opacity":"","overlay-gradient":""},"tablet":{"background-color":"var(--ast-global-color-5)","background-image":"","background-repeat":"repeat","background-position":"center center","background-size":"auto","background-attachment":"scroll","background-type":"","background-media":"","overlay-type":"","overlay-color":"","overlay-opacity":"","overlay-gradient":""},"mobile":{"background-color":"var(--ast-global-color-5)","background-image":"","background-repeat":"repeat","background-position":"center center","background-size":"auto","background-attachment":"scroll","background-type":"","background-media":"","overlay-type":"","overlay-color":"","overlay-opacity":"","overlay-gradient":""}}},"product_brand":[273],"product_cat":[525,577,514],"product_tag":[],"class_list":{"0":"post-81112","1":"product","2":"type-product","3":"status-publish","4":"has-post-thumbnail","6":"product_brand-abc-design","7":"product_cat-abc-dizainas","8":"product_cat-pinti-krepsiai","9":"product_cat-nauji-produktai","10":"desktop-align-left","11":"tablet-align-left","12":"mobile-align-left","14":"first","15":"instock","16":"taxable","17":"shipping-taxable","18":"purchasable","19":"product-type-variable"},"acf":[],"aioseo_notices":[],"_links":{"self":[{"href":"https:\/\/hummy.ee\/lt\/wp-json\/wp\/v2\/product\/81112","targetHints":{"allow":["GET"]}}],"collection":[{"href":"https:\/\/hummy.ee\/lt\/wp-json\/wp\/v2\/product"}],"about":[{"href":"https:\/\/hummy.ee\/lt\/wp-json\/wp\/v2\/types\/product"}],"replies":[{"embeddable":true,"href":"https:\/\/hummy.ee\/lt\/wp-json\/wp\/v2\/comments?post=81112"}],"version-history":[{"count":2,"href":"https:\/\/hummy.ee\/lt\/wp-json\/wp\/v2\/product\/81112\/revisions"}],"predecessor-version":[{"id":81614,"href":"https:\/\/hummy.ee\/lt\/wp-json\/wp\/v2\/product\/81112\/revisions\/81614"}],"wp:featuredmedia":[{"embeddable":true,"href":"https:\/\/hummy.ee\/lt\/wp-json\/wp\/v2\/media\/81153"}],"wp:attachment":[{"href":"https:\/\/hummy.ee\/lt\/wp-json\/wp\/v2\/media?parent=81112"}],"wp:term":[{"taxonomy":"product_brand","embeddable":true,"href":"https:\/\/hummy.ee\/lt\/wp-json\/wp\/v2\/product_brand?post=81112"},{"taxonomy":"product_cat","embeddable":true,"href":"https:\/\/hummy.ee\/lt\/wp-json\/wp\/v2\/product_cat?post=81112"},{"taxonomy":"product_tag","embeddable":true,"href":"https:\/\/hummy.ee\/lt\/wp-json\/wp\/v2\/product_tag?post=81112"}],"curies":[{"name":"wp","href":"https:\/\/api.w.org\/{rel}","templated":true}]}}