{"id":80970,"date":"2026-02-13T11:51:46","date_gmt":"2026-02-13T11:51:46","guid":{"rendered":"https:\/\/hummy.ee\/product\/abc-design-city-life-lopsio-adapteris\/"},"modified":"2026-02-16T09:56:30","modified_gmt":"2026-02-16T09:56:30","slug":"abc-design-city-life-lopsio-adapteris","status":"publish","type":"product","link":"https:\/\/hummy.ee\/lt\/produktas\/abc-design-city-life-lopsio-adapteris\/","title":{"rendered":"&#8222;ABC Design City Life\" lop\u0161io adapteris"},"content":{"rendered":"<h6><strong><em>Lengvas montavimas ir universalus pritaikymas<\/em><\/strong><\/h6>\n<h6>&#8222;City Life\" adapteriai yra specialiai sukurti taip, kad u\u017etikrint\u0173 patikim\u0105 ir saug\u0173 ve\u017eim\u0117lio ir lop\u0161io sujungim\u0105. \u012erengimas yra greitas ir paprastas, tod\u0117l i\u0161 automobilio \u012f ve\u017eim\u0117l\u012f gal\u0117site pers\u0117sti akimirksniu, o k\u016bdikis bus patogus ir saugus.<\/h6>\n<p>&nbsp;<\/p>\n<h6><strong><em>Suderinamas su \u0161iais ve\u017eim\u0117liais ABC Design:<\/em><\/strong><\/h6>\n<ul>\n<li data-start=\"813\" data-end=\"1020\">\n<h6><a href=\"https:\/\/hummy.ee\/lt\/?post_type=product&amp;p=81046\" target=\"_blank\" rel=\"noopener\">Gyvenimas mieste<\/a><\/h6>\n<\/li>\n<\/ul>\n<h6><strong><em>Suderinamumas su saugos lop\u0161iais:<\/em><\/strong><\/h6>\n<ul>\n<li data-start=\"1232\" data-end=\"1257\">\n<h6 data-start=\"1234\" data-end=\"1257\"><strong data-start=\"1234\" data-end=\"1249\">ABC Design:<\/strong> Tulp\u0117<\/h6>\n<\/li>\n<li data-start=\"1258\" data-end=\"1328\">\n<h6 data-start=\"1260\" data-end=\"1328\"><strong data-start=\"1260\" data-end=\"1274\">&#8222;Maxi-Cosi\": &#8222;Convertible-Fix<\/strong> &#8222;, &#8222;Coral\", &#8222;Pebble 360 Pro\", &#8222;Pebble 360 Pro 2<\/h6>\n<\/li>\n<li data-start=\"1329\" data-end=\"1351\">\n<h6 data-start=\"1331\" data-end=\"1351\">&#8222;<strong data-start=\"1331\" data-end=\"1341\">Cybex\": &#8222;Cloud<\/strong> T<\/h6>\n<\/li>\n<li data-start=\"1352\" data-end=\"1372\">\n<h6 data-start=\"1354\" data-end=\"1372\"><strong data-start=\"1354\" data-end=\"1363\">Joie:<\/strong> i-Gemm<\/h6>\n<\/li>\n<li data-start=\"1373\" data-end=\"1396\">\n<h6 data-start=\"1375\" data-end=\"1396\"><strong data-start=\"1375\" data-end=\"1388\">Aviacijos pilotas: Cosmo<\/strong><\/h6>\n<\/li>\n<\/ul>\n<h6><strong><em>Kod\u0117l verta rinktis &#8222;City Life\" lop\u0161io adapter\u012f?<\/em><\/strong><\/h6>\n<ul>\n<li data-start=\"1560\" data-end=\"1866\">\n<h6>Did\u017eiausias patogumas - perkelkite k\u016bdik\u012f tiesiai i\u0161 automobilio \u012f ve\u017eim\u0117l\u012f jo nepabudindami.<\/h6>\n<\/li>\n<li data-start=\"1560\" data-end=\"1866\">\n<h6>Greitas ir paprastas montavimas - prie &#8222;City Life\" ve\u017eim\u0117lio r\u0117mo pritvirtinamas akimirksniu.<\/h6>\n<\/li>\n<li data-start=\"1560\" data-end=\"1866\">\n<h6>Platus suderinamumas - suderinamas su daugeliu populiari\u0173 saugos lop\u0161i\u0173<\/h6>\n<\/li>\n<li data-start=\"1560\" data-end=\"1866\">\n<h6>Saugus ir patvarus - u\u017etikrina saug\u0173 prigludim\u0105 ir skland\u0173 va\u017eiavim\u0105<\/h6>\n<\/li>\n<\/ul>\n<h6><\/h6>\n<h6>Negai\u0161kite laiko sud\u0117tingoms tvirtinimo sistemoms - &#8222;City Life\" ne\u0161iokl\u0117s adapteris palengvins j\u016bs\u0173 gyvenim\u0105 ir suteiks pasivaik\u0161\u010diojimams daugiau komforto!<\/h6>\n","protected":false},"excerpt":{"rendered":"<h6 data-start=\"1013\" data-end=\"1151\">&#8222;ABC Design City Life\" lop\u0161io adapteris specialiai sukurtas \" <a href=\"https:\/\/hummy.ee\/lt\/?post_type=product&amp;p=81046\" target=\"_blank\" rel=\"noopener\">City Life \" ve\u017eim\u0117liui<\/a>, tod\u0117l jis tampa prakti\u0161ka kelioni\u0173 sistema nuo pat gimimo. Lop\u0161io adapteris leid\u017eia pritvirtinti lop\u0161\u012f tiesiai prie ve\u017eim\u0117lio r\u0117mo, nereikia \u017eadinti k\u016bdikio ar atskirai j\u012f kelti. Tai puikus sprendimas, leid\u017eiantis greitai ir be r\u016bpes\u010di\u0173 jud\u0117ti tiek kasdien, tiek keliaujant.<\/h6>\n<h6 data-start=\"1153\" data-end=\"1231\"><\/h6>\n","protected":false},"featured_media":80971,"comment_status":"open","ping_status":"closed","template":"","meta":{"_acf_changed":false,"om_disable_all_campaigns":false,"_monsterinsights_skip_tracking":false,"_monsterinsights_sitenote_active":false,"_monsterinsights_sitenote_note":"","_monsterinsights_sitenote_category":0,"_uf_show_specific_survey":0,"_uf_disable_surveys":false,"site-sidebar-layout":"default","site-content-layout":"","ast-site-content-layout":"default","site-content-style":"default","site-sidebar-style":"default","ast-global-header-display":"","ast-banner-title-visibility":"","ast-main-header-display":"","ast-hfb-above-header-display":"","ast-hfb-below-header-display":"","ast-hfb-mobile-header-display":"","site-post-title":"","ast-breadcrumbs-content":"","ast-featured-img":"","footer-sml-layout":"","theme-transparent-header-meta":"default","adv-header-id-meta":"","stick-header-meta":"","header-above-stick-meta":"","header-main-stick-meta":"","header-below-stick-meta":"","astra-migrate-meta-layouts":"set","ast-page-background-enabled":"default","ast-page-background-meta":{"desktop":{"background-color":"var(--ast-global-color-4)","background-image":"","background-repeat":"repeat","background-position":"center center","background-size":"auto","background-attachment":"scroll","background-type":"","background-media":"","overlay-type":"","overlay-color":"","overlay-opacity":"","overlay-gradient":""},"tablet":{"background-color":"","background-image":"","background-repeat":"repeat","background-position":"center center","background-size":"auto","background-attachment":"scroll","background-type":"","background-media":"","overlay-type":"","overlay-color":"","overlay-opacity":"","overlay-gradient":""},"mobile":{"background-color":"","background-image":"","background-repeat":"repeat","background-position":"center center","background-size":"auto","background-attachment":"scroll","background-type":"","background-media":"","overlay-type":"","overlay-color":"","overlay-opacity":"","overlay-gradient":""}},"ast-content-background-meta":{"desktop":{"background-color":"var(--ast-global-color-5)","background-image":"","background-repeat":"repeat","background-position":"center center","background-size":"auto","background-attachment":"scroll","background-type":"","background-media":"","overlay-type":"","overlay-color":"","overlay-opacity":"","overlay-gradient":""},"tablet":{"background-color":"var(--ast-global-color-5)","background-image":"","background-repeat":"repeat","background-position":"center center","background-size":"auto","background-attachment":"scroll","background-type":"","background-media":"","overlay-type":"","overlay-color":"","overlay-opacity":"","overlay-gradient":""},"mobile":{"background-color":"var(--ast-global-color-5)","background-image":"","background-repeat":"repeat","background-position":"center center","background-size":"auto","background-attachment":"scroll","background-type":"","background-media":"","overlay-type":"","overlay-color":"","overlay-opacity":"","overlay-gradient":""}}},"product_brand":[273],"product_cat":[525,373,331,514],"product_tag":[],"class_list":{"0":"post-80970","1":"product","2":"type-product","3":"status-publish","4":"has-post-thumbnail","6":"product_brand-abc-design","7":"product_cat-abc-dizainas","8":"product_cat-adapteriai","9":"product_cat-apipjaustymo-priedai","10":"product_cat-nauji-produktai","11":"desktop-align-left","12":"tablet-align-left","13":"mobile-align-left","15":"first","16":"instock","17":"taxable","18":"shipping-taxable","19":"purchasable","20":"product-type-simple"},"acf":[],"aioseo_notices":[],"_links":{"self":[{"href":"https:\/\/hummy.ee\/lt\/wp-json\/wp\/v2\/product\/80970","targetHints":{"allow":["GET"]}}],"collection":[{"href":"https:\/\/hummy.ee\/lt\/wp-json\/wp\/v2\/product"}],"about":[{"href":"https:\/\/hummy.ee\/lt\/wp-json\/wp\/v2\/types\/product"}],"replies":[{"embeddable":true,"href":"https:\/\/hummy.ee\/lt\/wp-json\/wp\/v2\/comments?post=80970"}],"version-history":[{"count":3,"href":"https:\/\/hummy.ee\/lt\/wp-json\/wp\/v2\/product\/80970\/revisions"}],"predecessor-version":[{"id":81611,"href":"https:\/\/hummy.ee\/lt\/wp-json\/wp\/v2\/product\/80970\/revisions\/81611"}],"wp:featuredmedia":[{"embeddable":true,"href":"https:\/\/hummy.ee\/lt\/wp-json\/wp\/v2\/media\/80971"}],"wp:attachment":[{"href":"https:\/\/hummy.ee\/lt\/wp-json\/wp\/v2\/media?parent=80970"}],"wp:term":[{"taxonomy":"product_brand","embeddable":true,"href":"https:\/\/hummy.ee\/lt\/wp-json\/wp\/v2\/product_brand?post=80970"},{"taxonomy":"product_cat","embeddable":true,"href":"https:\/\/hummy.ee\/lt\/wp-json\/wp\/v2\/product_cat?post=80970"},{"taxonomy":"product_tag","embeddable":true,"href":"https:\/\/hummy.ee\/lt\/wp-json\/wp\/v2\/product_tag?post=80970"}],"curies":[{"name":"wp","href":"https:\/\/api.w.org\/{rel}","templated":true}]}}