{"id":80942,"date":"2026-02-13T11:51:51","date_gmt":"2026-02-13T11:51:51","guid":{"rendered":"https:\/\/hummy.ee\/product\/abc-design-city-life-aukscio-adapteris\/"},"modified":"2026-02-16T09:56:40","modified_gmt":"2026-02-16T09:56:40","slug":"abc-design-city-life-aukscio-adapteris","status":"publish","type":"product","link":"https:\/\/hummy.ee\/lt\/produktas\/abc-design-city-life-aukscio-adapteris\/","title":{"rendered":"&#8222;ABC Design City Life\" auk\u0161\u010dio adapteris"},"content":{"rendered":"<h6>Ar manote, kad stumti ve\u017eim\u0117l\u012f nepatogu arba tenka nuolat lankstytis? Su &#8222;ABC Design\" auk\u0161\u010dio adapteriu lop\u0161ys arba s\u0117dyn\u0117 pakeliama +8 cm, tod\u0117l ve\u017eim\u0117lis tampa patogesnis ir pager\u0117ja laikysena. Tai puikus sprendimas auk\u0161tiems t\u0117vams, norintiems m\u0117gautis ergonomi\u0161ku ir nevarginan\u010diu vaik\u0161\u010diojimu.<\/h6>\n<p>&nbsp;<\/p>\n<h6><strong><em>Kod\u0117l verta rinktis &#8222;City Life\" auk\u0161\u010dio adapter\u012f?<\/em><\/strong><\/h6>\n<ul>\n<li>\n<h6>Ergonomi\u0161kas dizainas - gerina laikysen\u0105 ir ma\u017eina nugaros apkrov\u0105<\/h6>\n<\/li>\n<li>\n<h6>Lengvas montavimas - adapteris yra stabilus ir patikimas<\/h6>\n<\/li>\n<li>\n<h6>Lengviau pasiekti k\u016bdik\u012f - nereikia pasilenkti, k\u016bdikis pasiekiamas ranka.<\/h6>\n<\/li>\n<li>\n<h6>Padidina ve\u017eim\u0117lio erdv\u0119 kojoms - daugiau vietos jud\u0117ti ir geresn\u0117 pusiausvyra<\/h6>\n<\/li>\n<li>\n<h6>Tvirtas ir ilgaam\u017eis - tvirtas inkaras, u\u017etikrinantis saugum\u0105<\/h6>\n<\/li>\n<\/ul>\n<p>&nbsp;<\/p>\n<h6><strong><em>Puikus sprendimas auk\u0161tiems t\u0117vams<\/em><\/strong><\/h6>\n<h6>Daugelis t\u0117v\u0173 susiduria su problema, kad ve\u017eim\u0117lio auk\u0161tis jiems n\u0117ra optimalus. D\u0117l to jie priversti nuolat lenktis \u012f priek\u012f, o tai gali sukelti nugaros skausmus ir diskomfort\u0105. \u0160i\u0105 problem\u0105 i\u0161sprend\u017eia &#8222;City Life\" auk\u0161\u010dio adapteris, kuris pakelia vaik\u0105 auk\u0161\u010diau ir leid\u017eia t\u0117vams i\u0161laikyti nat\u016brali\u0105 laikysen\u0105.<\/h6>\n<p>&nbsp;<\/p>\n<h6><strong><em>Auk\u0161\u010dio adapteris tinka \u0161iems ABC Design ve\u017eim\u0117liams:<\/em><\/strong><\/h6>\n<ul>\n<li>\n<h6>City Life - Lop\u0161ys, s\u0117dyn\u0117, Tulip lop\u0161ys ir kit\u0173 prek\u0117s \u017eenkl\u0173 lop\u0161iai.<\/h6>\n<\/li>\n<\/ul>\n<h6><strong><em>Suderinamumas su saugos lop\u0161iais<\/em><\/strong><\/h6>\n<ul>\n<li data-start=\"1290\" data-end=\"1310\">\n<h6 data-start=\"1292\" data-end=\"1310\">ABC Design Tulp\u0117<\/h6>\n<\/li>\n<li data-start=\"1311\" data-end=\"1326\">\n<h6 data-start=\"1313\" data-end=\"1326\">&#8222;Joie i-Gemm<\/h6>\n<\/li>\n<li data-start=\"1327\" data-end=\"1350\">\n<h6 data-start=\"1329\" data-end=\"1350\">&#8222;Maxi-Cosi CabrioFix<\/h6>\n<\/li>\n<li data-start=\"1351\" data-end=\"1370\">\n<h6 data-start=\"1353\" data-end=\"1370\">&#8222;Maxi-Cosi Coral<\/h6>\n<\/li>\n<li data-start=\"1371\" data-end=\"1389\">\n<h6 data-start=\"1373\" data-end=\"1389\">Avionaut Cosmo<\/h6>\n<\/li>\n<li data-start=\"1390\" data-end=\"1418\">\n<h6 data-start=\"1392\" data-end=\"1418\">&#8222;Maxi-Cosi Pebble 360 Pro<\/h6>\n<\/li>\n<li data-start=\"1419\" data-end=\"1449\">\n<h6 data-start=\"1421\" data-end=\"1449\">&#8222;Maxi-Cosi Pebble 360 Pro 2<\/h6>\n<\/li>\n<li data-start=\"1450\" data-end=\"1467\">\n<h6 data-start=\"1452\" data-end=\"1467\">&#8222;Cybex Cloud T<\/h6>\n<\/li>\n<\/ul>\n<h6>Atraskite &#8222;ABC Design\" auk\u0161\u010dio adapter\u012f ir m\u0117gaukit\u0117s patogesniu ir ergonomi\u0161kesniu vaik\u0161\u010diojimu su &#8222;City Life\" ve\u017eim\u0117liu.<\/h6>\n","protected":false},"excerpt":{"rendered":"<h6>Adapteris paauk\u0161tina &#8222;City Life\" ve\u017eim\u0117lio, lop\u0161io ir lop\u0161io krep\u0161io dal\u012f (+8 cm), tod\u0117l juo lengviau naudotis - idealiai tinka auk\u0161tesniems t\u0117vams. Su paauk\u0161tintais priedais galite patogiau ir lengviau \u012fd\u0117ti k\u016bdik\u012f \u012f ve\u017eim\u0117l\u012f arba i\u0161 jo i\u0161kelti nesilenkdami. Tai palengvina nugar\u0105 ir palengvina ve\u017eim\u0117lio valdym\u0105.<\/h6>\n","protected":false},"featured_media":80947,"comment_status":"open","ping_status":"closed","template":"","meta":{"_acf_changed":false,"om_disable_all_campaigns":false,"_monsterinsights_skip_tracking":false,"_monsterinsights_sitenote_active":false,"_monsterinsights_sitenote_note":"","_monsterinsights_sitenote_category":0,"_uf_show_specific_survey":0,"_uf_disable_surveys":false,"site-sidebar-layout":"default","site-content-layout":"","ast-site-content-layout":"default","site-content-style":"default","site-sidebar-style":"default","ast-global-header-display":"","ast-banner-title-visibility":"","ast-main-header-display":"","ast-hfb-above-header-display":"","ast-hfb-below-header-display":"","ast-hfb-mobile-header-display":"","site-post-title":"","ast-breadcrumbs-content":"","ast-featured-img":"","footer-sml-layout":"","theme-transparent-header-meta":"default","adv-header-id-meta":"","stick-header-meta":"","header-above-stick-meta":"","header-main-stick-meta":"","header-below-stick-meta":"","astra-migrate-meta-layouts":"set","ast-page-background-enabled":"default","ast-page-background-meta":{"desktop":{"background-color":"var(--ast-global-color-4)","background-image":"","background-repeat":"repeat","background-position":"center center","background-size":"auto","background-attachment":"scroll","background-type":"","background-media":"","overlay-type":"","overlay-color":"","overlay-opacity":"","overlay-gradient":""},"tablet":{"background-color":"","background-image":"","background-repeat":"repeat","background-position":"center center","background-size":"auto","background-attachment":"scroll","background-type":"","background-media":"","overlay-type":"","overlay-color":"","overlay-opacity":"","overlay-gradient":""},"mobile":{"background-color":"","background-image":"","background-repeat":"repeat","background-position":"center center","background-size":"auto","background-attachment":"scroll","background-type":"","background-media":"","overlay-type":"","overlay-color":"","overlay-opacity":"","overlay-gradient":""}},"ast-content-background-meta":{"desktop":{"background-color":"var(--ast-global-color-5)","background-image":"","background-repeat":"repeat","background-position":"center center","background-size":"auto","background-attachment":"scroll","background-type":"","background-media":"","overlay-type":"","overlay-color":"","overlay-opacity":"","overlay-gradient":""},"tablet":{"background-color":"var(--ast-global-color-5)","background-image":"","background-repeat":"repeat","background-position":"center center","background-size":"auto","background-attachment":"scroll","background-type":"","background-media":"","overlay-type":"","overlay-color":"","overlay-opacity":"","overlay-gradient":""},"mobile":{"background-color":"var(--ast-global-color-5)","background-image":"","background-repeat":"repeat","background-position":"center center","background-size":"auto","background-attachment":"scroll","background-type":"","background-media":"","overlay-type":"","overlay-color":"","overlay-opacity":"","overlay-gradient":""}}},"product_brand":[273],"product_cat":[525,373,331,514],"product_tag":[],"class_list":{"0":"post-80942","1":"product","2":"type-product","3":"status-publish","4":"has-post-thumbnail","6":"product_brand-abc-design","7":"product_cat-abc-dizainas","8":"product_cat-adapteriai","9":"product_cat-apipjaustymo-priedai","10":"product_cat-nauji-produktai","11":"desktop-align-left","12":"tablet-align-left","13":"mobile-align-left","15":"first","16":"instock","17":"taxable","18":"shipping-taxable","19":"purchasable","20":"product-type-simple"},"acf":[],"aioseo_notices":[],"_links":{"self":[{"href":"https:\/\/hummy.ee\/lt\/wp-json\/wp\/v2\/product\/80942","targetHints":{"allow":["GET"]}}],"collection":[{"href":"https:\/\/hummy.ee\/lt\/wp-json\/wp\/v2\/product"}],"about":[{"href":"https:\/\/hummy.ee\/lt\/wp-json\/wp\/v2\/types\/product"}],"replies":[{"embeddable":true,"href":"https:\/\/hummy.ee\/lt\/wp-json\/wp\/v2\/comments?post=80942"}],"version-history":[{"count":2,"href":"https:\/\/hummy.ee\/lt\/wp-json\/wp\/v2\/product\/80942\/revisions"}],"predecessor-version":[{"id":81612,"href":"https:\/\/hummy.ee\/lt\/wp-json\/wp\/v2\/product\/80942\/revisions\/81612"}],"wp:featuredmedia":[{"embeddable":true,"href":"https:\/\/hummy.ee\/lt\/wp-json\/wp\/v2\/media\/80947"}],"wp:attachment":[{"href":"https:\/\/hummy.ee\/lt\/wp-json\/wp\/v2\/media?parent=80942"}],"wp:term":[{"taxonomy":"product_brand","embeddable":true,"href":"https:\/\/hummy.ee\/lt\/wp-json\/wp\/v2\/product_brand?post=80942"},{"taxonomy":"product_cat","embeddable":true,"href":"https:\/\/hummy.ee\/lt\/wp-json\/wp\/v2\/product_cat?post=80942"},{"taxonomy":"product_tag","embeddable":true,"href":"https:\/\/hummy.ee\/lt\/wp-json\/wp\/v2\/product_tag?post=80942"}],"curies":[{"name":"wp","href":"https:\/\/api.w.org\/{rel}","templated":true}]}}