{"id":80330,"date":"2026-03-03T19:16:35","date_gmt":"2026-03-03T19:16:35","guid":{"rendered":"https:\/\/hummy.ee\/?post_type=product&#038;p=80330"},"modified":"2026-03-10T11:17:24","modified_gmt":"2026-03-10T11:17:24","slug":"mamoa-m1-turvahalli-adapter","status":"publish","type":"product","link":"https:\/\/hummy.ee\/lt\/produktas\/mamoa-m1-turvahalli-adapter\/","title":{"rendered":"Mamoa M1 turvah\u00e4lli adapter"},"content":{"rendered":"<h6 data-start=\"332\" data-end=\"848\">Mamoa turvah\u00e4lli adapterid kinnituvad lihtsalt jalutusk\u00e4ru esipiirde kinnituskohtadele, tagades stabiilse ja kindla \u00fchenduse. Nende paigaldamine on kiire ja vaevatu, mis t\u00e4hendab, et saad oma lapse turvah\u00e4lli h\u00f5lpsalt kinnitada ilma keeruliste lisasammudeta. Sama lihtsalt saab adapterid ka eemaldada, v\u00f5imaldades kiiret \u00fcmberl\u00fclitumist jalutusk\u00e4ru ja autos\u00f5idu vahel. See teeb neist asendamatud abilised igap\u00e4evatoimetustes, olgu selleks poes k\u00e4imine, arstil k\u00e4imine v\u00f5i lihtsalt jalutusk\u00e4igud v\u00e4rskes \u00f5hus.<\/h6>\n<p>&nbsp;<\/p>\n<h6 data-start=\"850\" data-end=\"1267\">\u00dcks suurimaid eeliseid on nende universaalsus - Mamoa turvah\u00e4lli adapterid sobivad paljude tuntud kaubam\u00e4rkide turvah\u00e4llidele, mist\u00f5ttu ei pea sa muretsema \u00fchilduvuse p\u00e4rast. See annab v\u00f5imaluse kasutada juba olemasolevaid beebitarvikuid ilma lisainvesteeringuteta.<\/h6>\n","protected":false},"excerpt":{"rendered":"<h6>Mamoa turvah\u00e4lli adapterid on praktiline ja mugav lisavarustus, mis v\u00f5imaldab sul \u00fchendada Mamoa M1 kergk\u00e4ru lapse turvah\u00e4lliga ning kasutada seda sujuvalt nii turvah\u00e4lli ratastena kui ka jalutusk\u00e4runa. T\u00e4nu adapteritele saad turvah\u00e4lli kiirelt ja turvaliselt kinnitada k\u00e4ruraamile - ideaalne lahendus beebiga reisimisel v\u00f5i igap\u00e4evaselt. Adapterid sobivad enamiku Group 0 turvah\u00e4llidega (0-12 kuud).<\/h6>\n","protected":false},"featured_media":80331,"comment_status":"open","ping_status":"closed","template":"","meta":{"_acf_changed":false,"om_disable_all_campaigns":false,"_monsterinsights_skip_tracking":false,"_monsterinsights_sitenote_active":false,"_monsterinsights_sitenote_note":"","_monsterinsights_sitenote_category":0,"_uf_show_specific_survey":0,"_uf_disable_surveys":false,"site-sidebar-layout":"default","site-content-layout":"","ast-site-content-layout":"default","site-content-style":"default","site-sidebar-style":"default","ast-global-header-display":"","ast-banner-title-visibility":"","ast-main-header-display":"","ast-hfb-above-header-display":"","ast-hfb-below-header-display":"","ast-hfb-mobile-header-display":"","site-post-title":"","ast-breadcrumbs-content":"","ast-featured-img":"","footer-sml-layout":"","theme-transparent-header-meta":"default","adv-header-id-meta":"","stick-header-meta":"","header-above-stick-meta":"","header-main-stick-meta":"","header-below-stick-meta":"","astra-migrate-meta-layouts":"set","ast-page-background-enabled":"default","ast-page-background-meta":{"desktop":{"background-color":"var(--ast-global-color-4)","background-image":"","background-repeat":"repeat","background-position":"center center","background-size":"auto","background-attachment":"scroll","background-type":"","background-media":"","overlay-type":"","overlay-color":"","overlay-opacity":"","overlay-gradient":""},"tablet":{"background-color":"","background-image":"","background-repeat":"repeat","background-position":"center center","background-size":"auto","background-attachment":"scroll","background-type":"","background-media":"","overlay-type":"","overlay-color":"","overlay-opacity":"","overlay-gradient":""},"mobile":{"background-color":"","background-image":"","background-repeat":"repeat","background-position":"center center","background-size":"auto","background-attachment":"scroll","background-type":"","background-media":"","overlay-type":"","overlay-color":"","overlay-opacity":"","overlay-gradient":""}},"ast-content-background-meta":{"desktop":{"background-color":"var(--ast-global-color-5)","background-image":"","background-repeat":"repeat","background-position":"center center","background-size":"auto","background-attachment":"scroll","background-type":"","background-media":"","overlay-type":"","overlay-color":"","overlay-opacity":"","overlay-gradient":""},"tablet":{"background-color":"var(--ast-global-color-5)","background-image":"","background-repeat":"repeat","background-position":"center center","background-size":"auto","background-attachment":"scroll","background-type":"","background-media":"","overlay-type":"","overlay-color":"","overlay-opacity":"","overlay-gradient":""},"mobile":{"background-color":"var(--ast-global-color-5)","background-image":"","background-repeat":"repeat","background-position":"center center","background-size":"auto","background-attachment":"scroll","background-type":"","background-media":"","overlay-type":"","overlay-color":"","overlay-opacity":"","overlay-gradient":""}}},"product_brand":[1250],"product_cat":[135,33,1254,140],"product_tag":[],"class_list":{"0":"post-80330","1":"product","2":"type-product","3":"status-publish","4":"has-post-thumbnail","6":"product_brand-mamoa","7":"product_cat-adapterid","8":"product_cat-karutarvikud","9":"product_cat-mamoa","10":"product_cat-uued-tooted","11":"desktop-align-left","12":"tablet-align-left","13":"mobile-align-left","15":"first","16":"instock","17":"taxable","18":"shipping-taxable","19":"purchasable","20":"product-type-simple"},"acf":[],"aioseo_notices":[],"_links":{"self":[{"href":"https:\/\/hummy.ee\/lt\/wp-json\/wp\/v2\/product\/80330","targetHints":{"allow":["GET"]}}],"collection":[{"href":"https:\/\/hummy.ee\/lt\/wp-json\/wp\/v2\/product"}],"about":[{"href":"https:\/\/hummy.ee\/lt\/wp-json\/wp\/v2\/types\/product"}],"replies":[{"embeddable":true,"href":"https:\/\/hummy.ee\/lt\/wp-json\/wp\/v2\/comments?post=80330"}],"version-history":[{"count":5,"href":"https:\/\/hummy.ee\/lt\/wp-json\/wp\/v2\/product\/80330\/revisions"}],"predecessor-version":[{"id":87038,"href":"https:\/\/hummy.ee\/lt\/wp-json\/wp\/v2\/product\/80330\/revisions\/87038"}],"wp:featuredmedia":[{"embeddable":true,"href":"https:\/\/hummy.ee\/lt\/wp-json\/wp\/v2\/media\/80331"}],"wp:attachment":[{"href":"https:\/\/hummy.ee\/lt\/wp-json\/wp\/v2\/media?parent=80330"}],"wp:term":[{"taxonomy":"product_brand","embeddable":true,"href":"https:\/\/hummy.ee\/lt\/wp-json\/wp\/v2\/product_brand?post=80330"},{"taxonomy":"product_cat","embeddable":true,"href":"https:\/\/hummy.ee\/lt\/wp-json\/wp\/v2\/product_cat?post=80330"},{"taxonomy":"product_tag","embeddable":true,"href":"https:\/\/hummy.ee\/lt\/wp-json\/wp\/v2\/product_tag?post=80330"}],"curies":[{"name":"wp","href":"https:\/\/api.w.org\/{rel}","templated":true}]}}