{"id":80293,"date":"2026-03-03T19:15:44","date_gmt":"2026-03-03T19:15:44","guid":{"rendered":"https:\/\/hummy.ee\/?post_type=product&#038;p=80293"},"modified":"2026-03-10T11:16:13","modified_gmt":"2026-03-10T11:16:13","slug":"mamoa-m1-kergkaru","status":"publish","type":"product","link":"https:\/\/hummy.ee\/lt\/produktas\/mamoa-m1-kergkaru\/","title":{"rendered":"Mamoa M1 kergk\u00e4ru"},"content":{"rendered":"<h6><em><strong>Komplekti kuuluvad:<\/strong><\/em><\/h6>\n<ul>\n<li>\n<h6>Topsihoidja<\/h6>\n<\/li>\n<li>\n<h6>Turvakaar<\/h6>\n<\/li>\n<li>\n<h6>Transpordikott<\/h6>\n<\/li>\n<\/ul>\n<h6 data-start=\"716\" data-end=\"736\"><em><strong>Andmed<\/strong><\/em><\/h6>\n<ul data-start=\"738\" data-end=\"962\">\n<li data-start=\"738\" data-end=\"763\">\n<h6 data-start=\"740\" data-end=\"763\">K\u00e4ru kaal: 7,9 kg<\/h6>\n<\/li>\n<li data-start=\"764\" data-end=\"794\">\n<h6 data-start=\"766\" data-end=\"794\">Kandev\u00f5ime: kuni 22 kg<\/h6>\n<\/li>\n<li data-start=\"795\" data-end=\"832\">\n<h6 data-start=\"797\" data-end=\"832\">M\u00f5\u00f5tmed kokkupanduna: 24 \u00d7 47 \u00d7 56 cm<\/h6>\n<\/li>\n<li data-start=\"833\" data-end=\"855\">\n<h6 data-start=\"835\" data-end=\"855\">Raam: metallik<\/h6>\n<\/li>\n<li data-start=\"856\" data-end=\"879\">\n<h6 data-start=\"858\" data-end=\"879\">Rattad: 100% PU (esirattad: 17,8 cm, tagarattad: 20,3 cm)<\/h6>\n<\/li>\n<li data-start=\"935\" data-end=\"962\">\n<h6 data-start=\"937\" data-end=\"962\">Ostukorvi kandev\u00f5ime: kuni 3 kg<\/h6>\n<\/li>\n<li data-start=\"935\" data-end=\"962\">\n<h6>\u00dchilduvus turvah\u00e4lliga: Jah (adapterid saadaval eraldi)<\/h6>\n<\/li>\n<li data-start=\"935\" data-end=\"962\">\n<h6>\u00dchilduvus Twin-Duo adapteritega: Jah (adapterid saadaval eraldi)<\/h6>\n<\/li>\n<\/ul>\n<h3 data-start=\"291\" data-end=\"346\"><strong><em>12 p\u00f5hjust, miks Mamoa M1 on sinu ideaalne reisik\u00e4ru<\/em><\/strong><\/h3>\n<p>&nbsp;<\/p>\n<h6 data-start=\"348\" data-end=\"388\"><strong>1. Pikendatud kaarvari piiluaknaga<\/strong><\/h6>\n<h6 data-start=\"389\" data-end=\"704\">Mamoa M1 kergk\u00e4ru on varustatud pikendatud kaarvarjuga, mis pakub lapsele suurep\u00e4rast kaitset p\u00e4ikese, tuule ja ereda valguse eest. Kaarvarjus asuv piiluaken v\u00f5imaldab vanemal last h\u00f5lpsalt j\u00e4lgida ilma tema und v\u00f5i rahu h\u00e4irimata - ideaalne lahendus igap\u00e4evasteks jalutusk\u00e4ikudeks ja reisidel kasutamiseks.<\/h6>\n<p>&nbsp;<\/p>\n<h6 data-start=\"711\" data-end=\"753\"><strong>2.Kergk\u00e4ru saab kokku ja lahti klappida vaid \u00fche liigutusega<\/strong><\/h6>\n<h6 data-start=\"754\" data-end=\"1016\">Uuenduslik \u00fche nupuga kokkupaneku mehhanism v\u00f5imaldab reisik\u00e4ru kokku ja lahti voltida \u00fche sujuva liigutusega. See teeb Mamoa M1 kergk\u00e4ru eriti mugavaks olukordades, kus on vaja kiiret tegutsemist - n\u00e4iteks \u00fchistranspordis, autosse pakkimisel v\u00f5i reisimisel.<\/h6>\n<p>&nbsp;<\/p>\n<h6 data-start=\"1023\" data-end=\"1064\"><strong>3. Ventilatsiooniaken seljatoel<\/strong><\/h6>\n<h6 data-start=\"1065\" data-end=\"1279\">Seljatoes paiknev lisaventilatsiooniaken, mis on kinnitatav magnetklapiga, tagab optimaalse \u00f5huringluse. V\u00f5rgust disain laseb v\u00e4rskel \u00f5hul vabalt liikuda, hoides lapse jaheda ja mugavana ka soojematel p\u00e4evadel.<\/h6>\n<p>&nbsp;<\/p>\n<h6 data-start=\"1286\" data-end=\"1336\"><strong>4. Optimaalne ventilatsioon ja p\u00e4ikesekaitse<\/strong><\/h6>\n<h6 data-start=\"1337\" data-end=\"1590\">Kaarvarju kohal asuv t\u00e4iendav ventilatsiooniv\u00f5rk parandab \u00f5hu liikumist, samas kui spetsiaalne kaitsekangas hoiab lapse eemal otsesest p\u00e4ikesevalgusest. See lahendus tagab, et kergk\u00e4ru pakub samaaegselt nii jahutust kui ka t\u00f5husat UV-kaitset.<\/h6>\n<p>&nbsp;<\/p>\n<h6 data-start=\"1597\" data-end=\"1635\"><strong>5. Mugav ja praktiline tagatasku<\/strong><\/h6>\n<h6 data-start=\"1636\" data-end=\"1840\">Mamoa M1 reisik\u00e4ru on varustatud uue praktilise tagataskuga, mis sobib ideaalselt telefoni, v\u00f5tmete v\u00f5i muude v\u00e4iksemate esemete hoiustamiseks. K\u00f5ik vajalik on alati k\u00e4eulatuses ja turvaliselt paigas.<\/h6>\n<p>&nbsp;<\/p>\n<h6 data-start=\"1847\" data-end=\"1899\"><strong>6. T\u00e4iustatud magnetiline 5-punkti turvapannal<\/strong><\/h6>\n<h6 data-start=\"1900\" data-end=\"2129\">Uuendatud magnetiline 5-punkti turvapannal v\u00f5imaldab turvarihmade kiiret ja lihtsat kinnitamist. S\u00fcsteem on loodud nii, et see oleks lapsevanemale mugav kasutada, kuid samas tagaks lapsele maksimaalse turvalisuse igal s\u00f5idul. Turvarihmadel on 2 k\u00f5rguse reguleerimise v\u00f5imalust.<\/h6>\n<p>&nbsp;<\/p>\n<h6 data-start=\"2136\" data-end=\"2196\"><strong>7. Reguleeritav jalatugi stiilse kunstnahast detailiga<\/strong><\/h6>\n<h6 data-start=\"2197\" data-end=\"2411\">Reguleeritav jalatugi kohandub lapse kasvuga ja pakub lisamugavust nii istuvas kui ka lamavas asendis. Jalatoele on lisatud vastupidav ja stiilne kunstnahast detail.<\/h6>\n<p>&nbsp;<\/p>\n<h6 data-start=\"2418\" data-end=\"2460\"><strong>8. Eemaldatavad rattad helkurribadega<\/strong><\/h6>\n<h6 data-start=\"2461\" data-end=\"2693\">K\u00f5ik neli ratast on eemaldatavad ning varustatud helkurribadega, mis parandavad n\u00e4htavust pimedal ajal. See lisab turvalisust \u00f5htustel jalutusk\u00e4ikudel ning muudab Mamoa M1 kergk\u00e4ru veelgi praktilisemaks igap\u00e4evaseks kasutamiseks.<\/h6>\n<p>&nbsp;<\/p>\n<h6 data-start=\"2700\" data-end=\"2737\"><strong>9. Suurep\u00e4rane vedrustus<\/strong><\/h6>\n<h6 data-start=\"2738\" data-end=\"2959\">T\u00e4iustatud vedrustuss\u00fcsteem tagab lapsele sujuva ja mugava s\u00f5idu ka ebatasasemal pinnal. See reisik\u00e4ru pakub stabiilsust ja head juhitavust erinevatel teekatetel - alates linnat\u00e4navatest kuni parkide ja kruusateedeni.<\/h6>\n<p>&nbsp;<\/p>\n<h6 data-start=\"2966\" data-end=\"3011\"><strong>10. Uuenduslik start-stop piduris\u00fcsteem<\/strong><\/h6>\n<h6 data-start=\"3012\" data-end=\"3216\">Mamoa M1 on varustatud kaasaegse start-stop piduris\u00fcsteemiga, mis tagab usaldusv\u00e4\u00e4rse pidurdamise ja lihtsa kasutamise. See s\u00fcsteem suurendab turvalisust ja annab vanemale kindlustunde igas olukorras.<\/h6>\n<p>&nbsp;<\/p>\n<h6 data-start=\"3223\" data-end=\"3280\"><strong>11. Eemaldatav ja mitmesuunaliselt avatav turvakaar<\/strong><\/h6>\n<h6 data-start=\"3281\" data-end=\"3478\">Turvakaar on t\u00e4ielikult eemaldatav ning \u00fchelt poolt avatav, v\u00f5imaldades sellel p\u00f6\u00f6rduda mitmes suunas. See muudab lapse k\u00e4russe panemise ja sealt v\u00e4lja v\u00f5tmise lihtsaks ning lisab lapsele mugavust.<\/h6>\n<p>&nbsp;<\/p>\n<h6 data-start=\"3485\" data-end=\"3535\"><strong>12. Reguleeritav iste ja seljatugi kuni 175\u00b0<\/strong><\/h6>\n<h6 data-start=\"3536\" data-end=\"3759\">Mamoa M1 kergk\u00e4ru istet saab reguleerida kolmes asendis kuni 175 kraadini. See v\u00f5imaldab lapsel istuda p\u00fcstiselt, puhata v\u00f5i mugavalt magada, muutes k\u00e4ru ideaalseks nii l\u00fchikesteks s\u00f5itudeks kui ka pikemateks reisideks.<\/h6>\n","protected":false},"excerpt":{"rendered":"<h6 data-start=\"141\" data-end=\"649\">Mamoa M1 kergk\u00e4ru on edasiarendus populaarsest Leclercbaby auto-fold XL mudelist, \u00fchendades endas elegantse disaini ja kaasaegsed tehnilised lahendused. See reisik\u00e4ru on loodud peredele, kes soovivad kergk\u00e4ru, mis sobib nii linnas liikumiseks kui ka reisimiseks. <span class=\"hover:entity-accent entity-underline inline cursor-pointer align-baseline\"><span class=\"whitespace-normal\">Leclercbaby<\/span><\/span> loojate uue tooteseeria Mamoa M1 kergk\u00e4ru pakub uuenduslikku \u00fche nupuvajutusega kokkupaneku mehhanismi, t\u00e4iustatud vedrustust ja nutikaid turvalahendusi, muutes selle \u00fcheks k\u00f5ige paremini varustatud kergk\u00e4rude mudeliks oma klassis.<\/h6>\n","protected":false},"featured_media":80307,"comment_status":"open","ping_status":"closed","template":"","meta":{"_acf_changed":false,"om_disable_all_campaigns":false,"_monsterinsights_skip_tracking":false,"_monsterinsights_sitenote_active":false,"_monsterinsights_sitenote_note":"","_monsterinsights_sitenote_category":0,"_uf_show_specific_survey":0,"_uf_disable_surveys":false,"site-sidebar-layout":"default","site-content-layout":"","ast-site-content-layout":"default","site-content-style":"default","site-sidebar-style":"default","ast-global-header-display":"","ast-banner-title-visibility":"","ast-main-header-display":"","ast-hfb-above-header-display":"","ast-hfb-below-header-display":"","ast-hfb-mobile-header-display":"","site-post-title":"","ast-breadcrumbs-content":"","ast-featured-img":"","footer-sml-layout":"","theme-transparent-header-meta":"default","adv-header-id-meta":"","stick-header-meta":"","header-above-stick-meta":"","header-main-stick-meta":"","header-below-stick-meta":"","astra-migrate-meta-layouts":"set","ast-page-background-enabled":"default","ast-page-background-meta":{"desktop":{"background-color":"var(--ast-global-color-4)","background-image":"","background-repeat":"repeat","background-position":"center center","background-size":"auto","background-attachment":"scroll","background-type":"","background-media":"","overlay-type":"","overlay-color":"","overlay-opacity":"","overlay-gradient":""},"tablet":{"background-color":"","background-image":"","background-repeat":"repeat","background-position":"center center","background-size":"auto","background-attachment":"scroll","background-type":"","background-media":"","overlay-type":"","overlay-color":"","overlay-opacity":"","overlay-gradient":""},"mobile":{"background-color":"","background-image":"","background-repeat":"repeat","background-position":"center center","background-size":"auto","background-attachment":"scroll","background-type":"","background-media":"","overlay-type":"","overlay-color":"","overlay-opacity":"","overlay-gradient":""}},"ast-content-background-meta":{"desktop":{"background-color":"var(--ast-global-color-5)","background-image":"","background-repeat":"repeat","background-position":"center center","background-size":"auto","background-attachment":"scroll","background-type":"","background-media":"","overlay-type":"","overlay-color":"","overlay-opacity":"","overlay-gradient":""},"tablet":{"background-color":"var(--ast-global-color-5)","background-image":"","background-repeat":"repeat","background-position":"center center","background-size":"auto","background-attachment":"scroll","background-type":"","background-media":"","overlay-type":"","overlay-color":"","overlay-opacity":"","overlay-gradient":""},"mobile":{"background-color":"var(--ast-global-color-5)","background-image":"","background-repeat":"repeat","background-position":"center center","background-size":"auto","background-attachment":"scroll","background-type":"","background-media":"","overlay-type":"","overlay-color":"","overlay-opacity":"","overlay-gradient":""}}},"product_brand":[1250],"product_cat":[27,1254,140,234],"product_tag":[],"class_list":{"0":"post-80293","1":"product","2":"type-product","3":"status-publish","4":"has-post-thumbnail","6":"product_brand-mamoa","7":"product_cat-kergkarud","8":"product_cat-mamoa","9":"product_cat-uued-tooted","10":"product_cat-vankrid","11":"desktop-align-left","12":"tablet-align-left","13":"mobile-align-left","15":"first","16":"instock","17":"taxable","18":"shipping-taxable","19":"purchasable","20":"product-type-variable"},"acf":[],"aioseo_notices":[],"_links":{"self":[{"href":"https:\/\/hummy.ee\/lt\/wp-json\/wp\/v2\/product\/80293","targetHints":{"allow":["GET"]}}],"collection":[{"href":"https:\/\/hummy.ee\/lt\/wp-json\/wp\/v2\/product"}],"about":[{"href":"https:\/\/hummy.ee\/lt\/wp-json\/wp\/v2\/types\/product"}],"replies":[{"embeddable":true,"href":"https:\/\/hummy.ee\/lt\/wp-json\/wp\/v2\/comments?post=80293"}],"version-history":[{"count":8,"href":"https:\/\/hummy.ee\/lt\/wp-json\/wp\/v2\/product\/80293\/revisions"}],"predecessor-version":[{"id":85950,"href":"https:\/\/hummy.ee\/lt\/wp-json\/wp\/v2\/product\/80293\/revisions\/85950"}],"wp:featuredmedia":[{"embeddable":true,"href":"https:\/\/hummy.ee\/lt\/wp-json\/wp\/v2\/media\/80307"}],"wp:attachment":[{"href":"https:\/\/hummy.ee\/lt\/wp-json\/wp\/v2\/media?parent=80293"}],"wp:term":[{"taxonomy":"product_brand","embeddable":true,"href":"https:\/\/hummy.ee\/lt\/wp-json\/wp\/v2\/product_brand?post=80293"},{"taxonomy":"product_cat","embeddable":true,"href":"https:\/\/hummy.ee\/lt\/wp-json\/wp\/v2\/product_cat?post=80293"},{"taxonomy":"product_tag","embeddable":true,"href":"https:\/\/hummy.ee\/lt\/wp-json\/wp\/v2\/product_tag?post=80293"}],"curies":[{"name":"wp","href":"https:\/\/api.w.org\/{rel}","templated":true}]}}