{"id":76880,"date":"2025-12-22T13:01:24","date_gmt":"2025-12-22T13:01:24","guid":{"rendered":"https:\/\/hummy.ee\/product\/abc-design-salsa-5-run-3in1-maxi-cosi-rinkinys\/"},"modified":"2026-03-18T20:49:23","modified_gmt":"2026-03-18T20:49:23","slug":"abc-design-salsa-5-run-3in1-maxi-cosi-rinkinys","status":"publish","type":"product","link":"https:\/\/hummy.ee\/lt\/produktas\/abc-design-salsa-5-run-3in1-maxi-cosi-rinkinys\/","title":{"rendered":"ABC Design Salsa 5 Run 3in1 Maxi-Cosi rinkinys"},"content":{"rendered":"<h6><em>Rinkin\u012f sudaro:<\/em><\/h6>\n<ul>\n<li>\n<h6>Pintin\u0117s i\u0161 vyteli\u0173<\/h6>\n<\/li>\n<li>\n<h6>S\u0117dimoji dalis (\u012fskaitant patogi\u0105 s\u0117dyn\u0119)<\/h6>\n<\/li>\n<li>\n<h6>Organizatorius<\/h6>\n<\/li>\n<li>\n<h6>Naujas &#8222;CozyCloud\u00ae\" \u010diu\u017einys<\/h6>\n<\/li>\n<li>\n<h6>&#8222;Maxi-Cosi Pebble 360 Pro\u00b2\" ve\u017eim\u0117lis (galima \u012fsigyti avokado, gamtos, juodos ir grafito spalv\u0173)<\/h6>\n<\/li>\n<li>\n<h6>Saugaus lop\u0161io adapteriai<\/h6>\n<\/li>\n<\/ul>\n<h6 data-start=\"59\" data-end=\"124\"><strong><em>&#8222;Salsa 5 Run\" - puikus pasirinkimas aktyviems t\u0117vams<\/em><\/strong><\/h6>\n<h6>Ve\u017eim\u0117lio saugum\u0105 u\u017etikrina lengvai naudojamas rankinis ir stov\u0117jimo stabdys, galingi grandininiai stabd\u017eiai, rie\u0161o dir\u017eas ir \u0161vies\u0105 atspindin\u010dios juostel\u0117s. Pamink\u0161tint\u0105 s\u0117dyn\u0119 galima reguliuoti taip, kad vaikas gal\u0117t\u0173 gul\u0117ti visi\u0161kai horizontaliai, taip pat ve\u017eim\u0117lyje yra 5 ta\u0161k\u0173 saugos dir\u017eas su neribotomis reguliavimo galimyb\u0117mis, tod\u0117l vaikas gali s\u0117d\u0117ti, atsipalaiduoti ir m\u0117gautis kelione.<\/h6>\n<p>&nbsp;<\/p>\n<h6>Du ventiliacijos langeliai yra integruoti galin\u0117je dalyje ir \u0161e\u0161\u0117lyje, kad b\u016bt\u0173 u\u017etikrinta gera oro cirkuliacija. Saul\u0117tomis dienomis vaik\u0105 saugo didelis stogelis nuo saul\u0117s su apsauga nuo UV spinduli\u0173 (50+). Kruop\u0161\u010diai suprojektuot\u0105 ve\u017eim\u0117l\u012f patogu valdyti, o ergonomi\u0161k\u0105 atlenkiam\u0105 st\u016bmimo ranken\u0105 galima reguliuoti iki jums patogaus auk\u0161\u010dio.<\/h6>\n<p>&nbsp;<\/p>\n<h6>Nors &#8222;Salsa 5 Run\" skirta sportui, ji tinka ir kasdieniam naudojimui, pavyzd\u017eiui, pasivaik\u0161\u010diojimams mieste ar gamtoje. Kartu su ABC Design ve\u017eim\u0117lio lop\u0161iu j\u012f galima naudoti nuo pat gimimo. Lop\u0161ys u\u017etikrina tinkam\u0105 ventiliacij\u0105, o &#8222;CozyCloud\u00ae\" \u010diu\u017einys suteikia komforto.<\/h6>\n<p>&nbsp;<\/p>\n<h6><strong><em>Papildomos funkcijos:<\/em><\/strong><\/h6>\n<ul>\n<li style=\"list-style-type: none;\">\n<ul data-spread=\"false\">\n<li>\n<h6>Pneumatiniai ratai su pakaba ir guoliais<\/h6>\n<\/li>\n<li>\n<h6>Besisukantys ratai<\/h6>\n<\/li>\n<li>\n<h6>Galimyb\u0117 prie r\u0117mo pritvirtinti lop\u0161\u012f<\/h6>\n<\/li>\n<li>\n<h6>Reguliuojamas atlo\u0161as ir koj\u0173 atrama<\/h6>\n<\/li>\n<li>\n<h6>Vandeniui atspari med\u017eiaga<\/h6>\n<\/li>\n<li>\n<h6>Nuimami ratai ir apsauginis strypas<\/h6>\n<\/li>\n<li>\n<h6>Didelis krep\u0161ys (iki 5 kg)<\/h6>\n<\/li>\n<li>\n<h6>Apver\u010diama s\u0117dyn\u0117<\/h6>\n<\/li>\n<li>\n<h6>Transportavimo u\u017eraktas<\/h6>\n<\/li>\n<li>\n<h6>Apver\u010diama s\u0117dyn\u0117<\/h6>\n<\/li>\n<li>\n<h6>Universal\u016bs tvirtinimo ta\u0161kai<\/h6>\n<\/li>\n<li>\n<h6>Vienetinis lankstymas<\/h6>\n<\/li>\n<li data-start=\"2628\" data-end=\"2703\">\n<h6>Tinka k\u016bdikiams nuo gimimo iki 22 kg<\/h6>\n<\/li>\n<li data-start=\"2704\" data-end=\"2741\">\n<h6>Did\u017eiausia keliamoji galia: 27 kg (vaikas iki 22 kg + 5 kg papildomai krep\u0161yje).<\/h6>\n<\/li>\n<\/ul>\n<\/li>\n<\/ul>\n<h6><\/h6>\n<h6 data-start=\"2135\" data-end=\"2170\"><\/h6>\n<h6><strong><em>&#8222;Maxi-Cosi Pebble 360 Pro\u00b2\" automobilin\u0117 k\u0117dut\u0117 - saugi ir patogi keliauti automobiliu<\/em><\/strong><\/h6>\n<h6>Pridedamas &#8222;Maxi-Cosi Pebble 360 Pro\u00b2\" lop\u0161ys-d\u0117\u017eut\u0117 u\u017etikrina did\u017eiausi\u0105 saugum\u0105 ir patogum\u0105. Trys atsilenkimo pad\u0117tys, \u012fskaitant visi\u0161kai horizontali\u0105 miego pad\u0117t\u012f, u\u017etikrina rami\u0105 ir ergonomi\u0161k\u0105 k\u016bdikio poilsio pad\u0117t\u012f tiek automobilyje, tiek ve\u017eim\u0117lyje.<\/h6>\n<p>&nbsp;<\/p>\n<h6><strong><em>Tvirtinimo parinktys:<\/em><\/strong><\/h6>\n<ul>\n<li>\n<h6>Naudokite su 3 ta\u0161k\u0173 automobilio saugos dir\u017eu.<\/h6>\n<\/li>\n<li>\n<h6>Atitinkamas &#8222;Isofix\" lop\u0161ys<a href=\"https:\/\/hummy.ee\/lt\/produktas\/maxi-cosi-familyfix-360-pro-pagrindas\/\" target=\"_blank\" rel=\"noopener\"> &#8222;FamilyFix 360 Pro\",<\/a> kuriuo lop\u0161\u012f galima pasukti ir perkelti \u012f vaiko pus\u0119 (parduodamas atskirai).<\/h6>\n<\/li>\n<\/ul>\n<h6>K\u016bdiki\u0173 ne\u0161iokl\u0117, tinkama k\u016bdikiams nuo gimimo iki 18 m\u0117nesi\u0173 (40-87 cm), buvo puikiai \u012fvertinta &#8222;Stiftung Warentest\" (&#8222;HEA\", 2.2, 2024 m. bir\u017eelis). &#8222;ClimaFlow\" ventiliacija ir kv\u0117puojan\u010dios med\u017eiagos u\u017etikrina optimali\u0105 oro apykait\u0105, o nuimama vidin\u0117 naujagimio pagalv\u0117l\u0117 padeda palaikyti k\u016bdikio k\u016bno pad\u0117t\u012f.<\/h6>\n<h6><\/h6>\n<p>&nbsp;<\/p>\n<h6><strong><em>Automobilyje sumontuota sistema - sklandus per\u0117jimas i\u0161 automobilio \u012f ve\u017eim\u0117l\u012f<\/em><\/strong><\/h6>\n<h6>D\u0117l pridedam\u0173 adapteri\u0173 &#8222;Maxi-Cosi Pebble 360 Pro\u00b2\" galima greitai pritvirtinti prie ve\u017eim\u0117lio &#8222;Salsa 5 Run\". Tai rei\u0161kia, kad kai j\u016bs\u0173 k\u016bdikis miega automobilyje, galite skland\u017eiai pakelti lop\u0161\u012f ant ve\u017eim\u0117lio jo nepabudindami.<\/h6>\n<h6 data-start=\"2599\" data-end=\"2627\"><\/h6>\n<h6 data-start=\"2877\" data-end=\"3052\"><\/h6>\n<p>&nbsp;<\/p>\n<h6 data-start=\"2877\" data-end=\"3052\"><em>Per\u017ei\u016br\u0117kite \u012fvadin\u012f <a href=\"https:\/\/www.youtube.com\/watch?v=CTDmPW1ZHTo\">vaizdo \u012fra\u0161\u0105<\/a> ir su\u017einokite daugiau.<\/em><\/h6>\n<p>&nbsp;<\/p>\n<h6><em>D\u0117l tinkam\u0173 rat\u0173 ve\u017eim\u0117liu naudotis daug patogiau! Daugiau informacijos apie tai, kaip i\u0161sirinkti tinkamiausi\u0105 sprendim\u0105, rasite Hummy <a href=\"https:\/\/hummy.ee\/lt\/koki-vezimeli-su-ratukais-tureciau-pasirinkti\/\" target=\"_blank\" rel=\"nofollow noopener\">tinklara\u0161tyje<\/a>. <\/em><\/h6>\n","protected":false},"excerpt":{"rendered":"<h6>Su \u0161iuo prakti\u0161ku &#8222;ABC Design Salsa 5 Run\" ve\u017eim\u0117lio komplektu j\u016bs\u0173 k\u016bdikis nuo pat pirmos dienos gal\u0117s m\u0117gautis saugia, patogia ir atpalaiduojan\u010dia kelione - ve\u017eim\u0117lyje, automobilyje ir kaip kelioni\u0173 sistema su &#8222;Maxi-Cosi\" ve\u017eim\u0117liu. K\u016bdikiui bus maksimaliai patogu gul\u0117ti ir miegoti tiek ve\u017eim\u0117lyje, tiek lop\u0161yje, o saugumas visada garantuotas. Tai u\u017etikrina du auk\u0161tos kokyb\u0117s ir saug\u016bs gaminiai viename: &#8222;ABC Design Salsa 5 Run\" ve\u017eim\u0117lio komplektas ir &#8222;Maxi-Cosi Pebble 360 Pro\u00b2\" lop\u0161ys.<\/h6>\n<h6><\/h6>\n","protected":false},"featured_media":41638,"comment_status":"open","ping_status":"closed","template":"","meta":{"_acf_changed":false,"om_disable_all_campaigns":false,"_monsterinsights_skip_tracking":false,"_monsterinsights_sitenote_active":false,"_monsterinsights_sitenote_note":"","_monsterinsights_sitenote_category":0,"_uf_show_specific_survey":0,"_uf_disable_surveys":false,"site-sidebar-layout":"default","site-content-layout":"","ast-site-content-layout":"default","site-content-style":"default","site-sidebar-style":"default","ast-global-header-display":"","ast-banner-title-visibility":"","ast-main-header-display":"","ast-hfb-above-header-display":"","ast-hfb-below-header-display":"","ast-hfb-mobile-header-display":"","site-post-title":"","ast-breadcrumbs-content":"","ast-featured-img":"","footer-sml-layout":"","theme-transparent-header-meta":"default","adv-header-id-meta":"","stick-header-meta":"","header-above-stick-meta":"","header-main-stick-meta":"","header-below-stick-meta":"","astra-migrate-meta-layouts":"set","ast-page-background-enabled":"default","ast-page-background-meta":{"desktop":{"background-color":"var(--ast-global-color-4)","background-image":"","background-repeat":"repeat","background-position":"center center","background-size":"auto","background-attachment":"scroll","background-type":"","background-media":"","overlay-type":"","overlay-color":"","overlay-opacity":"","overlay-gradient":""},"tablet":{"background-color":"","background-image":"","background-repeat":"repeat","background-position":"center center","background-size":"auto","background-attachment":"scroll","background-type":"","background-media":"","overlay-type":"","overlay-color":"","overlay-opacity":"","overlay-gradient":""},"mobile":{"background-color":"","background-image":"","background-repeat":"repeat","background-position":"center center","background-size":"auto","background-attachment":"scroll","background-type":"","background-media":"","overlay-type":"","overlay-color":"","overlay-opacity":"","overlay-gradient":""}},"ast-content-background-meta":{"desktop":{"background-color":"var(--ast-global-color-5)","background-image":"","background-repeat":"repeat","background-position":"center center","background-size":"auto","background-attachment":"scroll","background-type":"","background-media":"","overlay-type":"","overlay-color":"","overlay-opacity":"","overlay-gradient":""},"tablet":{"background-color":"var(--ast-global-color-5)","background-image":"","background-repeat":"repeat","background-position":"center center","background-size":"auto","background-attachment":"scroll","background-type":"","background-media":"","overlay-type":"","overlay-color":"","overlay-opacity":"","overlay-gradient":""},"mobile":{"background-color":"var(--ast-global-color-5)","background-image":"","background-repeat":"repeat","background-position":"center center","background-size":"auto","background-attachment":"scroll","background-type":"","background-media":"","overlay-type":"","overlay-color":"","overlay-opacity":"","overlay-gradient":""}}},"product_brand":[],"product_cat":[514,570,390,321],"product_tag":[],"class_list":{"0":"post-76880","1":"product","2":"type-product","3":"status-publish","4":"has-post-thumbnail","6":"product_cat-nauji-produktai","7":"product_cat-sporto-vezimeliai","8":"product_cat-cisternos","9":"product_cat-uncategorized-lt","10":"desktop-align-left","11":"tablet-align-left","12":"mobile-align-left","14":"first","15":"instock","16":"sale","17":"taxable","18":"shipping-taxable","19":"purchasable","20":"product-type-variable"},"acf":[],"aioseo_notices":[],"_links":{"self":[{"href":"https:\/\/hummy.ee\/lt\/wp-json\/wp\/v2\/product\/76880","targetHints":{"allow":["GET"]}}],"collection":[{"href":"https:\/\/hummy.ee\/lt\/wp-json\/wp\/v2\/product"}],"about":[{"href":"https:\/\/hummy.ee\/lt\/wp-json\/wp\/v2\/types\/product"}],"replies":[{"embeddable":true,"href":"https:\/\/hummy.ee\/lt\/wp-json\/wp\/v2\/comments?post=76880"}],"version-history":[{"count":7,"href":"https:\/\/hummy.ee\/lt\/wp-json\/wp\/v2\/product\/76880\/revisions"}],"predecessor-version":[{"id":86229,"href":"https:\/\/hummy.ee\/lt\/wp-json\/wp\/v2\/product\/76880\/revisions\/86229"}],"wp:featuredmedia":[{"embeddable":true,"href":"https:\/\/hummy.ee\/lt\/wp-json\/wp\/v2\/media\/41638"}],"wp:attachment":[{"href":"https:\/\/hummy.ee\/lt\/wp-json\/wp\/v2\/media?parent=76880"}],"wp:term":[{"taxonomy":"product_brand","embeddable":true,"href":"https:\/\/hummy.ee\/lt\/wp-json\/wp\/v2\/product_brand?post=76880"},{"taxonomy":"product_cat","embeddable":true,"href":"https:\/\/hummy.ee\/lt\/wp-json\/wp\/v2\/product_cat?post=76880"},{"taxonomy":"product_tag","embeddable":true,"href":"https:\/\/hummy.ee\/lt\/wp-json\/wp\/v2\/product_tag?post=76880"}],"curies":[{"name":"wp","href":"https:\/\/api.w.org\/{rel}","templated":true}]}}