{"id":76513,"date":"2025-12-22T07:49:42","date_gmt":"2025-12-22T07:49:42","guid":{"rendered":"https:\/\/hummy.ee\/product\/maxi-cosi-familyfix-360-pro-pagrindas\/"},"modified":"2026-04-11T14:16:17","modified_gmt":"2026-04-11T14:16:17","slug":"maxi-cosi-familyfix-360-pro-pagrindas","status":"publish","type":"product","link":"https:\/\/hummy.ee\/lt\/produktas\/maxi-cosi-familyfix-360-pro-pagrindas\/","title":{"rendered":"&#8222;Maxi-Cosi FamilyFix 360 Pro\" pagrindas"},"content":{"rendered":"<h6><em><strong>Naudojimo paprastumas<\/strong><\/em><\/h6>\n<ul>\n<li>\n<h6>Revoliucin\u0117 &#8222;SlideTech\u2122\" sistema palengvina t\u0117v\u0173 gyvenim\u0105. Daugiau joki\u0173 nugaros skausm\u0173 keliant ve\u017eim\u0117l\u012f, galvos sm\u016bgi\u0173 ar pana\u0161i\u0173 r\u016bpes\u010di\u0173 sodinant vaik\u0105 \u012f automobilio k\u0117dut\u0119.<\/h6>\n<\/li>\n<li>\n<h6>&#8222;FamilyFix360&#8243; leid\u017eia lengvai viena ranka pasukti atitinkamus saugos dir\u017eus ir s\u0117dynes.<\/h6>\n<\/li>\n<li>\n<h6>&#8222;FlexiSpin\" technologija leid\u017eia pasukti k\u0117dut\u0119 bet kokiu kampu (net kai vaikas miega).<\/h6>\n<\/li>\n<li>\n<h6>Greitas ir paprastas tvirtinimas<\/h6>\n<\/li>\n<\/ul>\n<h6><em><strong>Apsauga<\/strong><\/em><\/h6>\n<ul>\n<li>\n<h6>Saugus vairavimas vaikui iki 4 met\u0173, kai jis s\u0117di nugara arba veidu \u012f automobilio priek\u012f.<\/h6>\n<\/li>\n<li>\n<h6>Apsauga nuo piktnaud\u017eiavimo, apsauganti nuo apsisukimo, suteikia jums ramyb\u0119, kad j\u016bs\u0173 vaikas visada keliaus galine s\u0117dyne, bent jau iki 15 m\u0117nesi\u0173.<\/h6>\n<\/li>\n<li>\n<h6>ISOFIX tvirtinimas ir atramin\u0117 kojel\u0117 yra saugiausias, papras\u010diausias ir grei\u010diausias automobilin\u0117s k\u0117dut\u0117s tvirtinimo sprendimas.<\/h6>\n<\/li>\n<li>\n<h6>Atitinka &#8222;i-Size\" saugumo standart\u0105<\/h6>\n<\/li>\n<\/ul>\n<h6><em><strong>Bendra<\/strong><\/em><\/h6>\n<ul>\n<li>\n<h6>Skirtas naudoti vaikams nuo gimimo iki 4 met\u0173 \/ \u016bgis 40-105 cm \/ svoris 0-17,5 kg<\/h6>\n<\/li>\n<\/ul>\n<h6><em><strong>Rodikliai<\/strong><\/em><\/h6>\n<ul>\n<li>\n<h6>Matmenys 39 x 65 x 35 cm (plotis, ilgis, auk\u0161tis)<\/h6>\n<\/li>\n<li>\n<h6>Svoris 8,6 kg<\/h6>\n<\/li>\n<\/ul>\n<h6><em><strong>Tinkamumas<\/strong><\/em><\/h6>\n<h6>&#8222;FamilyFix 360 Pro\" galima naudoti su \u0161iais &#8222;Maxi-Cosi\" gaminiais<\/h6>\n<ul>\n<li>\n<h6>&#8222;Pebble 360 Pro\/Pro 2&#8243; apsauginis lop\u0161ys<\/h6>\n<\/li>\n<li>\n<h6>&#8222;Pearl 360 Pro\" saugos k\u0117d\u0117<\/h6>\n<\/li>\n<li>\n<h6>&#8222;Pebble 360&#8243; apsauginis lop\u0161ys<\/h6>\n<\/li>\n<li>\n<h6>&#8222;Coral 360&#8243; saugos lop\u0161ys<\/h6>\n<\/li>\n<\/ul>\n<h6><em>Su\u017einokite daugiau \u012fvadiniame <a href=\"https:\/\/www.youtube.com\/watch?v=GnvU9I59UaA\" target=\"_blank\" rel=\"noopener\">vaizdo \u012fra\u0161e .<\/a><\/em><\/h6>\n","protected":false},"excerpt":{"rendered":"<h6>D\u0117l revoliucinio i\u0161traukiamo pagrindo t\u0117vams kasdienis darbas tampa lengvesnis. &#8222;FamilyFix 360 Pro\" yra vienintelis ISOFIX pagrindas, kuris sukasi ir slenka link j\u016bs\u0173, naudojant &#8222;Maxi-Cosi\" patentuot\u0105 &#8222;SlideTech\u2122\" technologij\u0105. \u0160is unikalus sprendimas leid\u017eia automobilin\u0117s k\u0117dut\u0117s bazei nuslysti nuo k\u0117dut\u0117s \u012f dur\u0173 ang\u0105. Taip daug lengviau pakelti vaik\u0105 \u012f automobilio k\u0117dut\u0119 ir i\u0161 jos i\u0161lipti.<\/h6>\n<p>&nbsp;<\/p>\n<h6>Naudojant &#8222;FamilyFix 360 Pro\", vaikai gali saugiai va\u017eiuoti automobiliu nuo gimimo iki 4 met\u0173 am\u017eiaus (naudojant &#8222;Pebble 360 Pro2&#8243; k\u016bdiki\u0173 ve\u017eim\u0117l\u012f ir &#8222;Pearl 360 Pro\" automobilin\u0119 k\u0117dut\u0119).<\/h6>\n","protected":false},"featured_media":76510,"comment_status":"open","ping_status":"closed","template":"","meta":{"_acf_changed":false,"om_disable_all_campaigns":false,"_monsterinsights_skip_tracking":false,"_monsterinsights_sitenote_active":false,"_monsterinsights_sitenote_note":"","_monsterinsights_sitenote_category":0,"_uf_show_specific_survey":0,"_uf_disable_surveys":false,"site-sidebar-layout":"default","site-content-layout":"","ast-site-content-layout":"default","site-content-style":"default","site-sidebar-style":"default","ast-global-header-display":"","ast-banner-title-visibility":"","ast-main-header-display":"","ast-hfb-above-header-display":"","ast-hfb-below-header-display":"","ast-hfb-mobile-header-display":"","site-post-title":"","ast-breadcrumbs-content":"","ast-featured-img":"","footer-sml-layout":"","theme-transparent-header-meta":"default","adv-header-id-meta":"","stick-header-meta":"","header-above-stick-meta":"","header-main-stick-meta":"","header-below-stick-meta":"","astra-migrate-meta-layouts":"set","ast-page-background-enabled":"default","ast-page-background-meta":{"desktop":{"background-color":"var(--ast-global-color-4)","background-image":"","background-repeat":"repeat","background-position":"center center","background-size":"auto","background-attachment":"scroll","background-type":"","background-media":"","overlay-type":"","overlay-color":"","overlay-opacity":"","overlay-gradient":""},"tablet":{"background-color":"","background-image":"","background-repeat":"repeat","background-position":"center center","background-size":"auto","background-attachment":"scroll","background-type":"","background-media":"","overlay-type":"","overlay-color":"","overlay-opacity":"","overlay-gradient":""},"mobile":{"background-color":"","background-image":"","background-repeat":"repeat","background-position":"center center","background-size":"auto","background-attachment":"scroll","background-type":"","background-media":"","overlay-type":"","overlay-color":"","overlay-opacity":"","overlay-gradient":""}},"ast-content-background-meta":{"desktop":{"background-color":"var(--ast-global-color-5)","background-image":"","background-repeat":"repeat","background-position":"center center","background-size":"auto","background-attachment":"scroll","background-type":"","background-media":"","overlay-type":"","overlay-color":"","overlay-opacity":"","overlay-gradient":""},"tablet":{"background-color":"var(--ast-global-color-5)","background-image":"","background-repeat":"repeat","background-position":"center center","background-size":"auto","background-attachment":"scroll","background-type":"","background-media":"","overlay-type":"","overlay-color":"","overlay-opacity":"","overlay-gradient":""},"mobile":{"background-color":"var(--ast-global-color-5)","background-image":"","background-repeat":"repeat","background-position":"center center","background-size":"auto","background-attachment":"scroll","background-type":"","background-media":"","overlay-type":"","overlay-color":"","overlay-opacity":"","overlay-gradient":""}}},"product_brand":[],"product_cat":[514,668,1246,747],"product_tag":[],"class_list":{"0":"post-76513","1":"product","2":"type-product","3":"status-publish","4":"has-post-thumbnail","6":"product_cat-nauji-produktai","7":"product_cat-saugios-sedynes","8":"product_cat-saugiu-kedziu-priedai","9":"product_cat-saugus-kedes-pagrindas","10":"desktop-align-left","11":"tablet-align-left","12":"mobile-align-left","14":"first","15":"instock","16":"sale","17":"taxable","18":"shipping-taxable","19":"purchasable","20":"product-type-simple"},"acf":[],"aioseo_notices":[],"_links":{"self":[{"href":"https:\/\/hummy.ee\/lt\/wp-json\/wp\/v2\/product\/76513","targetHints":{"allow":["GET"]}}],"collection":[{"href":"https:\/\/hummy.ee\/lt\/wp-json\/wp\/v2\/product"}],"about":[{"href":"https:\/\/hummy.ee\/lt\/wp-json\/wp\/v2\/types\/product"}],"replies":[{"embeddable":true,"href":"https:\/\/hummy.ee\/lt\/wp-json\/wp\/v2\/comments?post=76513"}],"version-history":[{"count":3,"href":"https:\/\/hummy.ee\/lt\/wp-json\/wp\/v2\/product\/76513\/revisions"}],"predecessor-version":[{"id":86461,"href":"https:\/\/hummy.ee\/lt\/wp-json\/wp\/v2\/product\/76513\/revisions\/86461"}],"wp:featuredmedia":[{"embeddable":true,"href":"https:\/\/hummy.ee\/lt\/wp-json\/wp\/v2\/media\/76510"}],"wp:attachment":[{"href":"https:\/\/hummy.ee\/lt\/wp-json\/wp\/v2\/media?parent=76513"}],"wp:term":[{"taxonomy":"product_brand","embeddable":true,"href":"https:\/\/hummy.ee\/lt\/wp-json\/wp\/v2\/product_brand?post=76513"},{"taxonomy":"product_cat","embeddable":true,"href":"https:\/\/hummy.ee\/lt\/wp-json\/wp\/v2\/product_cat?post=76513"},{"taxonomy":"product_tag","embeddable":true,"href":"https:\/\/hummy.ee\/lt\/wp-json\/wp\/v2\/product_tag?post=76513"}],"curies":[{"name":"wp","href":"https:\/\/api.w.org\/{rel}","templated":true}]}}