{"id":75343,"date":"2025-11-24T19:12:53","date_gmt":"2025-11-24T19:12:53","guid":{"rendered":"https:\/\/hummy.ee\/product\/kong-walther-magic-shopper-krepsys\/"},"modified":"2026-04-11T14:43:25","modified_gmt":"2026-04-11T14:43:25","slug":"kong-walther-magic-shopper-krepsys","status":"publish","type":"product","link":"https:\/\/hummy.ee\/lt\/produktas\/kong-walther-magic-shopper-krepsys\/","title":{"rendered":"Kong.Walther Magic Shopper krep\u0161ys"},"content":{"rendered":"<h6 data-start=\"497\" data-end=\"757\">Krep\u0161io viduje yra nedidel\u0117 papildoma ki\u0161en\u0117, \u012f kuri\u0105 galite \u012fsid\u0117ti raktus, korteles ar kitus smulkius daiktus, kad juos visada b\u016bt\u0173 lengva rasti. Tai puikus krep\u0161ys kasdieniam naudojimui - nesvarbu, ar einate \u012f Parduotuv\u0119, ar \u012f darb\u0105, ar pasivaik\u0161\u010dioti, ar skubiai sutvarkyti reikal\u0173.<\/h6>\n<p>&nbsp;<\/p>\n<h6 data-start=\"759\" data-end=\"775\"><em><strong>Funkcijos<\/strong><\/em><\/h6>\n<ul data-start=\"776\" data-end=\"955\">\n<li data-start=\"776\" data-end=\"810\">\n<h6 data-start=\"778\" data-end=\"810\">100 % perdirbta medviln\u0117<\/h6>\n<\/li>\n<li data-start=\"811\" data-end=\"842\">\n<h6 data-start=\"813\" data-end=\"842\">Ne\u0161iojamas rankoje arba per pet\u012f<\/h6>\n<\/li>\n<li data-start=\"843\" data-end=\"895\">\n<h6 data-start=\"845\" data-end=\"895\">Papildoma ki\u0161en\u0117 raktams ar smulkiems daiktams<\/h6>\n<\/li>\n<li data-start=\"896\" data-end=\"955\">\n<h6 data-start=\"898\" data-end=\"955\">Stilingas ir prakti\u0161kas pasirinkimas kasdieniam naudojimui<\/h6>\n<\/li>\n<\/ul>\n","protected":false},"excerpt":{"rendered":"<h6 data-start=\"157\" data-end=\"230\">&#8222;Magic Shopper\" krep\u0161ys - stilinga ir prakti\u0161ka kasdien\u0117 rankin\u0117. &#8222;Kong.Walther\" krep\u0161ys &#8222;Magic Shopper\" - tai didelis, patogus ir prakti\u0161kas rankinis krep\u0161ys, kur\u012f galima ne\u0161ioti ant rankos arba per pet\u012f. Krep\u0161ys pagamintas i\u0161 gra\u017eios, patvarios ir perdirbamos medviln\u0117s, kurioje pabr\u0117\u017eiamas ir stilius, ir funkcionalumas.<\/h6>\n","protected":false},"featured_media":74611,"comment_status":"open","ping_status":"closed","template":"","meta":{"_acf_changed":false,"om_disable_all_campaigns":false,"_monsterinsights_skip_tracking":false,"_monsterinsights_sitenote_active":false,"_monsterinsights_sitenote_note":"","_monsterinsights_sitenote_category":0,"_uf_show_specific_survey":0,"_uf_disable_surveys":false,"site-sidebar-layout":"default","site-content-layout":"","ast-site-content-layout":"default","site-content-style":"default","site-sidebar-style":"default","ast-global-header-display":"","ast-banner-title-visibility":"","ast-main-header-display":"","ast-hfb-above-header-display":"","ast-hfb-below-header-display":"","ast-hfb-mobile-header-display":"","site-post-title":"","ast-breadcrumbs-content":"","ast-featured-img":"","footer-sml-layout":"","theme-transparent-header-meta":"default","adv-header-id-meta":"","stick-header-meta":"","header-above-stick-meta":"","header-main-stick-meta":"","header-below-stick-meta":"","astra-migrate-meta-layouts":"set","ast-page-background-enabled":"default","ast-page-background-meta":{"desktop":{"background-color":"var(--ast-global-color-4)","background-image":"","background-repeat":"repeat","background-position":"center center","background-size":"auto","background-attachment":"scroll","background-type":"","background-media":"","overlay-type":"","overlay-color":"","overlay-opacity":"","overlay-gradient":""},"tablet":{"background-color":"","background-image":"","background-repeat":"repeat","background-position":"center center","background-size":"auto","background-attachment":"scroll","background-type":"","background-media":"","overlay-type":"","overlay-color":"","overlay-opacity":"","overlay-gradient":""},"mobile":{"background-color":"","background-image":"","background-repeat":"repeat","background-position":"center center","background-size":"auto","background-attachment":"scroll","background-type":"","background-media":"","overlay-type":"","overlay-color":"","overlay-opacity":"","overlay-gradient":""}},"ast-content-background-meta":{"desktop":{"background-color":"var(--ast-global-color-5)","background-image":"","background-repeat":"repeat","background-position":"center center","background-size":"auto","background-attachment":"scroll","background-type":"","background-media":"","overlay-type":"","overlay-color":"","overlay-opacity":"","overlay-gradient":""},"tablet":{"background-color":"var(--ast-global-color-5)","background-image":"","background-repeat":"repeat","background-position":"center center","background-size":"auto","background-attachment":"scroll","background-type":"","background-media":"","overlay-type":"","overlay-color":"","overlay-opacity":"","overlay-gradient":""},"mobile":{"background-color":"var(--ast-global-color-5)","background-image":"","background-repeat":"repeat","background-position":"center center","background-size":"auto","background-attachment":"scroll","background-type":"","background-media":"","overlay-type":"","overlay-color":"","overlay-opacity":"","overlay-gradient":""}}},"product_brand":[],"product_cat":[715,1179,361,514],"product_tag":[],"class_list":{"0":"post-75343","1":"product","2":"type-product","3":"status-publish","4":"has-post-thumbnail","6":"product_cat-daugiau","7":"product_cat-kongwalther","8":"product_cat-krepsiai-ir-kuprines","9":"product_cat-nauji-produktai","10":"desktop-align-left","11":"tablet-align-left","12":"mobile-align-left","14":"first","15":"instock","16":"taxable","17":"shipping-taxable","18":"purchasable","19":"product-type-simple"},"acf":[],"aioseo_notices":[],"_links":{"self":[{"href":"https:\/\/hummy.ee\/lt\/wp-json\/wp\/v2\/product\/75343","targetHints":{"allow":["GET"]}}],"collection":[{"href":"https:\/\/hummy.ee\/lt\/wp-json\/wp\/v2\/product"}],"about":[{"href":"https:\/\/hummy.ee\/lt\/wp-json\/wp\/v2\/types\/product"}],"replies":[{"embeddable":true,"href":"https:\/\/hummy.ee\/lt\/wp-json\/wp\/v2\/comments?post=75343"}],"version-history":[{"count":6,"href":"https:\/\/hummy.ee\/lt\/wp-json\/wp\/v2\/product\/75343\/revisions"}],"predecessor-version":[{"id":86481,"href":"https:\/\/hummy.ee\/lt\/wp-json\/wp\/v2\/product\/75343\/revisions\/86481"}],"wp:featuredmedia":[{"embeddable":true,"href":"https:\/\/hummy.ee\/lt\/wp-json\/wp\/v2\/media\/74611"}],"wp:attachment":[{"href":"https:\/\/hummy.ee\/lt\/wp-json\/wp\/v2\/media?parent=75343"}],"wp:term":[{"taxonomy":"product_brand","embeddable":true,"href":"https:\/\/hummy.ee\/lt\/wp-json\/wp\/v2\/product_brand?post=75343"},{"taxonomy":"product_cat","embeddable":true,"href":"https:\/\/hummy.ee\/lt\/wp-json\/wp\/v2\/product_cat?post=75343"},{"taxonomy":"product_tag","embeddable":true,"href":"https:\/\/hummy.ee\/lt\/wp-json\/wp\/v2\/product_tag?post=75343"}],"curies":[{"name":"wp","href":"https:\/\/api.w.org\/{rel}","templated":true}]}}