{"id":75269,"date":"2025-11-24T19:13:27","date_gmt":"2025-11-24T19:13:27","guid":{"rendered":"https:\/\/hummy.ee\/product\/kong-walther-osterbro-eriuku-vagonu-pakabos\/"},"modified":"2026-04-11T14:41:29","modified_gmt":"2026-04-11T14:41:29","slug":"kong-walther-osterbro-eriuku-vagonu-pakabos","status":"publish","type":"product","link":"https:\/\/hummy.ee\/lt\/produktas\/kong-walther-osterbro-eriuku-vagonu-pakabos\/","title":{"rendered":"Kong.Walther \u00d8sterbro \u0116riuk\u0173 vagon\u0173 pakabos"},"content":{"rendered":"<h6 data-start=\"106\" data-end=\"184\"><strong><em>\u00d8sterbro vagon\u0173 pir\u0161tin\u0117s - \u0161iltos ir prakti\u0161kos vagon\u0173 pir\u0161tin\u0117s i\u0161 KONG.WALTHER<\/em><\/strong><\/h6>\n<h6 data-start=\"186\" data-end=\"552\">&#8222;\u00d8sterbro\" ve\u017eim\u0117lio pir\u0161tin\u0117s skirtos t\u0117vams, kuriems atsibodo \u0161altos rankos vaik\u0161tin\u0117jant su ve\u017eim\u0117liu ar ve\u017eim\u0117liu ir kuri\u0173 k\u016bdikis link\u0119s nuolat numesti pir\u0161tines. Su &#8222;KongWalther\" ve\u017eim\u0117lio pir\u0161tin\u0117mis visada tur\u0117site laisvas rankas veiksmams: gal\u0117site greitai paimti \u0161lepetes, pad\u0117ti k\u016bdikiui ar i\u0161gerti gurk\u0161n\u012f \u0161iltos kavos, o tada v\u0117l patogiai ir \u0161iltai \u012fki\u0161ti rankas atgal \u012f pir\u0161tines.<\/h6>\n<p>&nbsp;<\/p>\n<h6 data-start=\"554\" data-end=\"600\"><em><strong>Tinka visiems ve\u017eim\u0117liams ir ve\u017eim\u0117liams<\/strong><\/em><\/h6>\n<h6 data-start=\"601\" data-end=\"758\">Ve\u017eim\u0117lio dir\u017eai yra universalaus dyd\u017eio (vieno dyd\u017eio) ir juos galima lengvai pritvirtinti prie bet kokio ve\u017eim\u0117lio ar ve\u017eim\u0117lio rankenos. Skirti kasdieniam naudojimui bet kokiu oru. Pagaminta i\u0161 vegani\u0161kos odos ir su \u0161iltu vilnoniu pamu\u0161alu, ji u\u017etikrina komfort\u0105 net \u0161altu ir v\u0117juotu oru.<\/h6>\n<p>&nbsp;<\/p>\n<h6 data-start=\"760\" data-end=\"791\"><em><strong>Med\u017eiagos ir kokyb\u0117<\/strong><\/em><\/h6>\n<ul data-start=\"792\" data-end=\"960\">\n<li data-start=\"813\" data-end=\"836\">\n<h6 data-start=\"815\" data-end=\"836\">Viduje \u0161iltas vilnonis pamu\u0161alas<\/h6>\n<\/li>\n<li data-start=\"837\" data-end=\"876\">\n<h6 data-start=\"839\" data-end=\"876\">V\u0117jui ir vandeniui atspari i\u0161orin\u0117 med\u017eiaga<\/h6>\n<\/li>\n<li data-start=\"877\" data-end=\"960\">\n<h6 data-start=\"879\" data-end=\"960\">Abiejose pus\u0117se esantys u\u017eraktai - lengva pritvirtinti prie vis\u0173 ve\u017eim\u0117li\u0173 ir vaiki\u0161k\u0173 ve\u017eim\u0117li\u0173<\/h6>\n<\/li>\n<\/ul>\n<h6 data-start=\"962\" data-end=\"983\"><strong><em>Prie\u017ei\u016bros vadovas<\/em><\/strong><\/h6>\n<ul data-start=\"984\" data-end=\"1014\">\n<li data-start=\"984\" data-end=\"995\">\n<h6 data-start=\"986\" data-end=\"995\">Cheminis valymas<\/h6>\n<\/li>\n<li data-start=\"996\" data-end=\"1014\">\n<h6 data-start=\"998\" data-end=\"1014\">Sausas oras<\/h6>\n<\/li>\n<\/ul>\n","protected":false},"excerpt":{"rendered":"<h6>\u0160iltos ir vandeniui atsparios KONG.WALTHER pir\u0161tin\u0117s &#8222;\u00d8sterbro wagon\" u\u017etikrins patogi\u0105 rank\u0173 \u0161ilum\u0105 pasivaik\u0161\u010diojim\u0173 metu. Universalaus dyd\u017eio pir\u0161tin\u0117s tinka visiems ve\u017eim\u0117liams ir ve\u017eim\u0117liams, tod\u0117l gal\u0117site greitai pad\u0117ti vaikui nenusiimdami pir\u0161tini\u0173.<\/h6>\n<p>&nbsp;<\/p>\n","protected":false},"featured_media":74927,"comment_status":"open","ping_status":"closed","template":"","meta":{"_acf_changed":false,"om_disable_all_campaigns":false,"_monsterinsights_skip_tracking":false,"_monsterinsights_sitenote_active":false,"_monsterinsights_sitenote_note":"","_monsterinsights_sitenote_category":0,"_uf_show_specific_survey":0,"_uf_disable_surveys":false,"site-sidebar-layout":"default","site-content-layout":"","ast-site-content-layout":"default","site-content-style":"default","site-sidebar-style":"default","ast-global-header-display":"","ast-banner-title-visibility":"","ast-main-header-display":"","ast-hfb-above-header-display":"","ast-hfb-below-header-display":"","ast-hfb-mobile-header-display":"","site-post-title":"","ast-breadcrumbs-content":"","ast-featured-img":"","footer-sml-layout":"","theme-transparent-header-meta":"default","adv-header-id-meta":"","stick-header-meta":"","header-above-stick-meta":"","header-main-stick-meta":"","header-below-stick-meta":"","astra-migrate-meta-layouts":"set","ast-page-background-enabled":"default","ast-page-background-meta":{"desktop":{"background-color":"var(--ast-global-color-4)","background-image":"","background-repeat":"repeat","background-position":"center center","background-size":"auto","background-attachment":"scroll","background-type":"","background-media":"","overlay-type":"","overlay-color":"","overlay-opacity":"","overlay-gradient":""},"tablet":{"background-color":"","background-image":"","background-repeat":"repeat","background-position":"center center","background-size":"auto","background-attachment":"scroll","background-type":"","background-media":"","overlay-type":"","overlay-color":"","overlay-opacity":"","overlay-gradient":""},"mobile":{"background-color":"","background-image":"","background-repeat":"repeat","background-position":"center center","background-size":"auto","background-attachment":"scroll","background-type":"","background-media":"","overlay-type":"","overlay-color":"","overlay-opacity":"","overlay-gradient":""}},"ast-content-background-meta":{"desktop":{"background-color":"var(--ast-global-color-5)","background-image":"","background-repeat":"repeat","background-position":"center center","background-size":"auto","background-attachment":"scroll","background-type":"","background-media":"","overlay-type":"","overlay-color":"","overlay-opacity":"","overlay-gradient":""},"tablet":{"background-color":"var(--ast-global-color-5)","background-image":"","background-repeat":"repeat","background-position":"center center","background-size":"auto","background-attachment":"scroll","background-type":"","background-media":"","overlay-type":"","overlay-color":"","overlay-opacity":"","overlay-gradient":""},"mobile":{"background-color":"var(--ast-global-color-5)","background-image":"","background-repeat":"repeat","background-position":"center center","background-size":"auto","background-attachment":"scroll","background-type":"","background-media":"","overlay-type":"","overlay-color":"","overlay-opacity":"","overlay-gradient":""}}},"product_brand":[],"product_cat":[1180,1179,514],"product_tag":[],"class_list":{"0":"post-75269","1":"product","2":"type-product","3":"status-publish","4":"has-post-thumbnail","6":"product_cat-kabliukai","7":"product_cat-kongwalther","8":"product_cat-nauji-produktai","9":"desktop-align-left","10":"tablet-align-left","11":"mobile-align-left","13":"first","14":"instock","15":"taxable","16":"shipping-taxable","17":"purchasable","18":"product-type-simple"},"acf":[],"aioseo_notices":[],"_links":{"self":[{"href":"https:\/\/hummy.ee\/lt\/wp-json\/wp\/v2\/product\/75269","targetHints":{"allow":["GET"]}}],"collection":[{"href":"https:\/\/hummy.ee\/lt\/wp-json\/wp\/v2\/product"}],"about":[{"href":"https:\/\/hummy.ee\/lt\/wp-json\/wp\/v2\/types\/product"}],"replies":[{"embeddable":true,"href":"https:\/\/hummy.ee\/lt\/wp-json\/wp\/v2\/comments?post=75269"}],"version-history":[{"count":7,"href":"https:\/\/hummy.ee\/lt\/wp-json\/wp\/v2\/product\/75269\/revisions"}],"predecessor-version":[{"id":86470,"href":"https:\/\/hummy.ee\/lt\/wp-json\/wp\/v2\/product\/75269\/revisions\/86470"}],"wp:featuredmedia":[{"embeddable":true,"href":"https:\/\/hummy.ee\/lt\/wp-json\/wp\/v2\/media\/74927"}],"wp:attachment":[{"href":"https:\/\/hummy.ee\/lt\/wp-json\/wp\/v2\/media?parent=75269"}],"wp:term":[{"taxonomy":"product_brand","embeddable":true,"href":"https:\/\/hummy.ee\/lt\/wp-json\/wp\/v2\/product_brand?post=75269"},{"taxonomy":"product_cat","embeddable":true,"href":"https:\/\/hummy.ee\/lt\/wp-json\/wp\/v2\/product_cat?post=75269"},{"taxonomy":"product_tag","embeddable":true,"href":"https:\/\/hummy.ee\/lt\/wp-json\/wp\/v2\/product_tag?post=75269"}],"curies":[{"name":"wp","href":"https:\/\/api.w.org\/{rel}","templated":true}]}}