{"id":75246,"date":"2025-11-24T19:12:15","date_gmt":"2025-11-24T19:12:15","guid":{"rendered":"https:\/\/hummy.ee\/product\/kong-walther-magic-shopper-tinklinis-krepsys\/"},"modified":"2026-04-11T14:43:16","modified_gmt":"2026-04-11T14:43:16","slug":"kong-walther-magic-shopper-tinklinis-krepsys","status":"publish","type":"product","link":"https:\/\/hummy.ee\/lt\/produktas\/kong-walther-magic-shopper-tinklinis-krepsys\/","title":{"rendered":"Kong.Walther Magic Shopper tinklinis krep\u0161ys"},"content":{"rendered":"<h6 data-start=\"447\" data-end=\"672\">Be didelio pagrindinio skyriaus, tinklelyje yra nedidel\u0117 papildoma ki\u0161en\u0117, \u012f kuri\u0105 galite \u012fsid\u0117ti raktus ar kitus smulkius daiktus, kad jie visada b\u016bt\u0173 po ranka. Pagamintas i\u0161 100 % perdirbtos medviln\u0117s, tod\u0117l tai ekologi\u0161kas ir patvarus pasirinkimas.<\/h6>\n<p>&nbsp;<\/p>\n<h6 data-start=\"674\" data-end=\"690\"><em><strong>Funkcijos<\/strong><\/em><\/h6>\n<ul data-start=\"691\" data-end=\"1003\">\n<li data-start=\"691\" data-end=\"740\">\n<h6 data-start=\"693\" data-end=\"740\">Pagaminta i\u0161 100 % perdirbtos medviln\u0117s<\/h6>\n<\/li>\n<li data-start=\"741\" data-end=\"790\">\n<h6 data-start=\"743\" data-end=\"790\">Lengvas montavimas - tvirtinama \u0161ak\u0117s var\u017etais<\/h6>\n<\/li>\n<li data-start=\"791\" data-end=\"852\">\n<h6 data-start=\"793\" data-end=\"852\">Tinka visiems ve\u017eim\u0117liams ir ve\u017eim\u0117liams<\/h6>\n<\/li>\n<li data-start=\"853\" data-end=\"907\">\n<h6 data-start=\"855\" data-end=\"907\">Papildoma ki\u0161en\u0117 raktams ar smulkesniems daiktams<\/h6>\n<\/li>\n<li data-start=\"908\" data-end=\"1003\">\n<h6 data-start=\"910\" data-end=\"1003\">Pastaba: visada \u012fsitikinkite, kad ant rankenos n\u0117ra per didelio svorio, kad Ve\u017eim\u0117lis nepasvirt\u0173 atgal.<\/h6>\n<\/li>\n<\/ul>\n","protected":false},"excerpt":{"rendered":"<h6 data-start=\"115\" data-end=\"190\">&#8222;Magic Shopper\" tinklinis krep\u0161ys - prakti\u0161kas ir talpus tinklinis krep\u0161ys ve\u017eim\u0117liui. &#8222;Magic Shopper\" tinklinis krep\u0161ys &#8222;Kong.Walther\" yra didelis, tvirtas ir patogus tinklinis krep\u0161ys, tvirtinamas prie ve\u017eim\u0117lio rankenos tvirtais dir\u017eeliais. Jis tinka naudoti su visais vaiki\u0161kais ve\u017eim\u0117liais, ve\u017eim\u0117liais ir ve\u017eim\u0117liais.<\/h6>\n","protected":false},"featured_media":74556,"comment_status":"open","ping_status":"closed","template":"","meta":{"_acf_changed":false,"om_disable_all_campaigns":false,"_monsterinsights_skip_tracking":false,"_monsterinsights_sitenote_active":false,"_monsterinsights_sitenote_note":"","_monsterinsights_sitenote_category":0,"_uf_show_specific_survey":0,"_uf_disable_surveys":false,"site-sidebar-layout":"default","site-content-layout":"","ast-site-content-layout":"default","site-content-style":"default","site-sidebar-style":"default","ast-global-header-display":"","ast-banner-title-visibility":"","ast-main-header-display":"","ast-hfb-above-header-display":"","ast-hfb-below-header-display":"","ast-hfb-mobile-header-display":"","site-post-title":"","ast-breadcrumbs-content":"","ast-featured-img":"","footer-sml-layout":"","theme-transparent-header-meta":"default","adv-header-id-meta":"","stick-header-meta":"","header-above-stick-meta":"","header-main-stick-meta":"","header-below-stick-meta":"","astra-migrate-meta-layouts":"set","ast-page-background-enabled":"default","ast-page-background-meta":{"desktop":{"background-color":"var(--ast-global-color-4)","background-image":"","background-repeat":"repeat","background-position":"center center","background-size":"auto","background-attachment":"scroll","background-type":"","background-media":"","overlay-type":"","overlay-color":"","overlay-opacity":"","overlay-gradient":""},"tablet":{"background-color":"","background-image":"","background-repeat":"repeat","background-position":"center center","background-size":"auto","background-attachment":"scroll","background-type":"","background-media":"","overlay-type":"","overlay-color":"","overlay-opacity":"","overlay-gradient":""},"mobile":{"background-color":"","background-image":"","background-repeat":"repeat","background-position":"center center","background-size":"auto","background-attachment":"scroll","background-type":"","background-media":"","overlay-type":"","overlay-color":"","overlay-opacity":"","overlay-gradient":""}},"ast-content-background-meta":{"desktop":{"background-color":"var(--ast-global-color-5)","background-image":"","background-repeat":"repeat","background-position":"center center","background-size":"auto","background-attachment":"scroll","background-type":"","background-media":"","overlay-type":"","overlay-color":"","overlay-opacity":"","overlay-gradient":""},"tablet":{"background-color":"var(--ast-global-color-5)","background-image":"","background-repeat":"repeat","background-position":"center center","background-size":"auto","background-attachment":"scroll","background-type":"","background-media":"","overlay-type":"","overlay-color":"","overlay-opacity":"","overlay-gradient":""},"mobile":{"background-color":"var(--ast-global-color-5)","background-image":"","background-repeat":"repeat","background-position":"center center","background-size":"auto","background-attachment":"scroll","background-type":"","background-media":"","overlay-type":"","overlay-color":"","overlay-opacity":"","overlay-gradient":""}}},"product_brand":[],"product_cat":[715,1179,361,514],"product_tag":[],"class_list":{"0":"post-75246","1":"product","2":"type-product","3":"status-publish","4":"has-post-thumbnail","6":"product_cat-daugiau","7":"product_cat-kongwalther","8":"product_cat-krepsiai-ir-kuprines","9":"product_cat-nauji-produktai","10":"desktop-align-left","11":"tablet-align-left","12":"mobile-align-left","14":"first","15":"instock","16":"taxable","17":"shipping-taxable","18":"purchasable","19":"product-type-variable"},"acf":[],"aioseo_notices":[],"_links":{"self":[{"href":"https:\/\/hummy.ee\/lt\/wp-json\/wp\/v2\/product\/75246","targetHints":{"allow":["GET"]}}],"collection":[{"href":"https:\/\/hummy.ee\/lt\/wp-json\/wp\/v2\/product"}],"about":[{"href":"https:\/\/hummy.ee\/lt\/wp-json\/wp\/v2\/types\/product"}],"replies":[{"embeddable":true,"href":"https:\/\/hummy.ee\/lt\/wp-json\/wp\/v2\/comments?post=75246"}],"version-history":[{"count":6,"href":"https:\/\/hummy.ee\/lt\/wp-json\/wp\/v2\/product\/75246\/revisions"}],"predecessor-version":[{"id":86480,"href":"https:\/\/hummy.ee\/lt\/wp-json\/wp\/v2\/product\/75246\/revisions\/86480"}],"wp:featuredmedia":[{"embeddable":true,"href":"https:\/\/hummy.ee\/lt\/wp-json\/wp\/v2\/media\/74556"}],"wp:attachment":[{"href":"https:\/\/hummy.ee\/lt\/wp-json\/wp\/v2\/media?parent=75246"}],"wp:term":[{"taxonomy":"product_brand","embeddable":true,"href":"https:\/\/hummy.ee\/lt\/wp-json\/wp\/v2\/product_brand?post=75246"},{"taxonomy":"product_cat","embeddable":true,"href":"https:\/\/hummy.ee\/lt\/wp-json\/wp\/v2\/product_cat?post=75246"},{"taxonomy":"product_tag","embeddable":true,"href":"https:\/\/hummy.ee\/lt\/wp-json\/wp\/v2\/product_tag?post=75246"}],"curies":[{"name":"wp","href":"https:\/\/api.w.org\/{rel}","templated":true}]}}