{"id":75237,"date":"2025-11-24T19:12:04","date_gmt":"2025-11-24T19:12:04","guid":{"rendered":"https:\/\/hummy.ee\/product\/kong-walther-osterbro-termemis-miegmaisiai\/"},"modified":"2026-04-11T14:41:13","modified_gmt":"2026-04-11T14:41:13","slug":"kong-walther-osterbro-termemis-miegmaisiai","status":"publish","type":"product","link":"https:\/\/hummy.ee\/lt\/produktas\/kong-walther-osterbro-termemis-miegmaisiai\/","title":{"rendered":"Kong.Walther \u00d8sterbro term\u0117mis miegmai\u0161iai"},"content":{"rendered":"<h6 data-start=\"653\" data-end=\"687\"><em><strong>Mink\u0161tas, \u0161iltas ir pralaidus orui miegmai\u0161iai<\/strong><\/em><\/h6>\n<h6 data-start=\"688\" data-end=\"886\">Miegmai\u0161io vidus i\u0161klotas itin mink\u0161ta velboa vilna, kuri yra tarsi \u0161iltas apkabinimas. U\u017epildas yra lengvas, skalbiamas ir perdirbtas poliesteris - i\u0161laiko \u0161ilum\u0105, bet mai\u0161o neapsunkina. I\u0161or\u0117 pagaminta i\u0161 perdirbto poliesterio ir yra atspari v\u0117jui bei dr\u0117gmei, kad k\u016bdikis b\u016bt\u0173 apsaugotas bet kokiu oru.<\/h6>\n<p>&nbsp;<\/p>\n<h6 data-start=\"1019\" data-end=\"1045\"><em><strong>Funkcijos<\/strong><\/em><\/h6>\n<ul data-start=\"1046\" data-end=\"1390\">\n<li data-start=\"1046\" data-end=\"1129\">\n<h6 data-start=\"1048\" data-end=\"1129\">\u0160oninis atidarymo u\u017eraktas - lengva i\u0161kelti k\u016bdik\u012f, net kai jis miega<\/h6>\n<\/li>\n<li data-start=\"1130\" data-end=\"1253\">\n<h6 data-start=\"1132\" data-end=\"1253\">Reguliuojamas gobtuvas ir apatin\u0117 ventiliacijos anga - leid\u017eia reguliuoti miegmai\u0161i\u0173 dyd\u012f ir u\u017etikrinti ventiliacij\u0105 \u0161iltesn\u0117mis dienomis.<\/h6>\n<\/li>\n<li data-start=\"1254\" data-end=\"1326\">\n<h6 data-start=\"1256\" data-end=\"1326\">Universalus pritaikymas - tinka bet kokiam vaiki\u0161kam ar vaiki\u0161kam ve\u017eim\u0117liui<\/h6>\n<\/li>\n<li data-start=\"1327\" data-end=\"1390\">\n<h6 data-start=\"1329\" data-end=\"1390\">Galima naudoti nuo naujagimio iki ma\u017edaug 4 met\u0173 am\u017eiaus.<\/h6>\n<\/li>\n<\/ul>\n<h6 data-start=\"1392\" data-end=\"1420\"><em><strong>Med\u017eiagos ir savyb\u0117s<\/strong><\/em><\/h6>\n<ul data-start=\"1421\" data-end=\"1710\">\n<li data-start=\"1421\" data-end=\"1465\">\n<h6 data-start=\"1423\" data-end=\"1465\">Itin mink\u0161tas velboa vilnos vidinis pamu\u0161alas<\/h6>\n<\/li>\n<li data-start=\"1466\" data-end=\"1501\">\n<h6 data-start=\"1468\" data-end=\"1501\">Lengvas ir skalbiamas poliesterio u\u017epildas<\/h6>\n<\/li>\n<li data-start=\"1502\" data-end=\"1543\">\n<h6 data-start=\"1504\" data-end=\"1543\">I\u0161orinis audinys pagamintas i\u0161 perdirbto poliesterio<\/h6>\n<\/li>\n<li data-start=\"1544\" data-end=\"1578\">\n<h6 data-start=\"1546\" data-end=\"1578\">V\u0117jui ir vandeniui atsparus vir\u0161utinis pavir\u0161ius<\/h6>\n<\/li>\n<li data-start=\"1579\" data-end=\"1612\">\n<h6 data-start=\"1581\" data-end=\"1612\">Auk\u0161tos kokyb\u0117s \u0161oninis u\u017etrauktukas<\/h6>\n<\/li>\n<li data-start=\"1613\" data-end=\"1652\">\n<h6 data-start=\"1615\" data-end=\"1652\">Reguliuojamas gobtuvas ir apatin\u0117 anga<\/h6>\n<\/li>\n<li data-start=\"1653\" data-end=\"1710\">\n<h6 data-start=\"1655\" data-end=\"1710\">Universaliai tinka daugumai ve\u017eim\u0117li\u0173 ir ve\u017eim\u0117li\u0173<\/h6>\n<\/li>\n<\/ul>\n<h6 data-start=\"1712\" data-end=\"1731\"><em><strong>Prie\u017ei\u016bros vadovas<\/strong><\/em><\/h6>\n<ul data-start=\"1732\" data-end=\"1774\">\n<li data-start=\"1732\" data-end=\"1751\">\n<h6 data-start=\"1734\" data-end=\"1751\">Cheminis valymas<\/h6>\n<\/li>\n<li data-start=\"1752\" data-end=\"1774\">\n<h6 data-start=\"1754\" data-end=\"1774\">Sausas oras<\/h6>\n<\/li>\n<\/ul>\n","protected":false},"excerpt":{"rendered":"<h6 data-start=\"269\" data-end=\"309\">&#8222;\u00d8sterbro\" KONG.WALTHER yra stilingas ir prakti\u0161kas, tod\u0117l net \u0161al\u010diausiu met\u0173 laiku j\u016bs\u0173 k\u016bdikiui bus \u0161ilta, sausa ir saugu. \u00d8sterbro miegmai\u0161iai suderintas modernus dizainas ir kasdienis patogumas. Jo i\u0161vaizda dera su m\u016bs\u0173 populiariais &#8222;\u00d8sterbro Puffer\" ve\u017eim\u0117li\u0173 u\u017evalkalais, tod\u0117l prireikus galite sukurti vientis\u0105 ir minimalistin\u012f komplekt\u0105 savo ve\u017eim\u0117liui.<\/h6>\n","protected":false},"featured_media":74472,"comment_status":"open","ping_status":"closed","template":"","meta":{"_acf_changed":false,"om_disable_all_campaigns":false,"_monsterinsights_skip_tracking":false,"_monsterinsights_sitenote_active":false,"_monsterinsights_sitenote_note":"","_monsterinsights_sitenote_category":0,"_uf_show_specific_survey":0,"_uf_disable_surveys":false,"site-sidebar-layout":"default","site-content-layout":"","ast-site-content-layout":"default","site-content-style":"default","site-sidebar-style":"default","ast-global-header-display":"","ast-banner-title-visibility":"","ast-main-header-display":"","ast-hfb-above-header-display":"","ast-hfb-below-header-display":"","ast-hfb-mobile-header-display":"","site-post-title":"","ast-breadcrumbs-content":"","ast-featured-img":"","footer-sml-layout":"","theme-transparent-header-meta":"default","adv-header-id-meta":"","stick-header-meta":"","header-above-stick-meta":"","header-main-stick-meta":"","header-below-stick-meta":"","astra-migrate-meta-layouts":"set","ast-page-background-enabled":"default","ast-page-background-meta":{"desktop":{"background-color":"var(--ast-global-color-4)","background-image":"","background-repeat":"repeat","background-position":"center center","background-size":"auto","background-attachment":"scroll","background-type":"","background-media":"","overlay-type":"","overlay-color":"","overlay-opacity":"","overlay-gradient":""},"tablet":{"background-color":"","background-image":"","background-repeat":"repeat","background-position":"center center","background-size":"auto","background-attachment":"scroll","background-type":"","background-media":"","overlay-type":"","overlay-color":"","overlay-opacity":"","overlay-gradient":""},"mobile":{"background-color":"","background-image":"","background-repeat":"repeat","background-position":"center center","background-size":"auto","background-attachment":"scroll","background-type":"","background-media":"","overlay-type":"","overlay-color":"","overlay-opacity":"","overlay-gradient":""}},"ast-content-background-meta":{"desktop":{"background-color":"var(--ast-global-color-5)","background-image":"","background-repeat":"repeat","background-position":"center center","background-size":"auto","background-attachment":"scroll","background-type":"","background-media":"","overlay-type":"","overlay-color":"","overlay-opacity":"","overlay-gradient":""},"tablet":{"background-color":"var(--ast-global-color-5)","background-image":"","background-repeat":"repeat","background-position":"center center","background-size":"auto","background-attachment":"scroll","background-type":"","background-media":"","overlay-type":"","overlay-color":"","overlay-opacity":"","overlay-gradient":""},"mobile":{"background-color":"var(--ast-global-color-5)","background-image":"","background-repeat":"repeat","background-position":"center center","background-size":"auto","background-attachment":"scroll","background-type":"","background-media":"","overlay-type":"","overlay-color":"","overlay-opacity":"","overlay-gradient":""}}},"product_brand":[],"product_cat":[1179,404,514],"product_tag":[],"class_list":{"0":"post-75237","1":"product","2":"type-product","3":"status-publish","4":"has-post-thumbnail","6":"product_cat-kongwalther","7":"product_cat-karsti-maiseliai","8":"product_cat-nauji-produktai","9":"desktop-align-left","10":"tablet-align-left","11":"mobile-align-left","13":"first","14":"instock","15":"taxable","16":"shipping-taxable","17":"purchasable","18":"product-type-variable"},"acf":[],"aioseo_notices":[],"_links":{"self":[{"href":"https:\/\/hummy.ee\/lt\/wp-json\/wp\/v2\/product\/75237","targetHints":{"allow":["GET"]}}],"collection":[{"href":"https:\/\/hummy.ee\/lt\/wp-json\/wp\/v2\/product"}],"about":[{"href":"https:\/\/hummy.ee\/lt\/wp-json\/wp\/v2\/types\/product"}],"replies":[{"embeddable":true,"href":"https:\/\/hummy.ee\/lt\/wp-json\/wp\/v2\/comments?post=75237"}],"version-history":[{"count":6,"href":"https:\/\/hummy.ee\/lt\/wp-json\/wp\/v2\/product\/75237\/revisions"}],"predecessor-version":[{"id":86469,"href":"https:\/\/hummy.ee\/lt\/wp-json\/wp\/v2\/product\/75237\/revisions\/86469"}],"wp:featuredmedia":[{"embeddable":true,"href":"https:\/\/hummy.ee\/lt\/wp-json\/wp\/v2\/media\/74472"}],"wp:attachment":[{"href":"https:\/\/hummy.ee\/lt\/wp-json\/wp\/v2\/media?parent=75237"}],"wp:term":[{"taxonomy":"product_brand","embeddable":true,"href":"https:\/\/hummy.ee\/lt\/wp-json\/wp\/v2\/product_brand?post=75237"},{"taxonomy":"product_cat","embeddable":true,"href":"https:\/\/hummy.ee\/lt\/wp-json\/wp\/v2\/product_cat?post=75237"},{"taxonomy":"product_tag","embeddable":true,"href":"https:\/\/hummy.ee\/lt\/wp-json\/wp\/v2\/product_tag?post=75237"}],"curies":[{"name":"wp","href":"https:\/\/api.w.org\/{rel}","templated":true}]}}