{"id":75192,"date":"2025-11-24T19:11:48","date_gmt":"2025-11-24T19:11:48","guid":{"rendered":"https:\/\/hummy.ee\/product\/kong-walther-help-me-hooks-vagono-kabliukai\/"},"modified":"2026-04-11T14:43:33","modified_gmt":"2026-04-11T14:43:33","slug":"kong-walther-help-me-hooks-vagono-kabliukai","status":"publish","type":"product","link":"https:\/\/hummy.ee\/lt\/produktas\/kong-walther-help-me-hooks-vagono-kabliukai\/","title":{"rendered":"Kong.Walther Help Me Hooks vagono kabliukai"},"content":{"rendered":"<h6 data-start=\"481\" data-end=\"529\"><em><strong>Kod\u0117l verta rinktis &#8222;HELP ME HOOKS\" kablius ve\u017eim\u0117liams?<\/strong><\/em><\/h6>\n<ul data-start=\"530\" data-end=\"876\">\n<li data-start=\"530\" data-end=\"647\">\n<h6 data-start=\"532\" data-end=\"647\">Prie rankenos pritvirtinkite itin tvirt\u0105 dir\u017e\u0105, kuris tvirtai laiko kablius net ir esant didelei apkrovai.<\/h6>\n<\/li>\n<li data-start=\"648\" data-end=\"788\">\n<h6 data-start=\"650\" data-end=\"788\">Jame yra du tvirti karabino kabliukai, ant kuri\u0173 patogiai pakabinsite pirkini\u0173 krep\u0161ius, rankines, sauskelni\u0173 krep\u0161ius ar kitus reikalingus daiktus.<\/h6>\n<\/li>\n<li data-start=\"789\" data-end=\"876\">\n<h6 data-start=\"791\" data-end=\"876\">Pagaminta i\u0161 100 % vegani\u0161kos odos, kuri yra stilinga, ekologi\u0161ka ir patvari.<\/h6>\n<\/li>\n<\/ul>\n<h6 data-start=\"878\" data-end=\"900\"><em><strong>Funkcijos<\/strong><\/em><\/h6>\n<ul data-start=\"901\" data-end=\"1158\">\n<li data-start=\"901\" data-end=\"935\">\n<h6 data-start=\"903\" data-end=\"935\">Komplekte: 2 vagono kabliai<\/h6>\n<\/li>\n<li data-start=\"936\" data-end=\"969\">\n<h6 data-start=\"938\" data-end=\"969\">Med\u017eiaga: 100% veganin\u0117 oda<\/h6>\n<\/li>\n<li data-start=\"970\" data-end=\"1028\">\n<h6 data-start=\"972\" data-end=\"1028\">Naudojimas: sunkesniems krep\u0161iams ir daiktams kabinti<\/h6>\n<\/li>\n<li data-start=\"1029\" data-end=\"1079\">\n<h6 data-start=\"1031\" data-end=\"1079\">Krovumas: iki 5 kg vienam kabliukui<\/h6>\n<\/li>\n<li data-start=\"1080\" data-end=\"1158\">\n<h6 data-start=\"1082\" data-end=\"1158\">Pastaba: Venkite ve\u017eim\u0117lio perkrovos, kad jis neapsiverst\u0173 atgal.<\/h6>\n<\/li>\n<\/ul>\n","protected":false},"excerpt":{"rendered":"<h6 data-start=\"95\" data-end=\"177\">&#8222;Help Me Hooks\" kabliukai ve\u017eim\u0117liui - patikimas pagalbininkas kiekviename pasivaik\u0161\u010diojime. &#8222;KongWalther\" ve\u017eim\u0117lio kabliukai &#8222;Help Me Hooks\" yra prakti\u0161kas sprendimas kasdien\u0117ms situacijoms, kai pirkini\u0173 krep\u0161iai tampa per sunk\u016bs arba ve\u017eim\u0117lyje n\u0117ra tinkamos vietos sauskeln\u0117ms pakabinti. Kabliukai tinka visiems ve\u017eim\u0117liams ir vaiki\u0161kiems ve\u017eim\u0117liams, saugiai tvirtinami prie vis\u0173 tip\u0173 ranken\u0173.<\/h6>\n<p>&nbsp;<\/p>\n","protected":false},"featured_media":74499,"comment_status":"open","ping_status":"closed","template":"","meta":{"_acf_changed":false,"om_disable_all_campaigns":false,"_monsterinsights_skip_tracking":false,"_monsterinsights_sitenote_active":false,"_monsterinsights_sitenote_note":"","_monsterinsights_sitenote_category":0,"_uf_show_specific_survey":0,"_uf_disable_surveys":false,"site-sidebar-layout":"default","site-content-layout":"","ast-site-content-layout":"default","site-content-style":"default","site-sidebar-style":"default","ast-global-header-display":"","ast-banner-title-visibility":"","ast-main-header-display":"","ast-hfb-above-header-display":"","ast-hfb-below-header-display":"","ast-hfb-mobile-header-display":"","site-post-title":"","ast-breadcrumbs-content":"","ast-featured-img":"","footer-sml-layout":"","theme-transparent-header-meta":"default","adv-header-id-meta":"","stick-header-meta":"","header-above-stick-meta":"","header-main-stick-meta":"","header-below-stick-meta":"","astra-migrate-meta-layouts":"set","ast-page-background-enabled":"default","ast-page-background-meta":{"desktop":{"background-color":"var(--ast-global-color-4)","background-image":"","background-repeat":"repeat","background-position":"center center","background-size":"auto","background-attachment":"scroll","background-type":"","background-media":"","overlay-type":"","overlay-color":"","overlay-opacity":"","overlay-gradient":""},"tablet":{"background-color":"","background-image":"","background-repeat":"repeat","background-position":"center center","background-size":"auto","background-attachment":"scroll","background-type":"","background-media":"","overlay-type":"","overlay-color":"","overlay-opacity":"","overlay-gradient":""},"mobile":{"background-color":"","background-image":"","background-repeat":"repeat","background-position":"center center","background-size":"auto","background-attachment":"scroll","background-type":"","background-media":"","overlay-type":"","overlay-color":"","overlay-opacity":"","overlay-gradient":""}},"ast-content-background-meta":{"desktop":{"background-color":"var(--ast-global-color-5)","background-image":"","background-repeat":"repeat","background-position":"center center","background-size":"auto","background-attachment":"scroll","background-type":"","background-media":"","overlay-type":"","overlay-color":"","overlay-opacity":"","overlay-gradient":""},"tablet":{"background-color":"var(--ast-global-color-5)","background-image":"","background-repeat":"repeat","background-position":"center center","background-size":"auto","background-attachment":"scroll","background-type":"","background-media":"","overlay-type":"","overlay-color":"","overlay-opacity":"","overlay-gradient":""},"mobile":{"background-color":"var(--ast-global-color-5)","background-image":"","background-repeat":"repeat","background-position":"center center","background-size":"auto","background-attachment":"scroll","background-type":"","background-media":"","overlay-type":"","overlay-color":"","overlay-opacity":"","overlay-gradient":""}}},"product_brand":[],"product_cat":[715,1179,514],"product_tag":[],"class_list":{"0":"post-75192","1":"product","2":"type-product","3":"status-publish","4":"has-post-thumbnail","6":"product_cat-daugiau","7":"product_cat-kongwalther","8":"product_cat-nauji-produktai","9":"desktop-align-left","10":"tablet-align-left","11":"mobile-align-left","13":"first","14":"instock","15":"taxable","16":"shipping-taxable","17":"purchasable","18":"product-type-variable"},"acf":[],"aioseo_notices":[],"_links":{"self":[{"href":"https:\/\/hummy.ee\/lt\/wp-json\/wp\/v2\/product\/75192","targetHints":{"allow":["GET"]}}],"collection":[{"href":"https:\/\/hummy.ee\/lt\/wp-json\/wp\/v2\/product"}],"about":[{"href":"https:\/\/hummy.ee\/lt\/wp-json\/wp\/v2\/types\/product"}],"replies":[{"embeddable":true,"href":"https:\/\/hummy.ee\/lt\/wp-json\/wp\/v2\/comments?post=75192"}],"version-history":[{"count":7,"href":"https:\/\/hummy.ee\/lt\/wp-json\/wp\/v2\/product\/75192\/revisions"}],"predecessor-version":[{"id":86483,"href":"https:\/\/hummy.ee\/lt\/wp-json\/wp\/v2\/product\/75192\/revisions\/86483"}],"wp:featuredmedia":[{"embeddable":true,"href":"https:\/\/hummy.ee\/lt\/wp-json\/wp\/v2\/media\/74499"}],"wp:attachment":[{"href":"https:\/\/hummy.ee\/lt\/wp-json\/wp\/v2\/media?parent=75192"}],"wp:term":[{"taxonomy":"product_brand","embeddable":true,"href":"https:\/\/hummy.ee\/lt\/wp-json\/wp\/v2\/product_brand?post=75192"},{"taxonomy":"product_cat","embeddable":true,"href":"https:\/\/hummy.ee\/lt\/wp-json\/wp\/v2\/product_cat?post=75192"},{"taxonomy":"product_tag","embeddable":true,"href":"https:\/\/hummy.ee\/lt\/wp-json\/wp\/v2\/product_tag?post=75192"}],"curies":[{"name":"wp","href":"https:\/\/api.w.org\/{rel}","templated":true}]}}