{"id":75156,"date":"2025-11-24T19:09:45","date_gmt":"2025-11-24T19:09:45","guid":{"rendered":"https:\/\/hummy.ee\/product\/kong-walther-osterbro-paketas-mini-vagono-spynos-rinkinys\/"},"modified":"2026-04-11T14:41:42","modified_gmt":"2026-04-11T14:41:42","slug":"kong-walther-osterbro-paketas-mini-vagono-spynos-rinkinys","status":"publish","type":"product","link":"https:\/\/hummy.ee\/lt\/produktas\/kong-walther-osterbro-paketas-mini-vagono-spynos-rinkinys\/","title":{"rendered":"Kong.Walther \u00d8sterbro Paketas\/Mini vagono spynos rinkinys"},"content":{"rendered":"<h6>Abi pir\u0161tines galima pritvirtinti prie ve\u017eim\u0117lio, vaiki\u0161ko ve\u017eim\u0117lio, vaiki\u0161ko dvira\u010dio, vaiki\u0161ko dvira\u010dio ar b\u0117gimo dvira\u010dio. Vaiki\u0161kos &#8222;Mini\" dyd\u017eio pir\u0161tin\u0117s tinka ma\u017edaug 1-8 met\u0173 vaikams. \u00d8sterbro pir\u0161tin\u0117s pagamintos i\u0161 patvaraus poliuretano ir turi \u0161ilt\u0105 vilnon\u012f pamu\u0161al\u0105. Jos atsparios v\u0117jui ir vandeniui, o u\u017etrauktukai abiejose pus\u0117se leid\u017eia greitai ir lengvai jas u\u017esid\u0117ti.<\/h6>\n<h6><\/h6>\n<h6><em><strong>Funkcijos<\/strong><\/em><\/h6>\n<ul data-start=\"995\" data-end=\"1494\">\n<li data-start=\"995\" data-end=\"1050\">\n<h6>2 por\u0173 pir\u0161tini\u0173 rinkinys - t\u0117vams ir vaikams<\/h6>\n<\/li>\n<li data-start=\"1051\" data-end=\"1089\">\n<h6>Sutaupykite daugiau pirkdami juos kaip rinkin\u012f<\/h6>\n<\/li>\n<li data-start=\"1090\" data-end=\"1138\">\n<h6>Vaiki\u0161kas &#8222;Mini\" dydis, tinkamas 1-8 met\u0173 vaikams<\/h6>\n<\/li>\n<li data-start=\"1139\" data-end=\"1231\">\n<h6>Galima pritvirtinti prie vaiki\u0161ko ve\u017eim\u0117lio, ve\u017eim\u0117lio, dvira\u010dio, dvira\u010dio, b\u0117gimo dvira\u010dio<\/h6>\n<\/li>\n<li data-start=\"1232\" data-end=\"1255\">\n<h6>\u0160iltas vilnos pamu\u0161alas<\/h6>\n<\/li>\n<li data-start=\"1256\" data-end=\"1284\">\n<h6>Atsparus v\u0117jui ir vandeniui<\/h6>\n<\/li>\n<li data-start=\"1285\" data-end=\"1346\">\n<h6>U\u017etrauktukas abiejose pus\u0117se, kad b\u016bt\u0173 lengva \u012frengti<\/h6>\n<\/li>\n<\/ul>\n<h6><em><strong>Med\u017eiagos i\u0161<\/strong><\/em><\/h6>\n<ul>\n<li data-start=\"1365\" data-end=\"1404\">\n<h6>I\u0161orinis sluoksnis: 100 % poliuretanas.<\/h6>\n<\/li>\n<li data-start=\"1407\" data-end=\"1447\">\n<h6>Pamu\u0161alas ir pamink\u0161tinimas: 100 % poliesteris<\/h6>\n<\/li>\n<\/ul>\n<h6 data-start=\"962\" data-end=\"983\"><strong><em>Prie\u017ei\u016bros vadovas<\/em><\/strong><\/h6>\n<ul data-start=\"984\" data-end=\"1014\">\n<li data-start=\"984\" data-end=\"995\">\n<h6 data-start=\"986\" data-end=\"995\">Cheminis valymas<\/h6>\n<\/li>\n<li data-start=\"996\" data-end=\"1014\">\n<h6 data-start=\"998\" data-end=\"1014\">Sausas oras<\/h6>\n<\/li>\n<\/ul>\n<h6><\/h6>\n","protected":false},"excerpt":{"rendered":"<h6 data-start=\"381\" data-end=\"595\">Ir dideli, ir ma\u017ei turi teis\u0119 \u012f \u0161iltas ir patogias rankas, o pirkdami komplekt\u0105 sutaupysite daugiau. Tai puikus sprendimas \u0161eimoms, kurios daug laiko praleid\u017eia lauke, vaik\u0161\u010diodamos ar va\u017ein\u0117damos dvira\u010diu. Prek\u0117s \u017eenklo &#8222;Kong.Walther\" pir\u0161tini\u0173 rinkin\u012f &#8222;\u00d8sterbro wagon\" sudaro dvi poros pir\u0161tini\u0173:<br data-start=\"308\" data-end=\"311\" \/>viena pora t\u0117vams, kita - vaikui.<\/h6>\n<div class=\"elementor-element elementor-element-26a2bbb e-add-to-cart--show-quantity-yes elementor-widget elementor-widget-woocommerce-product-add-to-cart\" data-id=\"26a2bbb\" data-element_type=\"widget\" data-widget_type=\"woocommerce-product-add-to-cart.default\">\n<div class=\"elementor-widget-container\">\n<div class=\"elementor-add-to-cart elementor-product-simple\">\n<form class=\"cart\" action=\"https:\/\/hummy.ee\/toode\/kong-walther-osterbro-bundle-mini-vankrikinnaste-komplekt-2\/\" enctype=\"multipart\/form-data\" method=\"post\">\n<div class=\"quantity\"><\/div>\n<\/form>\n<\/div>\n<\/div>\n<\/div>\n","protected":false},"featured_media":79775,"comment_status":"open","ping_status":"closed","template":"","meta":{"_acf_changed":false,"om_disable_all_campaigns":false,"_monsterinsights_skip_tracking":false,"_monsterinsights_sitenote_active":false,"_monsterinsights_sitenote_note":"","_monsterinsights_sitenote_category":0,"_uf_show_specific_survey":0,"_uf_disable_surveys":false,"site-sidebar-layout":"default","site-content-layout":"","ast-site-content-layout":"default","site-content-style":"default","site-sidebar-style":"default","ast-global-header-display":"","ast-banner-title-visibility":"","ast-main-header-display":"","ast-hfb-above-header-display":"","ast-hfb-below-header-display":"","ast-hfb-mobile-header-display":"","site-post-title":"","ast-breadcrumbs-content":"","ast-featured-img":"","footer-sml-layout":"","theme-transparent-header-meta":"default","adv-header-id-meta":"","stick-header-meta":"","header-above-stick-meta":"","header-main-stick-meta":"","header-below-stick-meta":"","astra-migrate-meta-layouts":"set","ast-page-background-enabled":"default","ast-page-background-meta":{"desktop":{"background-color":"var(--ast-global-color-4)","background-image":"","background-repeat":"repeat","background-position":"center center","background-size":"auto","background-attachment":"scroll","background-type":"","background-media":"","overlay-type":"","overlay-color":"","overlay-opacity":"","overlay-gradient":""},"tablet":{"background-color":"","background-image":"","background-repeat":"repeat","background-position":"center center","background-size":"auto","background-attachment":"scroll","background-type":"","background-media":"","overlay-type":"","overlay-color":"","overlay-opacity":"","overlay-gradient":""},"mobile":{"background-color":"","background-image":"","background-repeat":"repeat","background-position":"center center","background-size":"auto","background-attachment":"scroll","background-type":"","background-media":"","overlay-type":"","overlay-color":"","overlay-opacity":"","overlay-gradient":""}},"ast-content-background-meta":{"desktop":{"background-color":"var(--ast-global-color-5)","background-image":"","background-repeat":"repeat","background-position":"center center","background-size":"auto","background-attachment":"scroll","background-type":"","background-media":"","overlay-type":"","overlay-color":"","overlay-opacity":"","overlay-gradient":""},"tablet":{"background-color":"var(--ast-global-color-5)","background-image":"","background-repeat":"repeat","background-position":"center center","background-size":"auto","background-attachment":"scroll","background-type":"","background-media":"","overlay-type":"","overlay-color":"","overlay-opacity":"","overlay-gradient":""},"mobile":{"background-color":"var(--ast-global-color-5)","background-image":"","background-repeat":"repeat","background-position":"center center","background-size":"auto","background-attachment":"scroll","background-type":"","background-media":"","overlay-type":"","overlay-color":"","overlay-opacity":"","overlay-gradient":""}}},"product_brand":[],"product_cat":[1180,1179,514],"product_tag":[],"class_list":{"0":"post-75156","1":"product","2":"type-product","3":"status-publish","4":"has-post-thumbnail","6":"product_cat-kabliukai","7":"product_cat-kongwalther","8":"product_cat-nauji-produktai","9":"desktop-align-left","10":"tablet-align-left","11":"mobile-align-left","13":"first","14":"instock","15":"taxable","16":"shipping-taxable","17":"purchasable","18":"product-type-simple"},"acf":[],"aioseo_notices":[],"_links":{"self":[{"href":"https:\/\/hummy.ee\/lt\/wp-json\/wp\/v2\/product\/75156","targetHints":{"allow":["GET"]}}],"collection":[{"href":"https:\/\/hummy.ee\/lt\/wp-json\/wp\/v2\/product"}],"about":[{"href":"https:\/\/hummy.ee\/lt\/wp-json\/wp\/v2\/types\/product"}],"replies":[{"embeddable":true,"href":"https:\/\/hummy.ee\/lt\/wp-json\/wp\/v2\/comments?post=75156"}],"version-history":[{"count":6,"href":"https:\/\/hummy.ee\/lt\/wp-json\/wp\/v2\/product\/75156\/revisions"}],"predecessor-version":[{"id":86471,"href":"https:\/\/hummy.ee\/lt\/wp-json\/wp\/v2\/product\/75156\/revisions\/86471"}],"wp:featuredmedia":[{"embeddable":true,"href":"https:\/\/hummy.ee\/lt\/wp-json\/wp\/v2\/media\/79775"}],"wp:attachment":[{"href":"https:\/\/hummy.ee\/lt\/wp-json\/wp\/v2\/media?parent=75156"}],"wp:term":[{"taxonomy":"product_brand","embeddable":true,"href":"https:\/\/hummy.ee\/lt\/wp-json\/wp\/v2\/product_brand?post=75156"},{"taxonomy":"product_cat","embeddable":true,"href":"https:\/\/hummy.ee\/lt\/wp-json\/wp\/v2\/product_cat?post=75156"},{"taxonomy":"product_tag","embeddable":true,"href":"https:\/\/hummy.ee\/lt\/wp-json\/wp\/v2\/product_tag?post=75156"}],"curies":[{"name":"wp","href":"https:\/\/api.w.org\/{rel}","templated":true}]}}