{"id":72047,"date":"2025-10-31T19:49:21","date_gmt":"2025-10-31T19:49:21","guid":{"rendered":"https:\/\/hummy.ee\/?post_type=product&#038;p=72047"},"modified":"2025-12-28T13:36:38","modified_gmt":"2025-12-28T13:36:38","slug":"iglu-laipiojimo-kampelis-mini-climbie-kopeeri","status":"publish","type":"product","link":"https:\/\/hummy.ee\/lt\/produktas\/iglu-laipiojimo-kampelis-mini-climbie-kopeeri\/","title":{"rendered":"IGLU laipiojimo virv\u0117 &#8222;Mini Climbie\" su banga"},"content":{"rendered":"<ul>\n<li>\n<h6>IGLU \u0160veln\u016bs, malon\u016bs blokeliai yra tarsi draugai, kurie lavina vaik\u0173 jud\u0117jimo ir motorikos \u012fg\u016bd\u017eius. Skirting\u0173 form\u0173 kalad\u0117l\u0117s padeda vaikams lavinti koordinacij\u0105 ir motorinius \u012fg\u016bd\u017eius - nuo pir\u0161tuk\u0173 judinimo iki \u0161liau\u017eimo, laipiojimo ir auk\u0161\u010dio tyrin\u0117jimo.<\/h6>\n<\/li>\n<li>\n<h6>Juokas su broliais ir seserimis, draugais ir bi\u010diuliais skatina socialinius \u012fg\u016bd\u017eius, skatina pokalbius ir ry\u0161ius. Darbas kartu su t\u0117vais ar draugais padeda greitai mokytis ir \u012fsisavinti \u0161aunias geometrines fig\u016bras bei ry\u0161kias spalvas. Begalinis form\u0173 derinys yra tarsi lobynas, kuriame galima kurti vaizduot\u0117s pasaulius - pilis, tvirtoves ir kt.<\/h6>\n<\/li>\n<li>\n<h6>Vaikams augant \u0161ios formos tampa puikiomis priemon\u0117mis. Statykite kli\u016b\u010di\u0173 ruo\u017eus, \u012fveikite laiptelius \u012f lovas ir k\u0117des - galimybi\u0173 yra begal\u0117s. Net ir naminiai gyv\u016bnai mielai prisijungia prie linksmybi\u0173. Suaugusieji fig\u016bras taip pat gali naudoti, pavyzd\u017eiui, kaip kompiuterio pagrind\u0105.<\/h6>\n<\/li>\n<\/ul>\n<h6><\/h6>\n<h6><\/h6>\n<h6><em><strong data-start=\"504\" data-end=\"532\">Kod\u0117l verta rinktis IGLU \u017eaidim\u0173 rinkin\u012f?<\/strong><\/em><\/h6>\n<ul>\n<li>\n<h6>Didina fizin\u012f aktyvum\u0105<\/h6>\n<\/li>\n<li>\n<h6>Didina k\u016brybi\u0161kum\u0105 ir vaizduot\u0119<\/h6>\n<\/li>\n<li>\n<h6>Padeda valdyti energijos pertekli\u0173 ir stres\u0105<\/h6>\n<\/li>\n<li>\n<h6>Suteikia sensorin\u0119 stimuliacij\u0105<\/h6>\n<\/li>\n<li>\n<h6>Saugo vaikus nuo ekran\u0173<\/h6>\n<\/li>\n<li>\n<h6>ugdo socialinius \u012fg\u016bd\u017eius, pavyzd\u017eiui, dalijimosi ir bendradarbiavimo.<\/h6>\n<\/li>\n<\/ul>\n<h6><\/h6>\n<h6><\/h6>\n<h6>IGLU blokai pagaminti i\u0161 tvirto, 100 % perdirbamo, auk\u0161tos kokyb\u0117s putplas\u010dio su u\u017edar\u0173 l\u0105steli\u0173 strukt\u016bra - mink\u0161to ir itin lengvo. Padengti patvaria vegani\u0161ka oda. Blokeliai yra tvirti ir mink\u0161ti, turi maloni\u0105 pavir\u0161iaus dang\u0105, lengvai pri\u017ei\u016brimi, gerai i\u0161laiko form\u0105 ir yra patikrinti d\u0117l kenksming\u0173 med\u017eiag\u0173. IGLU \u017eaidim\u0173 rinkiniai pa\u017eym\u0117ti CE \u017eenklu pagal ES direktyv\u0105 88\/378 \/ ir yra visi\u0161kai saug\u016bs ma\u017eiems vaikams.<\/h6>\n<h6><\/h6>\n<p>&nbsp;<\/p>\n<h6><\/h6>\n<h6><img decoding=\"async\" class=\"\" src=\"https:\/\/iglusoftplay.eu\/cdn\/shop\/files\/ikonas_enviroment-01_061d9a06-5ad9-4fb7-a868-c7b23eff39bb_1.png?v=1700659334\" width=\"50\" height=\"50\" \/>Be BPA ir ftalat\u0173<\/h6>\n<h6><img decoding=\"async\" class=\"\" src=\"https:\/\/iglusoftplay.eu\/cdn\/shop\/files\/ikonas_enviroment-04_5c6aa86a-aa33-4666-949c-b2f12b5af4ef_1.png?v=1700659334\" width=\"50\" height=\"50\" \/>Lengva valyti<\/h6>\n<h6><img decoding=\"async\" class=\"\" src=\"https:\/\/iglusoftplay.eu\/cdn\/shop\/files\/ikonas_enviroment-03_543f8be0-895f-4ba5-9b54-80ea85594c82_1.png?v=1700659334\" width=\"50\" height=\"50\" \/>Sukurta tvariai<\/h6>\n<h6><\/h6>\n<p>&nbsp;<\/p>\n<h6>Rekomenduojama nuo 6 m\u0117nesi\u0173<\/h6>\n<h6><\/h6>\n<p>&nbsp;<\/p>\n<h6><em>Per\u017ei\u016br\u0117kite \u017eaidim\u0173 rinkini\u0173 <a href=\"https:\/\/hummy.ee\/lt\/iglu-ivadas\/\" target=\"_blank\" rel=\"noopener\">asortiment\u0105<\/a> svetain\u0117je IGLU.<\/em><\/h6>\n","protected":false},"excerpt":{"rendered":"<h6 data-start=\"124\" data-end=\"439\">&#8222;IGLU Mini Climbie with Wave\" - tai kompakti\u0161kas mink\u0161tas laipiojimo kampelis, kuris palaiko nat\u016bral\u0173 ma\u017e\u0173 vaik\u0173 jud\u0117jimo d\u017eiaugsm\u0105 ir lavina j\u0117g\u0105, pusiausvyr\u0105 bei koordinacij\u0105. Rinkinyje sujungtas pasvir\u0119s &#8222;Mini Climbie\" laipiojimo kampelis ir arkinis &#8222;Wave\" laipiojimo modulis - saugus ir \u017eaismingas i\u0161\u0161\u016bkis \u0161liau\u017eimui ir laipiojimui. Pagamintas i\u0161 patvaraus putplas\u010dio ir lengvai valomos vegani\u0161kos odos, jis puikiai tinka vaik\u0173 dar\u017eelio, terapijos ar nam\u0173 \u017eaidim\u0173 erdv\u0117ms.<\/h6>\n<h6 data-start=\"124\" data-end=\"439\"><br data-start=\"586\" data-end=\"589\" \/>Derinkite su kitais IGLU gaminiais, kad sukurtum\u0117te dar \u012fdomesn\u0119 \u017eaidim\u0173 aplink\u0105!<\/h6>\n","protected":false},"featured_media":70775,"comment_status":"closed","ping_status":"closed","template":"","meta":{"_acf_changed":false,"om_disable_all_campaigns":false,"_monsterinsights_skip_tracking":false,"_monsterinsights_sitenote_active":false,"_monsterinsights_sitenote_note":"","_monsterinsights_sitenote_category":0,"_uf_show_specific_survey":0,"_uf_disable_surveys":false,"site-sidebar-layout":"default","site-content-layout":"","ast-site-content-layout":"default","site-content-style":"default","site-sidebar-style":"default","ast-global-header-display":"","ast-banner-title-visibility":"","ast-main-header-display":"","ast-hfb-above-header-display":"","ast-hfb-below-header-display":"","ast-hfb-mobile-header-display":"","site-post-title":"","ast-breadcrumbs-content":"","ast-featured-img":"","footer-sml-layout":"","theme-transparent-header-meta":"default","adv-header-id-meta":"","stick-header-meta":"","header-above-stick-meta":"","header-main-stick-meta":"","header-below-stick-meta":"","astra-migrate-meta-layouts":"set","ast-page-background-enabled":"default","ast-page-background-meta":{"desktop":{"background-color":"var(--ast-global-color-4)","background-image":"","background-repeat":"repeat","background-position":"center center","background-size":"auto","background-attachment":"scroll","background-type":"","background-media":"","overlay-type":"","overlay-color":"","overlay-opacity":"","overlay-gradient":""},"tablet":{"background-color":"","background-image":"","background-repeat":"repeat","background-position":"center center","background-size":"auto","background-attachment":"scroll","background-type":"","background-media":"","overlay-type":"","overlay-color":"","overlay-opacity":"","overlay-gradient":""},"mobile":{"background-color":"","background-image":"","background-repeat":"repeat","background-position":"center center","background-size":"auto","background-attachment":"scroll","background-type":"","background-media":"","overlay-type":"","overlay-color":"","overlay-opacity":"","overlay-gradient":""}},"ast-content-background-meta":{"desktop":{"background-color":"var(--ast-global-color-5)","background-image":"","background-repeat":"repeat","background-position":"center center","background-size":"auto","background-attachment":"scroll","background-type":"","background-media":"","overlay-type":"","overlay-color":"","overlay-opacity":"","overlay-gradient":""},"tablet":{"background-color":"var(--ast-global-color-5)","background-image":"","background-repeat":"repeat","background-position":"center center","background-size":"auto","background-attachment":"scroll","background-type":"","background-media":"","overlay-type":"","overlay-color":"","overlay-opacity":"","overlay-gradient":""},"mobile":{"background-color":"var(--ast-global-color-5)","background-image":"","background-repeat":"repeat","background-position":"center center","background-size":"auto","background-attachment":"scroll","background-type":"","background-media":"","overlay-type":"","overlay-color":"","overlay-opacity":"","overlay-gradient":""}}},"product_brand":[277],"product_cat":[500,499,487,488],"product_tag":[],"class_list":{"0":"post-72047","1":"product","2":"type-product","3":"status-publish","4":"has-post-thumbnail","6":"product_brand-iglu","7":"product_cat-dovanu-idejos","8":"product_cat-iglu-lt-2","9":"product_cat-iglu-lt","10":"product_cat-zaidimu-aiksteles","11":"desktop-align-left","12":"tablet-align-left","13":"mobile-align-left","15":"first","16":"instock","17":"sale","18":"taxable","19":"shipping-taxable","20":"purchasable","21":"product-type-variable"},"acf":[],"aioseo_notices":[],"_links":{"self":[{"href":"https:\/\/hummy.ee\/lt\/wp-json\/wp\/v2\/product\/72047","targetHints":{"allow":["GET"]}}],"collection":[{"href":"https:\/\/hummy.ee\/lt\/wp-json\/wp\/v2\/product"}],"about":[{"href":"https:\/\/hummy.ee\/lt\/wp-json\/wp\/v2\/types\/product"}],"replies":[{"embeddable":true,"href":"https:\/\/hummy.ee\/lt\/wp-json\/wp\/v2\/comments?post=72047"}],"version-history":[{"count":4,"href":"https:\/\/hummy.ee\/lt\/wp-json\/wp\/v2\/product\/72047\/revisions"}],"predecessor-version":[{"id":77459,"href":"https:\/\/hummy.ee\/lt\/wp-json\/wp\/v2\/product\/72047\/revisions\/77459"}],"wp:featuredmedia":[{"embeddable":true,"href":"https:\/\/hummy.ee\/lt\/wp-json\/wp\/v2\/media\/70775"}],"wp:attachment":[{"href":"https:\/\/hummy.ee\/lt\/wp-json\/wp\/v2\/media?parent=72047"}],"wp:term":[{"taxonomy":"product_brand","embeddable":true,"href":"https:\/\/hummy.ee\/lt\/wp-json\/wp\/v2\/product_brand?post=72047"},{"taxonomy":"product_cat","embeddable":true,"href":"https:\/\/hummy.ee\/lt\/wp-json\/wp\/v2\/product_cat?post=72047"},{"taxonomy":"product_tag","embeddable":true,"href":"https:\/\/hummy.ee\/lt\/wp-json\/wp\/v2\/product_tag?post=72047"}],"curies":[{"name":"wp","href":"https:\/\/api.w.org\/{rel}","templated":true}]}}