{"id":68834,"date":"2025-09-12T08:45:54","date_gmt":"2025-09-12T08:45:54","guid":{"rendered":"https:\/\/hummy.ee\/product\/leclercbaby-hexagon-dvieju-vaiku-vezimelis\/"},"modified":"2026-03-18T20:37:57","modified_gmt":"2026-03-18T20:37:57","slug":"leclercbaby-hexagon-dvieju-vaiku-vezimelis","status":"publish","type":"product","link":"https:\/\/hummy.ee\/lt\/produktas\/leclercbaby-hexagon-dvieju-vaiku-vezimelis\/","title":{"rendered":"Leclercbaby Hexagon dviej\u0173 vaik\u0173 ve\u017eim\u0117lis"},"content":{"rendered":"<h6>&#8222;Leclercbaby Hexagon\" yra auk\u0161\u010diausios klas\u0117s oland\u0173 dizainerio ve\u017eim\u0117lis. Kolekcijos autorius - pripa\u017eintas oland\u0173 dizaineris Christianas Lagerwaardas, kurio k\u016bryboje dera elegancija, funkcionalumas ir auk\u0161\u010diausios kokyb\u0117s med\u017eiagos. Hexagon yra prabangus auk\u0161\u010diausios klas\u0117s Leclercbaby ve\u017eim\u0117lis, pagamintas pagal auk\u0161\u010diausius kokyb\u0117s standartus. Jis suprojektuotas taip, kad u\u017etikrint\u0173 maksimal\u0173 komfort\u0105 ir k\u016bdikiui, ir t\u0117vams, tod\u0117l pasivaik\u0161\u010diojimai tampa malon\u016bs ir skland\u016bs. Tinka k\u016bdikiams iki 22 kg, o d\u0117ka Leclercbaby Twin-Duo sujungimo rinkinio du vienvie\u010dius Hexagon ve\u017eim\u0117lius galite greitai paversti dvigubu ve\u017eim\u0117liu - puikus sprendimas dvynukams ar \u0161eimoms su dviem ma\u017eais vaikais. Garsioji sulankstymo vienu prisilietimu sistema dabar dar sud\u0117tingesn\u0117 - j\u0105 papildo i\u0161skirtin\u0117 perforuota oda ir mink\u0161tas \u012f zom\u0161\u0105 pana\u0161us audinys, suteikiantis ve\u017eim\u0117lio i\u0161vaizdai prabangos ir i\u0161skirtinumo.<\/h6>\n<p>&nbsp;<\/p>\n<h6><strong>Rinkin\u012f sudaro:<\/strong><\/h6>\n<ul>\n<li>\n<h6>Vir\u0161utinio laikiklio laikiklis (2 vnt.)<\/h6>\n<\/li>\n<li>\n<h6>Apsauginis strypas (2 vnt.)<\/h6>\n<\/li>\n<li>\n<h6>Transportavimo krep\u0161ys (2 vnt.)<\/h6>\n<\/li>\n<li>\n<h6><a href=\"https:\/\/hummy.ee\/lt\/produktas\/leclercbaby-dvigubi-dvigubi-jungiamieji-spaustukai\/\" target=\"_blank\" rel=\"noopener\">Jungiamieji gnybtai (<\/a> 3 vnt.)<\/h6>\n<\/li>\n<\/ul>\n<h6><strong><em>Did\u017eiausias komfortas ir vaikui, ir t\u0117vams:<\/em><\/strong><\/h6>\n<ul>\n<li>\n<h6>Magnetu tvirtinamas sk\u0117tis\/saulut\u0117 - lengva naudoti ir puikiai apsaugo nuo saul\u0117s ir v\u0117jo.<\/h6>\n<\/li>\n<li>\n<h6>Trij\u0173 pad\u0117\u010di\u0173 reguliuojamas atlo\u0161as, \u012fskaitant visi\u0161kai atsilenkian\u010di\u0105 pad\u0117t\u012f patogiam miegui.<\/h6>\n<\/li>\n<li>\n<h6>Reguliuojama atrama kojoms - suteikia dar daugiau patogumo j\u016bs\u0173 vaikui.<\/h6>\n<\/li>\n<\/ul>\n<h6><strong><em>Lengva naudoti visais atvejais:<\/em><\/strong><\/h6>\n<ul>\n<li>\n<h6>Nuimama apsaugos priemon\u0117 - patogi ir prakti\u0161ka, u\u017etikrinanti lengv\u0105 vaiko prieig\u0105.<\/h6>\n<\/li>\n<li>\n<h6>Magnetiniai penki\u0173 ta\u0161k\u0173 saugos dir\u017eai - saugiai prilaiko vaik\u0105, o t\u0117vams jais naudotis paprasta ir greita.<\/h6>\n<\/li>\n<li>\n<h6>Vis\u0173 keturi\u0173 rat\u0173 pakaba - sklandus ir mink\u0161tas va\u017eiavimas net ir nelygiu pavir\u0161iumi.<\/h6>\n<\/li>\n<li>\n<h6>Didel\u0117 atrama kojoms - u\u017etikrina saugum\u0105 ir patog\u0173 naudojim\u0105.<\/h6>\n<\/li>\n<li>\n<h6>Sauskelni\u0173 krep\u0161io tvirtinimo ta\u0161kai - jais lengva pritvirtinti krep\u0161\u012f prie ve\u017eim\u0117lio.<\/h6>\n<\/li>\n<\/ul>\n<h6><strong><em>Patikima apsauga nuo vis\u0173 oro s\u0105lyg\u0173:<\/em><\/strong><\/h6>\n<ul>\n<li>\n<h6>Ilga ranka su SPF 50+ apsauga - apsaugo vaik\u0105 nuo \u017ealing\u0173 UV spinduli\u0173 ir tiesiogini\u0173 saul\u0117s spinduli\u0173.<\/h6>\n<\/li>\n<li>\n<h6>600D neper\u0161lampamas audinys - patvari ir oro s\u0105lygoms atspari med\u017eiaga, apsauganti nuo lietaus ir dr\u0117gm\u0117s.<\/h6>\n<\/li>\n<\/ul>\n<h6><strong><em>Prabangios ir patvarios med\u017eiagos:<\/em><\/strong><\/h6>\n<ul>\n<li>\n<h6>Mink\u0161ta, patvari ir eleganti\u0161ka oda dengta st\u016bmimo rankena ir apsaugin\u0117 rankena.<\/h6>\n<\/li>\n<li>\n<h6>Tvirtas ir patvarus transportavimo krep\u0161ys - jame lengva laikyti ir ve\u017eti ve\u017eim\u0117l\u012f.<\/h6>\n<\/li>\n<li>\n<h6>100% PU ratai - patvar\u016bs ir skland\u017eiai va\u017eiuojantys, tod\u0117l puikiai manevruoja.<\/h6>\n<\/li>\n<\/ul>\n<h6><strong><em>Technin\u0117s specifikacijos ir naudotojo informacija:<\/em><\/strong><\/h6>\n<ul>\n<li>\n<h6>Sulankstoma ir i\u0161skleid\u017eiama vienu judesiu - tai greitas ir paprastas mechanizmas, taupantis laik\u0105 ir pastangas.<\/h6>\n<\/li>\n<li>\n<h6>Kompakti\u0161kas rankinio baga\u017eo dydis - telpa daugumoje l\u0117ktuvo salono vir\u0161utini\u0173 d\u0117tuvi\u0173.<\/h6>\n<\/li>\n<li>\n<h6>Tinka nuo 6 m\u0117nesi\u0173 iki 22 kg (ma\u017edaug 5 met\u0173 am\u017eiaus).<\/h6>\n<\/li>\n<li>\n<h6>I\u0161matavimai sulankstyti: 56 \u00d7 47 \u00d7 24 cm.<\/h6>\n<\/li>\n<\/ul>\n<h6>Leclercbaby &#8222;Hexagon\" yra puikus pasirinkimas t\u0117vams, ie\u0161kantiems stilingo, funkcionalaus ir prabangaus ve\u017eim\u0117lio, kuris suteikt\u0173 geriausi\u0105 patirt\u012f ir jums, ir j\u016bs\u0173 vaikui. D\u0117l novatori\u0161k\u0173 sprendim\u0173 ir kokybi\u0161k\u0173 med\u017eiag\u0173 kasdieniai pasivaik\u0161\u010diojimai bus patogesni ir malonesni nei bet kada anks\u010diau.<\/h6>\n<p>&nbsp;<\/p>\n<h6><em>Daugiau apie tai, kaip pasirinkti lengv\u0105 ve\u017eim\u0117l\u012f, skaitykite Hummy <a href=\"https:\/\/hummy.ee\/lt\/kaip-pasirinkti-lengva-vezimeli\/\" target=\"_blank\" rel=\"noopener\">tinklara\u0161tyje.<\/a><\/em><\/h6>\n<p>&nbsp;<\/p>\n<h6><em>Su\u017einokite <a href=\"https:\/\/www.youtube.com\/watch?v=IiYEp7T-61A\" target=\"_blank\" rel=\"noopener\">daugiau apie lengv\u0105j\u012f ve\u017eim\u0117l\u012f<\/a> &#8222;Hexagon\".<\/em><\/h6>\n<h6><em>Patikrinkite &#8222;Leclercbaby\" nuorod\u0105 <a href=\"https:\/\/www.youtube.com\/watch?v=HFbqUnqFFXA\">\u010dia.<\/a><\/em><\/h6>\n","protected":false},"excerpt":{"rendered":"<h6 data-start=\"508\" data-end=\"825\">Du atskirus &#8222;Leclercbaby Hexagon\" ve\u017eim\u0117lius akimirksniu paverskite dvyniais, naudodami &#8222;Leclercbaby Twin-Duo\" spaustukus (3 vnt.). Tai puikus sprendimas \u0161eimoms, auginan\u010dioms dvynukus ar du ma\u017eus vaikus, nes paprastas, bet tvirtas rinkinys saugiai sujungia ve\u017eim\u0117lius ir leid\u017eia m\u0117gautis patogiu va\u017eiavimu \u0161alia vienas kito. Reikia lankstumo? Per kelias sekundes nuimkite tris spaustukus ir naudokite ve\u017eim\u0117lius atskirai - po vien\u0105 kiekvienam i\u0161 t\u0117v\u0173! Nesvarbu, ar tai kasdienis pasivaik\u0161\u010diojimas, ar nuotykis gamtoje, \u0161ie spaustukai suteikia laisv\u0119 lengvai perjungti vieno ir dviej\u0173 t\u0117v\u0173 ve\u017eim\u0117li\u0173 re\u017eim\u0105. Tiesiog pasukite spaustuk\u0105 ir ve\u017eim\u0117l\u012f per kelias sekundes v\u0117l gal\u0117site naudoti su vienu t\u0117vu.<\/h6>\n<h6><\/h6>\n","protected":false},"featured_media":68635,"comment_status":"open","ping_status":"closed","template":"","meta":{"_acf_changed":false,"om_disable_all_campaigns":false,"_monsterinsights_skip_tracking":false,"_monsterinsights_sitenote_active":false,"_monsterinsights_sitenote_note":"","_monsterinsights_sitenote_category":0,"_uf_show_specific_survey":0,"_uf_disable_surveys":false,"site-sidebar-layout":"default","site-content-layout":"","ast-site-content-layout":"default","site-content-style":"default","site-sidebar-style":"default","ast-global-header-display":"","ast-banner-title-visibility":"","ast-main-header-display":"","ast-hfb-above-header-display":"","ast-hfb-below-header-display":"","ast-hfb-mobile-header-display":"","site-post-title":"","ast-breadcrumbs-content":"","ast-featured-img":"","footer-sml-layout":"","theme-transparent-header-meta":"default","adv-header-id-meta":"","stick-header-meta":"","header-above-stick-meta":"","header-main-stick-meta":"","header-below-stick-meta":"","astra-migrate-meta-layouts":"set","ast-page-background-enabled":"default","ast-page-background-meta":{"desktop":{"background-color":"var(--ast-global-color-4)","background-image":"","background-repeat":"repeat","background-position":"center center","background-size":"auto","background-attachment":"scroll","background-type":"","background-media":"","overlay-type":"","overlay-color":"","overlay-opacity":"","overlay-gradient":""},"tablet":{"background-color":"","background-image":"","background-repeat":"repeat","background-position":"center center","background-size":"auto","background-attachment":"scroll","background-type":"","background-media":"","overlay-type":"","overlay-color":"","overlay-opacity":"","overlay-gradient":""},"mobile":{"background-color":"","background-image":"","background-repeat":"repeat","background-position":"center center","background-size":"auto","background-attachment":"scroll","background-type":"","background-media":"","overlay-type":"","overlay-color":"","overlay-opacity":"","overlay-gradient":""}},"ast-content-background-meta":{"desktop":{"background-color":"var(--ast-global-color-5)","background-image":"","background-repeat":"repeat","background-position":"center center","background-size":"auto","background-attachment":"scroll","background-type":"","background-media":"","overlay-type":"","overlay-color":"","overlay-opacity":"","overlay-gradient":""},"tablet":{"background-color":"var(--ast-global-color-5)","background-image":"","background-repeat":"repeat","background-position":"center center","background-size":"auto","background-attachment":"scroll","background-type":"","background-media":"","overlay-type":"","overlay-color":"","overlay-opacity":"","overlay-gradient":""},"mobile":{"background-color":"var(--ast-global-color-5)","background-image":"","background-repeat":"repeat","background-position":"center center","background-size":"auto","background-attachment":"scroll","background-type":"","background-media":"","overlay-type":"","overlay-color":"","overlay-opacity":"","overlay-gradient":""}}},"product_brand":[],"product_cat":[557,506,389,332],"product_tag":[],"class_list":{"0":"post-68834","1":"product","2":"type-product","3":"status-publish","4":"has-post-thumbnail","6":"product_cat-dvieju-vietu-vezimeliai","7":"product_cat-kampanija","8":"product_cat-vezimeliai","9":"product_cat-leclercbaby-lt","10":"desktop-align-left","11":"tablet-align-left","12":"mobile-align-left","14":"first","15":"instock","16":"sale","17":"taxable","18":"shipping-taxable","19":"purchasable","20":"product-type-variable"},"acf":[],"aioseo_notices":[],"_links":{"self":[{"href":"https:\/\/hummy.ee\/lt\/wp-json\/wp\/v2\/product\/68834","targetHints":{"allow":["GET"]}}],"collection":[{"href":"https:\/\/hummy.ee\/lt\/wp-json\/wp\/v2\/product"}],"about":[{"href":"https:\/\/hummy.ee\/lt\/wp-json\/wp\/v2\/types\/product"}],"replies":[{"embeddable":true,"href":"https:\/\/hummy.ee\/lt\/wp-json\/wp\/v2\/comments?post=68834"}],"version-history":[{"count":10,"href":"https:\/\/hummy.ee\/lt\/wp-json\/wp\/v2\/product\/68834\/revisions"}],"predecessor-version":[{"id":86198,"href":"https:\/\/hummy.ee\/lt\/wp-json\/wp\/v2\/product\/68834\/revisions\/86198"}],"wp:featuredmedia":[{"embeddable":true,"href":"https:\/\/hummy.ee\/lt\/wp-json\/wp\/v2\/media\/68635"}],"wp:attachment":[{"href":"https:\/\/hummy.ee\/lt\/wp-json\/wp\/v2\/media?parent=68834"}],"wp:term":[{"taxonomy":"product_brand","embeddable":true,"href":"https:\/\/hummy.ee\/lt\/wp-json\/wp\/v2\/product_brand?post=68834"},{"taxonomy":"product_cat","embeddable":true,"href":"https:\/\/hummy.ee\/lt\/wp-json\/wp\/v2\/product_cat?post=68834"},{"taxonomy":"product_tag","embeddable":true,"href":"https:\/\/hummy.ee\/lt\/wp-json\/wp\/v2\/product_tag?post=68834"}],"curies":[{"name":"wp","href":"https:\/\/api.w.org\/{rel}","templated":true}]}}