{"id":68514,"date":"2025-09-11T12:45:22","date_gmt":"2025-09-11T12:45:22","guid":{"rendered":"https:\/\/hummy.ee\/product\/leclercbaby-monnalisa-vezimelis-dviem-vaikams\/"},"modified":"2026-03-18T20:37:50","modified_gmt":"2026-03-18T20:37:50","slug":"leclercbaby-monnalisa-vezimelis-dviem-vaikams","status":"publish","type":"product","link":"https:\/\/hummy.ee\/lt\/produktas\/leclercbaby-monnalisa-vezimelis-dviem-vaikams\/","title":{"rendered":"Leclercbaby Monnalisa ve\u017eim\u0117lis dviem vaikams"},"content":{"rendered":"<h6 data-start=\"76\" data-end=\"909\">&#8222;Leclercbaby Monnalisa\" ve\u017eim\u0117lis skirtas \u0161iuolaiki\u0161kiems ir stilingiems t\u0117vams, vertinantiems komfort\u0105 ir prabang\u0173 dizain\u0105. Riboto leidimo ve\u017eim\u0117lis i\u0161siskiria \u0161viesiai rausvu metaliniu r\u0117mu, subtiliomis rausvomis detal\u0117mis, blizgan\u010diomis spynel\u0117mis ir gra\u017eiu &#8222;Monnalisa\" firminiu g\u0117li\u0173 ra\u0161tu, kuris kiekvienam pasivaik\u0161\u010diojimui suteikia ypatingo spindesio. D\u0117l unikalaus automatinio sulankstymo viena ranka mechanizmo &#8222;Monnalisa\" ve\u017eim\u0117l\u012f lengva ir patogu naudoti net tada, kai laikote k\u016bdik\u012f. Vos 6,6 kg sveriantis ve\u017eim\u0117lis yra rankinio baga\u017eo dyd\u017eio ir telpa \u012f daugumos oro linij\u0173 rankin\u012f baga\u017e\u0105, tod\u0117l keliauti lengva ir nesukelia r\u016bpes\u010di\u0173. Leclercbaby Twin-Duo prijungimo rinkinys, tinkantis k\u016bdikiams iki 22 kg, leid\u017eia du vienvie\u010dius Monnalisa ve\u017eim\u0117lius greitai paversti dvigubu ve\u017eim\u0117liu - puikiai tinka dvynukams arba \u0161eimoms, auginan\u010dioms du ma\u017eus vaikus.<\/h6>\n<p>&nbsp;<\/p>\n<h6><strong>Rinkin\u012f sudaro:<\/strong><\/h6>\n<ul>\n<li>\n<h6>Apsauginis strypas (2 vnt.)<\/h6>\n<\/li>\n<li>\n<h6>Transportavimo krep\u0161ys (2 vnt.)<\/h6>\n<\/li>\n<li>\n<h6><a href=\"https:\/\/hummy.ee\/lt\/produktas\/leclercbaby-dvigubi-dvigubi-jungiamieji-spaustukai\/\" target=\"_blank\" rel=\"noopener\">Jungiamieji gnybtai (<\/a> 3 vnt.)<\/h6>\n<\/li>\n<\/ul>\n<h6><strong><em>Komfortas jums ir j\u016bs\u0173 vaikui:<\/em><\/strong><\/h6>\n<ul>\n<li>\n<h6>Magnetiniu b\u016bdu tvirtinamas sk\u0117tukas nuo saul\u0117s, kur\u012f lengva atidaryti ir u\u017edaryti ir kuris apsaugo nuo saul\u0117s.<\/h6>\n<\/li>\n<li>\n<h6>Trij\u0173 pad\u0117\u010di\u0173 reguliuojamas atlo\u0161as, \u012fskaitant visi\u0161kai atsilenkian\u010di\u0105 miego pad\u0117t\u012f.<\/h6>\n<\/li>\n<li>\n<h6>Reguliuojama atrama kojoms - u\u017etikrina maksimal\u0173 komfort\u0105 vaikui.<\/h6>\n<\/li>\n<\/ul>\n<h6><strong><em>Lengva naudoti visais atvejais:<\/em><\/strong><\/h6>\n<ul>\n<li>\n<h6>Sulankstymo viena ranka sistema - paprasta ir greita naudoti.<\/h6>\n<\/li>\n<li>\n<h6>Magnetinis penki\u0173 ta\u0161k\u0173 saugos dir\u017eas - saugus ir lengvai pasiekiamas.<\/h6>\n<\/li>\n<li>\n<h6>Vis\u0173 keturi\u0173 rat\u0173 pakaba - sklandus ir tylus va\u017eiavimas.<\/h6>\n<\/li>\n<li>\n<h6>Didelis stabdys - tvirtam sukibimui ir saugumui.<\/h6>\n<\/li>\n<li>\n<h6>Sauskelni\u0173 krep\u0161io tvirtinimo ta\u0161kai - puikus sprendimas t\u0117vams.<\/h6>\n<\/li>\n<\/ul>\n<h6><strong><em>Apsauga nuo oro s\u0105lyg\u0173 visais met\u0173 laikais:<\/em><\/strong><\/h6>\n<ul>\n<li>\n<h6>I\u0161traukiamas sk\u0117tukas nuo saul\u0117s su SPF 50+ apsauga - apsaugo jautri\u0105 k\u016bdikio od\u0105.<\/h6>\n<\/li>\n<li>\n<h6>600D vandeniui atsparus audinys - i\u0161laikys jus sausus net ir lieting\u0105 dien\u0105.<\/h6>\n<\/li>\n<\/ul>\n<h6><strong><em>Prabangios ir patvarios med\u017eiagos:<\/em><\/strong><\/h6>\n<ul>\n<li>\n<h6>PU odos rankena ir priekin\u0117 rankena - eleganti\u0161ka ir patogi rankena.<\/h6>\n<\/li>\n<li>\n<h6>Tvirtas kelioninis krep\u0161ys - patvarus ir prakti\u0161kas ne\u0161iotis.<\/h6>\n<\/li>\n<li>\n<h6>100% PU ratai - skland\u017eiai ir lengvai juda visais pavir\u0161iais.<\/h6>\n<\/li>\n<\/ul>\n<h6><strong><em>Techniniai duomenys:<\/em><\/strong><\/h6>\n<ul>\n<li>\n<h6>Svoris su ratukais: 6,6 kg (vieno ve\u017eim\u0117lio svoris)<\/h6>\n<\/li>\n<li>\n<h6>St\u016bmimo rankenos auk\u0161tis: 101,5 cm<\/h6>\n<\/li>\n<li>\n<h6>Atidaryto \u012frenginio plotis: 47 cm<\/h6>\n<\/li>\n<li>\n<h6>I\u0161matavimai sulankstyti: 56 \u00d7 47 \u00d7 24 cm<\/h6>\n<\/li>\n<\/ul>\n<p>&nbsp;<\/p>\n<h6><strong><em>Tapkite g\u0117l\u0117tos meil\u0117s istorijos dalimi!<\/em><\/strong><\/h6>\n<h6 data-start=\"2408\" data-end=\"2798\">Leclercbaby Kolekcija &#8222;Monnalisa\" - tai madingas sprendimas, kuriame dera patogumas, funkcionalumas ir ak\u012f traukiantis dizainas. Puo\u0161n\u016bs audiniai, blizg\u016bs \u0161ampano pilkos, rudos ir auksin\u0117s ro\u017ein\u0117s spalvos r\u0117meliai ir dr\u0105sus dizainas u\u017etikrina komfort\u0105 kiekvienam gyvenimo b\u016bdui. Be to, Leclercbaby &#8222;Monnalisa\" kolekcijai b\u016bdingi gra\u017e\u016bs g\u0117li\u0173 ra\u0161tai, auk\u0161tos kokyb\u0117s med\u017eiagos ir itin lengvas surinkimo mechanizmas.<\/h6>\n<p>&nbsp;<\/p>\n<h6 data-start=\"2800\" data-end=\"3093\">Leclercbaby &#8222;Monnalisa\" ve\u017eim\u0117l\u012f galima \u012fsigyti trij\u0173 spalv\u0173: antikin\u0117s ro\u017ein\u0117s, ber\u017eo ir juodos. Be to, i\u0161skirtin\u012f prek\u0117s \u017eenklo g\u0117li\u0173 ra\u0161t\u0105 papildo auksinis ro\u017einis r\u0117mas. \u012e &#8222;Monnalisa\" kolekcij\u0105 taip pat \u012feina daug gra\u017ei\u0173 ir prakti\u0161k\u0173 aksesuar\u0173, palengvinan\u010di\u0173 t\u0117vyst\u0119.<\/h6>\n<p>&nbsp;<\/p>\n<h6><em>Daugiau apie tai, kaip pasirinkti lengv\u0105 ve\u017eim\u0117l\u012f, skaitykite Hummy <a href=\"https:\/\/hummy.ee\/lt\/kaip-pasirinkti-lengva-vezimeli\/\" target=\"_blank\" rel=\"noopener\">tinklara\u0161tyje.<\/a><\/em><\/h6>\n<h6><em>Patikrinkite Leclercbaby nuorod\u0105 <a href=\"https:\/\/www.youtube.com\/watch?v=HFbqUnqFFXA\">\u010dia <\/a><\/em><em>ir Monnalisa ve\u017eim\u0117l\u012f <\/em><em><a href=\"https:\/\/www.youtube.com\/watch?v=PR4culPs7BE\" target=\"_blank\" rel=\"noopener\">\u010dia.<\/a><\/em><\/h6>\n","protected":false},"excerpt":{"rendered":"<h6 data-start=\"508\" data-end=\"825\">Su &#8222;Leclercbaby Twin-Duo\" ve\u017eim\u0117lio spaustukais (3 vnt.) du atskirus g\u0117l\u0117tus &#8222;Leclercbaby Monnalisa\" ve\u017eim\u0117lius akimirksniu paverskite dviej\u0173 vaik\u0173 ve\u017eim\u0117liu. Tai puikus sprendimas \u0161eimoms, auginan\u010dioms dvynukus ar du ma\u017eus vaikus, nes paprastas, bet tvirtas rinkinys saugiai sujungia ve\u017eim\u0117lius ir leid\u017eia m\u0117gautis patogiu va\u017eiavimu \u0161alia vienas kito. Reikia lankstumo? Per kelias sekundes nuimkite tris spaustukus ir naudokite ve\u017eim\u0117lius atskirai - po vien\u0105 kiekvienam i\u0161 t\u0117v\u0173! Nesvarbu, ar tai kasdienis pasivaik\u0161\u010diojimas, ar nuotykis gamtoje, \u0161ie spaustukai suteikia laisv\u0119 lengvai perjungti vieno ir dviej\u0173 t\u0117v\u0173 ve\u017eim\u0117li\u0173 re\u017eim\u0105. Tiesiog pasukite spaustuk\u0105 ir ve\u017eim\u0117l\u012f per kelias sekundes v\u0117l gal\u0117site naudoti su vienu t\u0117vu.<\/h6>\n","protected":false},"featured_media":68504,"comment_status":"open","ping_status":"closed","template":"","meta":{"_acf_changed":false,"om_disable_all_campaigns":false,"_monsterinsights_skip_tracking":false,"_monsterinsights_sitenote_active":false,"_monsterinsights_sitenote_note":"","_monsterinsights_sitenote_category":0,"_uf_show_specific_survey":0,"_uf_disable_surveys":false,"site-sidebar-layout":"default","site-content-layout":"","ast-site-content-layout":"default","site-content-style":"default","site-sidebar-style":"default","ast-global-header-display":"","ast-banner-title-visibility":"","ast-main-header-display":"","ast-hfb-above-header-display":"","ast-hfb-below-header-display":"","ast-hfb-mobile-header-display":"","site-post-title":"","ast-breadcrumbs-content":"","ast-featured-img":"","footer-sml-layout":"","theme-transparent-header-meta":"default","adv-header-id-meta":"","stick-header-meta":"","header-above-stick-meta":"","header-main-stick-meta":"","header-below-stick-meta":"","astra-migrate-meta-layouts":"set","ast-page-background-enabled":"default","ast-page-background-meta":{"desktop":{"background-color":"var(--ast-global-color-4)","background-image":"","background-repeat":"repeat","background-position":"center center","background-size":"auto","background-attachment":"scroll","background-type":"","background-media":"","overlay-type":"","overlay-color":"","overlay-opacity":"","overlay-gradient":""},"tablet":{"background-color":"","background-image":"","background-repeat":"repeat","background-position":"center center","background-size":"auto","background-attachment":"scroll","background-type":"","background-media":"","overlay-type":"","overlay-color":"","overlay-opacity":"","overlay-gradient":""},"mobile":{"background-color":"","background-image":"","background-repeat":"repeat","background-position":"center center","background-size":"auto","background-attachment":"scroll","background-type":"","background-media":"","overlay-type":"","overlay-color":"","overlay-opacity":"","overlay-gradient":""}},"ast-content-background-meta":{"desktop":{"background-color":"var(--ast-global-color-5)","background-image":"","background-repeat":"repeat","background-position":"center center","background-size":"auto","background-attachment":"scroll","background-type":"","background-media":"","overlay-type":"","overlay-color":"","overlay-opacity":"","overlay-gradient":""},"tablet":{"background-color":"var(--ast-global-color-5)","background-image":"","background-repeat":"repeat","background-position":"center center","background-size":"auto","background-attachment":"scroll","background-type":"","background-media":"","overlay-type":"","overlay-color":"","overlay-opacity":"","overlay-gradient":""},"mobile":{"background-color":"var(--ast-global-color-5)","background-image":"","background-repeat":"repeat","background-position":"center center","background-size":"auto","background-attachment":"scroll","background-type":"","background-media":"","overlay-type":"","overlay-color":"","overlay-opacity":"","overlay-gradient":""}}},"product_brand":[],"product_cat":[557,506,389,332],"product_tag":[],"class_list":{"0":"post-68514","1":"product","2":"type-product","3":"status-publish","4":"has-post-thumbnail","6":"product_cat-dvieju-vietu-vezimeliai","7":"product_cat-kampanija","8":"product_cat-vezimeliai","9":"product_cat-leclercbaby-lt","10":"desktop-align-left","11":"tablet-align-left","12":"mobile-align-left","14":"first","15":"instock","16":"sale","17":"taxable","18":"shipping-taxable","19":"purchasable","20":"product-type-variable"},"acf":[],"aioseo_notices":[],"_links":{"self":[{"href":"https:\/\/hummy.ee\/lt\/wp-json\/wp\/v2\/product\/68514","targetHints":{"allow":["GET"]}}],"collection":[{"href":"https:\/\/hummy.ee\/lt\/wp-json\/wp\/v2\/product"}],"about":[{"href":"https:\/\/hummy.ee\/lt\/wp-json\/wp\/v2\/types\/product"}],"replies":[{"embeddable":true,"href":"https:\/\/hummy.ee\/lt\/wp-json\/wp\/v2\/comments?post=68514"}],"version-history":[{"count":11,"href":"https:\/\/hummy.ee\/lt\/wp-json\/wp\/v2\/product\/68514\/revisions"}],"predecessor-version":[{"id":86197,"href":"https:\/\/hummy.ee\/lt\/wp-json\/wp\/v2\/product\/68514\/revisions\/86197"}],"wp:featuredmedia":[{"embeddable":true,"href":"https:\/\/hummy.ee\/lt\/wp-json\/wp\/v2\/media\/68504"}],"wp:attachment":[{"href":"https:\/\/hummy.ee\/lt\/wp-json\/wp\/v2\/media?parent=68514"}],"wp:term":[{"taxonomy":"product_brand","embeddable":true,"href":"https:\/\/hummy.ee\/lt\/wp-json\/wp\/v2\/product_brand?post=68514"},{"taxonomy":"product_cat","embeddable":true,"href":"https:\/\/hummy.ee\/lt\/wp-json\/wp\/v2\/product_cat?post=68514"},{"taxonomy":"product_tag","embeddable":true,"href":"https:\/\/hummy.ee\/lt\/wp-json\/wp\/v2\/product_tag?post=68514"}],"curies":[{"name":"wp","href":"https:\/\/api.w.org\/{rel}","templated":true}]}}