{"id":68445,"date":"2025-09-11T12:21:45","date_gmt":"2025-09-11T12:21:45","guid":{"rendered":"https:\/\/hummy.ee\/product\/leclercbaby-influencer-dvieju-vaiku-vezimelis\/"},"modified":"2026-04-11T14:15:40","modified_gmt":"2026-04-11T14:15:40","slug":"leclercbaby-influencer-dvieju-vaiku-vezimelis","status":"publish","type":"product","link":"https:\/\/hummy.ee\/lt\/produktas\/leclercbaby-influencer-dvieju-vaiku-vezimelis\/","title":{"rendered":"Leclercbaby Influencer dviej\u0173 vaik\u0173 ve\u017eim\u0117lis"},"content":{"rendered":"<h6>\u0160okoladin\u0117s rudos spalvos ir ro\u017eini\u0173 akcent\u0173 &#8222;Leclercbaby Influencer\" yra tvirtas ve\u017eim\u0117li\u0173 rinkos tendencij\u0173 k\u016br\u0117jas. Ve\u017eim\u0117l\u012f lengva naudoti, nes j\u012f galima greitai sulankstyti ir atidaryti viena ranka.<\/h6>\n<h6>Dabar, naudodami &#8222;Twin-Duo\" jung\u010di\u0173 rinkin\u012f, du vienvie\u010dius &#8222;Influencer\" ve\u017eim\u0117lius galite akimirksniu paversti dvivie\u010diais lengvais ve\u017eim\u0117liais. Idealus sprendimas dvynukams arba \u0161eimoms su dviem ma\u017eais vaikais. Patogiai supakuokite j\u012f \u012f kelionin\u012f krep\u0161\u012f kelion\u0117ms automobiliu, traukiniu ar l\u0117ktuvu. Vos 6,6 kg sveriantis ve\u017eim\u0117lis &#8222;Influencer\" yra lengvas, tvarkingas ir kompakti\u0161kas. Be to, ji tinka vaikui iki 22 kg svorio. Jis yra rankinio baga\u017eo dyd\u017eio - telpa \u012f vir\u0161utin\u012f l\u0117ktuvo salono skyri\u0173.<\/h6>\n<p>&nbsp;<\/p>\n<h6><strong>Rinkin\u012f sudaro:<\/strong><\/h6>\n<ul>\n<li>\n<h6>Vir\u0161utinio laikiklio laikiklis (2 vnt.)<\/h6>\n<\/li>\n<li>\n<h6>Apsauginis strypas (2 vnt.)<\/h6>\n<\/li>\n<li>\n<h6>Transportavimo krep\u0161ys (2 vnt.)<\/h6>\n<\/li>\n<li>\n<h6><a href=\"https:\/\/hummy.ee\/lt\/produktas\/leclercbaby-dvigubi-dvigubi-jungiamieji-spaustukai\/\" target=\"_blank\" rel=\"noopener\">Jungiamieji gnybtai (<\/a> 3 vnt.)<\/h6>\n<\/li>\n<\/ul>\n<h6>Atkreipkite d\u0117mes\u012f! Pilkos spalvos &#8222;Grey Melange\" ve\u017eim\u0117liuose yra lietaus u\u017evalkalas.<\/h6>\n<p>&nbsp;<\/p>\n<h6><strong><em>Kod\u0117l verta rinktis ve\u017eim\u0117l\u012f i\u0161 Leclercbaby?<\/em><\/strong><\/h6>\n<h6>Kam vargti su sud\u0117tingu ir sunkiu \u012fprastu ve\u017eim\u0117liu, jei galite rinktis paprastesn\u012f ir prakti\u0161kesn\u012f? I\u0161 tikr\u0173j\u0173 Leclercbaby ve\u017eim\u0117liais itin paprasta naudotis - juos sulankstyti ir i\u0161skleisti galima viena ranka. Tai rei\u0161kia, kad viena ranka galite laikyti k\u016bdik\u012f, o kita - sud\u0117ti ve\u017eim\u0117l\u012f.<\/h6>\n<p>&nbsp;<\/p>\n<h6>Be to, surinkimas atliekamas tik vienu judesiu ir naudojant sunkio j\u0117g\u0105. Skirtingai nuo daugelio kit\u0173 ve\u017eim\u0117li\u0173, nenaudojome trapi\u0173 spyruokli\u0173 ar oro pagalvi\u0173, tod\u0117l visa sistema yra dar patvaresn\u0117. \u017dinoma, tam taip pat suteikiama m\u016bs\u0173 garantija!<\/h6>\n<p>&nbsp;<\/p>\n<h6><strong><em>Komfortas jums ir j\u016bs\u0173 vaikui:<\/em><\/strong><\/h6>\n<ul>\n<li>\n<h6>Pirma, magnetin\u0117 rankena ir (arba) gaubtas su magnetiniu tvirtinimu, kuris u\u017etikrina puiki\u0105 apsaug\u0105.<\/h6>\n<\/li>\n<li>\n<h6>Antra - trij\u0173 pad\u0117\u010di\u0173 reguliuojamas atlo\u0161as, \u012fskaitant miego pad\u0117t\u012f.<\/h6>\n<\/li>\n<li>\n<h6>Tre\u010dia, reguliuojama koj\u0173 atrama, kad b\u016bt\u0173 maksimaliai patogu.<\/h6>\n<\/li>\n<\/ul>\n<h6><strong><em>Lengva naudoti:<\/em><\/strong><\/h6>\n<ul>\n<li>\n<h6>Nuimama apsaugin\u0117 rankena suteikia daugiau lankstumo.<\/h6>\n<\/li>\n<li>\n<h6>Magnetiniai penki\u0173 ta\u0161k\u0173 saugos dir\u017eai u\u017etikrina patog\u0173 ir saug\u0173 vaiko pri\u0117jim\u0105.<\/h6>\n<\/li>\n<li>\n<h6>Keturi\u0173 rat\u0173 pakaba u\u017etikrina skland\u0173 valdym\u0105 ant bet kokio pavir\u0161iaus.<\/h6>\n<\/li>\n<li>\n<h6>Didel\u0117 atrama kojoms u\u017etikrina saugum\u0105.<\/h6>\n<\/li>\n<li>\n<h6>D\u0117l sauskelni\u0173 krep\u0161io tvirtinimo ta\u0161k\u0173 visi b\u016btiniausi daiktai bus po ranka.<\/h6>\n<\/li>\n<\/ul>\n<h6><em><strong>Apsauga nuo oro s\u0105lyg\u0173:<\/strong><\/em><\/h6>\n<ul>\n<li>\n<h6>Ilgas SPF 50+ apsaugantis k\u016bdik\u012f nuo kenksming\u0173 UV spinduli\u0173.<\/h6>\n<\/li>\n<li>\n<h6>600D neper\u0161lampamas audinys, kad vaikas i\u0161likt\u0173 sausas net ir lietingu oru.<\/h6>\n<\/li>\n<li>\n<h6>Kokybi\u0161kos med\u017eiagos:<\/h6>\n<\/li>\n<li>\n<h6>Oda aptraukta st\u016bmimo rankena ir apsaugin\u0117 ranken\u0117l\u0117 suteikia elegancijos.<\/h6>\n<\/li>\n<li>\n<h6>Patvarus transportavimo krep\u0161ys, kad ve\u017eim\u0117lis visada b\u016bt\u0173 apsaugotas.<\/h6>\n<\/li>\n<li>\n<h6>100% PU ratai u\u017etikrina skland\u0173 ir stabil\u0173 va\u017eiavim\u0105.<\/h6>\n<\/li>\n<\/ul>\n<h6><em><strong>Daugiau informacijos:<\/strong><\/em><\/h6>\n<ul>\n<li>\n<h6>Ve\u017eim\u0117l\u012f galima sulankstyti ir i\u0161skleisti vienu judesiu.<\/h6>\n<\/li>\n<li>\n<h6>Rankinio baga\u017eo dydis - telpa \u012f vir\u0161utin\u012f salono skyri\u0173.<\/h6>\n<\/li>\n<li>\n<h6>Tinka nuo 6 m\u0117nesi\u0173 am\u017eiaus iki 22 kg \/ apie 5. nuo.<\/h6>\n<\/li>\n<li>\n<h6>Galimi \u012fvair\u016bs modeliai ir lop\u0161iai.<\/h6>\n<\/li>\n<li>\n<h6>Sulankstytos d\u0117\u017e\u0117s matmenys: 56 x 47 x 24 cm.<\/h6>\n<\/li>\n<li>\n<h6>Svoris: 6,6 kg (vieno ve\u017eim\u0117lio svoris)<\/h6>\n<\/li>\n<\/ul>\n<h6><em>Daugiau apie tai, kaip pasirinkti lengv\u0105 ve\u017eim\u0117l\u012f, skaitykite Hummy <a href=\"https:\/\/hummy.ee\/lt\/kaip-pasirinkti-lengva-vezimeli\/\" target=\"_blank\" rel=\"noopener\">tinklara\u0161tyje.<\/a><\/em><\/h6>\n<h6><em>Patikrinkite Leclercbaby nuorod\u0105 <a href=\"https:\/\/www.youtube.com\/watch?v=HFbqUnqFFXA\">\u010dia <\/a><\/em><em>ir Infuencer ve\u017eim\u0117l\u012f <a href=\"https:\/\/www.youtube.com\/watch?v=g6HBcJQz3l8\" target=\"_blank\" rel=\"noopener\">\u010dia.<\/a><\/em><\/h6>\n","protected":false},"excerpt":{"rendered":"<h6 data-start=\"136\" data-end=\"429\">D\u0117l &#8222;Leclercbaby Twin-Duo\" spaustuk\u0173 (3 vnt.) du atskirus &#8222;Leclercbaby Influencer\" ve\u017eim\u0117lius akimirksniu paverskite dvyniais. Tai puikus sprendimas \u0161eimoms, auginan\u010dioms dvynukus arba du ma\u017eus vaikus, nes paprastas, bet tvirtas rinkinys saugiai sujungia ve\u017eim\u0117lius ir leid\u017eia m\u0117gautis patogiu va\u017eiavimu \u0161alia vienas kito. Reikia lankstumo? Per kelias sekundes nuimkite tris spaustukus ir naudokite ve\u017eim\u0117lius atskirai - po vien\u0105 kiekvienam i\u0161 t\u0117v\u0173! Nesvarbu, ar tai kasdienis pasivaik\u0161\u010diojimas, ar nuotykis gamtoje, \u0161ie spaustukai suteikia laisv\u0119 lengvai perjungti vieno ir dviej\u0173 t\u0117v\u0173 ve\u017eim\u0117li\u0173 re\u017eim\u0105. Tiesiog pasukite spaustuk\u0105 ir ve\u017eim\u0117l\u012f per kelias sekundes v\u0117l gal\u0117site naudoti su vienu t\u0117vu.<\/h6>\n","protected":false},"featured_media":68336,"comment_status":"open","ping_status":"closed","template":"","meta":{"_acf_changed":false,"om_disable_all_campaigns":false,"_monsterinsights_skip_tracking":false,"_monsterinsights_sitenote_active":false,"_monsterinsights_sitenote_note":"","_monsterinsights_sitenote_category":0,"_uf_show_specific_survey":0,"_uf_disable_surveys":false,"site-sidebar-layout":"default","site-content-layout":"","ast-site-content-layout":"default","site-content-style":"default","site-sidebar-style":"default","ast-global-header-display":"","ast-banner-title-visibility":"","ast-main-header-display":"","ast-hfb-above-header-display":"","ast-hfb-below-header-display":"","ast-hfb-mobile-header-display":"","site-post-title":"","ast-breadcrumbs-content":"","ast-featured-img":"","footer-sml-layout":"","theme-transparent-header-meta":"default","adv-header-id-meta":"","stick-header-meta":"","header-above-stick-meta":"","header-main-stick-meta":"","header-below-stick-meta":"","astra-migrate-meta-layouts":"set","ast-page-background-enabled":"default","ast-page-background-meta":{"desktop":{"background-color":"var(--ast-global-color-4)","background-image":"","background-repeat":"repeat","background-position":"center center","background-size":"auto","background-attachment":"scroll","background-type":"","background-media":"","overlay-type":"","overlay-color":"","overlay-opacity":"","overlay-gradient":""},"tablet":{"background-color":"","background-image":"","background-repeat":"repeat","background-position":"center center","background-size":"auto","background-attachment":"scroll","background-type":"","background-media":"","overlay-type":"","overlay-color":"","overlay-opacity":"","overlay-gradient":""},"mobile":{"background-color":"","background-image":"","background-repeat":"repeat","background-position":"center center","background-size":"auto","background-attachment":"scroll","background-type":"","background-media":"","overlay-type":"","overlay-color":"","overlay-opacity":"","overlay-gradient":""}},"ast-content-background-meta":{"desktop":{"background-color":"var(--ast-global-color-5)","background-image":"","background-repeat":"repeat","background-position":"center center","background-size":"auto","background-attachment":"scroll","background-type":"","background-media":"","overlay-type":"","overlay-color":"","overlay-opacity":"","overlay-gradient":""},"tablet":{"background-color":"var(--ast-global-color-5)","background-image":"","background-repeat":"repeat","background-position":"center center","background-size":"auto","background-attachment":"scroll","background-type":"","background-media":"","overlay-type":"","overlay-color":"","overlay-opacity":"","overlay-gradient":""},"mobile":{"background-color":"var(--ast-global-color-5)","background-image":"","background-repeat":"repeat","background-position":"center center","background-size":"auto","background-attachment":"scroll","background-type":"","background-media":"","overlay-type":"","overlay-color":"","overlay-opacity":"","overlay-gradient":""}}},"product_brand":[],"product_cat":[557,506,389,332],"product_tag":[],"class_list":{"0":"post-68445","1":"product","2":"type-product","3":"status-publish","4":"has-post-thumbnail","6":"product_cat-dvieju-vietu-vezimeliai","7":"product_cat-kampanija","8":"product_cat-vezimeliai","9":"product_cat-leclercbaby-lt","10":"desktop-align-left","11":"tablet-align-left","12":"mobile-align-left","14":"first","15":"instock","16":"sale","17":"taxable","18":"shipping-taxable","19":"purchasable","20":"product-type-variable"},"acf":[],"aioseo_notices":[],"_links":{"self":[{"href":"https:\/\/hummy.ee\/lt\/wp-json\/wp\/v2\/product\/68445","targetHints":{"allow":["GET"]}}],"collection":[{"href":"https:\/\/hummy.ee\/lt\/wp-json\/wp\/v2\/product"}],"about":[{"href":"https:\/\/hummy.ee\/lt\/wp-json\/wp\/v2\/types\/product"}],"replies":[{"embeddable":true,"href":"https:\/\/hummy.ee\/lt\/wp-json\/wp\/v2\/comments?post=68445"}],"version-history":[{"count":11,"href":"https:\/\/hummy.ee\/lt\/wp-json\/wp\/v2\/product\/68445\/revisions"}],"predecessor-version":[{"id":86458,"href":"https:\/\/hummy.ee\/lt\/wp-json\/wp\/v2\/product\/68445\/revisions\/86458"}],"wp:featuredmedia":[{"embeddable":true,"href":"https:\/\/hummy.ee\/lt\/wp-json\/wp\/v2\/media\/68336"}],"wp:attachment":[{"href":"https:\/\/hummy.ee\/lt\/wp-json\/wp\/v2\/media?parent=68445"}],"wp:term":[{"taxonomy":"product_brand","embeddable":true,"href":"https:\/\/hummy.ee\/lt\/wp-json\/wp\/v2\/product_brand?post=68445"},{"taxonomy":"product_cat","embeddable":true,"href":"https:\/\/hummy.ee\/lt\/wp-json\/wp\/v2\/product_cat?post=68445"},{"taxonomy":"product_tag","embeddable":true,"href":"https:\/\/hummy.ee\/lt\/wp-json\/wp\/v2\/product_tag?post=68445"}],"curies":[{"name":"wp","href":"https:\/\/api.w.org\/{rel}","templated":true}]}}