{"id":68215,"date":"2025-09-11T10:09:29","date_gmt":"2025-09-11T10:09:29","guid":{"rendered":"https:\/\/hummy.ee\/product\/leclercbaby-influencer-air-dvieju-ratuku-vezimelis\/"},"modified":"2026-04-11T14:15:30","modified_gmt":"2026-04-11T14:15:30","slug":"leclercbaby-influencer-air-dvieju-ratuku-vezimelis","status":"publish","type":"product","link":"https:\/\/hummy.ee\/lt\/produktas\/leclercbaby-influencer-air-dvieju-ratuku-vezimelis\/","title":{"rendered":"Leclercbaby Influencer Air dviej\u0173 ratuk\u0173 ve\u017eim\u0117lis"},"content":{"rendered":"<h6>Keliaukite ir atraskite bet kuri\u0105 viet\u0105 su &#8222;Leclercbaby Influencer Air\". Ve\u017eim\u0117l\u012f lengva naudoti, nes j\u012f galima greitai sulankstyti ir i\u0161skleisti viena ranka. Nugar\u0117l\u0117je pritvirtintas v\u0117dinimo langelis u\u017etikrina, kad j\u016bs\u0173 k\u016bdikis b\u016bt\u0173 v\u0117sus, o ki\u0161en\u0117je telefonas, raktai ar ne\u0161iojamasis kompiuteris bus po ranka. Patogiai supakuokite j\u012f \u012f kelionin\u012f krep\u0161\u012f kelion\u0117ms automobiliu, traukiniu ar l\u0117ktuvu. Vos 6,6 kg sverianti &#8222;Influencer Air\" yra lengva, tvarkinga ir kompakti\u0161ka. Be to, ji tinka vaikui iki 22 kg svorio. Jis yra rankinio baga\u017eo dyd\u017eio - telpa \u012f vir\u0161utin\u012f l\u0117ktuvo salono skyri\u0173.<\/h6>\n<p>&nbsp;<\/p>\n<h6><strong>Rinkin\u012f sudaro:<\/strong><\/h6>\n<ul>\n<li>\n<h6>Vir\u0161utinio laikiklio laikiklis (2 vnt.)<\/h6>\n<\/li>\n<li>\n<h6>Apsauginis strypas (2 vnt.)<\/h6>\n<\/li>\n<li>\n<h6>Transportavimo krep\u0161ys (2 vnt.)<\/h6>\n<\/li>\n<li>\n<h6><a href=\"https:\/\/hummy.ee\/lt\/produktas\/leclercbaby-dvigubi-dvigubi-jungiamieji-spaustukai\/\" target=\"_blank\" rel=\"noopener\">Jungiamieji gnybtai (<\/a> 3 vnt.)<\/h6>\n<\/li>\n<\/ul>\n<h6>Svarbiausia - stilingos detal\u0117s&#8230; &#8222;Leclercbaby\" daug d\u0117mesio skiria detal\u0117ms, funkcionalumui, saugumui ir stiliui.<\/h6>\n<p>&nbsp;<\/p>\n<h6 class=\"wp-block-heading\"><strong><em>Funkcijos:<\/em><\/strong><\/h6>\n<h6>Ve\u017eim\u0117lis &#8222;Influencer Air\" turi magnetin\u0119 atidarom\u0105 ir u\u017edarom\u0105 ventiliacijos ang\u0105, kuri leid\u017eia puikiai cirkuliuoti or\u0105 \u0161iltuoju met\u0173 laiku ir kontroliuoti miegan\u010dio k\u016bdikio b\u016bkl\u0119. Nugar\u0117l\u0117je yra itin didel\u0117 ki\u0161en\u0117, puikiai tinkanti mobiliajam telefonui, raktams ir t. t., jei tiesiog i\u0161vykstate \u012f trump\u0105 kelion\u0119 ir nenorite pasiimti sauskelni\u0173 krep\u0161io. Ant rank\u0173 esantys \u0161vies\u0105 atspindintys dir\u017eeliai padeda u\u017etikrinti k\u016bdikio saugum\u0105 \u017eiemos nakt\u012f ir turi SPF50+ apsaug\u0105 nuo saul\u0117s. Ant porankio esantis u\u017etrauktuku u\u017esegamas prailginamas skydelis padeda u\u017etikrinti ger\u0105 oro cirkuliacij\u0105 ir demonstruoja puik\u0173 ve\u017eim\u0117lio stili\u0173. Puikiai apdailinti u\u017etrauktukai prideda stiliaus su Elcee the Fox u\u017etrauktukais.<\/h6>\n<p>&nbsp;<\/p>\n<h6><strong><em>Priedai:<\/em><\/strong><\/h6>\n<h6>Naudodami papildomus <a href=\"https:\/\/hummy.ee\/lt\/produktas\/leclercbaby-saugos-lopsio-adapteris\/\">automobilin\u0117s k\u0117dut\u0117s adapterius, savo<\/a> vaik\u0105 nuo pat gimimo gal\u0117site patogiai ve\u017eti 0+ grup\u0117s automobilin\u0117je k\u0117dut\u0117je. Papildykite savo lengvojo ve\u017eim\u0117lio i\u0161vaizd\u0105 naudodami &#8222;Influencer Air\" priedus. Rinkit\u0117s prabang\u0173 persirengimo krep\u0161\u012f, miegmai\u0161ius, organizatori\u0173, k\u0117dut\u0117s adapter\u012f arba stov\u0105 su s\u0117dyne.<\/h6>\n<h6>\u0160is kompakti\u0161kas ve\u017eim\u0117lis, kur\u012f galima \u012fsigyti stiling\u0173 ir mading\u0173 spalv\u0173, lengvai visur nuve\u0161 jus ir j\u016bs\u0173 ma\u017eyl\u012f!<\/h6>\n<p>&nbsp;<\/p>\n<h6><em><strong>Saugumas:<\/strong><\/em><\/h6>\n<ul>\n<li>\n<h6>Sk\u0117tukas nuo saul\u0117s su reflektoriaus vamzdeliu<\/h6>\n<\/li>\n<li>\n<h6>Didel\u0117 atrama p\u0117doms (tinka av\u0117ti plok\u0161\u010diapad\u017eius ir auk\u0161takulnius)<\/h6>\n<\/li>\n<li>\n<h6>Magnetiniai penki\u0173 ta\u0161k\u0173 saugos dir\u017eai, kad vaikui b\u016bt\u0173 lengva prieiti<\/h6>\n<\/li>\n<\/ul>\n<h6><em><strong>Komfortas jums ir j\u016bs\u0173 vaikui:<\/strong><\/em><\/h6>\n<ul>\n<li>\n<h6>Sk\u0117tukas nuo saul\u0117s su \u0161oniniu langu ir med\u017eiaginiu u\u017evalkalu (magnetinis)<\/h6>\n<\/li>\n<li>\n<h6>Trij\u0173 pad\u0117\u010di\u0173 reguliuojamas atlo\u0161as (\u012fskaitant miego pad\u0117t\u012f - 175 laipsni\u0173)<\/h6>\n<\/li>\n<li>\n<h6>Reguliuojama atrama kojoms (\u012fskaitant miego pad\u0117t\u012f)<\/h6>\n<\/li>\n<li>\n<h6>Didel\u0117 ki\u0161en\u0117 nugaroje<\/h6>\n<\/li>\n<li>\n<h6>Didel\u0117 ir mink\u0161ta pamink\u0161tinta s\u0117dyn\u0117, tinkama vaikui iki 22 kg<\/h6>\n<\/li>\n<\/ul>\n<h6><em><strong>Lengva naudoti:<\/strong><\/em><\/h6>\n<ul>\n<li>\n<h6>Ve\u017eim\u0117l\u012f galima sulankstyti ir i\u0161skleisti vienu judesiu<\/h6>\n<\/li>\n<li>\n<h6>Nuimamas apsauginis strypas<\/h6>\n<\/li>\n<li>\n<h6>Keturi\u0173 rat\u0173 pakaba<\/h6>\n<\/li>\n<li>\n<h6>Sauskelni\u0173 krep\u0161io ir organizatoriaus tvirtinimo ta\u0161kai<\/h6>\n<\/li>\n<li>\n<h6>Didelis krep\u0161ys, kuriame galima ve\u017eti iki 3 kg<\/h6>\n<\/li>\n<li>\n<h6 data-start=\"300\" data-end=\"491\">&#8222;Influencer Air\" yra lengvas - sveria vos 6,6 kg (tiek sveria vienas ve\u017eim\u0117lis).<\/h6>\n<\/li>\n<li>\n<h6>telpa \u012f vir\u0161utin\u012f orlaivio salono skyri\u0173<\/h6>\n<\/li>\n<\/ul>\n<h6><em><strong>Apsauga nuo oro s\u0105lyg\u0173:<\/strong><\/em><\/h6>\n<ul>\n<li>\n<h6>Ilgas apsauginis skydelis nuo saul\u0117s SPF 50+<\/h6>\n<\/li>\n<li>\n<h6>600D vandeniui atsparus audinys<\/h6>\n<\/li>\n<li>\n<h6>Galinis v\u0117dinimo skydelis<\/h6>\n<\/li>\n<\/ul>\n<h6><em><strong>Kokybi\u0161kos med\u017eiagos:<\/strong><\/em><\/h6>\n<ul>\n<li>\n<h6>Dirbtine oda dengti st\u016bmiklis ir priekin\u0117 letena (PU)<\/h6>\n<\/li>\n<li>\n<h6>Patvarus transportavimo krep\u0161ys<\/h6>\n<\/li>\n<li>\n<h6>100% PU ratai ir dar daugiau<\/h6>\n<\/li>\n<\/ul>\n<h6><em>Daugiau apie tai, kaip pasirinkti lengv\u0105 ve\u017eim\u0117l\u012f, skaitykite Hummy <a href=\"https:\/\/hummy.ee\/lt\/kaip-pasirinkti-lengva-vezimeli\/\" target=\"_blank\" rel=\"noopener\">tinklara\u0161tyje.<\/a><\/em><\/h6>\n<h6><em>Patikrinkite &#8222;Leclercbaby\" jungt\u012f <a href=\"https:\/\/www.youtube.com\/watch?v=HFbqUnqFFXA\">\u010dia, o<\/a> &#8222;Influencer Air\" lengv\u0105j\u0105 jungt\u012f <a href=\"https:\/\/www.youtube.com\/watch?v=ejW-shrQYEk\" target=\"_blank\" rel=\"noopener\">- \u010dia.<\/a><\/em><\/h6>\n","protected":false},"excerpt":{"rendered":"<h6 data-start=\"136\" data-end=\"429\">D\u0117l &#8222;Leclercbaby Twin-Duo\" spaustuk\u0173 (3 vnt.) du atskirus &#8222;Leclercbaby Influencer Air\" ve\u017eim\u0117lius akimirksniu paverskite dvyniais. Tai puikus sprendimas \u0161eimoms, auginan\u010dioms dvynukus arba du ma\u017eus vaikus, nes paprastas, bet tvirtas rinkinys saugiai sujungia ve\u017eim\u0117lius ir leid\u017eia m\u0117gautis patogiu va\u017eiavimu \u0161alia vienas kito. Reikia lankstumo? Per kelias sekundes nuimkite tris spaustukus ir naudokite ve\u017eim\u0117lius atskirai - po vien\u0105 kiekvienam i\u0161 t\u0117v\u0173! Nesvarbu, ar tai kasdienis pasivaik\u0161\u010diojimas, ar nuotykis gamtoje, \u0161ie spaustukai suteikia laisv\u0119 lengvai perjungti vieno ir dviej\u0173 t\u0117v\u0173 ve\u017eim\u0117li\u0173 re\u017eim\u0105. Tiesiog pasukite spaustuk\u0105 ir ve\u017eim\u0117l\u012f per kelias sekundes v\u0117l gal\u0117site naudoti su vienu t\u0117vu.<\/h6>\n","protected":false},"featured_media":68148,"comment_status":"open","ping_status":"closed","template":"","meta":{"_acf_changed":false,"om_disable_all_campaigns":false,"_monsterinsights_skip_tracking":false,"_monsterinsights_sitenote_active":false,"_monsterinsights_sitenote_note":"","_monsterinsights_sitenote_category":0,"_uf_show_specific_survey":0,"_uf_disable_surveys":false,"site-sidebar-layout":"default","site-content-layout":"","ast-site-content-layout":"default","site-content-style":"default","site-sidebar-style":"default","ast-global-header-display":"","ast-banner-title-visibility":"","ast-main-header-display":"","ast-hfb-above-header-display":"","ast-hfb-below-header-display":"","ast-hfb-mobile-header-display":"","site-post-title":"","ast-breadcrumbs-content":"","ast-featured-img":"","footer-sml-layout":"","theme-transparent-header-meta":"default","adv-header-id-meta":"","stick-header-meta":"","header-above-stick-meta":"","header-main-stick-meta":"","header-below-stick-meta":"","astra-migrate-meta-layouts":"set","ast-page-background-enabled":"default","ast-page-background-meta":{"desktop":{"background-color":"var(--ast-global-color-4)","background-image":"","background-repeat":"repeat","background-position":"center center","background-size":"auto","background-attachment":"scroll","background-type":"","background-media":"","overlay-type":"","overlay-color":"","overlay-opacity":"","overlay-gradient":""},"tablet":{"background-color":"","background-image":"","background-repeat":"repeat","background-position":"center center","background-size":"auto","background-attachment":"scroll","background-type":"","background-media":"","overlay-type":"","overlay-color":"","overlay-opacity":"","overlay-gradient":""},"mobile":{"background-color":"","background-image":"","background-repeat":"repeat","background-position":"center center","background-size":"auto","background-attachment":"scroll","background-type":"","background-media":"","overlay-type":"","overlay-color":"","overlay-opacity":"","overlay-gradient":""}},"ast-content-background-meta":{"desktop":{"background-color":"var(--ast-global-color-5)","background-image":"","background-repeat":"repeat","background-position":"center center","background-size":"auto","background-attachment":"scroll","background-type":"","background-media":"","overlay-type":"","overlay-color":"","overlay-opacity":"","overlay-gradient":""},"tablet":{"background-color":"var(--ast-global-color-5)","background-image":"","background-repeat":"repeat","background-position":"center center","background-size":"auto","background-attachment":"scroll","background-type":"","background-media":"","overlay-type":"","overlay-color":"","overlay-opacity":"","overlay-gradient":""},"mobile":{"background-color":"var(--ast-global-color-5)","background-image":"","background-repeat":"repeat","background-position":"center center","background-size":"auto","background-attachment":"scroll","background-type":"","background-media":"","overlay-type":"","overlay-color":"","overlay-opacity":"","overlay-gradient":""}}},"product_brand":[],"product_cat":[557,506,389,332],"product_tag":[],"class_list":{"0":"post-68215","1":"product","2":"type-product","3":"status-publish","4":"has-post-thumbnail","6":"product_cat-dvieju-vietu-vezimeliai","7":"product_cat-kampanija","8":"product_cat-vezimeliai","9":"product_cat-leclercbaby-lt","10":"desktop-align-left","11":"tablet-align-left","12":"mobile-align-left","14":"first","15":"instock","16":"sale","17":"taxable","18":"shipping-taxable","19":"purchasable","20":"product-type-variable"},"acf":[],"aioseo_notices":[],"_links":{"self":[{"href":"https:\/\/hummy.ee\/lt\/wp-json\/wp\/v2\/product\/68215","targetHints":{"allow":["GET"]}}],"collection":[{"href":"https:\/\/hummy.ee\/lt\/wp-json\/wp\/v2\/product"}],"about":[{"href":"https:\/\/hummy.ee\/lt\/wp-json\/wp\/v2\/types\/product"}],"replies":[{"embeddable":true,"href":"https:\/\/hummy.ee\/lt\/wp-json\/wp\/v2\/comments?post=68215"}],"version-history":[{"count":15,"href":"https:\/\/hummy.ee\/lt\/wp-json\/wp\/v2\/product\/68215\/revisions"}],"predecessor-version":[{"id":86457,"href":"https:\/\/hummy.ee\/lt\/wp-json\/wp\/v2\/product\/68215\/revisions\/86457"}],"wp:featuredmedia":[{"embeddable":true,"href":"https:\/\/hummy.ee\/lt\/wp-json\/wp\/v2\/media\/68148"}],"wp:attachment":[{"href":"https:\/\/hummy.ee\/lt\/wp-json\/wp\/v2\/media?parent=68215"}],"wp:term":[{"taxonomy":"product_brand","embeddable":true,"href":"https:\/\/hummy.ee\/lt\/wp-json\/wp\/v2\/product_brand?post=68215"},{"taxonomy":"product_cat","embeddable":true,"href":"https:\/\/hummy.ee\/lt\/wp-json\/wp\/v2\/product_cat?post=68215"},{"taxonomy":"product_tag","embeddable":true,"href":"https:\/\/hummy.ee\/lt\/wp-json\/wp\/v2\/product_tag?post=68215"}],"curies":[{"name":"wp","href":"https:\/\/api.w.org\/{rel}","templated":true}]}}