{"id":66216,"date":"2025-08-08T13:12:37","date_gmt":"2025-08-08T13:12:37","guid":{"rendered":"https:\/\/hummy.ee\/product\/abc-design-salsa-5-run-pradinis-rinkinys\/"},"modified":"2026-02-16T09:51:41","modified_gmt":"2026-02-16T09:51:41","slug":"abc-design-salsa-5-run-pradinis-rinkinys","status":"publish","type":"product","link":"https:\/\/hummy.ee\/lt\/produktas\/abc-design-salsa-5-run-pradinis-rinkinys\/","title":{"rendered":"ABC Design Salsa 5 b\u0117gimo 3in1 tulpi\u0173 rinkinys"},"content":{"rendered":"<h6><strong><em>Rinkin\u012f sudaro:<\/em><\/strong><\/h6>\n<ul data-spread=\"false\">\n<li>\n<h6>Lop\u0161ys - idealus pirmaisiais k\u016bdikio gyvenimo m\u0117nesiais.<\/h6>\n<\/li>\n<li>\n<h6>S\u0117dyn\u0117 - reguliuojama ir patogi augan\u010diam vaikui (taip pat yra s\u0117dyn\u0117 su patogiu \u012fd\u0117klu).<\/h6>\n<\/li>\n<li>\n<h6>Organizatoriaus krep\u0161ys - jame visi svarbiausi daiktai bus po ranka.<\/h6>\n<\/li>\n<li>\n<h6><a href=\"https:\/\/hummy.ee\/lt\/produktas\/abc-design-tulip-i-size-saugos-lopsys\/\" target=\"_blank\" rel=\"noopener\">&#8222;Tulip\" saugos lop\u0161ys (<\/a> juodas ir kupranugario spalvos) - saugus ir patogus kiekvienoje kelion\u0117je automobiliu.<\/h6>\n<\/li>\n<li>\n<h6><a href=\"https:\/\/hummy.ee\/lt\/produktas\/abc-design-saugos-lopsio-adapteris\/\" target=\"_blank\" rel=\"noopener\">Saugaus lop\u0161io adapteriai -<\/a> paprasta tvirtinimo prie ve\u017eim\u0117lio r\u0117mo sistema.<\/h6>\n<\/li>\n<li>\n<h6>Naujasis &#8222;CozyCloud\u00ae\" \u010diu\u017einys - papildomas komfortas ir atrama k\u016bdikio miegui.<\/h6>\n<\/li>\n<li>\n<h6>Saugos dir\u017eai - padidina vaiko saugum\u0105 vairuojant.<\/h6>\n<\/li>\n<li>\n<h6>\u0160arvai (UPF 50+) - apsaugo nuo saul\u0117s ir v\u0117jo.<\/h6>\n<\/li>\n<\/ul>\n<h6><strong><em>Sklandus vairavimas bet kokioje vietov\u0117je<\/em><\/strong><\/h6>\n<ul>\n<li class=\"elementor-widget-container\">\n<h6>Trys dideli pneumatiniai ratai, fiksuojamas priekinis ratas ir auk\u0161tos kokyb\u0117s pakaba u\u017etikrina stabilum\u0105 net ant nelygaus pavir\u0161iaus.<\/h6>\n<\/li>\n<li class=\"elementor-widget-container\">\n<h6>Saugum\u0105 didina rankinis ir stov\u0117jimo stabd\u017eiai ant st\u016bmimo strypo, patikimi grandin\u0117s stabd\u017eiai ir rie\u0161o dir\u017eelis.<\/h6>\n<\/li>\n<li class=\"elementor-widget-container\">\n<h6>\u0160vies\u0105 atspindin\u010dios juostel\u0117s u\u017etikrina geresn\u012f matomum\u0105 esant prastam ap\u0161vietimui.<\/h6>\n<\/li>\n<li class=\"elementor-widget-container\">\n<h6>Mink\u0161t\u0105 s\u0117dyn\u0119 galima nustatyti horizontalioje pad\u0117tyje, kad vaikui b\u016bt\u0173 maksimaliai patogu.<\/h6>\n<\/li>\n<li>\n<h6><span style=\"font-size: 1.1em;\">Be galo reguliuojamas &#8222;HappyBelt\u00ae\" 5 ta\u0161k\u0173 dir\u017eas u\u017etikrina saugi\u0105 ir patikim\u0105 s\u0117d\u0117jimo pad\u0117t\u012f.<\/span><\/h6>\n<\/li>\n<\/ul>\n<h6><strong><em>Prakti\u0161kas ir ergonomi\u0161kas dizainas<\/em><\/strong><\/h6>\n<ul>\n<li>\n<h6>Reguliuojama st\u016bmimo rankena - patogu visiems t\u0117vams.<\/h6>\n<\/li>\n<li>\n<h6>Magnetin\u0117 saugos dir\u017e\u0173 sistema - greitai ir lengvai u\u017esegama.<\/h6>\n<\/li>\n<li>\n<h6>Pamink\u0161tintos petne\u0161os - kad b\u016bt\u0173 patogiau.<\/h6>\n<\/li>\n<li>\n<h6>Kompakti\u0161ka sulankstoma konstrukcija - lengva transportuoti ir laikyti.<\/h6>\n<\/li>\n<li>\n<h6>Kasdieniam naudojimui ir sportui B\u0117gimo takelis &#8222;Salsa 5 Run\" skirtas ne tik sportui - j\u012f taip pat galima naudoti kasdieniams pasivaik\u0161\u010diojimams ir i\u0161vykoms.<\/h6>\n<\/li>\n<li>\n<h6>Rinkin\u012f sudaro &#8222;ABC Design\" vaiki\u0161ko ve\u017eim\u0117lio krep\u0161ys ir lop\u0161ys su adapteriais, tod\u0117l j\u012f galima naudoti nuo pat gimimo.<\/h6>\n<\/li>\n<\/ul>\n<h6 class=\"wp-block-heading\"><em><strong>&#8222;Tulip\" - visada u\u017etikrina optimali\u0105 apsaug\u0105<\/strong><\/em><\/h6>\n<h6>\u012esi\u016bta s\u0117dyn\u0117s pagalv\u0117l\u0117 veiksmingai palaiko k\u016bdik\u012f judant, o \u0161iek tiek i\u0161lenktas dugnas leid\u017eia s\u0117dynei \u0161iek tiek svyruoti. D\u0117l paprasto tvirtinimo mechanizmo &#8222;Tulip\" galima greitai paversti kelioni\u0173 sistema - keliais rank\u0173 judesiais pritvirtinkite j\u0105 prie ve\u017eim\u0117lio &#8222;Salsa 5 Run\" arba saugiai pritvirtinkite lop\u0161\u012f automobilyje, naudodami &#8222;Isofix <a href=\"https:\/\/hummy.ee\/lt\/produktas\/abc-design-isofix-pagrindas-saknu-pagrindas\/\">Base Root\" (pasirinktinai<\/a> ). Tulip tinka 0-15 m\u0117nesi\u0173 am\u017eiaus, 45-85 cm \u016bgio arba iki 13 kg svorio vaikams. Reguliuojam\u0105 k\u0117dut\u0117s galvos atram\u0105 galima lengvai pritaikyti prie vaiko dyd\u017eio. Nuimam\u0105 u\u017evalkal\u0105 galima skalbti.<\/h6>\n<p>&nbsp;<\/p>\n<h6><strong><em>Papildomos funkcijos:<\/em><\/strong><\/h6>\n<ul>\n<li style=\"list-style-type: none;\">\n<ul data-spread=\"false\">\n<li>\n<h6>Ratai su pakaba ir guoliais<\/h6>\n<\/li>\n<li>\n<h6>Oro ratai<\/h6>\n<\/li>\n<li>\n<h6>Besisukantys ratai<\/h6>\n<\/li>\n<li>\n<h6>Galimyb\u0117 prie r\u0117mo pritvirtinti lop\u0161\u012f<\/h6>\n<\/li>\n<li>\n<h6>Reguliuojamas atlo\u0161as ir koj\u0173 atrama<\/h6>\n<\/li>\n<li>\n<h6>Vandeniui atspari med\u017eiaga<\/h6>\n<\/li>\n<li>\n<h6>Nuimami ratai ir apsauginis strypas<\/h6>\n<\/li>\n<li>\n<h6>Didelis krep\u0161ys (iki 5 kg)<\/h6>\n<\/li>\n<li>\n<h6>Apver\u010diama s\u0117dyn\u0117<\/h6>\n<\/li>\n<li>\n<h6>Transportavimo u\u017eraktas<\/h6>\n<\/li>\n<li>\n<h6>Apver\u010diama s\u0117dyn\u0117<\/h6>\n<\/li>\n<li>\n<h6>Universal\u016bs tvirtinimo ta\u0161kai<\/h6>\n<\/li>\n<li>\n<h6>Vienetinis lankstymas<\/h6>\n<\/li>\n<\/ul>\n<\/li>\n<\/ul>\n<h6><strong><em>Suderinamumas ir suderinamumas:<\/em><\/strong><\/h6>\n<ul data-spread=\"false\">\n<li>\n<h6>Am\u017eius: nuo gimimo<\/h6>\n<\/li>\n<li>\n<h6>Keliamoji galia: iki 27 kg (vaikas iki 22 kg + 5 kg papildomai krep\u0161yje).<\/h6>\n<\/li>\n<\/ul>\n<h6><\/h6>\n<h6><\/h6>\n<h6><em>Per\u017ei\u016br\u0117kite \u012fvadin\u012f <a href=\"https:\/\/www.youtube.com\/watch?v=CTDmPW1ZHTo\">vaizdo \u012fra\u0161\u0105<\/a> ir su\u017einokite daugiau.<\/em><\/h6>\n<h6><\/h6>\n<h6><em>D\u0117l tinkam\u0173 rat\u0173 ve\u017eim\u0117liu naudotis daug patogiau! Daugiau informacijos apie tai, kaip i\u0161sirinkti tinkamiausi\u0105 sprendim\u0105, rasite Hummy <a href=\"https:\/\/hummy.ee\/lt\/koki-vezimeli-su-ratukais-tureciau-pasirinkti\/\" target=\"_blank\" rel=\"nofollow noopener\">tinklara\u0161tyje<\/a>. <\/em><\/h6>\n","protected":false},"excerpt":{"rendered":"<h6>&#8222;ABC Design Salsa 5 Run\" pradinis rinkinys - sporti\u0161kas ir patogus aktyvi\u0173 \u0161eim\u0173 vaikams. Atraskite b\u0117gimo ve\u017eim\u0117l\u012f, kuris j\u016bs\u0173 vaik\u0105 pavers treniruo\u010di\u0173 palydovu. \u0160is lengvas ir patogus startinis rinkinys palaiko aktyv\u0173 gyvenimo b\u016bd\u0105 ir u\u017etikrina saug\u0173 bei stabil\u0173 j\u016bs\u0173 vaiko va\u017eiavim\u0105 - ve\u017eim\u0117lyje, automobilyje ir kaip kelioni\u0173 sistema su &#8222;Tulip\" d\u0117\u017ee.<\/h6>\n<h6><\/h6>\n<h6>J\u016bs\u0173 vaikui bus maksimaliai patogu gul\u0117ti ir miegoti tiek ve\u017eim\u0117lyje, tiek lop\u0161yje, o saugumas visada garantuotas. Tai u\u017etikrina du auk\u0161tos kokyb\u0117s ir saug\u016bs gaminiai viename: ABC Design Salsa Run ve\u017eim\u0117lio komplektas ir Tulip i-Size lop\u0161ys. ADAC ir &#8222;Stiftung Warentest\" test\u0173 metu &#8222;Tulip\" buvo \u012fvertintas &#8222;gerai\" (2,2 balo), o tai \u012frodo, kad tai vienas saugiausi\u0173 pasirinkim\u0173 j\u016bs\u0173 ma\u017eyliui.<\/h6>\n","protected":false},"featured_media":41646,"comment_status":"open","ping_status":"closed","template":"","meta":{"_acf_changed":false,"om_disable_all_campaigns":false,"_monsterinsights_skip_tracking":false,"_monsterinsights_sitenote_active":false,"_monsterinsights_sitenote_note":"","_monsterinsights_sitenote_category":0,"_uf_show_specific_survey":0,"_uf_disable_surveys":false,"site-sidebar-layout":"default","site-content-layout":"","ast-site-content-layout":"default","site-content-style":"default","site-sidebar-style":"default","ast-global-header-display":"","ast-banner-title-visibility":"","ast-main-header-display":"","ast-hfb-above-header-display":"","ast-hfb-below-header-display":"","ast-hfb-mobile-header-display":"","site-post-title":"","ast-breadcrumbs-content":"","ast-featured-img":"","footer-sml-layout":"","theme-transparent-header-meta":"default","adv-header-id-meta":"","stick-header-meta":"","header-above-stick-meta":"","header-main-stick-meta":"","header-below-stick-meta":"","astra-migrate-meta-layouts":"set","ast-page-background-enabled":"default","ast-page-background-meta":{"desktop":{"background-color":"var(--ast-global-color-4)","background-image":"","background-repeat":"repeat","background-position":"center center","background-size":"auto","background-attachment":"scroll","background-type":"","background-media":"","overlay-type":"","overlay-color":"","overlay-opacity":"","overlay-gradient":""},"tablet":{"background-color":"","background-image":"","background-repeat":"repeat","background-position":"center center","background-size":"auto","background-attachment":"scroll","background-type":"","background-media":"","overlay-type":"","overlay-color":"","overlay-opacity":"","overlay-gradient":""},"mobile":{"background-color":"","background-image":"","background-repeat":"repeat","background-position":"center center","background-size":"auto","background-attachment":"scroll","background-type":"","background-media":"","overlay-type":"","overlay-color":"","overlay-opacity":"","overlay-gradient":""}},"ast-content-background-meta":{"desktop":{"background-color":"var(--ast-global-color-5)","background-image":"","background-repeat":"repeat","background-position":"center center","background-size":"auto","background-attachment":"scroll","background-type":"","background-media":"","overlay-type":"","overlay-color":"","overlay-opacity":"","overlay-gradient":""},"tablet":{"background-color":"var(--ast-global-color-5)","background-image":"","background-repeat":"repeat","background-position":"center center","background-size":"auto","background-attachment":"scroll","background-type":"","background-media":"","overlay-type":"","overlay-color":"","overlay-opacity":"","overlay-gradient":""},"mobile":{"background-color":"var(--ast-global-color-5)","background-image":"","background-repeat":"repeat","background-position":"center center","background-size":"auto","background-attachment":"scroll","background-type":"","background-media":"","overlay-type":"","overlay-color":"","overlay-opacity":"","overlay-gradient":""}}},"product_brand":[],"product_cat":[525,506,570,321],"product_tag":[],"class_list":{"0":"post-66216","1":"product","2":"type-product","3":"status-publish","4":"has-post-thumbnail","6":"product_cat-abc-dizainas","7":"product_cat-kampanija","8":"product_cat-sporto-vezimeliai","9":"product_cat-uncategorized-lt","10":"desktop-align-left","11":"tablet-align-left","12":"mobile-align-left","14":"first","15":"instock","16":"taxable","17":"shipping-taxable","18":"purchasable","19":"product-type-variable"},"acf":[],"aioseo_notices":[],"_links":{"self":[{"href":"https:\/\/hummy.ee\/lt\/wp-json\/wp\/v2\/product\/66216","targetHints":{"allow":["GET"]}}],"collection":[{"href":"https:\/\/hummy.ee\/lt\/wp-json\/wp\/v2\/product"}],"about":[{"href":"https:\/\/hummy.ee\/lt\/wp-json\/wp\/v2\/types\/product"}],"replies":[{"embeddable":true,"href":"https:\/\/hummy.ee\/lt\/wp-json\/wp\/v2\/comments?post=66216"}],"version-history":[{"count":12,"href":"https:\/\/hummy.ee\/lt\/wp-json\/wp\/v2\/product\/66216\/revisions"}],"predecessor-version":[{"id":81593,"href":"https:\/\/hummy.ee\/lt\/wp-json\/wp\/v2\/product\/66216\/revisions\/81593"}],"wp:featuredmedia":[{"embeddable":true,"href":"https:\/\/hummy.ee\/lt\/wp-json\/wp\/v2\/media\/41646"}],"wp:attachment":[{"href":"https:\/\/hummy.ee\/lt\/wp-json\/wp\/v2\/media?parent=66216"}],"wp:term":[{"taxonomy":"product_brand","embeddable":true,"href":"https:\/\/hummy.ee\/lt\/wp-json\/wp\/v2\/product_brand?post=66216"},{"taxonomy":"product_cat","embeddable":true,"href":"https:\/\/hummy.ee\/lt\/wp-json\/wp\/v2\/product_cat?post=66216"},{"taxonomy":"product_tag","embeddable":true,"href":"https:\/\/hummy.ee\/lt\/wp-json\/wp\/v2\/product_tag?post=66216"}],"curies":[{"name":"wp","href":"https:\/\/api.w.org\/{rel}","templated":true}]}}