{"id":64667,"date":"2025-07-11T07:34:32","date_gmt":"2025-07-11T07:34:32","guid":{"rendered":"https:\/\/hummy.ee\/product\/abc-design-sports-zurich-24l-kuprine\/"},"modified":"2025-12-28T13:58:58","modified_gmt":"2025-12-28T13:58:58","slug":"abc-design-sports-zurich-24l-kuprine","status":"publish","type":"product","link":"https:\/\/hummy.ee\/lt\/produktas\/abc-design-sports-zurich-24l-kuprine\/","title":{"rendered":"ABC Design Sports Zurich 24L kuprin\u0117"},"content":{"rendered":"<h6 data-start=\"708\" data-end=\"751\"><strong><em>Strukt\u016brizuota pagal<\/em><\/strong><\/h6>\n<h6 data-start=\"753\" data-end=\"1013\">Erdvus pagrindinis skyrius pla\u010diai atsidaro vandeniui atspariu u\u017etrauktuku ir jame yra daug vietos pirkiniams, sporto \u012frangai ar b\u016btiniausiems dienos kelion\u0117s reikmenims. Integruotas apsauginis atvartas su atvartu ir fiksavimo galimybe leid\u017eia prireikus u\u017erakinti krep\u0161\u012f - idealiai tinka vie\u0161ajame transporte ar keliaujant. Dvi i\u0161orin\u0117s ki\u0161en\u0117s krep\u0161io priekyje su vandeniui atspariais u\u017etrauktukais suteikia galimyb\u0119 greitai pasiekti telefon\u0105, pinigin\u0119 ar raktus. Didel\u0119 atvir\u0105 i\u0161orin\u0119 ki\u0161en\u0119 galima reguliuoti dviem dir\u017eeli\u0173 sistemomis - grie\u017e\u010diau arba laisviau. Lyjant lietui dvi dugne esan\u010dios drena\u017eo angos lengvai nukreipia vanden\u012f.<\/h6>\n<p>&nbsp;<\/p>\n<h6 data-start=\"1319\" data-end=\"1375\"><strong><em>Ne\u0161iojamojo kompiuterio ki\u0161en\u0117 ir buteli\u0173 laikiklis <\/em><\/strong><\/h6>\n<h6 data-start=\"1377\" data-end=\"1577\">Ne\u0161iojamasis kompiuteris gerai apsaugotas pasl\u0117ptoje galin\u0117je ki\u0161en\u0117je. Joje telpa iki 16 coli\u0173 \u012frenginiai, ji yra pamink\u0161tinta ir u\u017esidaro vandeniui atspariu u\u017eraktu - puikiai tinka biurui, universitetui ar kasdieniam naudojimui.<\/h6>\n<h6 data-start=\"1579\" data-end=\"1733\">Kair\u0117je pus\u0117je yra reguliuojama butelio ki\u0161en\u0117, kuri kabliuku ir kilpele prisitvirtina prie butelio dyd\u017eio - puikiai tinka g\u0117rim\u0173 buteliui ar termosui.<\/h6>\n<p>&nbsp;<\/p>\n<h6 data-start=\"1740\" data-end=\"1799\"><strong><em>Atsparus oro s\u0105lygoms, lengvai pri\u017ei\u016brimas ir ekologi\u0161kas<\/em><\/strong><\/h6>\n<h6 data-start=\"1801\" data-end=\"2101\">Pagaminta i\u0161 auk\u0161tos kokyb\u0117s nailono su vandeniui atsparia TPU danga, &#8222;Zurich\" kuprin\u0117 i\u0161laiko j\u016bs\u0173 daiktus sausus net per liet\u0173. Med\u017eiaga atspari ply\u0161imui ir trin\u010diai, j\u0105 lengva valyti - tereikia dr\u0117gnos \u0161luost\u0117s. Be to, joje n\u0117ra PFC, tod\u0117l ji yra geresnis pasirinkimas jums ir aplinkai.<\/h6>\n<p>&nbsp;<\/p>\n<h6 data-start=\"2108\" data-end=\"2151\"><strong><em>Ergonomi\u0161kas ir saugus keliaujant<\/em><\/strong><\/h6>\n<h6 data-start=\"2153\" data-end=\"2349\">&#8222;Zurich\" skirtas aktyviam naudojimui - darbui, mokyklai ar \u017eygiams. Pamink\u0161tintos petne\u0161os su kv\u0117puojan\u010diais v\u0117dinimo kanalais u\u017etikrina komfort\u0105 net ilgose kelion\u0117se ar esant \u0161iltam orui.<\/h6>\n<h6 data-start=\"2351\" data-end=\"2521\">Reguliuojamas kr\u016btin\u0117s dir\u017eas suteikia papildom\u0105 atram\u0105, o sustiprinta rankena saugiai laikosi rankoje. Dir\u017e\u0173 tvirtinimo sistema &#8222;StrapFix\" leid\u017eia sutvarkyti dir\u017e\u0173 galus, kad jie atrodyt\u0173 \u0161variai ir b\u016bt\u0173 patogiau d\u0117v\u0117ti. \u0160vies\u0105 atspindin\u010dios detal\u0117s ant petne\u0161\u0173 ir didelis priekinis at\u0161vaitas padidina matomum\u0105 tamsoje - puikiai tinka va\u017eiuojantiems dvira\u010diu, einantiems p\u0117s\u010diomis ar stumiantiems vaiki\u0161k\u0105 ve\u017eim\u0117l\u012f.<\/h6>\n<p>&nbsp;<\/p>\n<h6 data-start=\"2687\" data-end=\"2728\"><strong><em>Oro vo\u017etuvas - apsaugai ir kompakti\u0161kumui<\/em><\/strong><\/h6>\n<h6 data-start=\"2730\" data-end=\"3172\">Kuprin\u0117je integruotas oro vo\u017etuvas turi kelet\u0105 privalum\u0173:<br data-start=\"2793\" data-end=\"2796\" \/>- D\u0117l oro i\u0161leidimo krep\u0161ys tampa plonesnis ir kompakti\u0161kesnis - idealiai tinka laikyti lagamine, automobilyje ar spintel\u0117je.<br data-start=\"2912\" data-end=\"2915\" \/>- Pumpuojant or\u0105 sukuriama apsaugin\u0117 oro pagalv\u0117, kuri amortizuoja sm\u016bgius - idealiai tinka jautriai \u012frangai ar fotoaparatams.<br data-start=\"3034\" data-end=\"3037\" \/>- Jei krep\u0161ys \u012fkrenta \u012f vanden\u012f, oro pagalv\u0117 padeda j\u012f trumpam i\u0161laikyti ant vandens - puikus pasirinkimas prie vandens, \u017eygiuose p\u0117s\u010diomis ar plaukiojant baidar\u0117mis.<\/h6>\n<p>&nbsp;<\/p>\n<h6 data-start=\"3179\" data-end=\"3224\"><strong><em>Tvirtinimo galimyb\u0117s ir daugiafunkci\u0161kumas<\/em><\/strong><\/h6>\n<h6 data-start=\"3226\" data-end=\"3420\">Kuprin\u0117s apa\u010dioje yra dvi tvirtos dygsni\u0173 detal\u0117s su ply\u0161iais, prie kuri\u0173 galima pritvirtinti gumytes, karabinus ar tvirtinimo dir\u017eelius. Puikiai tinka \u010diu\u017einiui, striukei ar papildomai striukei pritvirtinti i\u0161or\u0117je.<\/h6>\n<h6 data-start=\"3422\" data-end=\"3652\">Be to, nugar\u0117l\u0117je yra specialios \u012fdubos, kuriomis krep\u0161\u012f galima pritvirtinti prie vaiki\u0161ko ve\u017eim\u0117lio, dvira\u010dio priekabos ar kitos \u012frangos su ABC Design Sports universaliu laikikliu - taigi rankos laisvos, o b\u016btiniausi daiktai - po ranka.<\/h6>\n<p>&nbsp;<\/p>\n<h6 data-start=\"3659\" data-end=\"3696\"><strong><em>Kuprin\u0117, kuri gali b\u016bti tinkama viskam<\/em><\/strong><\/h6>\n<h6 data-start=\"3698\" data-end=\"3892\">Darbui, treniruot\u0117ms ar kasdieniams nuotykiams skirtame &#8222;Zurich\" suderinta prakti\u0161ka organizacija, i\u0161maniosios funkcijos ir patvarus, stilingas dizainas. Tikra universali rankin\u0117 tiems, kurie gyvena aktyv\u0173 gyvenimo b\u016bd\u0105.<\/h6>\n<p>&nbsp;<\/p>\n<h6 data-start=\"3899\" data-end=\"3923\"><strong><em>Papildomos funkcijos:<\/em><\/strong><\/h6>\n<ul data-start=\"3925\" data-end=\"4880\">\n<li data-start=\"3925\" data-end=\"4078\">\n<h6 data-start=\"3927\" data-end=\"4078\">Suderinamumas su t\u0117vais: d\u0117l nugaros atlo\u0161e esan\u010di\u0173 \u012fdub\u0173 <a href=\"https:\/\/hummy.ee\/lt\/?post_type=product&amp;p=62495\" target=\"_blank\" rel=\"noopener\">ABC Design Sports yra suderinamas su universaliais saugos dir\u017eais<\/a>.<\/h6>\n<\/li>\n<li data-start=\"4079\" data-end=\"4190\">\n<h6 data-start=\"4081\" data-end=\"4190\">Atsparus vandeniui ir lengvai pri\u017ei\u016brimas: ply\u0161imams ir trin\u010diai atsparus TPU dengtas nailonas - valomas dr\u0117gnu skudur\u0117liu.<\/h6>\n<\/li>\n<li data-start=\"4191\" data-end=\"4304\">\n<h6 data-start=\"4193\" data-end=\"4304\">Saugi ne\u0161iojamojo kompiuterio ki\u0161en\u0117 (iki 16 coli\u0173): \u012erengta su pamink\u0161tinimu, pasl\u0117pta ir su vandeniui atspariu u\u017eraktu.<\/h6>\n<\/li>\n<li data-start=\"4305\" data-end=\"4412\">\n<h6 data-start=\"4307\" data-end=\"4412\">Lanksti i\u0161orin\u0117 ki\u0161en\u0117 su nutek\u0117jimo angomis: Taip pat tinka dr\u0117gniems daiktams - lietaus vanduo tiesiog i\u0161teka.<\/h6>\n<\/li>\n<li data-start=\"4413\" data-end=\"4519\">\n<h6 data-start=\"4415\" data-end=\"4519\">Ergonomi\u0161kas ir saugus: Kv\u0117puojantys dir\u017eeliai, kr\u016btin\u0117s dir\u017eas ir \u0161vies\u0105 atspindin\u010dios detal\u0117s. D\u0117l StrapFix dir\u017eeliai i\u0161lieka tvarkingi ir \u0161var\u016bs.<\/h6>\n<\/li>\n<li data-start=\"4520\" data-end=\"4593\">\n<h6 data-start=\"4522\" data-end=\"4593\">Oro vo\u017etuvas papildomai apsaugai<\/h6>\n<\/li>\n<li data-start=\"4594\" data-end=\"4680\">\n<h6 data-start=\"4596\" data-end=\"4680\">Pritaikoma buteli\u0173 ki\u0161en\u0117: Taip pat telpa termostopas arba nedidelis trikojo laikiklis.<\/h6>\n<\/li>\n<li data-start=\"4681\" data-end=\"4760\">\n<h6 data-start=\"4683\" data-end=\"4760\">Pried\u0173 tvirtinimo angos: miegmai\u0161is, striuk\u0117 arba krep\u0161ys, kuriuos galima pritvirtinti prie krep\u0161io.<\/h6>\n<\/li>\n<li data-start=\"4761\" data-end=\"4880\">\n<h6 data-start=\"4763\" data-end=\"4880\">24 litr\u0173 talpa ir i\u0161manus organizavimas: u\u017erakinamas pagrindinis skyrius ir vandeniui atsparios priekin\u0117s ki\u0161en\u0117s<\/h6>\n<\/li>\n<\/ul>\n<h6><em>Per\u017ei\u016br\u0117kite \u012fvadin\u012f <a href=\"https:\/\/www.youtube.com\/watch?v=TA6DJGoII64\" target=\"_blank\" rel=\"noopener\">vaizdo \u012fra\u0161\u0105<\/a> ir su\u017einokite daugiau.<\/em><\/h6>\n","protected":false},"excerpt":{"rendered":"<h6 data-start=\"308\" data-end=\"353\">Tai universali kuprin\u0117, tinkanti ir mieste, ir gamtoje. &#8222;Zurich\" kuprin\u0117 yra idealus kasdienio gyvenimo, laisvalaikio ir spontani\u0161k\u0173 nuotyki\u0173 palydovas. Modernaus dizaino, 24 l talpos ir i\u0161mani\u0173j\u0173 funkcij\u0173 kuprin\u0117 suderina funkcionalum\u0105, patogum\u0105 ir saugum\u0105. Puikiai tinka darbui, kelion\u0117ms \u012f darb\u0105 ar trumpoms i\u0161vykoms.<\/h6>\n","protected":false},"featured_media":64293,"comment_status":"open","ping_status":"closed","template":"","meta":{"_acf_changed":false,"om_disable_all_campaigns":false,"_monsterinsights_skip_tracking":false,"_monsterinsights_sitenote_active":false,"_monsterinsights_sitenote_note":"","_monsterinsights_sitenote_category":0,"_uf_show_specific_survey":0,"_uf_disable_surveys":false,"site-sidebar-layout":"default","site-content-layout":"","ast-site-content-layout":"default","site-content-style":"default","site-sidebar-style":"default","ast-global-header-display":"","ast-banner-title-visibility":"","ast-main-header-display":"","ast-hfb-above-header-display":"","ast-hfb-below-header-display":"","ast-hfb-mobile-header-display":"","site-post-title":"","ast-breadcrumbs-content":"","ast-featured-img":"","footer-sml-layout":"","theme-transparent-header-meta":"default","adv-header-id-meta":"","stick-header-meta":"","header-above-stick-meta":"","header-main-stick-meta":"","header-below-stick-meta":"","astra-migrate-meta-layouts":"set","ast-page-background-enabled":"default","ast-page-background-meta":{"desktop":{"background-color":"var(--ast-global-color-4)","background-image":"","background-repeat":"repeat","background-position":"center center","background-size":"auto","background-attachment":"scroll","background-type":"","background-media":"","overlay-type":"","overlay-color":"","overlay-opacity":"","overlay-gradient":""},"tablet":{"background-color":"","background-image":"","background-repeat":"repeat","background-position":"center center","background-size":"auto","background-attachment":"scroll","background-type":"","background-media":"","overlay-type":"","overlay-color":"","overlay-opacity":"","overlay-gradient":""},"mobile":{"background-color":"","background-image":"","background-repeat":"repeat","background-position":"center center","background-size":"auto","background-attachment":"scroll","background-type":"","background-media":"","overlay-type":"","overlay-color":"","overlay-opacity":"","overlay-gradient":""}},"ast-content-background-meta":{"desktop":{"background-color":"var(--ast-global-color-5)","background-image":"","background-repeat":"repeat","background-position":"center center","background-size":"auto","background-attachment":"scroll","background-type":"","background-media":"","overlay-type":"","overlay-color":"","overlay-opacity":"","overlay-gradient":""},"tablet":{"background-color":"var(--ast-global-color-5)","background-image":"","background-repeat":"repeat","background-position":"center center","background-size":"auto","background-attachment":"scroll","background-type":"","background-media":"","overlay-type":"","overlay-color":"","overlay-opacity":"","overlay-gradient":""},"mobile":{"background-color":"var(--ast-global-color-5)","background-image":"","background-repeat":"repeat","background-position":"center center","background-size":"auto","background-attachment":"scroll","background-type":"","background-media":"","overlay-type":"","overlay-color":"","overlay-opacity":"","overlay-gradient":""}}},"product_brand":[],"product_cat":[361,1149,1150,1153],"product_tag":[],"class_list":{"0":"post-64667","1":"product","2":"type-product","3":"status-publish","4":"has-post-thumbnail","6":"product_cat-krepsiai-ir-kuprines","7":"product_cat-lauko-krepsiai","8":"product_cat-sportas","9":"product_cat-sportas-lt","10":"desktop-align-left","11":"tablet-align-left","12":"mobile-align-left","14":"first","15":"onbackorder","16":"taxable","17":"shipping-taxable","18":"purchasable","19":"product-type-variable"},"acf":[],"aioseo_notices":[],"_links":{"self":[{"href":"https:\/\/hummy.ee\/lt\/wp-json\/wp\/v2\/product\/64667","targetHints":{"allow":["GET"]}}],"collection":[{"href":"https:\/\/hummy.ee\/lt\/wp-json\/wp\/v2\/product"}],"about":[{"href":"https:\/\/hummy.ee\/lt\/wp-json\/wp\/v2\/types\/product"}],"replies":[{"embeddable":true,"href":"https:\/\/hummy.ee\/lt\/wp-json\/wp\/v2\/comments?post=64667"}],"version-history":[{"count":4,"href":"https:\/\/hummy.ee\/lt\/wp-json\/wp\/v2\/product\/64667\/revisions"}],"predecessor-version":[{"id":77493,"href":"https:\/\/hummy.ee\/lt\/wp-json\/wp\/v2\/product\/64667\/revisions\/77493"}],"wp:featuredmedia":[{"embeddable":true,"href":"https:\/\/hummy.ee\/lt\/wp-json\/wp\/v2\/media\/64293"}],"wp:attachment":[{"href":"https:\/\/hummy.ee\/lt\/wp-json\/wp\/v2\/media?parent=64667"}],"wp:term":[{"taxonomy":"product_brand","embeddable":true,"href":"https:\/\/hummy.ee\/lt\/wp-json\/wp\/v2\/product_brand?post=64667"},{"taxonomy":"product_cat","embeddable":true,"href":"https:\/\/hummy.ee\/lt\/wp-json\/wp\/v2\/product_cat?post=64667"},{"taxonomy":"product_tag","embeddable":true,"href":"https:\/\/hummy.ee\/lt\/wp-json\/wp\/v2\/product_tag?post=64667"}],"curies":[{"name":"wp","href":"https:\/\/api.w.org\/{rel}","templated":true}]}}