{"id":63067,"date":"2025-06-16T10:14:32","date_gmt":"2025-06-16T10:14:32","guid":{"rendered":"https:\/\/hummy.ee\/?post_type=product&#038;p=63067"},"modified":"2025-12-28T13:53:52","modified_gmt":"2025-12-28T13:53:52","slug":"abc-design-sportinis-locarno-45l-kelioninis-krepsys-kopeeri","status":"publish","type":"product","link":"https:\/\/hummy.ee\/lt\/produktas\/abc-design-sportinis-locarno-45l-kelioninis-krepsys-kopeeri\/","title":{"rendered":"ABC Design Sports Locarno 60L kelioninis krep\u0161ys"},"content":{"rendered":"<h6 data-start=\"659\" data-end=\"701\"><em><strong data-start=\"663\" data-end=\"701\">Platus atvirumas ir i\u0161manus turinio platinimas<\/strong><\/em><\/h6>\n<h6 data-start=\"702\" data-end=\"1135\">Didelis pagrindinis skyrius, kuris atsidaro kaip kavos puodelis, lieka atviras, kad b\u016bt\u0173 galima kuo grei\u010diau ir patogiau susikrauti daiktus. Jame yra pakankamai vietos drabu\u017eiams, avalynei ar \u012frangai. Dviejose vidin\u0117se \u0161onin\u0117se ki\u0161en\u0117se - u\u017etrauktuku u\u017esegamoje tinklin\u0117je ki\u0161en\u0117je ir nuimamame, rai\u0161teliu susegamame mai\u0161elyje - ma\u017eesni daiktai bus tvarkingi ir lengvai randami. Pagrindinis skyrius u\u017esidaro vandeniui atspariu u\u017etrauktuku, kur\u012f galima papildomai pritvirtinti lagamino u\u017esegimu. Idealiai tinka kelion\u0117ms l\u0117ktuvu.<\/h6>\n<p>&nbsp;<\/p>\n<h6 data-start=\"1142\" data-end=\"1190\"><em><strong data-start=\"1146\" data-end=\"1190\">I\u0161orin\u0117 ki\u0161en\u0117 ir \u017eem\u0117lapio ki\u0161en\u0117 su adreso langeliu<\/strong><\/em><\/h6>\n<h6 data-start=\"1191\" data-end=\"1462\">Krep\u0161io i\u0161or\u0117je esanti vandeniui atspari u\u017etrauktuku u\u017esegama ki\u0161en\u0117 apsaugo svarbius daiktus, pvz., pinigin\u0119 ar kelion\u0117s dokumentus, ir leid\u017eia greitai juos pasiekti. Adreso ki\u0161en\u0117 su permatomu langeliu padeda grei\u010diau gr\u0105\u017einti krep\u0161\u012f jo savininkui, jei j\u012f pamet\u0117te. Ypa\u010d patogu keliaujant l\u0117ktuvu ar traukiniu.<\/h6>\n<p>&nbsp;<\/p>\n<h6 data-start=\"1469\" data-end=\"1523\"><em><strong data-start=\"1473\" data-end=\"1523\">D\u0117v\u0117kite taip, kaip jums patinka <\/strong><\/em><\/h6>\n<h6 data-start=\"1524\" data-end=\"1963\">\u201eLocarno\u201c galima ne\u0161ioti kaip kuprin\u0119, per pet\u012f arba tradici\u0161kai u\u017e rankenos. Pamink\u0161tinti kuprin\u0117s dir\u017eeliai u\u017etikrina komfort\u0105 net ilgose kelion\u0117se. Reguliuojamas kr\u016btin\u0117s dir\u017eas tiksliai prisitaiko prie ne\u0161iotojo. Greito nu\u0117mimo spaustukas leid\u017eia prireikus greitai nuimti dir\u017eus ir visi\u0161kai atsegti nuo krep\u0161io. Tai suma\u017eina nusid\u0117v\u0117jim\u0105 ir palengvina krep\u0161io laikym\u0105 baga\u017ein\u0117je, automobilyje ar oro uosto patikroje.<\/h6>\n<h6 data-start=\"1965\" data-end=\"2105\"><\/h6>\n<h6 data-start=\"1965\" data-end=\"2105\">Dvi sustiprintos \u0161onin\u0117s rankenos leid\u017eia lengvai pakelti ir tvarkyti baga\u017ein\u0119 bet kokioje situacijoje, pavyzd\u017eiui, vie\u0161ajame transporte arba naudojantis baga\u017eo laikikliu.<\/h6>\n<p>&nbsp;<\/p>\n<h6 data-start=\"2112\" data-end=\"2163\"><em><strong data-start=\"2116\" data-end=\"2163\">I\u0161oriniai tvirtinimo elementai ir geresnio matomumo savyb\u0117s<\/strong><\/em><\/h6>\n<h6 data-start=\"2164\" data-end=\"2460\">Keturi D formos \u017eiedai kiekvienoje pus\u0117je leid\u017eia pritvirtinti karabinus, dir\u017eelius ar priedus. Krep\u0161io dugne yra du skydai su sustiprintomis angomis, prie kuri\u0173 galima pritvirtinti, pavyzd\u017eiui, miegmai\u0161\u012f, striuk\u0119 ar kit\u0105 \u012frang\u0105. Keturiose pus\u0117se esantys at\u0161vaitai u\u017etikrina geresn\u012f matomum\u0105 tamsoje.<\/h6>\n<p>&nbsp;<\/p>\n<h6 data-start=\"2467\" data-end=\"2516\"><em><strong data-start=\"2471\" data-end=\"2516\">Oro vo\u017etuvas t\u016briui reguliuoti ir apsaugai<\/strong><\/em><\/h6>\n<h6 data-start=\"2517\" data-end=\"2917\">Integruota oro sklend\u0117 leid\u017eia reguliuoti krep\u0161io t\u016br\u012f ir apsaugoti jo turin\u012f. \u012eleidus oro, susidaro apsaugin\u0117 oro pagalv\u0117l\u0117, kuri sugeria sm\u016bgius ir saugo jautrius daiktus, pavyzd\u017eiui, fotoaparato \u012frang\u0105 ar suvenyrus. Kai oras i\u0161leid\u017eiamas, krep\u0161ys tampa \u017eemesnis ir kompakti\u0161kesnis. Puikiai tinka laikyti baga\u017eo lentynose arba automobilyje.<\/h6>\n<p>&nbsp;<\/p>\n<h6 data-start=\"2924\" data-end=\"2988\"><em><strong data-start=\"2928\" data-end=\"2988\">Atsparus atmosferos poveikiui, lengvai pri\u017ei\u016brimas ir nekenksmingas aplinkai<\/strong><\/em><\/h6>\n<h6 data-start=\"2989\" data-end=\"3382\">\u201eLocarno\u201c pagamintas i\u0161 patvaraus nailono su TPU danga - atsparus vandeniui, tvirtas ir ilgaam\u017eis. Net esant at\u0161iaurioms oro s\u0105lygoms turinys i\u0161lieka apsaugotas, o valyti lengva - tereikia dr\u0117gnos \u0161luost\u0117s. Krep\u0161ys yra visi\u0161kai be PFC, o tai rei\u0161kia, kad j\u012f gaminant nenaudotos jokios kenksmingos chemin\u0117s med\u017eiagos.<\/h6>\n<h6 data-start=\"3389\" data-end=\"3426\"><\/h6>\n<p>&nbsp;<\/p>\n<p>&nbsp;<\/p>\n<h6><em>Per\u017ei\u016br\u0117kite \u012fvadin\u012f <a href=\"https:\/\/www.youtube.com\/watch?v=ewkq8wb6JDg\" target=\"_blank\" rel=\"noopener\">vaizdo \u012fra\u0161\u0105<\/a> ir su\u017einokite daugiau.<\/em><\/h6>\n","protected":false},"excerpt":{"rendered":"<h6>\u201eLocarno\u201c kelioninis krep\u0161ys yra patikimas kompanionas tiems, kurie nenori kelyje daryti kompromis\u0173. D\u0117l 60 litr\u0173 talpos, tvirtos konstrukcijos ir universali\u0173 ne\u0161iojimo galimybi\u0173 jis puikiai tinka savaitgalio kelion\u0117ms, \u017eygiams, sporto renginiams ar kelion\u0117ms l\u0117ktuvu. Minimalistinis dizainas ir i\u0161maniosios funkcijos - tiems, kuriems reikia ne tik krep\u0161io.<\/h6>\n","protected":false},"featured_media":63212,"comment_status":"open","ping_status":"closed","template":"","meta":{"_acf_changed":false,"om_disable_all_campaigns":false,"_monsterinsights_skip_tracking":false,"_monsterinsights_sitenote_active":false,"_monsterinsights_sitenote_note":"","_monsterinsights_sitenote_category":0,"_uf_show_specific_survey":0,"_uf_disable_surveys":false,"site-sidebar-layout":"default","site-content-layout":"","ast-site-content-layout":"default","site-content-style":"default","site-sidebar-style":"default","ast-global-header-display":"","ast-banner-title-visibility":"","ast-main-header-display":"","ast-hfb-above-header-display":"","ast-hfb-below-header-display":"","ast-hfb-mobile-header-display":"","site-post-title":"","ast-breadcrumbs-content":"","ast-featured-img":"","footer-sml-layout":"","theme-transparent-header-meta":"default","adv-header-id-meta":"","stick-header-meta":"","header-above-stick-meta":"","header-main-stick-meta":"","header-below-stick-meta":"","astra-migrate-meta-layouts":"set","ast-page-background-enabled":"default","ast-page-background-meta":{"desktop":{"background-color":"var(--ast-global-color-4)","background-image":"","background-repeat":"repeat","background-position":"center center","background-size":"auto","background-attachment":"scroll","background-type":"","background-media":"","overlay-type":"","overlay-color":"","overlay-opacity":"","overlay-gradient":""},"tablet":{"background-color":"","background-image":"","background-repeat":"repeat","background-position":"center center","background-size":"auto","background-attachment":"scroll","background-type":"","background-media":"","overlay-type":"","overlay-color":"","overlay-opacity":"","overlay-gradient":""},"mobile":{"background-color":"","background-image":"","background-repeat":"repeat","background-position":"center center","background-size":"auto","background-attachment":"scroll","background-type":"","background-media":"","overlay-type":"","overlay-color":"","overlay-opacity":"","overlay-gradient":""}},"ast-content-background-meta":{"desktop":{"background-color":"var(--ast-global-color-5)","background-image":"","background-repeat":"repeat","background-position":"center center","background-size":"auto","background-attachment":"scroll","background-type":"","background-media":"","overlay-type":"","overlay-color":"","overlay-opacity":"","overlay-gradient":""},"tablet":{"background-color":"var(--ast-global-color-5)","background-image":"","background-repeat":"repeat","background-position":"center center","background-size":"auto","background-attachment":"scroll","background-type":"","background-media":"","overlay-type":"","overlay-color":"","overlay-opacity":"","overlay-gradient":""},"mobile":{"background-color":"var(--ast-global-color-5)","background-image":"","background-repeat":"repeat","background-position":"center center","background-size":"auto","background-attachment":"scroll","background-type":"","background-media":"","overlay-type":"","overlay-color":"","overlay-opacity":"","overlay-gradient":""}}},"product_brand":[],"product_cat":[525,361,1149,514,1150,1153],"product_tag":[],"class_list":{"0":"post-63067","1":"product","2":"type-product","3":"status-publish","4":"has-post-thumbnail","6":"product_cat-abc-dizainas","7":"product_cat-krepsiai-ir-kuprines","8":"product_cat-lauko-krepsiai","9":"product_cat-nauji-produktai","10":"product_cat-sportas","11":"product_cat-sportas-lt","12":"desktop-align-left","13":"tablet-align-left","14":"mobile-align-left","16":"first","17":"onbackorder","18":"taxable","19":"shipping-taxable","20":"purchasable","21":"product-type-variable"},"acf":[],"aioseo_notices":[],"_links":{"self":[{"href":"https:\/\/hummy.ee\/lt\/wp-json\/wp\/v2\/product\/63067","targetHints":{"allow":["GET"]}}],"collection":[{"href":"https:\/\/hummy.ee\/lt\/wp-json\/wp\/v2\/product"}],"about":[{"href":"https:\/\/hummy.ee\/lt\/wp-json\/wp\/v2\/types\/product"}],"replies":[{"embeddable":true,"href":"https:\/\/hummy.ee\/lt\/wp-json\/wp\/v2\/comments?post=63067"}],"version-history":[{"count":6,"href":"https:\/\/hummy.ee\/lt\/wp-json\/wp\/v2\/product\/63067\/revisions"}],"predecessor-version":[{"id":77488,"href":"https:\/\/hummy.ee\/lt\/wp-json\/wp\/v2\/product\/63067\/revisions\/77488"}],"wp:featuredmedia":[{"embeddable":true,"href":"https:\/\/hummy.ee\/lt\/wp-json\/wp\/v2\/media\/63212"}],"wp:attachment":[{"href":"https:\/\/hummy.ee\/lt\/wp-json\/wp\/v2\/media?parent=63067"}],"wp:term":[{"taxonomy":"product_brand","embeddable":true,"href":"https:\/\/hummy.ee\/lt\/wp-json\/wp\/v2\/product_brand?post=63067"},{"taxonomy":"product_cat","embeddable":true,"href":"https:\/\/hummy.ee\/lt\/wp-json\/wp\/v2\/product_cat?post=63067"},{"taxonomy":"product_tag","embeddable":true,"href":"https:\/\/hummy.ee\/lt\/wp-json\/wp\/v2\/product_tag?post=63067"}],"curies":[{"name":"wp","href":"https:\/\/api.w.org\/{rel}","templated":true}]}}