{"id":62495,"date":"2025-06-15T17:38:49","date_gmt":"2025-06-15T17:38:49","guid":{"rendered":"https:\/\/hummy.ee\/product\/abc-design-sportas-universalus-tvirtinimas\/"},"modified":"2025-12-28T13:53:16","modified_gmt":"2025-12-28T13:53:16","slug":"abc-design-sportas-universalus-tvirtinimas","status":"publish","type":"product","link":"https:\/\/hummy.ee\/lt\/produktas\/abc-design-sportas-universalus-tvirtinimas\/","title":{"rendered":"ABC Design Sportas universalus tvirtinimas"},"content":{"rendered":"<h6 data-start=\"718\" data-end=\"760\"><em><strong>Tvirtas sukibimas - be svyravim\u0173<\/strong><\/em><\/h6>\n<h6 data-start=\"762\" data-end=\"965\">Du sustiprinti tvirtinimo ta\u0161kai u\u017etikrina stabil\u0173 tvirtinim\u0105. Krep\u0161ys tvirtai laikosi savo vietoje, nesvarbu, ar jis pritvirtintas prie ve\u017eim\u0117lio, priekabos su ratais, ar bet kokio kito vamzdinio r\u0117mo. Jokio klib\u0117jimo ar slydimo.<\/h6>\n<p>&nbsp;<\/p>\n<h6 data-start=\"972\" data-end=\"1022\"><strong><em>Individualiai reguliuojamas ir u\u017erakinamas<\/em><\/strong><\/h6>\n<h6 data-start=\"1024\" data-end=\"1205\">Laikikl\u012f galima lengvai pasukti ir u\u017efiksuoti norimoje pad\u0117tyje. Tod\u0117l krep\u0161\u012f visada gal\u0117site pastatyti tiksliai taip, kaip jums reikia, kad bet kokioje situacijoje gal\u0117tum\u0117te greitai pasiekti krep\u0161\u012f ir optimaliai j\u012f i\u0161d\u0117styti.<\/h6>\n<p>&nbsp;<\/p>\n<h6 data-start=\"1212\" data-end=\"1246\"><em><strong>Platus montavimo galimybi\u0173 pasirinkimas<\/strong><\/em><\/h6>\n<h6 data-start=\"1248\" data-end=\"1497\">D\u0117l prakti\u0161ko reguliavimo var\u017eto j\u012f galima lengvai ir patikimai pritvirtinti prie vis\u0173 2,7-3,5 cm skersmens vamzd\u017ei\u0173. Idealiai tinka ve\u017eim\u0117liams, ratin\u0117ms priekaboms, palapini\u0173 vamzd\u017eiams ir daugeliui kit\u0173 - paprastas montavimas, patikimas rezultatas.<\/h6>\n<p>&nbsp;<\/p>\n<h6 data-start=\"1504\" data-end=\"1556\"><em><strong>Puikus suderinamumas su ABC Design sportiniais krep\u0161iais<\/strong><\/em><\/h6>\n<h6 data-start=\"1558\" data-end=\"1807\">Universalus tvirtinimo \u012ftaisas puikiai tinka &#8222;ABC Design Sports\" krep\u0161i\u0173 asortimentui, \u012fskaitant kuprines &#8222;Lausanne\", &#8222;Solothurn\" ir &#8222;Zurich\", taip pat &#8222;Geneva\" ir &#8222;Sion\" balnelius. Pritvirtinkite, sureguliuokite ir keliaukite - puikiai tinka lanks\u010diam kasdieniam naudojimui ir aktyviems nuotykiams.<\/h6>\n<p>&nbsp;<\/p>\n<h6><em>Per\u017ei\u016br\u0117kite \u012fvadin\u012f <a href=\"https:\/\/www.youtube.com\/watch?time_continue=2&amp;v=CR01u7-HiYI&amp;embeds_referring_euri=https%3A%2F%2Fwww.abc-design.de%2F&amp;embeds_referring_origin=https%3A%2F%2Fwww.abc-design.de\">vaizdo \u012fra\u0161\u0105<\/a> ir su\u017einokite daugiau.<\/em><\/h6>\n","protected":false},"excerpt":{"rendered":"<h6 data-start=\"367\" data-end=\"411\">Vienas patvirtinimas, daugyb\u0117 galimybi\u0173. &#8222;ABC Design Sports\" universalus u\u017esegimas u\u017etikrina maksimal\u0173 lankstum\u0105 ir saug\u0173 u\u017esegim\u0105, kad ir kur jus nuvest\u0173 diena. Nesvarbu, ar tai b\u016bt\u0173 ve\u017eim\u0117lis, ar dvira\u010di\u0173 priekaba, ar bet koks kitas r\u0117mas (2,7-3,5 cm skersmens), \u0161is tvirtinimas u\u017etikrins, kad krep\u0161ys tvirtai laikyt\u0173si, net kai keliaujate ar va\u017eiuojate nelygiu pavir\u0161iumi.<\/h6>\n","protected":false},"featured_media":62482,"comment_status":"open","ping_status":"closed","template":"","meta":{"_acf_changed":false,"om_disable_all_campaigns":false,"_monsterinsights_skip_tracking":false,"_monsterinsights_sitenote_active":false,"_monsterinsights_sitenote_note":"","_monsterinsights_sitenote_category":0,"_uf_show_specific_survey":0,"_uf_disable_surveys":false,"site-sidebar-layout":"default","site-content-layout":"","ast-site-content-layout":"default","site-content-style":"default","site-sidebar-style":"default","ast-global-header-display":"","ast-banner-title-visibility":"","ast-main-header-display":"","ast-hfb-above-header-display":"","ast-hfb-below-header-display":"","ast-hfb-mobile-header-display":"","site-post-title":"","ast-breadcrumbs-content":"","ast-featured-img":"","footer-sml-layout":"","theme-transparent-header-meta":"default","adv-header-id-meta":"","stick-header-meta":"","header-above-stick-meta":"","header-main-stick-meta":"","header-below-stick-meta":"","astra-migrate-meta-layouts":"set","ast-page-background-enabled":"default","ast-page-background-meta":{"desktop":{"background-color":"var(--ast-global-color-4)","background-image":"","background-repeat":"repeat","background-position":"center center","background-size":"auto","background-attachment":"scroll","background-type":"","background-media":"","overlay-type":"","overlay-color":"","overlay-opacity":"","overlay-gradient":""},"tablet":{"background-color":"","background-image":"","background-repeat":"repeat","background-position":"center center","background-size":"auto","background-attachment":"scroll","background-type":"","background-media":"","overlay-type":"","overlay-color":"","overlay-opacity":"","overlay-gradient":""},"mobile":{"background-color":"","background-image":"","background-repeat":"repeat","background-position":"center center","background-size":"auto","background-attachment":"scroll","background-type":"","background-media":"","overlay-type":"","overlay-color":"","overlay-opacity":"","overlay-gradient":""}},"ast-content-background-meta":{"desktop":{"background-color":"var(--ast-global-color-5)","background-image":"","background-repeat":"repeat","background-position":"center center","background-size":"auto","background-attachment":"scroll","background-type":"","background-media":"","overlay-type":"","overlay-color":"","overlay-opacity":"","overlay-gradient":""},"tablet":{"background-color":"var(--ast-global-color-5)","background-image":"","background-repeat":"repeat","background-position":"center center","background-size":"auto","background-attachment":"scroll","background-type":"","background-media":"","overlay-type":"","overlay-color":"","overlay-opacity":"","overlay-gradient":""},"mobile":{"background-color":"var(--ast-global-color-5)","background-image":"","background-repeat":"repeat","background-position":"center center","background-size":"auto","background-attachment":"scroll","background-type":"","background-media":"","overlay-type":"","overlay-color":"","overlay-opacity":"","overlay-gradient":""}}},"product_brand":[],"product_cat":[525,715,1149,514,1150,1153],"product_tag":[],"class_list":{"0":"post-62495","1":"product","2":"type-product","3":"status-publish","4":"has-post-thumbnail","6":"product_cat-abc-dizainas","7":"product_cat-daugiau","8":"product_cat-lauko-krepsiai","9":"product_cat-nauji-produktai","10":"product_cat-sportas","11":"product_cat-sportas-lt","12":"desktop-align-left","13":"tablet-align-left","14":"mobile-align-left","16":"first","17":"instock","18":"taxable","19":"shipping-taxable","20":"purchasable","21":"product-type-simple"},"acf":[],"aioseo_notices":[],"_links":{"self":[{"href":"https:\/\/hummy.ee\/lt\/wp-json\/wp\/v2\/product\/62495","targetHints":{"allow":["GET"]}}],"collection":[{"href":"https:\/\/hummy.ee\/lt\/wp-json\/wp\/v2\/product"}],"about":[{"href":"https:\/\/hummy.ee\/lt\/wp-json\/wp\/v2\/types\/product"}],"replies":[{"embeddable":true,"href":"https:\/\/hummy.ee\/lt\/wp-json\/wp\/v2\/comments?post=62495"}],"version-history":[{"count":4,"href":"https:\/\/hummy.ee\/lt\/wp-json\/wp\/v2\/product\/62495\/revisions"}],"predecessor-version":[{"id":77485,"href":"https:\/\/hummy.ee\/lt\/wp-json\/wp\/v2\/product\/62495\/revisions\/77485"}],"wp:featuredmedia":[{"embeddable":true,"href":"https:\/\/hummy.ee\/lt\/wp-json\/wp\/v2\/media\/62482"}],"wp:attachment":[{"href":"https:\/\/hummy.ee\/lt\/wp-json\/wp\/v2\/media?parent=62495"}],"wp:term":[{"taxonomy":"product_brand","embeddable":true,"href":"https:\/\/hummy.ee\/lt\/wp-json\/wp\/v2\/product_brand?post=62495"},{"taxonomy":"product_cat","embeddable":true,"href":"https:\/\/hummy.ee\/lt\/wp-json\/wp\/v2\/product_cat?post=62495"},{"taxonomy":"product_tag","embeddable":true,"href":"https:\/\/hummy.ee\/lt\/wp-json\/wp\/v2\/product_tag?post=62495"}],"curies":[{"name":"wp","href":"https:\/\/api.w.org\/{rel}","templated":true}]}}