{"id":61961,"date":"2025-06-15T09:22:02","date_gmt":"2025-06-15T09:22:02","guid":{"rendered":"https:\/\/hummy.ee\/?post_type=product&#038;p=61961"},"modified":"2025-12-28T13:53:06","modified_gmt":"2025-12-28T13:53:06","slug":"abc-design-aktyvi-kuprine-kopeeri","status":"publish","type":"product","link":"https:\/\/hummy.ee\/lt\/produktas\/abc-design-aktyvi-kuprine-kopeeri\/","title":{"rendered":"ABC Design Sports krep\u0161ys Geneva"},"content":{"rendered":"<h6 data-start=\"470\" data-end=\"812\"><strong><em>Tvarkingas vidus, vandeniui atspari konstrukcija ir u\u017erakinama saugykla<\/em><\/strong><br data-start=\"514\" data-end=\"517\" \/>\u201eGeneva\u201c krep\u0161yje yra didelis pagrindinis skyrius su vandeniui atspariu u\u017etrauktuku viduje, puikiai tinkantis u\u017ekand\u017eiams, vandens buteliukui, sauskeln\u0117ms ar vertingiems daiktams. \u012emontuotas apsauginis atvartas leid\u017eia prireikus krep\u0161\u012f u\u017erakinti standartiniu baga\u017eo u\u017eraktu. Taigi viskas bus saugu, nesvarbu, ar esate \u017eaidim\u0173 aik\u0161tel\u0117je, zoologijos sode, ar keliaujate po miest\u0105.<\/h6>\n<p>&nbsp;<\/p>\n<h6 data-start=\"814\" data-end=\"1093\"><em><strong>Atsparus atmosferos poveikiui, lengvai pri\u017ei\u016brimas ir nekenksmingas aplinkai<\/strong><\/em><br data-start=\"874\" data-end=\"877\" \/>Krep\u0161ys pagamintas i\u0161 patvaraus nailono su vanden\u012f atstumian\u010dia TPU danga. Jis atsparus vandeniui, atsparus ply\u0161imui ir lengvai valomas dr\u0117gnu skudur\u0117liu. Idealiai tinka kasdieniam naudojimui ir nuotykiams gamtoje. Be to, krep\u0161ys yra be PFC, o tai rei\u0161kia, kad jame n\u0117ra kenksming\u0173 chemini\u0173 med\u017eiag\u0173, kurios gali patekti \u012f aplink\u0105. Taigi jis ne tik patvarus ir tvirtas, bet ir geresnis jums ir gamtai.<\/h6>\n<p>&nbsp;<\/p>\n<h6 data-start=\"1275\" data-end=\"1629\"><strong><em>Lankstus tvirtinimas - nuo vaiki\u0161ko ve\u017eim\u0117lio iki paspirtuko<\/em><\/strong><br data-start=\"1340\" data-end=\"1343\" \/>\u201eGeneva\u201c krep\u0161ys lengvai ir saugiai pritvirtinamas prie \u012fvairi\u0173 kasdieni\u0173 palydov\u0173. Tur\u0117damas specialias galines angas, krep\u0161\u012f galite pritvirtinti tiesiai prie ve\u017eim\u0117lio ar dvira\u010dio priekabos naudodamas <a href=\"https:\/\/hummy.ee\/lt\/?post_type=product&amp;p=62495\" target=\"_blank\" rel=\"noopener\">ABC Design Sports universal\u0173<\/a> tvirtinimo \u012ftais\u0105. Puikiai tinka kelion\u0117ms su k\u016bdikiu ar dvira\u010di\u0173 \u017eygiams!<\/h6>\n<p>&nbsp;<\/p>\n<h6 data-start=\"1631\" data-end=\"1917\">Be to, krep\u0161ys turi du prakti\u0161kus palto u\u017esegimus, kad b\u016bt\u0173 dar lankstesnis. Pavyzd\u017eiui, j\u012f galite pritvirtinti prie elektrinio paspirtuko vairo, dvira\u010dio baga\u017ein\u0117s, kempingo k\u0117dut\u0117s ar net vaiki\u0161ko trira\u010dio.<\/h6>\n<p>&nbsp;<\/p>\n<h6 data-start=\"1919\" data-end=\"2113\">Krep\u0161io i\u0161or\u0117je yra du papildomi dir\u017eeliai, prie kuri\u0173 galima pritvirtinti karabinus arba nedidelius priedus, kuriuos norite greitai paimti. Nesvarbu, ar sportuojate, ar keliaujate su vaiku, \u0161is krep\u0161ys yra tikrai universalus.<\/h6>\n<p>&nbsp;<\/p>\n<h6 data-start=\"2115\" data-end=\"2347\"><em><strong>Kompakti\u0161kas dydis<\/strong><\/em><br data-start=\"2151\" data-end=\"2154\" \/>\u201eGeneva\u201c krep\u0161ys yra idealus ma\u017eas kompanionas kelion\u0117je. Lengvas, patvarus ir universalus. Jis prisitaiko prie j\u016bs\u0173 dienos ir u\u017etikrina, kad viskas, ko jums tikrai reikia, visada b\u016bt\u0173 su jumis.<\/h6>\n<h6 data-start=\"2115\" data-end=\"2347\"><\/h6>\n<p>&nbsp;<\/p>\n<h6><em>Per\u017ei\u016br\u0117kite \u012fvadin\u012f <a href=\"https:\/\/www.youtube.com\/watch?v=ozyK9NJwyHM\">vaizdo \u012fra\u0161\u0105<\/a> ir su\u017einokite daugiau.<\/em><\/h6>\n","protected":false},"excerpt":{"rendered":"<h6>Kompakti\u0161kas kompanionas kiekvienam nuotykiui. Nesvarbu, ar naudojate ve\u017eim\u0117l\u012f, priekab\u0105, pakuot\u0117s r\u0117m\u0105, ar elektrin\u012f ve\u017eim\u0117l\u012f, \u201eGeneva\u201c krep\u0161ys yra puikus pasirinkimas kasdienei veiklai, kelion\u0117ms ir ilgiems pasivaik\u0161\u010diojimams. D\u0117l 4,5 l vandeniui atsparios konstrukcijos ir apgalvot\u0173 detali\u0173 jis si\u016blo b\u016btent tai, ko jums reikia kelion\u0117je: saugum\u0105, tvark\u0105 ir patikimum\u0105.<\/h6>\n<h6><\/h6>\n","protected":false},"featured_media":62229,"comment_status":"closed","ping_status":"closed","template":"","meta":{"_acf_changed":false,"om_disable_all_campaigns":false,"_monsterinsights_skip_tracking":false,"_monsterinsights_sitenote_active":false,"_monsterinsights_sitenote_note":"","_monsterinsights_sitenote_category":0,"_uf_show_specific_survey":0,"_uf_disable_surveys":false,"site-sidebar-layout":"default","site-content-layout":"","ast-site-content-layout":"default","site-content-style":"default","site-sidebar-style":"default","ast-global-header-display":"","ast-banner-title-visibility":"","ast-main-header-display":"","ast-hfb-above-header-display":"","ast-hfb-below-header-display":"","ast-hfb-mobile-header-display":"","site-post-title":"","ast-breadcrumbs-content":"","ast-featured-img":"","footer-sml-layout":"","theme-transparent-header-meta":"default","adv-header-id-meta":"","stick-header-meta":"","header-above-stick-meta":"","header-main-stick-meta":"","header-below-stick-meta":"","astra-migrate-meta-layouts":"set","ast-page-background-enabled":"default","ast-page-background-meta":{"desktop":{"background-color":"var(--ast-global-color-4)","background-image":"","background-repeat":"repeat","background-position":"center center","background-size":"auto","background-attachment":"scroll","background-type":"","background-media":"","overlay-type":"","overlay-color":"","overlay-opacity":"","overlay-gradient":""},"tablet":{"background-color":"","background-image":"","background-repeat":"repeat","background-position":"center center","background-size":"auto","background-attachment":"scroll","background-type":"","background-media":"","overlay-type":"","overlay-color":"","overlay-opacity":"","overlay-gradient":""},"mobile":{"background-color":"","background-image":"","background-repeat":"repeat","background-position":"center center","background-size":"auto","background-attachment":"scroll","background-type":"","background-media":"","overlay-type":"","overlay-color":"","overlay-opacity":"","overlay-gradient":""}},"ast-content-background-meta":{"desktop":{"background-color":"var(--ast-global-color-5)","background-image":"","background-repeat":"repeat","background-position":"center center","background-size":"auto","background-attachment":"scroll","background-type":"","background-media":"","overlay-type":"","overlay-color":"","overlay-opacity":"","overlay-gradient":""},"tablet":{"background-color":"var(--ast-global-color-5)","background-image":"","background-repeat":"repeat","background-position":"center center","background-size":"auto","background-attachment":"scroll","background-type":"","background-media":"","overlay-type":"","overlay-color":"","overlay-opacity":"","overlay-gradient":""},"mobile":{"background-color":"var(--ast-global-color-5)","background-image":"","background-repeat":"repeat","background-position":"center center","background-size":"auto","background-attachment":"scroll","background-type":"","background-media":"","overlay-type":"","overlay-color":"","overlay-opacity":"","overlay-gradient":""}}},"product_brand":[],"product_cat":[525,361,1149,514,1150,1153],"product_tag":[337,335],"class_list":{"0":"post-61961","1":"product","2":"type-product","3":"status-publish","4":"has-post-thumbnail","6":"product_cat-abc-dizainas","7":"product_cat-krepsiai-ir-kuprines","8":"product_cat-lauko-krepsiai","9":"product_cat-nauji-produktai","10":"product_cat-sportas","11":"product_cat-sportas-lt","12":"product_tag-atskiri-produktai","13":"product_tag-pritaikyta-svetaine","14":"desktop-align-left","15":"tablet-align-left","16":"mobile-align-left","18":"first","19":"instock","20":"taxable","21":"shipping-taxable","22":"purchasable","23":"product-type-variable"},"acf":[],"aioseo_notices":[],"_links":{"self":[{"href":"https:\/\/hummy.ee\/lt\/wp-json\/wp\/v2\/product\/61961","targetHints":{"allow":["GET"]}}],"collection":[{"href":"https:\/\/hummy.ee\/lt\/wp-json\/wp\/v2\/product"}],"about":[{"href":"https:\/\/hummy.ee\/lt\/wp-json\/wp\/v2\/types\/product"}],"replies":[{"embeddable":true,"href":"https:\/\/hummy.ee\/lt\/wp-json\/wp\/v2\/comments?post=61961"}],"version-history":[{"count":9,"href":"https:\/\/hummy.ee\/lt\/wp-json\/wp\/v2\/product\/61961\/revisions"}],"predecessor-version":[{"id":77484,"href":"https:\/\/hummy.ee\/lt\/wp-json\/wp\/v2\/product\/61961\/revisions\/77484"}],"wp:featuredmedia":[{"embeddable":true,"href":"https:\/\/hummy.ee\/lt\/wp-json\/wp\/v2\/media\/62229"}],"wp:attachment":[{"href":"https:\/\/hummy.ee\/lt\/wp-json\/wp\/v2\/media?parent=61961"}],"wp:term":[{"taxonomy":"product_brand","embeddable":true,"href":"https:\/\/hummy.ee\/lt\/wp-json\/wp\/v2\/product_brand?post=61961"},{"taxonomy":"product_cat","embeddable":true,"href":"https:\/\/hummy.ee\/lt\/wp-json\/wp\/v2\/product_cat?post=61961"},{"taxonomy":"product_tag","embeddable":true,"href":"https:\/\/hummy.ee\/lt\/wp-json\/wp\/v2\/product_tag?post=61961"}],"curies":[{"name":"wp","href":"https:\/\/api.w.org\/{rel}","templated":true}]}}