{"id":60721,"date":"2025-06-02T18:32:17","date_gmt":"2025-06-02T18:32:17","guid":{"rendered":"https:\/\/hummy.ee\/?post_type=product&#038;p=60721"},"modified":"2025-12-28T13:40:10","modified_gmt":"2025-12-28T13:40:10","slug":"the-jiffle-vagonas-2-vagonu-rinkinys-kopeeri","status":"publish","type":"product","link":"https:\/\/hummy.ee\/lt\/produktas\/the-jiffle-vagonas-2-vagonu-rinkinys-kopeeri\/","title":{"rendered":"The Jiffle wagon 2+ vagon\u0173 rinkinys"},"content":{"rendered":"<h6><em><strong>Patogus visoms am\u017eiaus grup\u0117ms<\/strong><\/em><\/h6>\n<h6>Ve\u017eim\u0117lio komplekte yra ventiliuojamas lop\u0161ys. Ma\u017edaug 6 m\u0117nesi\u0173 k\u016bdikis nor\u0117s s\u0117d\u0117ti vertikaliai, tod\u0117l ve\u017eim\u0117lyje yra patogi s\u0117dyn\u0117. S\u0117dyn\u0117 yra dvipus\u0117, tod\u0117l vaikas gali \u017ei\u016br\u0117ti tiesiai \u012f jus arba tyrin\u0117ti j\u012f supant\u012f pasaul\u012f atsisuk\u0119s \u012f priek\u012f. Ar turite ne tik k\u016bdik\u012f, bet ir ma\u017eyl\u012f ar ikimokyklinio am\u017eiaus vaik\u0105, kuris gali gerai i\u0161laikyti pusiausvyr\u0105 stov\u0117damas vertikaliai? Leiskite savo vyresniajam broliui ar sesei pasiva\u017ein\u0117ti ant integruoto stovo.<\/h6>\n<p>&nbsp;<\/p>\n<h6><em><strong>Tinka vilkti<\/strong><\/em><\/h6>\n<h6>&#8222;Jiffle\" tinka ne tik kaip vaiki\u0161kas ve\u017eim\u0117lis ir ve\u017eim\u0117lis, bet ir kaip patogi priekaba. Idealiai tinka malonioms i\u0161vykoms \u012f zoologijos sod\u0105 ar pramog\u0173 park\u0105. J\u016bs\u0173 vaikas gali lengvai \u012flipti ir i\u0161lipti arba galite j\u0105 naudoti daiktams ve\u017eti. Traukiamo ve\u017eim\u0117lio pagrindas yra labai tvirtas - pagamintas i\u0161 tvaraus bambuko. Be to, patogi\u0105 mink\u0161t\u0105 &#8222;Duo &amp; Cart\" priekabos ve\u017eim\u0117lio s\u0117dyn\u0119 galima \u012fsigyti atskirai.<\/h6>\n<p>&nbsp;<\/p>\n<h6>The Jiffle Vagonas - tai vaiki\u0161kas ve\u017eim\u0117lis, ve\u017eim\u0117lis, stovas, velkamas ve\u017eim\u0117lis ir krep\u0161ys viename. Idealiai tinka smagiai kelionei \u012f zoologijos sod\u0105, gamt\u0105 ar pramog\u0173 park\u0105. Tyrin\u0117kite pasaul\u012f kartu su savo vaiku, nesuma\u017eindami patogumo ir mobilumo.<\/h6>\n<p>&nbsp;<\/p>\n<h6>The Jiffle \u201eWagon 2+\u201c yra nauj\u0173 spalv\u0173 ir didesni\u0173 rat\u0173. Skirtas tiek miesto gyventojams, tiek gamtos myl\u0117tojams.<\/h6>\n<p>&nbsp;<\/p>\n<h6><em><strong>Siekiant dar labiau palengvinti naudojim\u0105, prid\u0117ta nema\u017eai kit\u0173 detali\u0173.<\/strong><\/em><\/h6>\n<ul>\n<li>\n<h6>ve\u017eim\u0117lis (ve\u017eim\u0117lis ir s\u0117dyn\u0117), stovas ir lop\u0161ys i\u0161 vienos dalies<\/h6>\n<\/li>\n<li>\n<h6>tinka nuo gimimo<\/h6>\n<\/li>\n<li>\n<h6>i\u0161matavimai sulankstyti: 80 x 50 x 25 cm<\/h6>\n<\/li>\n<li>\n<h6>Ventiliacij\u0105 galima lengvai reguliuoti lop\u0161yje, skydelyje nuo saul\u0117s ir s\u0117dyn\u0117s dalyje.<\/h6>\n<\/li>\n<li>\n<h6>apver\u010diama s\u0117dyn\u0117<\/h6>\n<\/li>\n<li>\n<h6>kair\u0117s ir de\u0161in\u0117s kojos stabd\u017eiai<\/h6>\n<\/li>\n<li>\n<h6>nuimam\u0105 s\u0117dyn\u0117s u\u017evalkal\u0105 lengva skalbti<\/h6>\n<\/li>\n<li>\n<h6>pakaba tiesiai po lop\u0161iu ir s\u0117dyne.<\/h6>\n<\/li>\n<li>\n<h6>po vaiki\u0161ko ve\u017eim\u0117lio krep\u0161iu yra i\u0161traukiamas stovas.<\/h6>\n<\/li>\n<li>\n<h6>atskirai galima \u012fsigyti s\u0117dyn\u0119 su pagalv\u0117l\u0117mis velkamam ve\u017eim\u0117liui.<\/h6>\n<\/li>\n<li>\n<h6>ve\u017eim\u0117lio r\u0117mas gali b\u016bti naudojamas automobilin\u0117s k\u0117dut\u0117s laikikliui su atskirai parduodamais adapteriais.<\/h6>\n<\/li>\n<li>\n<h6>taip pat gali b\u016bti naudojamas su dviem vaikais (vienas s\u0117di s\u0117dimoje vietoje, kitas - daiktad\u0117\u017e\u0117je).<\/h6>\n<\/li>\n<\/ul>\n<p>&nbsp;<\/p>\n<h6>Daugiau informacijos rasite Hummy <a href=\"https:\/\/hummy.ee\/lt\/the-jiffle-vagonas-daugiau-nei-galima-tiketis-is-vezimelio\/\">tinklara\u0161tyje<\/a> ir pa\u017ei\u016br\u0117kite \u012fvadin\u012f <a href=\"https:\/\/youtu.be\/E0A7CEXsU74?si=Y1NSEBD7V8koOfMq\">vaizdo \u012fra\u0161\u0105<\/a>.<\/h6>\n","protected":false},"excerpt":{"rendered":"<h6>The Jiffle Vagonas 2+ ve\u017eim\u0117li\u0173 rinkinys: \u0161e\u0161i ve\u017eim\u0117liai po 1 asmen\u012f. Inovatyvus The Jiffle vagonas 2+ leid\u017eia gerai pasiruo\u0161ti nuo pat pirmos dienos. Tai ve\u017eim\u0117lio, stovo ir ve\u017eim\u0117lio rinkinys. Jame taip pat yra daug vietos visiems j\u016bs\u0173 daiktams ir puiki pakaba patogiam pasivaik\u0161\u010diojimui. Didel\u012f krep\u0161\u012f galima u\u017efiksuoti, kad b\u016bt\u0173 patogu ve\u017eti automobilyje. K\u016bdiki\u0173 inovacij\u0173 apdovanojimo \u201eKind+Jugend\u201c 2022 ir 2023 m. nugal\u0117tojas.<\/h6>\n","protected":false},"featured_media":60870,"comment_status":"closed","ping_status":"closed","template":"","meta":{"_acf_changed":false,"om_disable_all_campaigns":false,"_monsterinsights_skip_tracking":false,"_monsterinsights_sitenote_active":false,"_monsterinsights_sitenote_note":"","_monsterinsights_sitenote_category":0,"_uf_show_specific_survey":0,"_uf_disable_surveys":false,"site-sidebar-layout":"default","site-content-layout":"","ast-site-content-layout":"default","site-content-style":"default","site-sidebar-style":"default","ast-global-header-display":"","ast-banner-title-visibility":"","ast-main-header-display":"","ast-hfb-above-header-display":"","ast-hfb-below-header-display":"","ast-hfb-mobile-header-display":"","site-post-title":"","ast-breadcrumbs-content":"","ast-featured-img":"","footer-sml-layout":"","theme-transparent-header-meta":"default","adv-header-id-meta":"","stick-header-meta":"","header-above-stick-meta":"","header-main-stick-meta":"","header-below-stick-meta":"","astra-migrate-meta-layouts":"set","ast-page-background-enabled":"default","ast-page-background-meta":{"desktop":{"background-color":"var(--ast-global-color-4)","background-image":"","background-repeat":"repeat","background-position":"center center","background-size":"auto","background-attachment":"scroll","background-type":"","background-media":"","overlay-type":"","overlay-color":"","overlay-opacity":"","overlay-gradient":""},"tablet":{"background-color":"","background-image":"","background-repeat":"repeat","background-position":"center center","background-size":"auto","background-attachment":"scroll","background-type":"","background-media":"","overlay-type":"","overlay-color":"","overlay-opacity":"","overlay-gradient":""},"mobile":{"background-color":"","background-image":"","background-repeat":"repeat","background-position":"center center","background-size":"auto","background-attachment":"scroll","background-type":"","background-media":"","overlay-type":"","overlay-color":"","overlay-opacity":"","overlay-gradient":""}},"ast-content-background-meta":{"desktop":{"background-color":"var(--ast-global-color-5)","background-image":"","background-repeat":"repeat","background-position":"center center","background-size":"auto","background-attachment":"scroll","background-type":"","background-media":"","overlay-type":"","overlay-color":"","overlay-opacity":"","overlay-gradient":""},"tablet":{"background-color":"var(--ast-global-color-5)","background-image":"","background-repeat":"repeat","background-position":"center center","background-size":"auto","background-attachment":"scroll","background-type":"","background-media":"","overlay-type":"","overlay-color":"","overlay-opacity":"","overlay-gradient":""},"mobile":{"background-color":"var(--ast-global-color-5)","background-image":"","background-repeat":"repeat","background-position":"center center","background-size":"auto","background-attachment":"scroll","background-type":"","background-media":"","overlay-type":"","overlay-color":"","overlay-opacity":"","overlay-gradient":""}}},"product_brand":[],"product_cat":[557,775,506,390,321],"product_tag":[],"class_list":{"0":"post-60721","1":"product","2":"type-product","3":"status-publish","4":"has-post-thumbnail","6":"product_cat-dvieju-vietu-vezimeliai","7":"product_cat-jiffle","8":"product_cat-kampanija","9":"product_cat-cisternos","10":"product_cat-uncategorized-lt","11":"desktop-align-left","12":"tablet-align-left","13":"mobile-align-left","15":"first","16":"instock","17":"taxable","18":"shipping-taxable","19":"purchasable","20":"product-type-variable"},"acf":[],"aioseo_notices":[],"_links":{"self":[{"href":"https:\/\/hummy.ee\/lt\/wp-json\/wp\/v2\/product\/60721","targetHints":{"allow":["GET"]}}],"collection":[{"href":"https:\/\/hummy.ee\/lt\/wp-json\/wp\/v2\/product"}],"about":[{"href":"https:\/\/hummy.ee\/lt\/wp-json\/wp\/v2\/types\/product"}],"replies":[{"embeddable":true,"href":"https:\/\/hummy.ee\/lt\/wp-json\/wp\/v2\/comments?post=60721"}],"version-history":[{"count":6,"href":"https:\/\/hummy.ee\/lt\/wp-json\/wp\/v2\/product\/60721\/revisions"}],"predecessor-version":[{"id":77466,"href":"https:\/\/hummy.ee\/lt\/wp-json\/wp\/v2\/product\/60721\/revisions\/77466"}],"wp:featuredmedia":[{"embeddable":true,"href":"https:\/\/hummy.ee\/lt\/wp-json\/wp\/v2\/media\/60870"}],"wp:attachment":[{"href":"https:\/\/hummy.ee\/lt\/wp-json\/wp\/v2\/media?parent=60721"}],"wp:term":[{"taxonomy":"product_brand","embeddable":true,"href":"https:\/\/hummy.ee\/lt\/wp-json\/wp\/v2\/product_brand?post=60721"},{"taxonomy":"product_cat","embeddable":true,"href":"https:\/\/hummy.ee\/lt\/wp-json\/wp\/v2\/product_cat?post=60721"},{"taxonomy":"product_tag","embeddable":true,"href":"https:\/\/hummy.ee\/lt\/wp-json\/wp\/v2\/product_tag?post=60721"}],"curies":[{"name":"wp","href":"https:\/\/api.w.org\/{rel}","templated":true}]}}