{"id":59056,"date":"2025-05-11T18:16:28","date_gmt":"2025-05-11T18:16:28","guid":{"rendered":"https:\/\/hummy.ee\/?post_type=product&#038;p=59056"},"modified":"2026-03-20T14:09:37","modified_gmt":"2026-03-20T14:09:37","slug":"abc-design-salsa-5-air-vezimeliu-rinkinys-kopeeri","status":"publish","type":"product","link":"https:\/\/hummy.ee\/lt\/produktas\/abc-design-salsa-5-air-vezimeliu-rinkinys-kopeeri\/","title":{"rendered":"ABC Design Salsa 5 oro 3in1 tulpi\u0173 rinkinys"},"content":{"rendered":"<h6><strong><em>Kalinio rinkin\u012f sudaro:<\/em><\/strong><\/h6>\n<ul data-spread=\"false\">\n<li>\n<h6>Lop\u0161ys - patogus ir erdvus<\/h6>\n<\/li>\n<li>\n<h6>Ergonomi\u0161kos ir reguliuojamos s\u0117dyn\u0117s (taip pat yra patogios s\u0117dyn\u0117s).<\/h6>\n<\/li>\n<li>\n<h6><a href=\"https:\/\/hummy.ee\/lt\/produktas\/abc-design-tulip-i-size-saugos-lopsys\/\" target=\"_blank\" rel=\"noopener\">&#8222;Tulip\" saugos lop\u0161ys (<\/a> juodos ir kupranugario spalvos) - saugus ir patogus kiekvienoje kelion\u0117je automobiliu.<\/h6>\n<\/li>\n<li>\n<h6><a href=\"https:\/\/hummy.ee\/lt\/produktas\/abc-design-saugos-lopsio-adapteris\/\" target=\"_blank\" rel=\"noopener\">Saugaus lop\u0161io adapteriai -<\/a> lengva pritvirtinti prie ve\u017eim\u0117lio r\u0117mo<\/h6>\n<\/li>\n<li>\n<h6>Organizatorius - svarbiausi daiktai laikomi po ranka<\/h6>\n<\/li>\n<li>\n<h6>&#8222;CozyCloud\u00ae\" \u010diu\u017einys - optimalus komfortas j\u016bs\u0173 k\u016bdikiui<\/h6>\n<\/li>\n<\/ul>\n<h6 data-pm-slice=\"1 1 []\"><strong><em>Kod\u0117l verta rinktis &#8222;Salsa 5 Air\" ve\u017eim\u0117li\u0173 komplekt\u0105?<\/em><\/strong><\/h6>\n<ul data-spread=\"false\">\n<li>\n<h6>Universalumas: tinka va\u017eiuoti bet kokiu reljefu - miesto gatv\u0117mis, grindiniu, apsnigtais keliais, parko takeliais, mi\u0161ko keliukais ir \u017evyrkeliais.<\/h6>\n<\/li>\n<li>\n<h6>Komfortas vaikui: Dvi atidaromos ventiliacijos angos u\u017etikrina optimali\u0105 oro cirkuliacij\u0105. UUS CozyCloud\u00ae \u010diu\u017einys suteikia ergonomi\u0161k\u0105 atram\u0105 ir mink\u0161tum\u0105.<\/h6>\n<\/li>\n<li>\n<h6>Patogu naudotis t\u0117vams: d\u0117l reguliuojamos st\u016bmimo rankenos, nuimam\u0173 ratuk\u0173 ir lengvai sulankstomos konstrukcijos j\u0105 labai patogu naudoti.<\/h6>\n<\/li>\n<li>\n<h6>Universalus tvirtinimas: visus priedus - sauskelni\u0173 krep\u0161\u012f, puodelio laikikl\u012f ar lemp\u0105 - galima saugiai pritvirtinti prie ve\u017eim\u0117lio.<\/h6>\n<\/li>\n<\/ul>\n<h6><strong><em>Funkcijos, d\u0117l kuri\u0173 &#8222;Salsa 5 Air\" yra geriausias pasirinkimas:<\/em><\/strong><\/h6>\n<ul data-spread=\"false\">\n<li>\n<h6>Reguliuojamas atlo\u0161as ir koj\u0173 atrama - u\u017etikrinama, kad vaikas visada b\u016bt\u0173 patogioje pad\u0117tyje<\/h6>\n<\/li>\n<li>\n<h6>Nuimama apsaugin\u0117 rankena ir ratukai - lengva laikyti ir transportuoti<\/h6>\n<\/li>\n<li>\n<h6>I\u0161traukiamas XXL porankis - apsaugo nuo saul\u0117s ir lietaus<\/h6>\n<\/li>\n<li>\n<h6>Vandeniui atsparus audinys - lengvai pri\u017ei\u016brimas ir patvarus<\/h6>\n<\/li>\n<li>\n<h6>Stov\u0117jimo stabdys ir transportavimo u\u017eraktas - papildomas saugumas bet kokioje situacijoje<\/h6>\n<\/li>\n<\/ul>\n<h6><\/h6>\n<h6><\/h6>\n<h6><strong><em>Lengva naudoti ir kompakti\u0161kas dizainas<\/em><\/strong><\/h6>\n<h6>&#8222;Salsa 5 Air\" ve\u017eim\u0117lio komplektas puikiai tinka \u012fvairaus \u016bgio t\u0117vams. Ve\u017eim\u0117lio auk\u0161t\u012f galima reguliuoti, kad rastum\u0117te tinkam\u0105 pad\u0117t\u012f. D\u0117l kompakti\u0161ko sulankstymo mechanizmo ve\u017eim\u0117l\u012f galima greitai ir lengvai sulankstyti, net kai s\u0117dyn\u0117 pritvirtinta prie r\u0117mo.<\/h6>\n<p>&nbsp;<\/p>\n<p>&nbsp;<\/p>\n<h6><strong><em>Komfortas ir saugumas nuo pat pirmos dienos<\/em><\/strong><\/h6>\n<h6>&#8222;Salsa 5 Air\" lop\u0161ys u\u017etikrina maksimal\u0173 komfort\u0105 ir saugum\u0105 j\u016bs\u0173 k\u016bdikiui. Ergonomi\u0161kas CozyCloud\u00ae \u010diu\u017einys su kv\u0117puojan\u010dia med\u017eiaga padeda i\u0161laikyti ideali\u0105 miego pad\u0117t\u012f. Du atskiri v\u0117dinimo langeliai u\u017etikrina optimali\u0105 oro cirkuliacij\u0105, o lop\u0161\u012f galima lengvai sulankstyti, kad sutaupytum\u0117te vietos.<\/h6>\n<p>&nbsp;<\/p>\n<h6>Vaikui augant lop\u0161\u012f galima pakeisti s\u0117dim\u0105ja dalimi, kuri visi\u0161kai prisitaiko prie vaiko poreiki\u0173. Reguliuojamas atlo\u0161as leid\u017eia pasirinkti keturis skirtingus pasvirimus, \u012fskaitant visi\u0161kai atsilo\u0161usi\u0105 pad\u0117t\u012f. Kv\u0117puojanti s\u0117dyn\u0117s pagalv\u0117l\u0117 ir ventiliacijos langelis atlo\u0161e u\u017etikrina malon\u0173 s\u0117d\u0117jimo klimat\u0105.<\/h6>\n<p>&nbsp;<\/p>\n<h6>&#8222;HappyBelt\u00ae\" 5 ta\u0161k\u0173 saugos dir\u017eai su magnetin\u0117mis sagtimis leid\u017eia lengvai ir saugiai pritvirtinti vaik\u0105. Pamink\u0161tinti petne\u0161\u0117li\u0173 dir\u017eeliai i\u0161lieka savo vietoje, kad k\u016bdikis visada b\u016bt\u0173 patogus ir saugus.<\/h6>\n<p>&nbsp;<\/p>\n<h6 class=\"wp-block-heading\"><em><strong>&#8222;Tulip\" - visada u\u017etikrina optimali\u0105 apsaug\u0105<\/strong><\/em><\/h6>\n<h6>\u012esi\u016bta s\u0117dyn\u0117s pagalv\u0117l\u0117 veiksmingai palaiko k\u016bdik\u012f judant, o \u0161iek tiek i\u0161lenktas dugnas leid\u017eia s\u0117dynei \u0161iek tiek svyruoti. D\u0117l paprasto tvirtinimo mechanizmo &#8222;Tulip\" galima greitai paversti kelionine sistema - keliais rankos judesiais pritvirtinkite j\u0105 prie &#8222;Salsa 5 Air\" arba naudokite &#8222;Isofix <a href=\"https:\/\/hummy.ee\/lt\/produktas\/abc-design-isofix-pagrindas-saknu-pagrindas\/\">Base Root\" pagrind\u0105 (pasirinktinai<\/a> ), kad lop\u0161\u012f saugiai pritvirtintum\u0117te automobilyje. Tulp\u0117 tinka 0-15 m\u0117nesi\u0173 am\u017eiaus, 45-85 cm \u016bgio arba iki 13 kg svorio vaikams. Reguliuojam\u0105 k\u0117dut\u0117s galvos atram\u0105 galima lengvai pritaikyti prie vaiko dyd\u017eio. Nuimam\u0105 u\u017evalkal\u0105 galima skalbti.<\/h6>\n<p>&nbsp;<\/p>\n<h6><strong><em>Techniniai duomenys:<\/em><\/strong><\/h6>\n<ul data-spread=\"false\">\n<li>\n<h6>Keliamoji galia: Iki 27 kg.<\/h6>\n<\/li>\n<li>\n<h6>Galima naudoti: nuo gimimo iki 22 kg<\/h6>\n<\/li>\n<li>\n<h6>I\u0161matavimai atidarius: 95,5 x 63,0 x 118,0 cm<\/h6>\n<\/li>\n<li>\n<h6>I\u0161matavimai sulankstyti: 86,0 x 63,0 x 42,0 cm<\/h6>\n<\/li>\n<li>\n<h6>R\u0117mo svoris: 10,1 kg<\/h6>\n<\/li>\n<li>\n<h6>S\u0117dyn\u0117s svoris: 4,8 kg<\/h6>\n<\/li>\n<\/ul>\n<h6><\/h6>\n<h6><em>&#8222;Salsa 5 Air\" ve\u017eim\u0117li\u0173 rinkinys - daugiau informacijos rasite \u012fvadiniame <a href=\"https:\/\/www.youtube.com\/watch?v=bgXpSkp35MI\">vaizdo \u012fra\u0161e .<\/a><\/em><\/h6>\n<h6><em>Tulpi\u0173 lop\u0161ys - daugiau informacijos rasite \u012fvadiniame <a href=\"https:\/\/www.youtube.com\/watch?v=tzVPv3UReXk\">vaizdo \u012fra\u0161e .<\/a><\/em><\/h6>\n<p>&nbsp;<\/p>\n<h6 class=\"wp-block-column\"><em>D\u0117l tinkam\u0173 rat\u0173 ve\u017eim\u0117liu naudotis daug patogiau! Daugiau informacijos apie tai, kaip i\u0161sirinkti tinkamiausi\u0105 sprendim\u0105, rasite Hummy <a href=\"https:\/\/hummy.ee\/lt\/koki-vezimeli-su-ratukais-tureciau-pasirinkti\/\" target=\"_blank\" rel=\"nofollow noopener\">tinklara\u0161tyje<\/a>. <\/em><\/h6>\n","protected":false},"excerpt":{"rendered":"<h6>Su \u0161iuo prakti\u0161ku &#8222;ABC Design Salsa 5 Air\" pradiniu rinkiniu j\u016bs\u0173 k\u016bdikis nuo pat pirmos dienos gal\u0117s m\u0117gautis saugia, patogia ir atpalaiduojan\u010dia kelione - ve\u017eim\u0117lyje, automobilyje ir kaip kelioni\u0173 sistema su &#8222;Tulip\" k\u016bdikio ve\u017eim\u0117liu. K\u016bdikiui bus maksimaliai patogu gul\u0117ti ir miegoti tiek ve\u017eim\u0117lyje, tiek lop\u0161yje, o saugumas visada garantuotas. Tai u\u017etikrina du auk\u0161tos kokyb\u0117s ir saug\u016bs gaminiai viename: &#8222;ABC Design Salsa 5 Air\" ve\u017eim\u0117lio komplektas ir &#8222;Tulip i-Size\" lop\u0161ys. ADAC ir &#8222;Stiftung Warentest\" bandymuose &#8222;Tulip\" buvo \u012fvertintas &#8222;gerai\" (2,2 balo), o tai \u012frodo, kad tai vienas saugiausi\u0173 pasirinkim\u0173 j\u016bs\u0173 ma\u017eyliui.<\/h6>\n","protected":false},"featured_media":42626,"comment_status":"closed","ping_status":"closed","template":"","meta":{"_acf_changed":false,"om_disable_all_campaigns":false,"_monsterinsights_skip_tracking":false,"_monsterinsights_sitenote_active":false,"_monsterinsights_sitenote_note":"","_monsterinsights_sitenote_category":0,"_uf_show_specific_survey":0,"_uf_disable_surveys":false,"site-sidebar-layout":"default","site-content-layout":"","ast-site-content-layout":"default","site-content-style":"default","site-sidebar-style":"default","ast-global-header-display":"","ast-banner-title-visibility":"","ast-main-header-display":"","ast-hfb-above-header-display":"","ast-hfb-below-header-display":"","ast-hfb-mobile-header-display":"","site-post-title":"","ast-breadcrumbs-content":"","ast-featured-img":"","footer-sml-layout":"","theme-transparent-header-meta":"default","adv-header-id-meta":"","stick-header-meta":"","header-above-stick-meta":"","header-main-stick-meta":"","header-below-stick-meta":"","astra-migrate-meta-layouts":"set","ast-page-background-enabled":"default","ast-page-background-meta":{"desktop":{"background-color":"var(--ast-global-color-4)","background-image":"","background-repeat":"repeat","background-position":"center center","background-size":"auto","background-attachment":"scroll","background-type":"","background-media":"","overlay-type":"","overlay-color":"","overlay-opacity":"","overlay-gradient":""},"tablet":{"background-color":"","background-image":"","background-repeat":"repeat","background-position":"center center","background-size":"auto","background-attachment":"scroll","background-type":"","background-media":"","overlay-type":"","overlay-color":"","overlay-opacity":"","overlay-gradient":""},"mobile":{"background-color":"","background-image":"","background-repeat":"repeat","background-position":"center center","background-size":"auto","background-attachment":"scroll","background-type":"","background-media":"","overlay-type":"","overlay-color":"","overlay-opacity":"","overlay-gradient":""}},"ast-content-background-meta":{"desktop":{"background-color":"var(--ast-global-color-5)","background-image":"","background-repeat":"repeat","background-position":"center center","background-size":"auto","background-attachment":"scroll","background-type":"","background-media":"","overlay-type":"","overlay-color":"","overlay-opacity":"","overlay-gradient":""},"tablet":{"background-color":"var(--ast-global-color-5)","background-image":"","background-repeat":"repeat","background-position":"center center","background-size":"auto","background-attachment":"scroll","background-type":"","background-media":"","overlay-type":"","overlay-color":"","overlay-opacity":"","overlay-gradient":""},"mobile":{"background-color":"var(--ast-global-color-5)","background-image":"","background-repeat":"repeat","background-position":"center center","background-size":"auto","background-attachment":"scroll","background-type":"","background-media":"","overlay-type":"","overlay-color":"","overlay-opacity":"","overlay-gradient":""}}},"product_brand":[],"product_cat":[525,390,321],"product_tag":[],"class_list":{"0":"post-59056","1":"product","2":"type-product","3":"status-publish","4":"has-post-thumbnail","6":"product_cat-abc-dizainas","7":"product_cat-cisternos","8":"product_cat-uncategorized-lt","9":"desktop-align-left","10":"tablet-align-left","11":"mobile-align-left","13":"first","14":"instock","15":"sale","16":"taxable","17":"shipping-taxable","18":"purchasable","19":"product-type-variable"},"acf":[],"aioseo_notices":[],"_links":{"self":[{"href":"https:\/\/hummy.ee\/lt\/wp-json\/wp\/v2\/product\/59056","targetHints":{"allow":["GET"]}}],"collection":[{"href":"https:\/\/hummy.ee\/lt\/wp-json\/wp\/v2\/product"}],"about":[{"href":"https:\/\/hummy.ee\/lt\/wp-json\/wp\/v2\/types\/product"}],"replies":[{"embeddable":true,"href":"https:\/\/hummy.ee\/lt\/wp-json\/wp\/v2\/comments?post=59056"}],"version-history":[{"count":18,"href":"https:\/\/hummy.ee\/lt\/wp-json\/wp\/v2\/product\/59056\/revisions"}],"predecessor-version":[{"id":86252,"href":"https:\/\/hummy.ee\/lt\/wp-json\/wp\/v2\/product\/59056\/revisions\/86252"}],"wp:featuredmedia":[{"embeddable":true,"href":"https:\/\/hummy.ee\/lt\/wp-json\/wp\/v2\/media\/42626"}],"wp:attachment":[{"href":"https:\/\/hummy.ee\/lt\/wp-json\/wp\/v2\/media?parent=59056"}],"wp:term":[{"taxonomy":"product_brand","embeddable":true,"href":"https:\/\/hummy.ee\/lt\/wp-json\/wp\/v2\/product_brand?post=59056"},{"taxonomy":"product_cat","embeddable":true,"href":"https:\/\/hummy.ee\/lt\/wp-json\/wp\/v2\/product_cat?post=59056"},{"taxonomy":"product_tag","embeddable":true,"href":"https:\/\/hummy.ee\/lt\/wp-json\/wp\/v2\/product_tag?post=59056"}],"curies":[{"name":"wp","href":"https:\/\/api.w.org\/{rel}","templated":true}]}}