{"id":57555,"date":"2025-04-23T19:44:17","date_gmt":"2025-04-23T19:44:17","guid":{"rendered":"https:\/\/hummy.ee\/product\/lauko-pagalvele\/"},"modified":"2025-07-27T18:43:22","modified_gmt":"2025-07-27T18:43:22","slug":"lauko-pagalvele","status":"publish","type":"product","link":"https:\/\/hummy.ee\/lt\/produktas\/lauko-pagalvele\/","title":{"rendered":"Blokas lauko pagalv\u0117l\u0117- Lauko"},"content":{"rendered":"<h6 data-start=\"376\" data-end=\"401\"><strong><em>1, 2, 3 - laikas \u017eaisti!<\/em><\/strong><\/h6>\n<h6 data-start=\"403\" data-end=\"531\">Skatinkite savo ma\u017eyl\u012f tyrin\u0117ti lauk\u0105 ir su\u017einoti, kaip dar galima panaudoti \u010diu\u017ein\u012f. Ar jis taps \u017eaislu, ar smagia pagalvi\u0173 kova?<\/h6>\n<p>&nbsp;<\/p>\n<h6 data-start=\"709\" data-end=\"728\"><strong><em>Laikas b\u016bti kartu<\/em><\/strong><\/h6>\n<h6 data-start=\"730\" data-end=\"880\">Apkabinkite savo ma\u017eyl\u012f, dalinkit\u0117s linksmomis istorijomis, juokit\u0117s ir tiesiog m\u0117gaukit\u0117s vienas kito draugija, kad kiekviena akimirka kartu tapt\u0173 brangiu prisiminimu.<\/h6>\n<p>&nbsp;<\/p>\n<h6><\/h6>\n<h6><\/h6>\n","protected":false},"excerpt":{"rendered":"<h6>&#8222;Wigiwama\" kiemo pagalv\u0117l\u0117 - \u017eaismingas ir prakti\u0161kas vaik\u0173 lauko bald\u0173 priedas. Stilinga pagalv\u0117l\u0117, kuri puikiai dera prie lauko <a href=\"https:\/\/hummy.ee\/lt\/?post_type=product&amp;p=57450\" target=\"_blank\" rel=\"noopener\">krep\u0161io-k\u0117d\u0117s ir<\/a> <a href=\"https:\/\/hummy.ee\/lt\/?post_type=product&amp;p=57281\" target=\"_blank\" rel=\"noopener\">lauko k\u0117d\u0117s.<\/a> Sukurta atsi\u017evelgiant \u012f vaik\u0173 patogum\u0105 ir stili\u0173, tai \u017eaismingas ir kartu prakti\u0161kas bald\u0173 elementas, puikiai tinkantis terasai, sodui ar baseinui.<\/h6>\n","protected":false},"featured_media":57528,"comment_status":"open","ping_status":"closed","template":"","meta":{"_acf_changed":false,"om_disable_all_campaigns":false,"_monsterinsights_skip_tracking":false,"_monsterinsights_sitenote_active":false,"_monsterinsights_sitenote_note":"","_monsterinsights_sitenote_category":0,"_uf_show_specific_survey":0,"_uf_disable_surveys":false,"site-sidebar-layout":"default","site-content-layout":"","ast-site-content-layout":"default","site-content-style":"default","site-sidebar-style":"default","ast-global-header-display":"","ast-banner-title-visibility":"","ast-main-header-display":"","ast-hfb-above-header-display":"","ast-hfb-below-header-display":"","ast-hfb-mobile-header-display":"","site-post-title":"","ast-breadcrumbs-content":"","ast-featured-img":"","footer-sml-layout":"","theme-transparent-header-meta":"default","adv-header-id-meta":"","stick-header-meta":"","header-above-stick-meta":"","header-main-stick-meta":"","header-below-stick-meta":"","astra-migrate-meta-layouts":"set","ast-page-background-enabled":"default","ast-page-background-meta":{"desktop":{"background-color":"var(--ast-global-color-4)","background-image":"","background-repeat":"repeat","background-position":"center center","background-size":"auto","background-attachment":"scroll","background-type":"","background-media":"","overlay-type":"","overlay-color":"","overlay-opacity":"","overlay-gradient":""},"tablet":{"background-color":"","background-image":"","background-repeat":"repeat","background-position":"center center","background-size":"auto","background-attachment":"scroll","background-type":"","background-media":"","overlay-type":"","overlay-color":"","overlay-opacity":"","overlay-gradient":""},"mobile":{"background-color":"","background-image":"","background-repeat":"repeat","background-position":"center center","background-size":"auto","background-attachment":"scroll","background-type":"","background-media":"","overlay-type":"","overlay-color":"","overlay-opacity":"","overlay-gradient":""}},"ast-content-background-meta":{"desktop":{"background-color":"var(--ast-global-color-5)","background-image":"","background-repeat":"repeat","background-position":"center center","background-size":"auto","background-attachment":"scroll","background-type":"","background-media":"","overlay-type":"","overlay-color":"","overlay-opacity":"","overlay-gradient":""},"tablet":{"background-color":"var(--ast-global-color-5)","background-image":"","background-repeat":"repeat","background-position":"center center","background-size":"auto","background-attachment":"scroll","background-type":"","background-media":"","overlay-type":"","overlay-color":"","overlay-opacity":"","overlay-gradient":""},"mobile":{"background-color":"var(--ast-global-color-5)","background-image":"","background-repeat":"repeat","background-position":"center center","background-size":"auto","background-attachment":"scroll","background-type":"","background-media":"","overlay-type":"","overlay-color":"","overlay-opacity":"","overlay-gradient":""}}},"product_brand":[],"product_cat":[970],"product_tag":[],"class_list":{"0":"post-57555","1":"product","2":"type-product","3":"status-publish","4":"has-post-thumbnail","6":"product_cat-wigiwama-lt","7":"desktop-align-left","8":"tablet-align-left","9":"mobile-align-left","11":"first","12":"instock","13":"sale","14":"taxable","15":"shipping-taxable","16":"purchasable","17":"product-type-variable"},"acf":[],"aioseo_notices":[],"_links":{"self":[{"href":"https:\/\/hummy.ee\/lt\/wp-json\/wp\/v2\/product\/57555","targetHints":{"allow":["GET"]}}],"collection":[{"href":"https:\/\/hummy.ee\/lt\/wp-json\/wp\/v2\/product"}],"about":[{"href":"https:\/\/hummy.ee\/lt\/wp-json\/wp\/v2\/types\/product"}],"replies":[{"embeddable":true,"href":"https:\/\/hummy.ee\/lt\/wp-json\/wp\/v2\/comments?post=57555"}],"version-history":[{"count":4,"href":"https:\/\/hummy.ee\/lt\/wp-json\/wp\/v2\/product\/57555\/revisions"}],"predecessor-version":[{"id":65777,"href":"https:\/\/hummy.ee\/lt\/wp-json\/wp\/v2\/product\/57555\/revisions\/65777"}],"wp:featuredmedia":[{"embeddable":true,"href":"https:\/\/hummy.ee\/lt\/wp-json\/wp\/v2\/media\/57528"}],"wp:attachment":[{"href":"https:\/\/hummy.ee\/lt\/wp-json\/wp\/v2\/media?parent=57555"}],"wp:term":[{"taxonomy":"product_brand","embeddable":true,"href":"https:\/\/hummy.ee\/lt\/wp-json\/wp\/v2\/product_brand?post=57555"},{"taxonomy":"product_cat","embeddable":true,"href":"https:\/\/hummy.ee\/lt\/wp-json\/wp\/v2\/product_cat?post=57555"},{"taxonomy":"product_tag","embeddable":true,"href":"https:\/\/hummy.ee\/lt\/wp-json\/wp\/v2\/product_tag?post=57555"}],"curies":[{"name":"wp","href":"https:\/\/api.w.org\/{rel}","templated":true}]}}