{"id":57281,"date":"2025-04-23T18:09:37","date_gmt":"2025-04-23T18:09:37","guid":{"rendered":"https:\/\/hummy.ee\/product\/sedimoji-pagalvele-lauko-pufai\/"},"modified":"2026-02-18T11:08:41","modified_gmt":"2026-02-18T11:08:41","slug":"sedimoji-pagalvele-lauko-pufai","status":"publish","type":"product","link":"https:\/\/hummy.ee\/lt\/produktas\/sedimoji-pagalvele-lauko-pufai\/","title":{"rendered":"Beanbag - Outdoor"},"content":{"rendered":"<h6><em><strong>Smagu ma\u017eiesiems \u017eaisti lauke<\/strong><\/em><\/h6>\n<h6>Puikiai tinka naudoti saul\u0117t\u0105 sodo dien\u0105 arba prie baseino. Jis lengvas, tod\u0117l prireikus vaikas gali j\u012f perkelti \u012f reikiam\u0105 viet\u0105. Tai puikus 3-9 met\u0173 am\u017eiaus vaik\u0173 lauko bald\u0173 pasirinkimas.<\/h6>\n<p>&nbsp;<\/p>\n<h6 data-start=\"0\" data-end=\"149\"><em><strong>Dizainas, tinkantis bet kokiems namams ir (arba) sodui<\/strong><\/em><\/h6>\n<h6 data-start=\"0\" data-end=\"149\">D\u0117l nesenstan\u010dio dizaino ir universalios spalv\u0173 palet\u0117s \u0161is otomanas puikiai tinka tiek moderniam, tiek klasikiniam interjerui. Puikiai dera prie &#8222;Wigiwama Outdoor <a href=\"https:\/\/hummy.ee\/lt\/?post_type=product&amp;p=57450\" target=\"_blank\" rel=\"noopener\">Beanbag\" su 3-9 met\u0173 am\u017eia us k\u0117dute su pupeli\u0173 mai\u0161ais<\/a>.<\/h6>\n<p>&nbsp;<\/p>\n<h6 data-start=\"302\" data-end=\"472\"><em><strong>\u0160velni estetika, patvari konstrukcija<\/strong><\/em><\/h6>\n<h6 data-start=\"302\" data-end=\"472\">Kruop\u0161\u010diai atrinkome auk\u0161tos kokyb\u0117s ir patvarias med\u017eiagas, kad j\u016bs\u0173 lauko k\u0117d\u0117 b\u016bt\u0173 ilgaam\u017e\u0117 ir teikt\u0173 ilgus metus malonum\u0105.<\/h6>\n<p>&nbsp;<\/p>\n<h6 data-start=\"273\" data-end=\"303\"><em><strong data-start=\"273\" data-end=\"301\">Lengva prie\u017ei\u016bra<\/strong><\/em><\/h6>\n<h6>I\u0161orinis t\u016bbos sluoksnis yra atsparus vandeniui ir purvui, tod\u0117l j\u012f lengva pri\u017ei\u016br\u0117ti - tereikia dr\u0117gnu skudur\u0117liu nuvalyti. Vidinis sluoksnis yra atsparus vandeniui ir u\u017epildytas 100 % perdirbamu polistirenu (EPS).<\/h6>\n<h6><\/h6>\n<p>&nbsp;<\/p>\n<h6><strong><em>Informacija apie gamin\u012f<\/em><\/strong><\/h6>\n<ul>\n<li>\n<h6>Matmenys: 60 x 20 x 60 cm<\/h6>\n<\/li>\n<li>\n<h6>Svoris: 2,5 kg<\/h6>\n<\/li>\n<li>\n<h6>Med\u017eiagos - i\u0161orinis sluoksnis: orui atsparus OEKO-TEX\u00ae sertifikuotas 100 % olefinas - ekologi\u0161kas pluo\u0161tas, vidinis sluoksnis - vandeniui atsparus OEKO-TEX\u00ae 100 % poliesteris.<\/h6>\n<\/li>\n<li>\n<h6>U\u017epildas: 100 % polistireninis putplastis (EPS).<\/h6>\n<\/li>\n<li>\n<h6>Atsparus UV spinduliams: i\u0161bandytas 1200 valand\u0173, kad b\u016bt\u0173 u\u017etikrintas ilgalaikis spalv\u0173 patvarumas.<\/h6>\n<\/li>\n<li>\n<h6>Atsparus chlorui: tinka naudoti prie baseino<\/h6>\n<\/li>\n<\/ul>\n<h6><\/h6>\n<h6><strong><em>Rank\u0173 darbo su meile ir r\u016bpes\u010diu<\/em><\/strong><\/h6>\n<h6 data-start=\"38\" data-end=\"329\">Tur\u0117dami daugiau nei de\u0161imtme\u010dio patirt\u012f, did\u017eiuojam\u0117s gal\u0117dami tiekti did\u017eiausiems ES ma\u017emenininkams gaminius, kurie kruop\u0161\u010diai ir su meile gaminami m\u016bs\u0173 gamykloje Latvijoje. Patys kontroliuojame kiekvien\u0105 gamybos etap\u0105, kreipiame d\u0117mes\u012f \u012f menkiausias detales ir nuolat tobuliname bei diegiame naujoves.<\/h6>\n","protected":false},"excerpt":{"rendered":"<h6>&#8222;Wigiwama Ottomans\" - universalus ir stilingas vaik\u0173 lauko bald\u0173 papildymas. Puikus m\u016bs\u0173 kultin\u0117s lauko <a href=\"https:\/\/hummy.ee\/lt\/?post_type=product&amp;p=57450\">k\u0117d\u0117s &#8222;Beanbag\" kompanionas .<\/a> Kvadratin\u0117 &#8222;Wigiwama\" s\u0117dyn\u0117s pagalv\u0117l\u0117 sukurta taip, kad j\u0105 b\u016bt\u0173 galima universaliai naudoti \u017eaidimams lauke, koj\u0173 poilsiui ar kaip papildom\u0105 s\u0117dyn\u0119. Pagaminta i\u0161 oro s\u0105lygoms atsparaus OEKO-TEX\u00ae sertifikuoto audinio.<\/h6>\n","protected":false},"featured_media":57194,"comment_status":"open","ping_status":"closed","template":"","meta":{"_acf_changed":false,"om_disable_all_campaigns":false,"_monsterinsights_skip_tracking":false,"_monsterinsights_sitenote_active":false,"_monsterinsights_sitenote_note":"","_monsterinsights_sitenote_category":0,"_uf_show_specific_survey":0,"_uf_disable_surveys":false,"site-sidebar-layout":"default","site-content-layout":"","ast-site-content-layout":"default","site-content-style":"default","site-sidebar-style":"default","ast-global-header-display":"","ast-banner-title-visibility":"","ast-main-header-display":"","ast-hfb-above-header-display":"","ast-hfb-below-header-display":"","ast-hfb-mobile-header-display":"","site-post-title":"","ast-breadcrumbs-content":"","ast-featured-img":"","footer-sml-layout":"","theme-transparent-header-meta":"default","adv-header-id-meta":"","stick-header-meta":"","header-above-stick-meta":"","header-main-stick-meta":"","header-below-stick-meta":"","astra-migrate-meta-layouts":"set","ast-page-background-enabled":"default","ast-page-background-meta":{"desktop":{"background-color":"var(--ast-global-color-4)","background-image":"","background-repeat":"repeat","background-position":"center center","background-size":"auto","background-attachment":"scroll","background-type":"","background-media":"","overlay-type":"","overlay-color":"","overlay-opacity":"","overlay-gradient":""},"tablet":{"background-color":"","background-image":"","background-repeat":"repeat","background-position":"center center","background-size":"auto","background-attachment":"scroll","background-type":"","background-media":"","overlay-type":"","overlay-color":"","overlay-opacity":"","overlay-gradient":""},"mobile":{"background-color":"","background-image":"","background-repeat":"repeat","background-position":"center center","background-size":"auto","background-attachment":"scroll","background-type":"","background-media":"","overlay-type":"","overlay-color":"","overlay-opacity":"","overlay-gradient":""}},"ast-content-background-meta":{"desktop":{"background-color":"var(--ast-global-color-5)","background-image":"","background-repeat":"repeat","background-position":"center center","background-size":"auto","background-attachment":"scroll","background-type":"","background-media":"","overlay-type":"","overlay-color":"","overlay-opacity":"","overlay-gradient":""},"tablet":{"background-color":"var(--ast-global-color-5)","background-image":"","background-repeat":"repeat","background-position":"center center","background-size":"auto","background-attachment":"scroll","background-type":"","background-media":"","overlay-type":"","overlay-color":"","overlay-opacity":"","overlay-gradient":""},"mobile":{"background-color":"var(--ast-global-color-5)","background-image":"","background-repeat":"repeat","background-position":"center center","background-size":"auto","background-attachment":"scroll","background-type":"","background-media":"","overlay-type":"","overlay-color":"","overlay-opacity":"","overlay-gradient":""}}},"product_brand":[],"product_cat":[970],"product_tag":[],"class_list":{"0":"post-57281","1":"product","2":"type-product","3":"status-publish","4":"has-post-thumbnail","6":"product_cat-wigiwama-lt","7":"desktop-align-left","8":"tablet-align-left","9":"mobile-align-left","11":"first","12":"instock","13":"sale","14":"taxable","15":"shipping-taxable","16":"purchasable","17":"product-type-variable"},"acf":[],"aioseo_notices":[],"_links":{"self":[{"href":"https:\/\/hummy.ee\/lt\/wp-json\/wp\/v2\/product\/57281","targetHints":{"allow":["GET"]}}],"collection":[{"href":"https:\/\/hummy.ee\/lt\/wp-json\/wp\/v2\/product"}],"about":[{"href":"https:\/\/hummy.ee\/lt\/wp-json\/wp\/v2\/types\/product"}],"replies":[{"embeddable":true,"href":"https:\/\/hummy.ee\/lt\/wp-json\/wp\/v2\/comments?post=57281"}],"version-history":[{"count":17,"href":"https:\/\/hummy.ee\/lt\/wp-json\/wp\/v2\/product\/57281\/revisions"}],"predecessor-version":[{"id":82601,"href":"https:\/\/hummy.ee\/lt\/wp-json\/wp\/v2\/product\/57281\/revisions\/82601"}],"wp:featuredmedia":[{"embeddable":true,"href":"https:\/\/hummy.ee\/lt\/wp-json\/wp\/v2\/media\/57194"}],"wp:attachment":[{"href":"https:\/\/hummy.ee\/lt\/wp-json\/wp\/v2\/media?parent=57281"}],"wp:term":[{"taxonomy":"product_brand","embeddable":true,"href":"https:\/\/hummy.ee\/lt\/wp-json\/wp\/v2\/product_brand?post=57281"},{"taxonomy":"product_cat","embeddable":true,"href":"https:\/\/hummy.ee\/lt\/wp-json\/wp\/v2\/product_cat?post=57281"},{"taxonomy":"product_tag","embeddable":true,"href":"https:\/\/hummy.ee\/lt\/wp-json\/wp\/v2\/product_tag?post=57281"}],"curies":[{"name":"wp","href":"https:\/\/api.w.org\/{rel}","templated":true}]}}