{"id":56597,"date":"2025-04-22T07:06:24","date_gmt":"2025-04-22T07:06:24","guid":{"rendered":"https:\/\/hummy.ee\/product\/apskritimo-priedu-rinkinys\/"},"modified":"2025-12-28T13:59:29","modified_gmt":"2025-12-28T13:59:29","slug":"apskritimo-priedu-rinkinys","status":"publish","type":"product","link":"https:\/\/hummy.ee\/lt\/produktas\/apskritimo-priedu-rinkinys\/","title":{"rendered":"Circle S Two pried\u0173 rinkiny"},"content":{"rendered":"<h6 data-start=\"633\" data-end=\"1152\"><em><strong data-start=\"633\" data-end=\"697\">Tinklelis nuo uod\u0173 su itin plonu tinkleliu<\/strong><\/em><br data-start=\"697\" data-end=\"700\" \/>\u012e pried\u0173 rinkin\u012f \u012ftrauktas tinklelis nuo uod\u0173 pagamintas i\u0161 itin plono ir tankaus tinklelio, kuris sulaiko net ma\u017eiausius uodus ir muses. D\u0117l lankstaus guminio dir\u017eelio tinklelis lengvai u\u017esideda ant &#8222;S Two\" ve\u017eim\u0117lio s\u0117dyn\u0117s ir u\u017etikrina puiki\u0105 oro cirkuliacij\u0105, tod\u0117l j\u016bs\u0173 vaikui u\u017etikrinamas patogus ir netrukdomas miegas. D\u0117l lengvos ir kompakti\u0161kos sulankstomos konstrukcijos tinklel\u012f galima patogiai ne\u0161iotis - jis puikiai tinka \u012f vystykl\u0173 krep\u0161\u012f arba po ve\u017eim\u0117lio daiktad\u0117\u017ee.<\/h6>\n<p>&nbsp;<\/p>\n<h6 data-start=\"1154\" data-end=\"1598\"><em><strong data-start=\"1154\" data-end=\"1204\">Lietaus filmas<\/strong><\/em><br data-start=\"1204\" data-end=\"1207\" \/>Lietaus pl\u0117vel\u0117 veiksmingai apsaugo k\u016bdik\u012f ir ve\u017eim\u0117l\u012f tiek lyjant nedideliam, tiek stipresniam lietui. D\u0117l tvirt\u0173 tvirtinimo detali\u0173 ji greitai ir saugiai pritvirtinama. Integruotos ventiliacijos angos u\u017etikrina ger\u0105 v\u0117dinim\u0105, o skaidrus plastikas leid\u017eia vaikui ir toliau m\u0117gautis supan\u010dia aplinka. Kai lietus praeina, galite j\u012f tiesiog sulankstyti ir kompakti\u0161kai laikyti.<\/h6>\n<p>&nbsp;<\/p>\n<h6 data-start=\"1600\" data-end=\"1662\"><em><strong data-start=\"1600\" data-end=\"1662\">Paprasta, lankstu ir patogu - viskas, ko reikia kasdieniam gyvenimui<\/strong><\/em><\/h6>\n<ul data-start=\"1664\" data-end=\"1822\">\n<li class=\"\" data-start=\"1664\" data-end=\"1709\">\n<h6 data-start=\"1666\" data-end=\"1709\">Lengvas montavimas ir ma\u017eai vietos u\u017eimantis dizainas<\/h6>\n<\/li>\n<li class=\"\" data-start=\"1710\" data-end=\"1754\">\n<h6 data-start=\"1712\" data-end=\"1754\">Apsauga nuo saul\u0117s, lietaus ir vabzd\u017ei\u0173<\/h6>\n<\/li>\n<li class=\"\" data-start=\"1755\" data-end=\"1822\">\n<h6 data-start=\"1757\" data-end=\"1822\">Idealiai tinka kasdieniam naudojimui mieste ir u\u017emiestyje<\/h6>\n<\/li>\n<\/ul>\n<h6 data-start=\"1824\" data-end=\"1845\"><em><strong data-start=\"1824\" data-end=\"1843\">Rinkinio turinys:<\/strong><\/em><\/h6>\n<ul data-start=\"1846\" data-end=\"1877\">\n<li class=\"\" data-start=\"1846\" data-end=\"1862\">\n<h6 data-start=\"1848\" data-end=\"1862\">1x tinklelis nuo uod\u0173<\/h6>\n<\/li>\n<li class=\"\" data-start=\"1863\" data-end=\"1877\">\n<h6 data-start=\"1865\" data-end=\"1877\">1x lietaus pl\u0117vel\u0117<\/h6>\n<\/li>\n<\/ul>\n<h6 data-start=\"1879\" data-end=\"1893\"><strong data-start=\"1879\" data-end=\"1891\">Tinkamumas:<\/strong><\/h6>\n<ul data-start=\"1894\" data-end=\"1925\">\n<li class=\"\" data-start=\"1911\" data-end=\"1925\">\n<h6 data-start=\"1913\" data-end=\"1925\"><a href=\"https:\/\/hummy.ee\/lt\/?post_type=product&amp;p=56021\">Apskritimas S Two<\/a><\/h6>\n<\/li>\n<\/ul>\n<h6><em>Su\u017einokite daugiau rinkin\u012f <a href=\"https:\/\/www.youtube.com\/watch?v=4R7ubnDYsEk\" target=\"_blank\" rel=\"noopener\">pristatan\u010diame vaizdo<\/a> \u012fra\u0161e.<\/em><\/h6>\n","protected":false},"excerpt":{"rendered":"<h6 data-start=\"184\" data-end=\"275\">Circle by ABC Design pried\u0173 rinkinys - sk\u0117tis ir <a href=\"https:\/\/hummy.ee\/lt\/?post_type=product&amp;p=56021\">tinklelis nuo uod\u0173<\/a> ve\u017eim\u0117liui Circle S Two. Naudodami pried\u0173 rinkin\u012f, kur\u012f sudaro lietpaltis ir tinklelis nuo uod\u0173, galite suteikti savo vaikui maksimali\u0105 apsaug\u0105 nuo lietaus, v\u0117jo ir \u012fkyri\u0173 vabzd\u017ei\u0173.<\/h6>\n","protected":false},"featured_media":56595,"comment_status":"open","ping_status":"closed","template":"","meta":{"_acf_changed":false,"om_disable_all_campaigns":false,"_monsterinsights_skip_tracking":false,"_monsterinsights_sitenote_active":false,"_monsterinsights_sitenote_note":"","_monsterinsights_sitenote_category":0,"_uf_show_specific_survey":0,"_uf_disable_surveys":false,"site-sidebar-layout":"default","site-content-layout":"","ast-site-content-layout":"default","site-content-style":"default","site-sidebar-style":"default","ast-global-header-display":"","ast-banner-title-visibility":"","ast-main-header-display":"","ast-hfb-above-header-display":"","ast-hfb-below-header-display":"","ast-hfb-mobile-header-display":"","site-post-title":"","ast-breadcrumbs-content":"","ast-featured-img":"","footer-sml-layout":"","theme-transparent-header-meta":"default","adv-header-id-meta":"","stick-header-meta":"","header-above-stick-meta":"","header-main-stick-meta":"","header-below-stick-meta":"","astra-migrate-meta-layouts":"set","ast-page-background-enabled":"default","ast-page-background-meta":{"desktop":{"background-color":"var(--ast-global-color-4)","background-image":"","background-repeat":"repeat","background-position":"center center","background-size":"auto","background-attachment":"scroll","background-type":"","background-media":"","overlay-type":"","overlay-color":"","overlay-opacity":"","overlay-gradient":""},"tablet":{"background-color":"","background-image":"","background-repeat":"repeat","background-position":"center center","background-size":"auto","background-attachment":"scroll","background-type":"","background-media":"","overlay-type":"","overlay-color":"","overlay-opacity":"","overlay-gradient":""},"mobile":{"background-color":"","background-image":"","background-repeat":"repeat","background-position":"center center","background-size":"auto","background-attachment":"scroll","background-type":"","background-media":"","overlay-type":"","overlay-color":"","overlay-opacity":"","overlay-gradient":""}},"ast-content-background-meta":{"desktop":{"background-color":"var(--ast-global-color-5)","background-image":"","background-repeat":"repeat","background-position":"center center","background-size":"auto","background-attachment":"scroll","background-type":"","background-media":"","overlay-type":"","overlay-color":"","overlay-opacity":"","overlay-gradient":""},"tablet":{"background-color":"var(--ast-global-color-5)","background-image":"","background-repeat":"repeat","background-position":"center center","background-size":"auto","background-attachment":"scroll","background-type":"","background-media":"","overlay-type":"","overlay-color":"","overlay-opacity":"","overlay-gradient":""},"mobile":{"background-color":"var(--ast-global-color-5)","background-image":"","background-repeat":"repeat","background-position":"center center","background-size":"auto","background-attachment":"scroll","background-type":"","background-media":"","overlay-type":"","overlay-color":"","overlay-opacity":"","overlay-gradient":""}}},"product_brand":[],"product_cat":[525,333],"product_tag":[],"class_list":{"0":"post-56597","1":"product","2":"type-product","3":"status-publish","4":"has-post-thumbnail","6":"product_cat-abc-dizainas","7":"product_cat-kalejimo-dangciai","8":"desktop-align-left","9":"tablet-align-left","10":"mobile-align-left","12":"first","13":"instock","14":"taxable","15":"shipping-taxable","16":"purchasable","17":"product-type-simple"},"acf":[],"aioseo_notices":[],"_links":{"self":[{"href":"https:\/\/hummy.ee\/lt\/wp-json\/wp\/v2\/product\/56597","targetHints":{"allow":["GET"]}}],"collection":[{"href":"https:\/\/hummy.ee\/lt\/wp-json\/wp\/v2\/product"}],"about":[{"href":"https:\/\/hummy.ee\/lt\/wp-json\/wp\/v2\/types\/product"}],"replies":[{"embeddable":true,"href":"https:\/\/hummy.ee\/lt\/wp-json\/wp\/v2\/comments?post=56597"}],"version-history":[{"count":5,"href":"https:\/\/hummy.ee\/lt\/wp-json\/wp\/v2\/product\/56597\/revisions"}],"predecessor-version":[{"id":77496,"href":"https:\/\/hummy.ee\/lt\/wp-json\/wp\/v2\/product\/56597\/revisions\/77496"}],"wp:featuredmedia":[{"embeddable":true,"href":"https:\/\/hummy.ee\/lt\/wp-json\/wp\/v2\/media\/56595"}],"wp:attachment":[{"href":"https:\/\/hummy.ee\/lt\/wp-json\/wp\/v2\/media?parent=56597"}],"wp:term":[{"taxonomy":"product_brand","embeddable":true,"href":"https:\/\/hummy.ee\/lt\/wp-json\/wp\/v2\/product_brand?post=56597"},{"taxonomy":"product_cat","embeddable":true,"href":"https:\/\/hummy.ee\/lt\/wp-json\/wp\/v2\/product_cat?post=56597"},{"taxonomy":"product_tag","embeddable":true,"href":"https:\/\/hummy.ee\/lt\/wp-json\/wp\/v2\/product_tag?post=56597"}],"curies":[{"name":"wp","href":"https:\/\/api.w.org\/{rel}","templated":true}]}}