{"id":56021,"date":"2025-04-21T12:27:10","date_gmt":"2025-04-21T12:27:10","guid":{"rendered":"https:\/\/hummy.ee\/product\/circle-s-two-vezimelis\/"},"modified":"2026-02-20T12:36:01","modified_gmt":"2026-02-20T12:36:01","slug":"circle-s-two-vezimelis","status":"publish","type":"product","link":"https:\/\/hummy.ee\/lt\/produktas\/circle-s-two-vezimelis\/","title":{"rendered":"Circle S Dviej\u0173 \u0161vies\u0173 ve\u017eim\u0117lis"},"content":{"rendered":"<h6><strong><em>Patogumas ir lankstumas kiekvienoje kelion\u0117je<\/em><\/strong><\/h6>\n<ul>\n<li>\n<h6>Dideli galiniai ratai ir pakaba leid\u017eia skland\u017eiai jud\u0117ti bet kokiu reljefu: asfaltu, \u0161aligatviu, \u017evyrkeliu ar parko keliu.<\/h6>\n<\/li>\n<li>\n<h6>Apver\u010diama s\u0117dyn\u0117 leid\u017eia pasirinkti vaiko va\u017eiavimo krypt\u012f - atsisukus \u012f jus, kad vaikas jaust\u0173si saugus, arba atsisukus nuo j\u016bs\u0173, kad gal\u0117t\u0173 kartu tyrin\u0117ti pasaul\u012f.<\/h6>\n<\/li>\n<li>\n<h6>Sulankstomas su s\u0117dyne - lengva transportuoti ir laikyti, nepriklausomai nuo s\u0117dyn\u0117s pad\u0117ties<\/h6>\n<\/li>\n<\/ul>\n<h6><strong><em>Did\u017eiausias komfortas j\u016bs\u0173 vaikui<\/em><\/strong><\/h6>\n<ul>\n<li>\n<h6>Keturi\u0173 pad\u0117\u010di\u0173 atlo\u0161as (\u012fskaitant visi\u0161kai atsilenkian\u010di\u0105 pad\u0117t\u012f) ir reguliuojamas koj\u0173 atramos atlo\u0161as - ergonomi\u0161ka pad\u0117tis bet kokio am\u017eiaus \u017emon\u0117ms.<\/h6>\n<\/li>\n<li>\n<h6>&#8222;HappyBelt\u00ae\" dir\u017eas su magnetin\u0117mis sagtimis - saugus ir greitas u\u017esegimas<\/h6>\n<\/li>\n<li>\n<h6>Nuimamas apsauginis porankis - palengvina pakrovim\u0105 ir i\u0161krovim\u0105<\/h6>\n<\/li>\n<\/ul>\n<h6><strong><em>Apsauga bet kokiomis oro s\u0105lygomis<\/em><\/strong><\/h6>\n<ul>\n<li>\n<h6>Veidrodis su UPF50+ apsauga - i\u0161traukiamas, kad vasar\u0105 ir per li\u016btis suteikt\u0173 pav\u0117s\u012f ir apsaug\u0105.<\/h6>\n<\/li>\n<li>\n<h6>Stov\u0117jimo stabdys, kur\u012f galite naudoti ir keln\u0117se<\/h6>\n<\/li>\n<\/ul>\n<h6><strong><em>Lengva pasiimti - lengva i\u0161laikyti<\/em><\/strong><\/h6>\n<ul>\n<li>\n<h6>D\u0117l viena ranka valdomo sulankstymo mechanizmo juo ypa\u010d patogu naudotis<\/h6>\n<\/li>\n<li>\n<h6>Integruota ne\u0161iojimo rankena leid\u017eia ve\u017eim\u0117l\u012f patogiai perkelti net ir sulankstyt\u0105.<\/h6>\n<\/li>\n<\/ul>\n<h6><em><strong>Techniniai duomenys<\/strong><\/em><\/h6>\n<ul>\n<li>\n<h6>Tinka nuo 6 m\u0117nesi\u0173 iki 4 met\u0173 am\u017eiaus<\/h6>\n<\/li>\n<li>\n<h6>Did\u017eiausias vaiko svoris: 22 kg<\/h6>\n<\/li>\n<li>\n<h6>Pirkini\u0173 krep\u0161elio talpa: 5 kg<\/h6>\n<\/li>\n<li>\n<h6>Ratai: oro kameros (priekiniai 15 cm \/ galiniai 19,5 cm)<\/h6>\n<\/li>\n<li>\n<h6>Pakaba: 4 rat\u0173<\/h6>\n<\/li>\n<li>\n<h6>Sulankstoma rankena: fiksuota (auk\u0161tis 106 cm)<\/h6>\n<\/li>\n<li>\n<h6>Surinkimas: viena ranka<\/h6>\n<\/li>\n<li>\n<h6>S\u0117dyn\u0117: apver\u010diama,<\/h6>\n<\/li>\n<li>\n<h6>Koj\u0173 atrama: Reguliuojamas<\/h6>\n<\/li>\n<li>\n<h6>Atlo\u0161as: Reguliuojamas<\/h6>\n<\/li>\n<\/ul>\n<h6><strong><em>I\u0161matavimai ir svoris<\/em><\/strong><\/h6>\n<ul>\n<li>\n<h6>Surinktas: 78 x 55 x 34 cm<\/h6>\n<\/li>\n<li>\n<h6>Atviros patalpos matmenys: 86 x 55 x 106 cm (ilgis x plotis x auk\u0161tis)<\/h6>\n<\/li>\n<li>\n<h6>Surinktas be ratuk\u0173: 78 x 45 x 34 cm<\/h6>\n<\/li>\n<li>\n<h6>R\u0117mo svoris: 5,5 kg<\/h6>\n<\/li>\n<li>\n<h6>S\u0117dyn\u0117s svoris: 3,3 kg<\/h6>\n<\/li>\n<\/ul>\n<h6><strong><em>Komfortas ir matmenys<\/em><\/strong><\/h6>\n<ul>\n<li>\n<h6>S\u0117dimoji dalis: 20 x 30 cm<\/h6>\n<\/li>\n<li>\n<h6>Atlo\u0161as: 47 x 27 cm<\/h6>\n<\/li>\n<li>\n<h6>Koj\u0173 atrama: 22 x 36 cm<\/h6>\n<\/li>\n<li>\n<h6>Lamami pavir\u0161ius: 90 x 99 cm<\/h6>\n<\/li>\n<\/ul>\n<h6><em><strong>Kod\u0117l verta rinktis &#8222;S Two\" lengv\u0105j\u012f sunkve\u017eim\u012f?<\/strong><\/em><\/h6>\n<ul>\n<li>\n<h6>Idealiai tinka mieste ir gamtoje<\/h6>\n<\/li>\n<li>\n<h6>Sulankstomas net su s\u0117dyne<\/h6>\n<\/li>\n<li>\n<h6>Did\u017eiausias komfortas bet kokio am\u017eiaus vaikams<\/h6>\n<\/li>\n<li>\n<h6>Sukurta aktyviems t\u0117vams<\/h6>\n<\/li>\n<li>\n<h6>Tikrai saugus ir patvarus pasirinkimas<\/h6>\n<\/li>\n<\/ul>\n<h6><\/h6>\n<h6><em>Su\u017einokite daugiau \u0161viesos ve\u017eim\u0117lio <a href=\"https:\/\/www.youtube.com\/watch?v=c5wKVgIdjdM&amp;embeds_referring_euri=https%3A%2F%2Fwww.abc-design.de%2F&amp;embeds_referring_origin=https%3A%2F%2Fwww.abc-design.de\" target=\"_blank\" rel=\"noopener\">vaizdo \u012fra\u0161e .<\/a><\/em><\/h6>\n<p>&nbsp;<\/p>\n<h6 class=\"wp-block-column\"><em>D\u0117l tinkam\u0173 rat\u0173 ve\u017eim\u0117liu naudotis daug patogiau! Daugiau informacijos apie tai, kaip i\u0161sirinkti tinkamiausi\u0105 sprendim\u0105, rasite Hummy <a href=\"https:\/\/hummy.ee\/lt\/koki-vezimeli-su-ratukais-tureciau-pasirinkti\/\" target=\"_blank\" rel=\"nofollow noopener\">tinklara\u0161tyje<\/a>. <\/em><\/h6>\n","protected":false},"excerpt":{"rendered":"<h6 data-start=\"218\" data-end=\"271\">&#8222;Circle S Two\" i\u0161 &#8222;ABC Design\" - idealus lengvas ve\u017eim\u0117lis su didesniais ratais aktyviai \u0161eimai. Jei ie\u0161kote ve\u017eim\u0117lio, kuriame dera sporti\u0161kumas, stilius ir prakti\u0161kumas, &#8222;S Two\" skirtas jums. \u0160is universalus ve\u017eim\u0117lis puikiai tinka kasdieniam va\u017ein\u0117jimui mieste ir savaitgalio nuotykiams gamtoje.<\/h6>\n<h6><\/h6>\n","protected":false},"featured_media":83020,"comment_status":"open","ping_status":"closed","template":"","meta":{"_acf_changed":false,"om_disable_all_campaigns":false,"_monsterinsights_skip_tracking":false,"_monsterinsights_sitenote_active":false,"_monsterinsights_sitenote_note":"","_monsterinsights_sitenote_category":0,"_uf_show_specific_survey":0,"_uf_disable_surveys":false,"site-sidebar-layout":"default","site-content-layout":"","ast-site-content-layout":"default","site-content-style":"default","site-sidebar-style":"default","ast-global-header-display":"","ast-banner-title-visibility":"","ast-main-header-display":"","ast-hfb-above-header-display":"","ast-hfb-below-header-display":"","ast-hfb-mobile-header-display":"","site-post-title":"","ast-breadcrumbs-content":"","ast-featured-img":"","footer-sml-layout":"","theme-transparent-header-meta":"default","adv-header-id-meta":"","stick-header-meta":"","header-above-stick-meta":"","header-main-stick-meta":"","header-below-stick-meta":"","astra-migrate-meta-layouts":"set","ast-page-background-enabled":"default","ast-page-background-meta":{"desktop":{"background-color":"var(--ast-global-color-4)","background-image":"","background-repeat":"repeat","background-position":"center center","background-size":"auto","background-attachment":"scroll","background-type":"","background-media":"","overlay-type":"","overlay-color":"","overlay-opacity":"","overlay-gradient":""},"tablet":{"background-color":"","background-image":"","background-repeat":"repeat","background-position":"center center","background-size":"auto","background-attachment":"scroll","background-type":"","background-media":"","overlay-type":"","overlay-color":"","overlay-opacity":"","overlay-gradient":""},"mobile":{"background-color":"","background-image":"","background-repeat":"repeat","background-position":"center center","background-size":"auto","background-attachment":"scroll","background-type":"","background-media":"","overlay-type":"","overlay-color":"","overlay-opacity":"","overlay-gradient":""}},"ast-content-background-meta":{"desktop":{"background-color":"var(--ast-global-color-5)","background-image":"","background-repeat":"repeat","background-position":"center center","background-size":"auto","background-attachment":"scroll","background-type":"","background-media":"","overlay-type":"","overlay-color":"","overlay-opacity":"","overlay-gradient":""},"tablet":{"background-color":"var(--ast-global-color-5)","background-image":"","background-repeat":"repeat","background-position":"center center","background-size":"auto","background-attachment":"scroll","background-type":"","background-media":"","overlay-type":"","overlay-color":"","overlay-opacity":"","overlay-gradient":""},"mobile":{"background-color":"var(--ast-global-color-5)","background-image":"","background-repeat":"repeat","background-position":"center center","background-size":"auto","background-attachment":"scroll","background-type":"","background-media":"","overlay-type":"","overlay-color":"","overlay-opacity":"","overlay-gradient":""}}},"product_brand":[],"product_cat":[525,389,390],"product_tag":[],"class_list":{"0":"post-56021","1":"product","2":"type-product","3":"status-publish","4":"has-post-thumbnail","6":"product_cat-abc-dizainas","7":"product_cat-vezimeliai","8":"product_cat-cisternos","9":"desktop-align-left","10":"tablet-align-left","11":"mobile-align-left","13":"first","14":"instock","15":"sale","16":"taxable","17":"shipping-taxable","18":"purchasable","19":"product-type-variable"},"acf":[],"aioseo_notices":[],"_links":{"self":[{"href":"https:\/\/hummy.ee\/lt\/wp-json\/wp\/v2\/product\/56021","targetHints":{"allow":["GET"]}}],"collection":[{"href":"https:\/\/hummy.ee\/lt\/wp-json\/wp\/v2\/product"}],"about":[{"href":"https:\/\/hummy.ee\/lt\/wp-json\/wp\/v2\/types\/product"}],"replies":[{"embeddable":true,"href":"https:\/\/hummy.ee\/lt\/wp-json\/wp\/v2\/comments?post=56021"}],"version-history":[{"count":15,"href":"https:\/\/hummy.ee\/lt\/wp-json\/wp\/v2\/product\/56021\/revisions"}],"predecessor-version":[{"id":83002,"href":"https:\/\/hummy.ee\/lt\/wp-json\/wp\/v2\/product\/56021\/revisions\/83002"}],"wp:featuredmedia":[{"embeddable":true,"href":"https:\/\/hummy.ee\/lt\/wp-json\/wp\/v2\/media\/83020"}],"wp:attachment":[{"href":"https:\/\/hummy.ee\/lt\/wp-json\/wp\/v2\/media?parent=56021"}],"wp:term":[{"taxonomy":"product_brand","embeddable":true,"href":"https:\/\/hummy.ee\/lt\/wp-json\/wp\/v2\/product_brand?post=56021"},{"taxonomy":"product_cat","embeddable":true,"href":"https:\/\/hummy.ee\/lt\/wp-json\/wp\/v2\/product_cat?post=56021"},{"taxonomy":"product_tag","embeddable":true,"href":"https:\/\/hummy.ee\/lt\/wp-json\/wp\/v2\/product_tag?post=56021"}],"curies":[{"name":"wp","href":"https:\/\/api.w.org\/{rel}","templated":true}]}}