{"id":54410,"date":"2025-03-02T20:43:01","date_gmt":"2025-03-02T20:43:01","guid":{"rendered":"https:\/\/hummy.ee\/product\/moduline-sofa-lova-sofa-lova\/"},"modified":"2026-02-18T11:02:21","modified_gmt":"2026-02-18T11:02:21","slug":"moduline-sofa-lova-sofa-lova","status":"publish","type":"product","link":"https:\/\/hummy.ee\/lt\/produktas\/moduline-sofa-lova-sofa-lova\/","title":{"rendered":"Modulin\u0117 sofa-lova - Sofa-lova"},"content":{"rendered":"<h6 data-start=\"190\" data-end=\"233\"><em><strong data-start=\"194\" data-end=\"231\">Ma\u017ea prabanga ir erdvus komfortas<\/strong><\/em><\/h6>\n<h6 data-start=\"234\" data-end=\"455\">Kaip \u0161aunu tur\u0117ti nuosav\u0105 ma\u017e\u0105, bet erdvi\u0105 modulin\u0119 sof\u0105? Nesvarbu, ar tai b\u016bt\u0173 \u017eaidim\u0173 erdv\u0117 \u017eaislams, ar jaukus kampelis knygai skaityti ir snausti - modulin\u0117 sofa &#8222;Settee\" visada pasiruo\u0161usi prisijungti prie savo ma\u017eojo savininko.<\/h6>\n<p>&nbsp;<\/p>\n<h6 data-start=\"457\" data-end=\"488\"><em><strong data-start=\"461\" data-end=\"486\">Vaikai nusprend\u017eia<\/strong><\/em><\/h6>\n<h6 data-start=\"489\" data-end=\"688\">Suteikite laisv\u0119 jauniesiems k\u016br\u0117jams! 9 dali\u0173 modulin\u0117 sofa &#8222;Settee\" suteikia begal\u0119 galimybi\u0173 vaizduot\u0117s \u017eaidimams - pamatykite, kaip miela sofa akimirksniu virsta automobiliu, slaptu nameliu ar kuo nors visi\u0161kai nauju.<\/h6>\n<p>&nbsp;<\/p>\n<h6 data-start=\"690\" data-end=\"722\"><em><strong data-start=\"694\" data-end=\"720\">Socialinis kampelis<\/strong><\/em><\/h6>\n<h6 data-start=\"723\" data-end=\"866\">Pasikvieskite draugus ir m\u0117gaukit\u0117s vaik\u0173 statomomis pilimis, dalinkit\u0117s juoku ir kartu kurkite nepamir\u0161tamus prisiminimus \u0161iame gra\u017eiame Settee moduliniame denyje.<\/h6>\n<p>&nbsp;<\/p>\n<h6 data-start=\"0\" data-end=\"22\"><em><strong data-start=\"4\" data-end=\"20\">Atidarykite ir \u017eaiskite<\/strong><\/em><\/h6>\n<h6 data-start=\"23\" data-end=\"193\">Siekdami u\u017etikrinti geriausi\u0105 gamini\u0173 kokyb\u0119, visada pakuojame juos originalaus dyd\u017eio. Dumblas pristatomas dviejose atskirose d\u0117\u017e\u0117se - i\u0161imkite visus elementus ir leiskite nuotykiams prasid\u0117ti!<\/h6>\n<p>&nbsp;<\/p>\n<h6 data-start=\"195\" data-end=\"227\"><em><strong data-start=\"199\" data-end=\"225\">Erdv\u0119 taupantis sprendimas<\/strong><\/em><\/h6>\n<h6 data-start=\"228\" data-end=\"415\">Kai sofa Settee nenaudojama kaip tvirtov\u0117 ar valtis, j\u0105 galima akimirksniu paversti patogia sofa, kad erdv\u0117 b\u016bt\u0173 tvarkinga ir visada b\u016bt\u0173 patogi kitam k\u016brybiniam \u017eaidimui.<\/h6>\n<p>&nbsp;<\/p>\n<h6 data-start=\"417\" data-end=\"451\"><em><strong data-start=\"421\" data-end=\"449\">Lankstus ir ne\u0161iojamas<\/strong><\/em><\/h6>\n<h6 data-start=\"452\" data-end=\"581\">Lengva ir lengva perkelti - visus modulin\u0117s plok\u0161t\u0117s elementus galima greitai perstatyti ir kaskart sukurti nauj\u0105 ir \u012fdomi\u0105 \u017eaidim\u0173 aplink\u0105.<\/h6>\n<p>&nbsp;<\/p>\n<h6><em><strong>Pagaminta su meile ir r\u016bpes\u010diu<\/strong><\/em><em><strong>amat\u0173<\/strong><\/em><\/h6>\n<h6 data-start=\"38\" data-end=\"329\">Tur\u0117dami daugiau nei de\u0161imtme\u010dio patirt\u012f, did\u017eiuojam\u0117s gal\u0117dami tiekti did\u017eiausiems ES ma\u017emenininkams gaminius, kurie kruop\u0161\u010diai ir su meile gaminami m\u016bs\u0173 gamykloje Latvijoje. Patys kontroliuojame kiekvien\u0105 gamybos etap\u0105, kreipiame d\u0117mes\u012f \u012f menkiausias detales ir nuolat tobuliname bei diegiame naujoves.<\/h6>\n","protected":false},"excerpt":{"rendered":"<h6>Itin universali modulin\u0117 sofa &#8222;Settee\", sukurta taip, kad tikt\u0173 bet kokiems \u0161eimos namams, sukuria saugi\u0105 aplink\u0105 \u017eaidimams, poilsiui, miegui ar bet kokiam kitam ma\u017eojo \u0161eimininko sumanymui.<\/h6>\n","protected":false},"featured_media":45054,"comment_status":"open","ping_status":"closed","template":"","meta":{"_acf_changed":false,"om_disable_all_campaigns":false,"_monsterinsights_skip_tracking":false,"_monsterinsights_sitenote_active":false,"_monsterinsights_sitenote_note":"","_monsterinsights_sitenote_category":0,"_uf_show_specific_survey":0,"_uf_disable_surveys":false,"site-sidebar-layout":"default","site-content-layout":"","ast-site-content-layout":"default","site-content-style":"default","site-sidebar-style":"default","ast-global-header-display":"","ast-banner-title-visibility":"","ast-main-header-display":"","ast-hfb-above-header-display":"","ast-hfb-below-header-display":"","ast-hfb-mobile-header-display":"","site-post-title":"","ast-breadcrumbs-content":"","ast-featured-img":"","footer-sml-layout":"","theme-transparent-header-meta":"default","adv-header-id-meta":"","stick-header-meta":"","header-above-stick-meta":"","header-main-stick-meta":"","header-below-stick-meta":"","astra-migrate-meta-layouts":"set","ast-page-background-enabled":"default","ast-page-background-meta":{"desktop":{"background-color":"var(--ast-global-color-4)","background-image":"","background-repeat":"repeat","background-position":"center center","background-size":"auto","background-attachment":"scroll","background-type":"","background-media":"","overlay-type":"","overlay-color":"","overlay-opacity":"","overlay-gradient":""},"tablet":{"background-color":"","background-image":"","background-repeat":"repeat","background-position":"center center","background-size":"auto","background-attachment":"scroll","background-type":"","background-media":"","overlay-type":"","overlay-color":"","overlay-opacity":"","overlay-gradient":""},"mobile":{"background-color":"","background-image":"","background-repeat":"repeat","background-position":"center center","background-size":"auto","background-attachment":"scroll","background-type":"","background-media":"","overlay-type":"","overlay-color":"","overlay-opacity":"","overlay-gradient":""}},"ast-content-background-meta":{"desktop":{"background-color":"var(--ast-global-color-5)","background-image":"","background-repeat":"repeat","background-position":"center center","background-size":"auto","background-attachment":"scroll","background-type":"","background-media":"","overlay-type":"","overlay-color":"","overlay-opacity":"","overlay-gradient":""},"tablet":{"background-color":"var(--ast-global-color-5)","background-image":"","background-repeat":"repeat","background-position":"center center","background-size":"auto","background-attachment":"scroll","background-type":"","background-media":"","overlay-type":"","overlay-color":"","overlay-opacity":"","overlay-gradient":""},"mobile":{"background-color":"var(--ast-global-color-5)","background-image":"","background-repeat":"repeat","background-position":"center center","background-size":"auto","background-attachment":"scroll","background-type":"","background-media":"","overlay-type":"","overlay-color":"","overlay-opacity":"","overlay-gradient":""}}},"product_brand":[],"product_cat":[970],"product_tag":[],"class_list":{"0":"post-54410","1":"product","2":"type-product","3":"status-publish","4":"has-post-thumbnail","6":"product_cat-wigiwama-lt","7":"desktop-align-left","8":"tablet-align-left","9":"mobile-align-left","11":"first","12":"instock","13":"sale","14":"taxable","15":"shipping-taxable","16":"purchasable","17":"product-type-variable"},"acf":[],"aioseo_notices":[],"_links":{"self":[{"href":"https:\/\/hummy.ee\/lt\/wp-json\/wp\/v2\/product\/54410","targetHints":{"allow":["GET"]}}],"collection":[{"href":"https:\/\/hummy.ee\/lt\/wp-json\/wp\/v2\/product"}],"about":[{"href":"https:\/\/hummy.ee\/lt\/wp-json\/wp\/v2\/types\/product"}],"replies":[{"embeddable":true,"href":"https:\/\/hummy.ee\/lt\/wp-json\/wp\/v2\/comments?post=54410"}],"version-history":[{"count":2,"href":"https:\/\/hummy.ee\/lt\/wp-json\/wp\/v2\/product\/54410\/revisions"}],"predecessor-version":[{"id":82590,"href":"https:\/\/hummy.ee\/lt\/wp-json\/wp\/v2\/product\/54410\/revisions\/82590"}],"wp:featuredmedia":[{"embeddable":true,"href":"https:\/\/hummy.ee\/lt\/wp-json\/wp\/v2\/media\/45054"}],"wp:attachment":[{"href":"https:\/\/hummy.ee\/lt\/wp-json\/wp\/v2\/media?parent=54410"}],"wp:term":[{"taxonomy":"product_brand","embeddable":true,"href":"https:\/\/hummy.ee\/lt\/wp-json\/wp\/v2\/product_brand?post=54410"},{"taxonomy":"product_cat","embeddable":true,"href":"https:\/\/hummy.ee\/lt\/wp-json\/wp\/v2\/product_cat?post=54410"},{"taxonomy":"product_tag","embeddable":true,"href":"https:\/\/hummy.ee\/lt\/wp-json\/wp\/v2\/product_tag?post=54410"}],"curies":[{"name":"wp","href":"https:\/\/api.w.org\/{rel}","templated":true}]}}