{"id":54395,"date":"2025-03-02T20:43:03","date_gmt":"2025-03-02T20:43:03","guid":{"rendered":"https:\/\/hummy.ee\/product\/kede-skaitymui-su-pupeliu-maiseliu-big-lounger\/"},"modified":"2026-02-18T11:08:29","modified_gmt":"2026-02-18T11:08:29","slug":"kede-skaitymui-su-pupeliu-maiseliu-big-lounger","status":"publish","type":"product","link":"https:\/\/hummy.ee\/lt\/produktas\/kede-skaitymui-su-pupeliu-maiseliu-big-lounger\/","title":{"rendered":"K\u0117d\u0117 skaitymui su pupeli\u0173 mai\u0161eliu - Big Lounger"},"content":{"rendered":"<h6 data-start=\"0\" data-end=\"30\"><em><strong data-start=\"0\" data-end=\"28\">Puikus poilsio kr\u0117slas atsipalaidavimui<\/strong><\/em><\/h6>\n<h6 data-start=\"32\" data-end=\"161\">Sukurta taip, kad suteikt\u0173 maksimali\u0105 atram\u0105 ir komfort\u0105, kad ma\u017eylis gal\u0117t\u0173 s\u0117d\u0117ti, skaityti, \u017eaisti ar \u017ei\u016br\u0117ti m\u0117gstam\u0105 film\u0105.<\/h6>\n<p>&nbsp;<\/p>\n<h6 data-start=\"163\" data-end=\"196\"><em><strong data-start=\"163\" data-end=\"194\">Leiskite pasireik\u0161ti savo vaizduotei<\/strong><\/em><\/h6>\n<h6 data-start=\"198\" data-end=\"357\">Ar tai tik gultas&#8230; ar ledkalnis, dreifuojantis \u0160iaur\u0117s a\u0161igalio link? O gal pirat\u0173 laivas? Lipkite \u012f laiv\u0105 ir leiskite savo vaizduotei veikti!<\/h6>\n<p>&nbsp;<\/p>\n<h6 data-start=\"359\" data-end=\"385\"><em><strong data-start=\"359\" data-end=\"383\">Paprastumas ir estetika<\/strong><\/em><\/h6>\n<h6 data-start=\"387\" data-end=\"490\">\u0160varus ir paprastas &#8222;Big Lounger\" dizainas suteikia stiliaus bet kuriam kambariui ir sukuria rami\u0105 bei erdvi\u0105 atmosfer\u0105.<\/h6>\n<p>&nbsp;<\/p>\n<h6><b><i>Lengva prie\u017ei\u016bra<\/i><\/b><b><i><\/i><\/b><\/h6>\n<h6>D\u0117l u\u017erakto atidarymo dangt\u012f lengva nuimti ir i\u0161skalbti. Dangt\u012f skalbkite rankomis (30 \u00b0C) su pana\u0161iomis spalvomis ir pakabinkite i\u0161d\u017ei\u016bti.<\/h6>\n<p>&nbsp;<\/p>\n<h6><em><strong>Rank\u0173 darbo gaminiai, pagaminti su meile ir r\u016bpes\u010diu<\/strong><\/em><\/h6>\n<h6 data-start=\"38\" data-end=\"329\">Tur\u0117dami daugiau nei de\u0161imtme\u010dio patirt\u012f, did\u017eiuojam\u0117s gal\u0117dami tiekti did\u017eiausiems ES ma\u017emenininkams gaminius, kurie kruop\u0161\u010diai ir su meile gaminami m\u016bs\u0173 gamykloje Latvijoje. Patys kontroliuojame kiekvien\u0105 gamybos etap\u0105, kreipiame d\u0117mes\u012f \u012f menkiausias detales ir nuolat tobuliname bei diegiame naujoves.<\/h6>\n","protected":false},"excerpt":{"rendered":"<h6 data-start=\"145\" data-end=\"395\">\u0160ios atlo\u0161iamos k\u0117d\u0117s forma vilioja prispausti EPS karoliukus ir i\u0161 ties\u0173 atsipalaiduoti. Did\u017eioji gul\u0117jimo k\u0117dut\u0117 pagaminta i\u0161 auk\u0161tos kokyb\u0117s, mink\u0161to aksominio virvelinio audinio, kurio prabangi tekst\u016bra suteikia ma\u017eiesiems \u0161eimininkams nepamir\u0161tam\u0105 lyt\u0117jimo patirt\u012f.<\/h6>\n","protected":false},"featured_media":44958,"comment_status":"open","ping_status":"closed","template":"","meta":{"_acf_changed":false,"om_disable_all_campaigns":false,"_monsterinsights_skip_tracking":false,"_monsterinsights_sitenote_active":false,"_monsterinsights_sitenote_note":"","_monsterinsights_sitenote_category":0,"_uf_show_specific_survey":0,"_uf_disable_surveys":false,"site-sidebar-layout":"default","site-content-layout":"","ast-site-content-layout":"default","site-content-style":"default","site-sidebar-style":"default","ast-global-header-display":"","ast-banner-title-visibility":"","ast-main-header-display":"","ast-hfb-above-header-display":"","ast-hfb-below-header-display":"","ast-hfb-mobile-header-display":"","site-post-title":"","ast-breadcrumbs-content":"","ast-featured-img":"","footer-sml-layout":"","theme-transparent-header-meta":"default","adv-header-id-meta":"","stick-header-meta":"","header-above-stick-meta":"","header-main-stick-meta":"","header-below-stick-meta":"","astra-migrate-meta-layouts":"set","ast-page-background-enabled":"default","ast-page-background-meta":{"desktop":{"background-color":"var(--ast-global-color-4)","background-image":"","background-repeat":"repeat","background-position":"center center","background-size":"auto","background-attachment":"scroll","background-type":"","background-media":"","overlay-type":"","overlay-color":"","overlay-opacity":"","overlay-gradient":""},"tablet":{"background-color":"","background-image":"","background-repeat":"repeat","background-position":"center center","background-size":"auto","background-attachment":"scroll","background-type":"","background-media":"","overlay-type":"","overlay-color":"","overlay-opacity":"","overlay-gradient":""},"mobile":{"background-color":"","background-image":"","background-repeat":"repeat","background-position":"center center","background-size":"auto","background-attachment":"scroll","background-type":"","background-media":"","overlay-type":"","overlay-color":"","overlay-opacity":"","overlay-gradient":""}},"ast-content-background-meta":{"desktop":{"background-color":"var(--ast-global-color-5)","background-image":"","background-repeat":"repeat","background-position":"center center","background-size":"auto","background-attachment":"scroll","background-type":"","background-media":"","overlay-type":"","overlay-color":"","overlay-opacity":"","overlay-gradient":""},"tablet":{"background-color":"var(--ast-global-color-5)","background-image":"","background-repeat":"repeat","background-position":"center center","background-size":"auto","background-attachment":"scroll","background-type":"","background-media":"","overlay-type":"","overlay-color":"","overlay-opacity":"","overlay-gradient":""},"mobile":{"background-color":"var(--ast-global-color-5)","background-image":"","background-repeat":"repeat","background-position":"center center","background-size":"auto","background-attachment":"scroll","background-type":"","background-media":"","overlay-type":"","overlay-color":"","overlay-opacity":"","overlay-gradient":""}}},"product_brand":[],"product_cat":[970],"product_tag":[],"class_list":{"0":"post-54395","1":"product","2":"type-product","3":"status-publish","4":"has-post-thumbnail","6":"product_cat-wigiwama-lt","7":"desktop-align-left","8":"tablet-align-left","9":"mobile-align-left","11":"first","12":"instock","13":"sale","14":"taxable","15":"shipping-taxable","16":"purchasable","17":"product-type-variable"},"acf":[],"aioseo_notices":[],"_links":{"self":[{"href":"https:\/\/hummy.ee\/lt\/wp-json\/wp\/v2\/product\/54395","targetHints":{"allow":["GET"]}}],"collection":[{"href":"https:\/\/hummy.ee\/lt\/wp-json\/wp\/v2\/product"}],"about":[{"href":"https:\/\/hummy.ee\/lt\/wp-json\/wp\/v2\/types\/product"}],"replies":[{"embeddable":true,"href":"https:\/\/hummy.ee\/lt\/wp-json\/wp\/v2\/comments?post=54395"}],"version-history":[{"count":2,"href":"https:\/\/hummy.ee\/lt\/wp-json\/wp\/v2\/product\/54395\/revisions"}],"predecessor-version":[{"id":82600,"href":"https:\/\/hummy.ee\/lt\/wp-json\/wp\/v2\/product\/54395\/revisions\/82600"}],"wp:featuredmedia":[{"embeddable":true,"href":"https:\/\/hummy.ee\/lt\/wp-json\/wp\/v2\/media\/44958"}],"wp:attachment":[{"href":"https:\/\/hummy.ee\/lt\/wp-json\/wp\/v2\/media?parent=54395"}],"wp:term":[{"taxonomy":"product_brand","embeddable":true,"href":"https:\/\/hummy.ee\/lt\/wp-json\/wp\/v2\/product_brand?post=54395"},{"taxonomy":"product_cat","embeddable":true,"href":"https:\/\/hummy.ee\/lt\/wp-json\/wp\/v2\/product_cat?post=54395"},{"taxonomy":"product_tag","embeddable":true,"href":"https:\/\/hummy.ee\/lt\/wp-json\/wp\/v2\/product_tag?post=54395"}],"curies":[{"name":"wp","href":"https:\/\/api.w.org\/{rel}","templated":true}]}}