{"id":54374,"date":"2025-03-02T20:43:00","date_gmt":"2025-03-02T20:43:00","guid":{"rendered":"https:\/\/hummy.ee\/product\/tumba-debesu-pufas\/"},"modified":"2026-02-18T11:11:39","modified_gmt":"2026-02-18T11:11:39","slug":"tumba-debesu-pufas","status":"publish","type":"product","link":"https:\/\/hummy.ee\/lt\/produktas\/tumba-debesu-pufas\/","title":{"rendered":"Pufas - Cloud"},"content":{"rendered":"<h6 data-start=\"177\" data-end=\"205\"><em><strong data-start=\"181\" data-end=\"203\">Tarsi ant debesies<\/strong><\/em><\/h6>\n<h6 data-start=\"206\" data-end=\"334\">Nesvarbu, ar skaitote, \u017eaid\u017eiate su \u017eaislais, ar tiesiog atsipalaiduojate, &#8222;Cloud Pouffe\" suteikia malonum\u0105 ir komfort\u0105 bet kuriuo metu.<\/h6>\n<p>&nbsp;<\/p>\n<h6 data-start=\"336\" data-end=\"379\"><em><strong data-start=\"340\" data-end=\"377\">Lengvas ir visada pasiruo\u0161\u0119s nuotykiams<\/strong><\/em><\/h6>\n<h6 data-start=\"380\" data-end=\"494\">Debes\u0173 pufas lengvai keliauja i\u0161 vieno kambario \u012f kit\u0105, kviesdamas vaikus atrasti naujus stebuklingus pasaulius ir i\u0161laisvinti vaizduot\u0119.<\/h6>\n<p>&nbsp;<\/p>\n<h6 data-start=\"496\" data-end=\"522\"><em><strong data-start=\"500\" data-end=\"520\">Pramogos, kurios t\u0119siasi<\/strong><\/em><\/h6>\n<h6 data-start=\"523\" data-end=\"669\">Pagamintas i\u0161 auk\u0161tos kokyb\u0117s ir patvari\u0173 med\u017eiag\u0173, kad b\u016bt\u0173 ilgai naudojamas ir pasiruo\u0161\u0119s bet kokiems nuotykiui, kok\u012f tik gali \u012fsivaizduoti j\u016bs\u0173 vaikas.<\/h6>\n<p>&nbsp;<\/p>\n<h6 data-start=\"671\" data-end=\"712\"><em><strong data-start=\"675\" data-end=\"710\">Debes\u0173 \u012fkv\u0117ptas paprastumas<\/strong><\/em><\/h6>\n<h6 data-start=\"713\" data-end=\"815\">Minimalistinis &#8222;Cloud Pouffe\" dizainas dera prie bet kokio interjero, suteikdamas bet kokiam kambariui erdvumo ir stiliaus.<\/h6>\n<p>&nbsp;<\/p>\n<h6 data-start=\"817\" data-end=\"841\"><em><strong data-start=\"821\" data-end=\"839\">Lengva prie\u017ei\u016bra<\/strong><\/em><\/h6>\n<h6 data-start=\"842\" data-end=\"987\">D\u0117l nuimamo dang\u010dio valymas tampa lengvas - tereikia nuimti, i\u0161skalbti ir &#8222;Cloud Pouffe\" tuba bus gaivi ir gaivi kaip saul\u0117t\u0105 dien\u0105. Dangt\u012f skalbkite rankomis (30 \u00b0C) su pana\u0161iomis spalvomis ir pakabinkite i\u0161d\u017ei\u016bti.<\/h6>\n<p>&nbsp;<\/p>\n<h6><em><strong>Pagaminta su meile ir r\u016bpes\u010diu<\/strong><\/em><em><strong>amat\u0173<\/strong><\/em><\/h6>\n<h6 data-start=\"38\" data-end=\"329\">Tur\u0117dami daugiau nei de\u0161imtme\u010dio patirt\u012f, did\u017eiuojam\u0117s gal\u0117dami tiekti did\u017eiausiems ES ma\u017emenininkams gaminius, kurie kruop\u0161\u010diai ir su meile gaminami m\u016bs\u0173 gamykloje Latvijoje. Patys kontroliuojame kiekvien\u0105 gamybos etap\u0105, kreipiame d\u0117mes\u012f \u012f menkiausias detales ir nuolat tobuliname bei diegiame naujoves.<\/h6>\n","protected":false},"excerpt":{"rendered":"<h6 data-start=\"0\" data-end=\"48\">Pakelkite vaiko komfort\u0105 \u012f nauj\u0105 lyg\u012f. Sukurta maksimaliam komfortui ir atramai, &#8222;Cloud Pouffe\" pagalv\u0117l\u0117 taip pat yra stilingas dekoro elementas, suteikiantis j\u016bs\u0173 kambariui mink\u0161tumo ir asmeni\u0161kumo. Wigiwama aksomo audinio pagalv\u0117l\u0117 Cloud Pouffe suteikia jaukumo ir \u017eavesio bet kuriai gyvenamajai erdvei!<\/h6>\n","protected":false},"featured_media":45234,"comment_status":"open","ping_status":"closed","template":"","meta":{"_acf_changed":false,"om_disable_all_campaigns":false,"_monsterinsights_skip_tracking":false,"_monsterinsights_sitenote_active":false,"_monsterinsights_sitenote_note":"","_monsterinsights_sitenote_category":0,"_uf_show_specific_survey":0,"_uf_disable_surveys":false,"site-sidebar-layout":"default","site-content-layout":"","ast-site-content-layout":"default","site-content-style":"default","site-sidebar-style":"default","ast-global-header-display":"","ast-banner-title-visibility":"","ast-main-header-display":"","ast-hfb-above-header-display":"","ast-hfb-below-header-display":"","ast-hfb-mobile-header-display":"","site-post-title":"","ast-breadcrumbs-content":"","ast-featured-img":"","footer-sml-layout":"","theme-transparent-header-meta":"default","adv-header-id-meta":"","stick-header-meta":"","header-above-stick-meta":"","header-main-stick-meta":"","header-below-stick-meta":"","astra-migrate-meta-layouts":"set","ast-page-background-enabled":"default","ast-page-background-meta":{"desktop":{"background-color":"var(--ast-global-color-4)","background-image":"","background-repeat":"repeat","background-position":"center center","background-size":"auto","background-attachment":"scroll","background-type":"","background-media":"","overlay-type":"","overlay-color":"","overlay-opacity":"","overlay-gradient":""},"tablet":{"background-color":"","background-image":"","background-repeat":"repeat","background-position":"center center","background-size":"auto","background-attachment":"scroll","background-type":"","background-media":"","overlay-type":"","overlay-color":"","overlay-opacity":"","overlay-gradient":""},"mobile":{"background-color":"","background-image":"","background-repeat":"repeat","background-position":"center center","background-size":"auto","background-attachment":"scroll","background-type":"","background-media":"","overlay-type":"","overlay-color":"","overlay-opacity":"","overlay-gradient":""}},"ast-content-background-meta":{"desktop":{"background-color":"var(--ast-global-color-5)","background-image":"","background-repeat":"repeat","background-position":"center center","background-size":"auto","background-attachment":"scroll","background-type":"","background-media":"","overlay-type":"","overlay-color":"","overlay-opacity":"","overlay-gradient":""},"tablet":{"background-color":"var(--ast-global-color-5)","background-image":"","background-repeat":"repeat","background-position":"center center","background-size":"auto","background-attachment":"scroll","background-type":"","background-media":"","overlay-type":"","overlay-color":"","overlay-opacity":"","overlay-gradient":""},"mobile":{"background-color":"var(--ast-global-color-5)","background-image":"","background-repeat":"repeat","background-position":"center center","background-size":"auto","background-attachment":"scroll","background-type":"","background-media":"","overlay-type":"","overlay-color":"","overlay-opacity":"","overlay-gradient":""}}},"product_brand":[],"product_cat":[970],"product_tag":[],"class_list":{"0":"post-54374","1":"product","2":"type-product","3":"status-publish","4":"has-post-thumbnail","6":"product_cat-wigiwama-lt","7":"desktop-align-left","8":"tablet-align-left","9":"mobile-align-left","11":"first","12":"instock","13":"sale","14":"taxable","15":"shipping-taxable","16":"purchasable","17":"product-type-variable"},"acf":[],"aioseo_notices":[],"_links":{"self":[{"href":"https:\/\/hummy.ee\/lt\/wp-json\/wp\/v2\/product\/54374","targetHints":{"allow":["GET"]}}],"collection":[{"href":"https:\/\/hummy.ee\/lt\/wp-json\/wp\/v2\/product"}],"about":[{"href":"https:\/\/hummy.ee\/lt\/wp-json\/wp\/v2\/types\/product"}],"replies":[{"embeddable":true,"href":"https:\/\/hummy.ee\/lt\/wp-json\/wp\/v2\/comments?post=54374"}],"version-history":[{"count":2,"href":"https:\/\/hummy.ee\/lt\/wp-json\/wp\/v2\/product\/54374\/revisions"}],"predecessor-version":[{"id":82604,"href":"https:\/\/hummy.ee\/lt\/wp-json\/wp\/v2\/product\/54374\/revisions\/82604"}],"wp:featuredmedia":[{"embeddable":true,"href":"https:\/\/hummy.ee\/lt\/wp-json\/wp\/v2\/media\/45234"}],"wp:attachment":[{"href":"https:\/\/hummy.ee\/lt\/wp-json\/wp\/v2\/media?parent=54374"}],"wp:term":[{"taxonomy":"product_brand","embeddable":true,"href":"https:\/\/hummy.ee\/lt\/wp-json\/wp\/v2\/product_brand?post=54374"},{"taxonomy":"product_cat","embeddable":true,"href":"https:\/\/hummy.ee\/lt\/wp-json\/wp\/v2\/product_cat?post=54374"},{"taxonomy":"product_tag","embeddable":true,"href":"https:\/\/hummy.ee\/lt\/wp-json\/wp\/v2\/product_tag?post=54374"}],"curies":[{"name":"wp","href":"https:\/\/api.w.org\/{rel}","templated":true}]}}