{"id":54342,"date":"2025-03-02T20:43:01","date_gmt":"2025-03-02T20:43:01","guid":{"rendered":"https:\/\/hummy.ee\/product\/fotelis-menulio-kede\/"},"modified":"2026-02-18T11:02:49","modified_gmt":"2026-02-18T11:02:49","slug":"fotelis-menulio-kede","status":"publish","type":"product","link":"https:\/\/hummy.ee\/lt\/produktas\/fotelis-menulio-kede\/","title":{"rendered":"Fotelis - M\u0117nulio k\u0117d\u0117"},"content":{"rendered":"<h6 data-start=\"0\" data-end=\"24\"><em><strong data-start=\"4\" data-end=\"22\">Dangaus dizainas<\/strong><\/em><\/h6>\n<h6 data-start=\"25\" data-end=\"171\">Kaip m\u0117nulis savo \u0161velniu \u0161vyt\u0117jimu nu\u0161vie\u010dia nakties dang\u0173, taip ir k\u0117dut\u0117 &#8222;M\u0117nulis\" spinduliuoja \u0161ilum\u0105 ir patogum\u0105, suteikdama vaikams esteti\u0161k\u0105, bet jauki\u0105 aplink\u0105.<\/h6>\n<p>&nbsp;<\/p>\n<h6 data-start=\"173\" data-end=\"203\"><em><strong data-start=\"177\" data-end=\"201\">Puikus skaitymo kampas<\/strong><\/em><\/h6>\n<h6 data-start=\"204\" data-end=\"336\">\u0160velni\u0173, \u0161vari\u0173 linij\u0173 ir mink\u0161tos tekst\u016bros fotelis &#8222;Moon\" kvie\u010dia susig\u016b\u017eti, svajoti, skaityti ar tiesiog atsipalaiduoti.<\/h6>\n<p>&nbsp;<\/p>\n<h6 data-start=\"338\" data-end=\"366\"><em><strong data-start=\"342\" data-end=\"364\">K\u016brybi\u0161kumo i\u0161\u0161\u016bkis<\/strong><\/em><\/h6>\n<h6 data-start=\"367\" data-end=\"551\">K\u0117d\u0119 &#8222;Moon Chair\" sudaro trys kruop\u0161\u010diai suprojektuoti elementai. Pakvieskite savo ma\u017e\u0105j\u012f k\u016br\u0117j\u0105 pagalvoti - k\u0105 dar galima sukurti su jais? Pasiruo\u0161kite b\u016bti nustebinti j\u0173 berib\u0117s vaizduot\u0117s!<\/h6>\n<p>&nbsp;<\/p>\n<h6 data-start=\"0\" data-end=\"31\"><em><strong data-start=\"4\" data-end=\"29\">Komfortas visuose lygmenyse<\/strong><\/em><\/h6>\n<h6 data-start=\"32\" data-end=\"162\">Pritaikykite s\u0117dyn\u0119 pagal savo pageidavimus - perkelkite modulius auk\u0161tyn arba \u017eemyn ir atraskite begal\u0119 galimybi\u0173 maksimaliam komfortui!<\/h6>\n<p>&nbsp;<\/p>\n<h6 data-start=\"164\" data-end=\"196\"><em><strong data-start=\"168\" data-end=\"194\">Estetika kiekvienoje eilut\u0117je<\/strong><\/em><\/h6>\n<h6 data-start=\"197\" data-end=\"311\">\u0160is fotelis, pasi\u017eymintis minimalistiniais, rafinuotais kont\u016brais ir gra\u017eia spalv\u0173 palete, puikiai tiks bet kokiam interjerui.<\/h6>\n<p>&nbsp;<\/p>\n<h6 data-start=\"313\" data-end=\"343\"><em><strong data-start=\"317\" data-end=\"341\">Ilgalaik\u0117 kokyb\u0117<\/strong><\/em><\/h6>\n<h6 data-start=\"344\" data-end=\"456\">Pagaminta i\u0161 geriausi\u0173 med\u017eiag\u0173, kad b\u016bt\u0173 atspari kasdieniam naudojimui ir aktyvi\u0173 vaik\u0173 nuotykiams.<\/h6>\n<p>&nbsp;<\/p>\n<h6><b><i>Lengva prie\u017ei\u016bra<\/i><\/b><b><i><\/i><\/b><\/h6>\n<h6>D\u0117l u\u017erakto atidarymo dangt\u012f lengva nuimti ir i\u0161skalbti. Dangt\u012f skalbkite rankomis (30 \u00b0C) su pana\u0161iomis spalvomis ir pakabinkite i\u0161d\u017ei\u016bti.<\/h6>\n<p>&nbsp;<\/p>\n<h6><em><strong>Pagaminta su meile ir r\u016bpes\u010diu<\/strong><\/em><em><strong>amat\u0173<\/strong><\/em><\/h6>\n<h6 data-start=\"38\" data-end=\"329\">Tur\u0117dami daugiau nei de\u0161imtme\u010dio patirt\u012f, did\u017eiuojam\u0117s gal\u0117dami tiekti did\u017eiausiems ES ma\u017emenininkams gaminius, kurie kruop\u0161\u010diai ir su meile gaminami m\u016bs\u0173 gamykloje Latvijoje. Patys kontroliuojame kiekvien\u0105 gamybos etap\u0105, kreipiame d\u0117mes\u012f \u012f menkiausias detales ir nuolat tobuliname bei diegiame naujoves.<\/h6>\n","protected":false},"excerpt":{"rendered":"<h6 data-start=\"458\" data-end=\"502\">Puikus kompanionas kiekvienai veiklai. &#8222;Wigiwama Moon Chair\" yra puiki vieta skaityti, \u017eaisti \u017eaidimus, \u017ei\u016br\u0117ti animacinius filmus ar tiesiog atsipalaiduoti. Judinkite modulius, kaip norite, ir m\u0117gaukit\u0117s did\u017eiausiu komfortu!<\/h6>\n","protected":false},"featured_media":45166,"comment_status":"open","ping_status":"closed","template":"","meta":{"_acf_changed":false,"om_disable_all_campaigns":false,"_monsterinsights_skip_tracking":false,"_monsterinsights_sitenote_active":false,"_monsterinsights_sitenote_note":"","_monsterinsights_sitenote_category":0,"_uf_show_specific_survey":0,"_uf_disable_surveys":false,"site-sidebar-layout":"default","site-content-layout":"","ast-site-content-layout":"default","site-content-style":"default","site-sidebar-style":"default","ast-global-header-display":"","ast-banner-title-visibility":"","ast-main-header-display":"","ast-hfb-above-header-display":"","ast-hfb-below-header-display":"","ast-hfb-mobile-header-display":"","site-post-title":"","ast-breadcrumbs-content":"","ast-featured-img":"","footer-sml-layout":"","theme-transparent-header-meta":"default","adv-header-id-meta":"","stick-header-meta":"","header-above-stick-meta":"","header-main-stick-meta":"","header-below-stick-meta":"","astra-migrate-meta-layouts":"set","ast-page-background-enabled":"default","ast-page-background-meta":{"desktop":{"background-color":"var(--ast-global-color-4)","background-image":"","background-repeat":"repeat","background-position":"center center","background-size":"auto","background-attachment":"scroll","background-type":"","background-media":"","overlay-type":"","overlay-color":"","overlay-opacity":"","overlay-gradient":""},"tablet":{"background-color":"","background-image":"","background-repeat":"repeat","background-position":"center center","background-size":"auto","background-attachment":"scroll","background-type":"","background-media":"","overlay-type":"","overlay-color":"","overlay-opacity":"","overlay-gradient":""},"mobile":{"background-color":"","background-image":"","background-repeat":"repeat","background-position":"center center","background-size":"auto","background-attachment":"scroll","background-type":"","background-media":"","overlay-type":"","overlay-color":"","overlay-opacity":"","overlay-gradient":""}},"ast-content-background-meta":{"desktop":{"background-color":"var(--ast-global-color-5)","background-image":"","background-repeat":"repeat","background-position":"center center","background-size":"auto","background-attachment":"scroll","background-type":"","background-media":"","overlay-type":"","overlay-color":"","overlay-opacity":"","overlay-gradient":""},"tablet":{"background-color":"var(--ast-global-color-5)","background-image":"","background-repeat":"repeat","background-position":"center center","background-size":"auto","background-attachment":"scroll","background-type":"","background-media":"","overlay-type":"","overlay-color":"","overlay-opacity":"","overlay-gradient":""},"mobile":{"background-color":"var(--ast-global-color-5)","background-image":"","background-repeat":"repeat","background-position":"center center","background-size":"auto","background-attachment":"scroll","background-type":"","background-media":"","overlay-type":"","overlay-color":"","overlay-opacity":"","overlay-gradient":""}}},"product_brand":[],"product_cat":[970],"product_tag":[],"class_list":{"0":"post-54342","1":"product","2":"type-product","3":"status-publish","4":"has-post-thumbnail","6":"product_cat-wigiwama-lt","7":"desktop-align-left","8":"tablet-align-left","9":"mobile-align-left","11":"first","12":"instock","13":"sale","14":"taxable","15":"shipping-taxable","16":"purchasable","17":"product-type-variable"},"acf":[],"aioseo_notices":[],"_links":{"self":[{"href":"https:\/\/hummy.ee\/lt\/wp-json\/wp\/v2\/product\/54342","targetHints":{"allow":["GET"]}}],"collection":[{"href":"https:\/\/hummy.ee\/lt\/wp-json\/wp\/v2\/product"}],"about":[{"href":"https:\/\/hummy.ee\/lt\/wp-json\/wp\/v2\/types\/product"}],"replies":[{"embeddable":true,"href":"https:\/\/hummy.ee\/lt\/wp-json\/wp\/v2\/comments?post=54342"}],"version-history":[{"count":2,"href":"https:\/\/hummy.ee\/lt\/wp-json\/wp\/v2\/product\/54342\/revisions"}],"predecessor-version":[{"id":82592,"href":"https:\/\/hummy.ee\/lt\/wp-json\/wp\/v2\/product\/54342\/revisions\/82592"}],"wp:featuredmedia":[{"embeddable":true,"href":"https:\/\/hummy.ee\/lt\/wp-json\/wp\/v2\/media\/45166"}],"wp:attachment":[{"href":"https:\/\/hummy.ee\/lt\/wp-json\/wp\/v2\/media?parent=54342"}],"wp:term":[{"taxonomy":"product_brand","embeddable":true,"href":"https:\/\/hummy.ee\/lt\/wp-json\/wp\/v2\/product_brand?post=54342"},{"taxonomy":"product_cat","embeddable":true,"href":"https:\/\/hummy.ee\/lt\/wp-json\/wp\/v2\/product_cat?post=54342"},{"taxonomy":"product_tag","embeddable":true,"href":"https:\/\/hummy.ee\/lt\/wp-json\/wp\/v2\/product_tag?post=54342"}],"curies":[{"name":"wp","href":"https:\/\/api.w.org\/{rel}","templated":true}]}}