{"id":54297,"date":"2025-03-02T20:42:59","date_gmt":"2025-03-02T20:42:59","guid":{"rendered":"https:\/\/hummy.ee\/product\/palaikymo-priemone-debesis\/"},"modified":"2026-02-18T11:04:39","modified_gmt":"2026-02-18T11:04:39","slug":"palaikymo-priemone-debesis","status":"publish","type":"product","link":"https:\/\/hummy.ee\/lt\/produktas\/palaikymo-priemone-debesis\/","title":{"rendered":"Palaikymo priemon\u0117 - Debesis"},"content":{"rendered":"<h6 data-start=\"0\" data-end=\"40\"><em><strong>Debes\u0173 \u012fkv\u0117ptas dizainas<\/strong><\/em><\/h6>\n<h6 data-start=\"41\" data-end=\"187\">Mielas ir jaukus kr\u0117slas &#8222;Cloud\" kvie\u010dia vaik\u0105 pasinerti \u012f m\u0117gstamos knygos puslapius, svajoti \u017ei\u016brint pro lang\u0105 ar \u017ei\u016br\u0117ti animacin\u012f filmuk\u0105.<\/h6>\n<p>&nbsp;<\/p>\n<h6 data-start=\"189\" data-end=\"219\"><em><strong>Debes\u0173 komfortas kiekviename kambaryje<\/strong><\/em><\/h6>\n<h6 data-start=\"220\" data-end=\"369\">Nors k\u0117d\u0117 &#8222;Cloud\" yra \u0161iek tiek sunkesn\u0117 u\u017e tikr\u0105 debes\u012f, ji yra lengva ir lengvai perne\u0161ama, tod\u0117l puikiai tinka bet kuriame nam\u0173 kampelyje.<\/h6>\n<p>&nbsp;<\/p>\n<h6 data-start=\"371\" data-end=\"399\"><em><strong>Svajoni\u0173 nuotaika<\/strong><\/em><\/h6>\n<h6 data-start=\"400\" data-end=\"524\">Fotelis &#8222;Cloud\" suteikia kambariui svajing\u0105 atmosfer\u0105 ir sukuria jauki\u0105 aplink\u0105 nuo\u0161irdiems pokalbiams ir dalijimuisi didel\u0117mis svajon\u0117mis.<\/h6>\n<p>&nbsp;<\/p>\n<h6 data-start=\"526\" data-end=\"555\"><em><strong>\u017davinga ir prakti\u0161ka<\/strong><\/em><\/h6>\n<h6 data-start=\"556\" data-end=\"691\">Be to, kad k\u0117dut\u0117 &#8222;Cloud\" ne tik mielai atrodo, bet ir yra stabili, tod\u0117l joje patikimai ir patogiai s\u0117d\u0117s vaikai.<\/h6>\n<p>&nbsp;<\/p>\n<h6 data-start=\"693\" data-end=\"725\"><em><strong>Lengvas, bet patvarus<\/strong><\/em><\/h6>\n<h6 data-start=\"726\" data-end=\"883\">I\u0161 auk\u0161\u010diausios kokyb\u0117s mink\u0161to audinio ir tvirto putplas\u010dio pagamintas fotelis &#8222;Cloud\" sukurtas taip, kad b\u016bt\u0173 patvarus ir grak\u0161tus, kad atlaikyt\u0173 kasdienius nuotykius.<\/h6>\n<p>&nbsp;<\/p>\n<h6><strong><i>Lengva prie\u017ei\u016bra<\/i><\/strong><i><\/i><\/h6>\n<h6>D\u0117l u\u017erakto atidarymo dangt\u012f lengva nuimti ir i\u0161skalbti. Dangt\u012f skalbkite rankomis (30 \u00b0C) su pana\u0161iomis spalvomis ir pakabinkite i\u0161d\u017ei\u016bti.<\/h6>\n<p>&nbsp;<\/p>\n<h6><strong><em>Pagaminta su meile ir r\u016bpes\u010diu<\/em><em>amat\u0173<\/em><\/strong><\/h6>\n<h6 data-start=\"38\" data-end=\"329\">Tur\u0117dami daugiau nei de\u0161imtme\u010dio patirt\u012f, did\u017eiuojam\u0117s gal\u0117dami tiekti did\u017eiausiems ES ma\u017emenininkams gaminius, kurie kruop\u0161\u010diai ir su meile gaminami m\u016bs\u0173 gamykloje Latvijoje. Patys kontroliuojame kiekvien\u0105 gamybos etap\u0105, kreipiame d\u0117mes\u012f \u012f menkiausias detales ir nuolat tobuliname bei diegiame naujoves.<\/h6>\n","protected":false},"excerpt":{"rendered":"<h6>&#8222;Wigiwama Cloud\" k\u0117dut\u0117 yra puiki vieta j\u016bs\u0173 ma\u017eyliui! Debes\u0117lio formos k\u0117dut\u0117 yra ir jauki, ir patogi vieta vaikui atsipalaiduoti ir pails\u0117ti.<\/h6>\n","protected":false},"featured_media":45322,"comment_status":"open","ping_status":"closed","template":"","meta":{"_acf_changed":false,"om_disable_all_campaigns":false,"_monsterinsights_skip_tracking":false,"_monsterinsights_sitenote_active":false,"_monsterinsights_sitenote_note":"","_monsterinsights_sitenote_category":0,"_uf_show_specific_survey":0,"_uf_disable_surveys":false,"site-sidebar-layout":"default","site-content-layout":"","ast-site-content-layout":"default","site-content-style":"default","site-sidebar-style":"default","ast-global-header-display":"","ast-banner-title-visibility":"","ast-main-header-display":"","ast-hfb-above-header-display":"","ast-hfb-below-header-display":"","ast-hfb-mobile-header-display":"","site-post-title":"","ast-breadcrumbs-content":"","ast-featured-img":"","footer-sml-layout":"","theme-transparent-header-meta":"default","adv-header-id-meta":"","stick-header-meta":"","header-above-stick-meta":"","header-main-stick-meta":"","header-below-stick-meta":"","astra-migrate-meta-layouts":"set","ast-page-background-enabled":"default","ast-page-background-meta":{"desktop":{"background-color":"var(--ast-global-color-4)","background-image":"","background-repeat":"repeat","background-position":"center center","background-size":"auto","background-attachment":"scroll","background-type":"","background-media":"","overlay-type":"","overlay-color":"","overlay-opacity":"","overlay-gradient":""},"tablet":{"background-color":"","background-image":"","background-repeat":"repeat","background-position":"center center","background-size":"auto","background-attachment":"scroll","background-type":"","background-media":"","overlay-type":"","overlay-color":"","overlay-opacity":"","overlay-gradient":""},"mobile":{"background-color":"","background-image":"","background-repeat":"repeat","background-position":"center center","background-size":"auto","background-attachment":"scroll","background-type":"","background-media":"","overlay-type":"","overlay-color":"","overlay-opacity":"","overlay-gradient":""}},"ast-content-background-meta":{"desktop":{"background-color":"var(--ast-global-color-5)","background-image":"","background-repeat":"repeat","background-position":"center center","background-size":"auto","background-attachment":"scroll","background-type":"","background-media":"","overlay-type":"","overlay-color":"","overlay-opacity":"","overlay-gradient":""},"tablet":{"background-color":"var(--ast-global-color-5)","background-image":"","background-repeat":"repeat","background-position":"center center","background-size":"auto","background-attachment":"scroll","background-type":"","background-media":"","overlay-type":"","overlay-color":"","overlay-opacity":"","overlay-gradient":""},"mobile":{"background-color":"var(--ast-global-color-5)","background-image":"","background-repeat":"repeat","background-position":"center center","background-size":"auto","background-attachment":"scroll","background-type":"","background-media":"","overlay-type":"","overlay-color":"","overlay-opacity":"","overlay-gradient":""}}},"product_brand":[],"product_cat":[970],"product_tag":[],"class_list":{"0":"post-54297","1":"product","2":"type-product","3":"status-publish","4":"has-post-thumbnail","6":"product_cat-wigiwama-lt","7":"desktop-align-left","8":"tablet-align-left","9":"mobile-align-left","11":"first","12":"instock","13":"sale","14":"taxable","15":"shipping-taxable","16":"purchasable","17":"product-type-variable"},"acf":[],"aioseo_notices":[],"_links":{"self":[{"href":"https:\/\/hummy.ee\/lt\/wp-json\/wp\/v2\/product\/54297","targetHints":{"allow":["GET"]}}],"collection":[{"href":"https:\/\/hummy.ee\/lt\/wp-json\/wp\/v2\/product"}],"about":[{"href":"https:\/\/hummy.ee\/lt\/wp-json\/wp\/v2\/types\/product"}],"replies":[{"embeddable":true,"href":"https:\/\/hummy.ee\/lt\/wp-json\/wp\/v2\/comments?post=54297"}],"version-history":[{"count":3,"href":"https:\/\/hummy.ee\/lt\/wp-json\/wp\/v2\/product\/54297\/revisions"}],"predecessor-version":[{"id":82597,"href":"https:\/\/hummy.ee\/lt\/wp-json\/wp\/v2\/product\/54297\/revisions\/82597"}],"wp:featuredmedia":[{"embeddable":true,"href":"https:\/\/hummy.ee\/lt\/wp-json\/wp\/v2\/media\/45322"}],"wp:attachment":[{"href":"https:\/\/hummy.ee\/lt\/wp-json\/wp\/v2\/media?parent=54297"}],"wp:term":[{"taxonomy":"product_brand","embeddable":true,"href":"https:\/\/hummy.ee\/lt\/wp-json\/wp\/v2\/product_brand?post=54297"},{"taxonomy":"product_cat","embeddable":true,"href":"https:\/\/hummy.ee\/lt\/wp-json\/wp\/v2\/product_cat?post=54297"},{"taxonomy":"product_tag","embeddable":true,"href":"https:\/\/hummy.ee\/lt\/wp-json\/wp\/v2\/product_tag?post=54297"}],"curies":[{"name":"wp","href":"https:\/\/api.w.org\/{rel}","templated":true}]}}